{"id":53337,"date":"2023-09-13T23:04:22","date_gmt":"2023-09-13T22:04:22","guid":{"rendered":"https:\/\/www.cm-evora.pt\/?page_id=53337"},"modified":"2024-09-17T15:51:23","modified_gmt":"2024-09-17T14:51:23","slug":"semana-europeia-da-mobilidade-2024","status":"publish","type":"page","link":"https:\/\/www.cm-evora.pt\/en\/semana-europeia-da-mobilidade-2024\/","title":{"rendered":"Semana Europeia da Mobilidade 2024"},"content":{"rendered":"<p style=\"text-align: center\"><a href=\"https:\/\/www.cm-evora.pt\/wp-content\/uploads\/2023\/09\/semana-mobilidade-2023-02.jpg\" target=\"_blank\" rel=\"noopener\"><img loading=\"lazy\" decoding=\"async\" class=\"alignnone wp-image-53339 size-full\" src=\"https:\/\/www.cm-evora.pt\/wp-content\/uploads\/2023\/09\/semana-mobilidade-2023-02.jpg\" alt=\"\" width=\"1241\" height=\"878\" srcset=\"https:\/\/www.cm-evora.pt\/wp-content\/uploads\/2023\/09\/semana-mobilidade-2023-02.jpg 1241w, https:\/\/www.cm-evora.pt\/wp-content\/uploads\/2023\/09\/semana-mobilidade-2023-02-300x212.jpg 300w, https:\/\/www.cm-evora.pt\/wp-content\/uploads\/2023\/09\/semana-mobilidade-2023-02-1024x724.jpg 1024w, https:\/\/www.cm-evora.pt\/wp-content\/uploads\/2023\/09\/semana-mobilidade-2023-02-768x543.jpg 768w\" sizes=\"auto, (max-width: 1241px) 100vw, 1241px\" \/><\/a><\/p>\n<p>&nbsp;<\/p>\n<p><span class=\"html-span xexx8yu x4uap5 x18d9i69 xkhd6sd x1hl2dhg x16tdsg8 x1vvkbs x3nfvp2 x1j61x8r x1fcty0u xdj266r xat24cr xgzva0m xhhsvwb xxymvpz xlup9mm x1kky2od\"><img loading=\"lazy\" decoding=\"async\" class=\"xz74otr\" src=\"https:\/\/static.xx.fbcdn.net\/images\/emoji.php\/v9\/te2\/1\/16\/1f6b6.png\" alt=\"\ud83d\udeb6\" width=\"16\" height=\"16\" \/><\/span>\u00a0 \ud835\udde6\ud835\uddf2\ud835\uddfa\ud835\uddee\ud835\uddfb\ud835\uddee \ud835\uddd8\ud835\ude02\ud835\uddff\ud835\uddfc\ud835\uddfd\ud835\uddf2\ud835\uddf6\ud835\uddee \ud835\uddf1\ud835\uddee \ud835\udde0\ud835\uddfc\ud835\uddef\ud835\uddf6\ud835\uddf9\ud835\uddf6\ud835\uddf1\ud835\uddee\ud835\uddf1\ud835\uddf2 \ud835\uddf2\ud835\uddfa \ud835\uddd8\u0301\ud835\ude03\ud835\uddfc\ud835\uddff\ud835\uddee\u00a0 <span class=\"html-span xexx8yu x4uap5 x18d9i69 xkhd6sd x1hl2dhg x16tdsg8 x1vvkbs x3nfvp2 x1j61x8r x1fcty0u xdj266r xat24cr xgzva0m xhhsvwb xxymvpz xlup9mm x1kky2od\"><img loading=\"lazy\" decoding=\"async\" class=\"xz74otr\" src=\"https:\/\/static.xx.fbcdn.net\/images\/emoji.php\/v9\/te\/1\/16\/1f6b4_200d_2640.png\" alt=\"\ud83d\udeb4\u200d\u2640\ufe0f\" width=\"16\" height=\"16\" \/><\/span><\/p>\n<div class=\"html-div xdj266r x11i5rnm xat24cr x1mh8g0r xexx8yu x4uap5 x18d9i69 xkhd6sd\" dir=\"auto\">\n<div id=\":r2q:\" class=\"x1l90r2v x1pi30zi x1swvt13 x1iorvi4\" data-ad-comet-preview=\"message\" data-ad-preview=\"message\">\n<div class=\"x78zum5 xdt5ytf xz62fqu x16ldp7u\">\n<div class=\"xu06os2 x1ok221b\">\n<div class=\"xdj266r x11i5rnm xat24cr x1mh8g0r x1vvkbs x126k92a\">\n<div dir=\"auto\"><\/div>\n<\/div>\n<div class=\"x11i5rnm xat24cr x1mh8g0r x1vvkbs xtlvy1s x126k92a\">\n<div dir=\"auto\">\u00c0 semelhan\u00e7a das edi\u00e7\u00f5es anteriores, a C\u00e2mara Municipal de \u00c9vora associa-se \u00e0s comemora\u00e7\u00f5es da Semana Europeia da Mobilidade (16 a 22 de setembro).<\/div>\n<\/div>\n<div class=\"x11i5rnm xat24cr x1mh8g0r x1vvkbs xtlvy1s x126k92a\">\n<div dir=\"auto\">A \u201cSemana Europeia da Mobilidade\u201d (SEM) surge este ano num contexto de implementa\u00e7\u00e3o de medidas pr\u00e1ticas decorrentes do Plano de Mobilidade Urbana Sustent\u00e1vel de \u00c9vora (PMUSE), recentemente desenvolvido com a participa\u00e7\u00e3o de toda a comunidade, em especial das institui\u00e7\u00f5es e associa\u00e7\u00f5es do Concelho com liga\u00e7\u00e3o \u00e0s quest\u00f5es da mobilidade. Passada a fase de estudo e planeamento, o Munic\u00edpio passou j\u00e1 \u00e0 aplica\u00e7\u00e3o pr\u00e1tica das medidas que ir\u00e3o, gradualmente, melhorar a mobilidade numa cidade com carater\u00edsticas especiais, mas que vai avan\u00e7ando, passo a passo, na melhoria das condi\u00e7\u00f5es de frui\u00e7\u00e3o dos residentes e visitantes.<\/div>\n<div dir=\"auto\"><\/div>\n<div dir=\"auto\"><\/div>\n<\/div>\n<div class=\"x11i5rnm xat24cr x1mh8g0r x1vvkbs xtlvy1s x126k92a\">\n<div dir=\"auto\">Sob o lema \u201cEspa\u00e7o P\u00fablico Partilhado\u201d, e em complemento das medidas estruturais j\u00e1 em execu\u00e7\u00e3o no \u00e2mbito do PMUSE, a SEM ter\u00e1 o seu foco nas seguintes iniciativas, a que se pretende associar a participa\u00e7\u00e3o dos mun\u00edcipes:<\/div>\n<div dir=\"auto\"><\/div>\n<div dir=\"auto\"><\/div>\n<\/div>\n<div class=\"x11i5rnm xat24cr x1mh8g0r x1vvkbs xtlvy1s x126k92a\">\n<ul>\n<li dir=\"auto\">Assinalar o \u201cDia Europeu Sem Carros\u201d, que se comemora a 22\/09, domingo, com a pedonaliza\u00e7\u00e3o tempor\u00e1ria do Largo Marqu\u00eas de Marialva e da totalidade da Rua 5 de Outubro, de forma a ligar esta art\u00e9ria, num percurso livre de carros, at\u00e9 ao Templo Romano;<\/li>\n<li dir=\"auto\">Inaugurar a Ecopista de \u00c9vora\/Reguengos, prevista para o dia 17 de setembro, pelas 17 horas, e que ter\u00e1 lugar na antiga Esta\u00e7\u00e3o de Machede. Este ser\u00e1 um percurso pedonal e cicl\u00e1vel com uma extens\u00e3o de 37 kms, que far\u00e1 parte da Grande Rota do Montado, a abranger os Concelhos de \u00c9vora, Redondo e Reguengos de Monsaraz;<\/li>\n<li dir=\"auto\">Associa\u00e7\u00e3o \u00e0s iniciativas j\u00e1 em curso no \u00e2mbito do BIKEVORA \u2013 Festa da Bicicleta 2024 (consultar programa pr\u00f3prio na P\u00e1gina Oficial da CME), com destaque para a \u201cV Volta \u00e0s Escolas\u201d, a realizar no dia 20 de setembro a partir das 08h15, com local de partida e chegada na Escola Andr\u00e9 de Resende, ap\u00f3s percorrer a p\u00e9 todos os agrupamentos de escolas da Cidade.<\/li>\n<\/ul>\n<\/div>\n<div class=\"x11i5rnm xat24cr x1mh8g0r x1vvkbs xtlvy1s x126k92a\">\n<div dir=\"auto\"><\/div>\n<\/div>\n<div class=\"x11i5rnm xat24cr x1mh8g0r x1vvkbs xtlvy1s x126k92a\">\n<div dir=\"auto\">A aposta na ado\u00e7\u00e3o de solu\u00e7\u00f5es permanentes de mobilidade segura e saud\u00e1vel, de que \u00e9 ferramenta essencial o PMUSE, est\u00e1 associada \u00e0 Estrat\u00e9gia Municipal de Adapta\u00e7\u00e3o \u00e0s Altera\u00e7\u00f5es Clim\u00e1ticas que a C\u00e2mara Municipal de \u00c9vora tem vindo a implementar com v\u00e1rios planos e projetos atualmente em desenvolvimento pela Autarquia.<\/div>\n<\/div>\n<\/div>\n<\/div>\n<\/div>\n<div dir=\"auto\"><\/div>\n<\/div>\n<p>&nbsp;<\/p>\n<p><strong>Bik\u00c9vora<\/strong><\/p>\n<p><strong>Vem a\u00ed a Festa da Bicicleta<\/strong><\/p>\n<p>O <a href=\"https:\/\/www.cm-evora.pt\/eventos\/festa-da-bicicleta-bikevora-2024\/\" target=\"_blank\" rel=\"noopener\">Bik\u00e9vora 2024 \u2013 Festa da Bicicleta<\/a> vai decorrer entre os dias 7 e 29 de setembro. Organizado pela C\u00e2mara Municipal de \u00c9vora, o evento re\u00fane diversos parceiros locais e inclui v\u00e1rias atividades ligadas \u00e0s \u201cduas rodas\u201d, dirigidas a todas as idades e n\u00edveis de experi\u00eancia.<\/p>\n<div class=\"x11i5rnm xat24cr x1mh8g0r x1vvkbs xtlvy1s x126k92a\">\n<div dir=\"auto\">O programa de 2024 destaca-se por incluir o 8\u00ba Circuito UCA, organizado pela Uni\u00e3o Ciclista do Alentejo, no dia 7, que marcar\u00e1 o in\u00edcio do evento. No dia 22, celebra-se a Volta \u00e0s Escolas em Bicicleta, que procura sensibilizar os mais jovens para o uso da bicicleta como meio de transporte sustent\u00e1vel, entre casa e a escola. Finalmente, o j\u00e1 tradicional Passeio da Fam\u00edlia ter\u00e1 lugar no dia 29, promovendo a participa\u00e7\u00e3o intergeracional numa jornada de conv\u00edvio e lazer.<\/div>\n<\/div>\n<div class=\"x11i5rnm xat24cr x1mh8g0r x1vvkbs xtlvy1s x126k92a\">\n<div dir=\"auto\">Al\u00e9m destas atividades, o Bik\u00e9vora contar\u00e1 com v\u00e1rios outros eventos de promo\u00e7\u00e3o da bicicleta e da mobilidade suave, incentivando o uso das duas rodas pela cidade de \u00c9vora, tais como um Passeio Noturno, a 7\u00aa Rota dos Cromeleques ou o Gravel Challenge.<\/div>\n<div dir=\"auto\"><\/div>\n<\/div>\n<p>Conhe\u00e7a a programa\u00e7\u00e3o completa em <a href=\"https:\/\/www.cm-evora.pt\/eventos\/festa-da-bicicleta-bikevora-2024\/\">https:\/\/www.cm-evora.pt\/eventos\/festa-da-bicicleta-bikevora-2024\/<\/a><\/p>\n<p>&nbsp;<\/p>\n<p><strong>Sobre a Semana Europeia da Mobilidade<\/strong><\/p>\n<p>A Semana Europeia da Mobilidade \u00e9 uma iniciativa da Uni\u00e3o Europeia que ocorre anualmente de 16 a 22 de setembro em cidades de toda a Europa. O evento visa promover a mobilidade sustent\u00e1vel, reduzir o uso de ve\u00edculos a motor e incentivar o uso de alternativas mais limpas e saud\u00e1veis para o transporte urbano. \u00c9 uma oportunidade para as cidades demonstrarem o seu compromisso com a sustentabilidade e envolver a comunidade local na promo\u00e7\u00e3o de estilos de vida mais saud\u00e1veis e amig\u00e1veis ao meio ambiente.<\/p>\n<p>&nbsp;<\/p>\n<div style=\"width: 1920px;\" class=\"wp-video\"><!--[if lt IE 9]><script>document.createElement('video');<\/script><![endif]-->\n<video class=\"wp-video-shortcode\" id=\"video-53337-1\" width=\"1920\" height=\"1080\" preload=\"metadata\" controls=\"controls\"><source type=\"video\/mp4\" src=\"https:\/\/www.cm-evora.pt\/wp-content\/uploads\/2024\/09\/2024-EMW-Videoclip-PT_mobilidade.mp4?_=1\" \/><a href=\"https:\/\/www.cm-evora.pt\/wp-content\/uploads\/2024\/09\/2024-EMW-Videoclip-PT_mobilidade.mp4\">https:\/\/www.cm-evora.pt\/wp-content\/uploads\/2024\/09\/2024-EMW-Videoclip-PT_mobilidade.mp4<\/a><\/video><\/div>\n","protected":false},"excerpt":{"rendered":"<p>&nbsp; \u00a0 \ud835\udde6\ud835\uddf2\ud835\uddfa\ud835\uddee\ud835\uddfb\ud835\uddee \ud835\uddd8\ud835\ude02\ud835\uddff\ud835\uddfc\ud835\uddfd\ud835\uddf2\ud835\uddf6\ud835\uddee \ud835\uddf1\ud835\uddee \ud835\udde0\ud835\uddfc\ud835\uddef\ud835\uddf6\ud835\uddf9\ud835\uddf6\ud835\uddf1\ud835\uddee\ud835\uddf1\ud835\uddf2 \ud835\uddf2\ud835\uddfa \ud835\uddd8\u0301\ud835\ude03\ud835\uddfc\ud835\uddff\ud835\uddee\u00a0 \u00c0 semelhan\u00e7a das edi\u00e7\u00f5es anteriores, a C\u00e2mara Municipal de \u00c9vora associa-se \u00e0s comemora\u00e7\u00f5es da Semana Europeia da Mobilidade (16 a 22 de setembro). A \u201cSemana Europeia da Mobilidade\u201d (SEM) surge este ano num contexto de implementa\u00e7\u00e3o de medidas pr\u00e1ticas decorrentes do Plano de Mobilidade Urbana Sustent\u00e1vel de [&hellip;]<\/p>\n","protected":false},"author":67,"featured_media":0,"parent":0,"menu_order":16,"comment_status":"closed","ping_status":"closed","template":"templates-map\/component-text-layout1.php","meta":{"_acf_changed":false,"footnotes":""},"categories":[],"class_list":["post-53337","page","type-page","status-publish","hentry"],"acf":{"imagens":"","titulo_docs_seccao":"","documentos":""},"_links":{"self":[{"href":"https:\/\/www.cm-evora.pt\/en\/wp-json\/wp\/v2\/pages\/53337","targetHints":{"allow":["GET"]}}],"collection":[{"href":"https:\/\/www.cm-evora.pt\/en\/wp-json\/wp\/v2\/pages"}],"about":[{"href":"https:\/\/www.cm-evora.pt\/en\/wp-json\/wp\/v2\/types\/page"}],"author":[{"embeddable":true,"href":"https:\/\/www.cm-evora.pt\/en\/wp-json\/wp\/v2\/users\/67"}],"replies":[{"embeddable":true,"href":"https:\/\/www.cm-evora.pt\/en\/wp-json\/wp\/v2\/comments?post=53337"}],"version-history":[{"count":15,"href":"https:\/\/www.cm-evora.pt\/en\/wp-json\/wp\/v2\/pages\/53337\/revisions"}],"predecessor-version":[{"id":65722,"href":"https:\/\/www.cm-evora.pt\/en\/wp-json\/wp\/v2\/pages\/53337\/revisions\/65722"}],"wp:attachment":[{"href":"https:\/\/www.cm-evora.pt\/en\/wp-json\/wp\/v2\/media?parent=53337"}],"wp:term":[{"taxonomy":"category","embeddable":true,"href":"https:\/\/www.cm-evora.pt\/en\/wp-json\/wp\/v2\/categories?post=53337"}],"curies":[{"name":"wp","href":"https:\/\/api.w.org\/{rel}","templated":true}]}}