{"id":53378,"date":"2023-09-15T09:55:08","date_gmt":"2023-09-15T08:55:08","guid":{"rendered":"https:\/\/www.cm-evora.pt\/?page_id=53378"},"modified":"2025-01-24T08:26:41","modified_gmt":"2025-01-24T08:26:41","slug":"plano-diretor-municipal-alteracao","status":"publish","type":"page","link":"https:\/\/www.cm-evora.pt\/en\/plano-diretor-municipal-alteracao\/","title":{"rendered":"Plano Diretor Municipal \u2013 Altera\u00e7\u00e3o"},"content":{"rendered":"<p style=\"text-align: center\"><a href=\"https:\/\/www.cm-evora.pt\/wp-content\/uploads\/2023\/09\/PDM_Alteracao.jpg\" target=\"_blank\" rel=\"noopener\"><img loading=\"lazy\" decoding=\"async\" class=\"alignnone wp-image-53383\" src=\"https:\/\/www.cm-evora.pt\/wp-content\/uploads\/2023\/09\/PDM_Alteracao-1024x374.jpg\" alt=\"\" width=\"900\" height=\"329\" srcset=\"https:\/\/www.cm-evora.pt\/wp-content\/uploads\/2023\/09\/PDM_Alteracao-1024x374.jpg 1024w, https:\/\/www.cm-evora.pt\/wp-content\/uploads\/2023\/09\/PDM_Alteracao-300x110.jpg 300w, https:\/\/www.cm-evora.pt\/wp-content\/uploads\/2023\/09\/PDM_Alteracao-768x280.jpg 768w, https:\/\/www.cm-evora.pt\/wp-content\/uploads\/2023\/09\/PDM_Alteracao.jpg 1046w\" sizes=\"auto, (max-width: 900px) 100vw, 900px\" \/><\/a><\/p>\n<p>No \u00e2mbito da presente altera\u00e7\u00e3o do Plano Diretor Municipal de \u00c9vora foi publicada atrav\u00e9s do <a href=\"https:\/\/www.cm-evora.pt\/wp-content\/uploads\/2024\/11\/ALTERACAO_REN_2014_DESPACHO_13427_2024_13112024.pdf\" target=\"_blank\" rel=\"noopener\">Despacho n.\u00ba 13427\/2024 de 13 de novembro de 2024<\/a> a delimita\u00e7\u00e3o da Reserva Ecol\u00f3gica Nacional.<\/p>\n<p>&nbsp;<\/p>\n<p><strong>Conte\u00fado Interativo<\/strong><\/p>\n<p>Pode visualizar a delimita\u00e7\u00e3o da Reserva Ecol\u00f3gica Nacional no concelho de \u00c9vora atrav\u00e9s de <a href=\"https:\/\/geo.cimac.pt\/portal\/apps\/experiencebuilder\/experience\/?id=c4429a619fc746a1bdf4bfbb1dcce95c\" target=\"_blank\" rel=\"noopener\">https:\/\/geo.cimac.pt\/portal\/apps\/experiencebuilder\/experience\/?id=c4429a619fc746a1bdf4bfbb1dcce95c<\/a><\/p>\n<p>&nbsp;<\/p>\n<p>A C\u00e2mara Municipal deliberou proceder ao in\u00edcio da discuss\u00e3o p\u00fablica da altera\u00e7\u00e3o do Plano Diretor Municipal de \u00c9vora, que decorreu por um per\u00edodo de trinta e cinco dias \u00fateis contados cinco dias seguidos ap\u00f3s a publica\u00e7\u00e3o de aviso em Di\u00e1rio da Rep\u00fablica:<\/p>\n<ul>\n<li style=\"list-style-type: none\">\n<ul>\n<li><a href=\"https:\/\/www.cm-evora.pt\/wp-content\/uploads\/2023\/12\/0705_deliberacao_discussao_publica_pdme_dep.pdf\" target=\"_blank\" rel=\"noopener\">Delibera\u00e7\u00e3o \u2013 08\/11\/2023<\/a><\/li>\n<\/ul>\n<\/li>\n<\/ul>\n<p>&nbsp;<\/p>\n<p><a href=\"https:\/\/www.cm-evora.pt\/wp-content\/uploads\/2023\/12\/AVISO_23823_2023_DISCUSSAO_PUBLICA_PDME-1.pdf\">Aviso n\u00ba 23823\/2023 de 7 de dezembro de 2023<\/a>: In\u00edcio da discuss\u00e3o p\u00fablica da proposta de altera\u00e7\u00e3o do Plano Diretor Municipal de \u00c9vora, com efeitos a partir do dia 13 de dezembro at\u00e9 ao dia 1 de fevereiro.<\/p>\n<p>&nbsp;<\/p>\n<p><strong>Publicita\u00e7\u00e3o:<\/strong><\/p>\n<ul>\n<li style=\"list-style-type: none\">\n<ul>\n<li><a href=\"https:\/\/www.cm-evora.pt\/wp-content\/uploads\/2023\/12\/DN1_lisboa_20231212.pdf\" target=\"_blank\" rel=\"noopener\">Di\u00e1rio de Not\u00edcias de 12\/12\/2023<\/a>,<\/li>\n<li><a href=\"https:\/\/www.cm-evora.pt\/wp-content\/uploads\/2023\/12\/ALT_PDME_DIARIO_SUL_12122023.pdf\" target=\"_blank\" rel=\"noopener\">Di\u00e1rio do Sul de 12\/12\/2023<\/a>.<\/li>\n<\/ul>\n<\/li>\n<\/ul>\n<p>&nbsp;<\/p>\n<p>Os interessados podem consultar os seguintes elementos:<\/p>\n<p><strong>Pe\u00e7as Escritas:<\/strong><\/p>\n<ul>\n<li style=\"list-style-type: none\">\n<ul>\n<li><a href=\"https:\/\/www.cm-evora.pt\/wp-content\/uploads\/2023\/12\/REGULAMENTO_ALTERADO_PDME-_AGOSTO_2023.pdf\">Regulamento Proposto<\/a>,<\/li>\n<li><a href=\"https:\/\/www.cm-evora.pt\/wp-content\/uploads\/2023\/12\/REGULAMENTO-PDME_REGISTO_ALTERACOES_AGOSTO_2023.pdf\">Regulamento Proposto com registo de altera\u00e7\u00f5es<\/a>,<\/li>\n<li><a href=\"https:\/\/www.cm-evora.pt\/wp-content\/uploads\/2023\/12\/QUADRO_ALTERACOES_REGULAMENTO_PDME_AGOSTO_2023.pdf\">Quadro das Altera\u00e7\u00f5es ao Regulamento Proposto<\/a>,<\/li>\n<li><a href=\"https:\/\/www.cm-evora.pt\/wp-content\/uploads\/2023\/12\/RELATORIO_ALTERACAO_PDME-_-AGOSTO_2023.pdf\">Relat\u00f3rio de Altera\u00e7\u00e3o do PDME<\/a>,<\/li>\n<li><a href=\"https:\/\/www.cm-evora.pt\/wp-content\/uploads\/2023\/12\/Anexo_V_SERVIDOES_RESTRICOES_UTILIDADE_PUBLICA_AGOSTO_2023.pdf\">Anexo V &#8211; Servid\u00f5es e Restri\u00e7\u00f5es de Utilidade P\u00fablica<\/a>,<\/li>\n<li><a href=\"https:\/\/www.cm-evora.pt\/wp-content\/uploads\/2023\/12\/CONFERENCIA_PROCEDIMENTAL_CONCERTACAO_ENTIDADES_ALTERACAO_PDME.pdf\">Ata da Confer\u00eancia Procedimental e Pareceres de Concerta\u00e7\u00e3o<\/a>,<\/li>\n<li><a href=\"https:\/\/www.cm-evora.pt\/wp-content\/uploads\/2023\/12\/RELATORIO_PARTICIPACAO_PREVENTIVA.pdf\" target=\"_blank\" rel=\"noopener\">Relat\u00f3rio da Participa\u00e7\u00e3o Preventiva<\/a>,<\/li>\n<li><a href=\"https:\/\/www.cm-evora.pt\/wp-content\/uploads\/2023\/12\/MEMORIA_DESCRITIVA_RAN_PARECER_DRAPAL_ALTERACAO_PDME.pdf\">Mem\u00f3ria Descritiva da RAN<\/a>,<\/li>\n<li><a href=\"https:\/\/www.cm-evora.pt\/wp-content\/uploads\/2023\/12\/INVENTARIO_PATRIMONIO_ALTERACAO_PDME.pdf\">Invent\u00e1rio do Patrim\u00f3nio<\/a>.<\/li>\n<\/ul>\n<\/li>\n<\/ul>\n<p>&nbsp;<\/p>\n<p><strong>Relat\u00f3rio da discuss\u00e3o p\u00fablica informal e Outros Elementos:<\/strong><\/p>\n<ul>\n<li style=\"list-style-type: none\">\n<ul>\n<li><a href=\"https:\/\/www.cm-evora.pt\/wp-content\/uploads\/2023\/12\/RELATORIO_DISCUSSAO_PUBLICA_INFORMAL_ALT_PDME.pdf\">Relat\u00f3rio da discuss\u00e3o p\u00fablica informal<\/a>,<\/li>\n<li><a href=\"https:\/\/www.cm-evora.pt\/wp-content\/uploads\/2023\/12\/PROPOSTAS-ELEITOS-PS-CME-Fase-de-discussao-publica-do-PDME.pdf\">Contributos apresentados pelos Vereadores eleitos pelo PS<\/a> e<\/li>\n<li><a href=\"https:\/\/www.cm-evora.pt\/wp-content\/uploads\/2023\/12\/POSICAO_CDU_ALT_PDME.pdf\">posi\u00e7\u00e3o e Contributos apresentados pelos Eleitos pela CDU<\/a>.<\/li>\n<\/ul>\n<\/li>\n<\/ul>\n<p>&nbsp;<\/p>\n<p><strong>Pe\u00e7as Desenhadas<\/strong><\/p>\n<ul>\n<li style=\"list-style-type: none\">\n<ul>\n<li><strong>Plantas de Ordenamento do Concelho<\/strong>\n<ul>\n<li><a href=\"https:\/\/www.cm-evora.pt\/wp-content\/uploads\/2023\/12\/ORD_F1_ALT_PDME_VERSAO_DISCUSSAO_PUBLICA.jpg.zip\" target=\"_blank\" rel=\"noopener\">Ordenamento Geral &#8211; Folha 1<\/a><\/li>\n<li><a href=\"https:\/\/www.cm-evora.pt\/wp-content\/uploads\/2023\/12\/ORD_F2_ALT_PDME_VERSAO_DISCUSSAO_PUBLICA.jpg.zip\" target=\"_blank\" rel=\"noopener\">Ordenamento Geral &#8211; Folha 2<\/a><\/li>\n<li><a href=\"https:\/\/www.cm-evora.pt\/wp-content\/uploads\/2023\/12\/ORD_F3_ALT_PDME_VERSAO_DISCUSSAO_PUBLICA.jpg.zip\" target=\"_blank\" rel=\"noopener\">Ordenamento Geral &#8211; Folha 3<\/a><\/li>\n<li><a href=\"https:\/\/www.cm-evora.pt\/wp-content\/uploads\/2023\/12\/ORD_F4_ALT_PDME_VERSAO_DISCUSSAO_PUBLICA.jpg.zip\" target=\"_blank\" rel=\"noopener\">Ordenamento Geral &#8211; Folha 4<\/a><\/li>\n<li><a href=\"https:\/\/www.cm-evora.pt\/wp-content\/uploads\/2023\/12\/ORD_COND_F1_ALT_PDME_VERSAO_DISCUSSAO_PUBLICA.jpg.zip\" target=\"_blank\" rel=\"noopener\">Condicionamentos do Plano &#8211; Folha 1<\/a><\/li>\n<li><a href=\"https:\/\/www.cm-evora.pt\/wp-content\/uploads\/2023\/12\/ORD_COND_F2_ALT_PDME_VERSAO_DISCUSSAO_PUBLICA.jpg.zip\" target=\"_blank\" rel=\"noopener\">Condicionamentos do Plano &#8211; Folha 2<\/a><\/li>\n<li><a href=\"https:\/\/www.cm-evora.pt\/wp-content\/uploads\/2023\/12\/ORD_COND_F3_ALT_PDME_VERSAO_DISCUSSAO_PUBLICA.jpg.zip\" target=\"_blank\" rel=\"noopener\">Condicionamentos do Plano &#8211; Folha 3<\/a><\/li>\n<li><a href=\"https:\/\/www.cm-evora.pt\/wp-content\/uploads\/2023\/12\/ORD_COND_F4_ALT_PDME_VERSAO_DISCUSSAO_PUBLICA.jpg.zip\" target=\"_blank\" rel=\"noopener\">Condicionamentos do Plano &#8211; Folha 4<\/a><\/li>\n<li><a href=\"https:\/\/www.cm-evora.pt\/wp-content\/uploads\/2023\/12\/ORD_PAT_F1_ALT_PDME_VERSAO_DISCUSSAO_PUBLICA.jpg.zip\" target=\"_blank\" rel=\"noopener\">Patrim\u00f3nio &#8211; Folha 1<\/a><\/li>\n<li><a href=\"https:\/\/www.cm-evora.pt\/wp-content\/uploads\/2023\/12\/ORD_PAT_F2_ALT_PDME_VERSAO_DISCUSSAO_PUBLICA.jpg.zip\" target=\"_blank\" rel=\"noopener\">Patrim\u00f3nio &#8211; Folha 2<\/a><\/li>\n<li><a href=\"https:\/\/www.cm-evora.pt\/wp-content\/uploads\/2023\/12\/ORD_PAT_F3_ALT_PDME_VERSAO_DISCUSSAO_PUBLICA.jpg.zip\" target=\"_blank\" rel=\"noopener\">Patrim\u00f3nio &#8211; Folha 3<\/a><\/li>\n<li><a href=\"https:\/\/www.cm-evora.pt\/wp-content\/uploads\/2023\/12\/ORD_PAT_F4_ALT_PDME_VERSAO_DISCUSSAO_PUBLICA.jpg.zip\" target=\"_blank\" rel=\"noopener\">Patrim\u00f3nio &#8211; Folha 4<\/a><\/li>\n<li><a href=\"https:\/\/www.cm-evora.pt\/wp-content\/uploads\/2023\/12\/ORD_EEM_F1_ALT_PDME_VERSAO_DISCUSSAO_PUBLICA.jpg.zip\" target=\"_blank\" rel=\"noopener\">Estrutura Ecol\u00f3gica Municipal &#8211; Folha 1<\/a><\/li>\n<li><a href=\"https:\/\/www.cm-evora.pt\/wp-content\/uploads\/2023\/12\/ORD_EEM_F2_ALT_PDME_VERSAO_DISCUSSAO_PUBLICA.jpg.zip\" target=\"_blank\" rel=\"noopener\">Estrutura Ecol\u00f3gica Municipal &#8211; Folha 2<\/a><\/li>\n<li><a href=\"https:\/\/www.cm-evora.pt\/wp-content\/uploads\/2023\/12\/ORD_EEM_F3_ALT_PDME_VERSAO_DISCUSSAO_PUBLICA.jpg.zip\" target=\"_blank\" rel=\"noopener\">Estrutura Ecol\u00f3gica Municipal &#8211; Folha 3<\/a><\/li>\n<li><a href=\"https:\/\/www.cm-evora.pt\/wp-content\/uploads\/2023\/12\/ORD_EEM_F4_ALT_PDME_VERSAO_DISCUSSAO_PUBLICA.jpg.zip\" target=\"_blank\" rel=\"noopener\">Estrutura Ecol\u00f3gica Municipal &#8211; Folha 4<\/a><\/li>\n<\/ul>\n<\/li>\n<li><strong>Plantas dos Aglomerados e Bairro dos Canaviais<\/strong>\n<ul>\n<li><a href=\"https:\/\/www.cm-evora.pt\/wp-content\/uploads\/2023\/12\/ZONAMENTO_AGLOMERADOS_E_BAIRRO_CANAVIAIS.zip\" target=\"_blank\" rel=\"noopener\">Zonamento<\/a><\/li>\n<li><a href=\"https:\/\/www.cm-evora.pt\/wp-content\/uploads\/2023\/12\/AC_AGLOMERADOSeBairroCANAVIAIS.zip\" target=\"_blank\" rel=\"noopener\">Classifica\u00e7\u00e3o Ac\u00fastica<\/a><\/li>\n<\/ul>\n<\/li>\n<li><strong>Plantas de Condicionantes do Concelho<\/strong>\n<ul>\n<li><a href=\"https:\/\/www.cm-evora.pt\/wp-content\/uploads\/2023\/12\/COND_F1_ALT_PDME_VERSAO_DISCUSSAO_PUBLICA.jpg.zip\" target=\"_blank\" rel=\"noopener\">Condicionantes Geral &#8211; Folha 1<\/a><\/li>\n<li><a href=\"https:\/\/www.cm-evora.pt\/wp-content\/uploads\/2023\/12\/COND_F2_ALT_PDME_VERSAO_DISCUSSAO_PUBLICA.jpg.zip\" target=\"_blank\" rel=\"noopener\">Condicionantes Geral &#8211; Folha 2<\/a><\/li>\n<li><a href=\"https:\/\/www.cm-evora.pt\/wp-content\/uploads\/2023\/12\/COND_F3_ALT_PDME_VERSAO_DISCUSSAO_PUBLICA.jpg.zip\" target=\"_blank\" rel=\"noopener\">Condicionantes Geral &#8211; Folha 3<\/a><\/li>\n<li><a href=\"https:\/\/www.cm-evora.pt\/wp-content\/uploads\/2023\/12\/COND_F4_ALT_PDME_VERSAO_DISCUSSAO_PUBLICA.jpg.zip\" target=\"_blank\" rel=\"noopener\">Condicionantes Geral &#8211; Folha 4<\/a><\/li>\n<li><a href=\"https:\/\/www.cm-evora.pt\/wp-content\/uploads\/2023\/12\/COND_RI_F1_ALT_PDME_VERSAO_DISCUSSAO_PUBLICA.jpg.zip\" target=\"_blank\" rel=\"noopener\">Risco de Inc\u00eandio &#8211; Folha 1<\/a><\/li>\n<li><a href=\"https:\/\/www.cm-evora.pt\/wp-content\/uploads\/2023\/12\/COND_RI_F2_ALT_PDME_VERSAO_DISCUSSAO_PUBLICA.jpg.zip\" target=\"_blank\" rel=\"noopener\">Risco de Inc\u00eandio &#8211; Folha 2<\/a><\/li>\n<li><a href=\"https:\/\/www.cm-evora.pt\/wp-content\/uploads\/2023\/12\/COND_RI_F3_ALT_PDME_VERSAO_DISCUSSAO_PUBLICA.jpg.zip\" target=\"_blank\" rel=\"noopener\">Risco de Inc\u00eandio &#8211; Folha 3<\/a><\/li>\n<li><a href=\"https:\/\/www.cm-evora.pt\/wp-content\/uploads\/2023\/12\/COND_RI_F4_ALT_PDME_VERSAO_DISCUSSAO_PUBLICA.jpg.zip\" target=\"_blank\" rel=\"noopener\">Risco de Inc\u00eandio &#8211; Folha 4<\/a><\/li>\n<li><a href=\"https:\/\/www.cm-evora.pt\/wp-content\/uploads\/2023\/12\/COND_REN_F1_ALT_PDME_VERSAO_DISCUSSAO_PUBLICA.jpg.zip\" target=\"_blank\" rel=\"noopener\">Reserva Ecol\u00f3gica Nacional &#8211; Folha 1<\/a><\/li>\n<li><a href=\"https:\/\/www.cm-evora.pt\/wp-content\/uploads\/2023\/12\/COND_REN_F2_ALT_PDME_VERSAO_DISCUSSAO_PUBLICA.jpg.zip\" target=\"_blank\" rel=\"noopener\">Reserva Ecol\u00f3gica Nacional &#8211; Folha 2<\/a><\/li>\n<li><a href=\"https:\/\/www.cm-evora.pt\/wp-content\/uploads\/2023\/12\/COND_REN_F3_ALT_PDME_VERSAO_DISCUSSAO_PUBLICA.jpg.zip\" target=\"_blank\" rel=\"noopener\">Reserva Ecol\u00f3gica Nacional &#8211; Folha 3<\/a><\/li>\n<li><a href=\"https:\/\/www.cm-evora.pt\/wp-content\/uploads\/2023\/12\/COND_REN_F4_ALT_PDME_VERSAO_DISCUSSAO_PUBLICA.jpg.zip\" target=\"_blank\" rel=\"noopener\">Reserva Ecol\u00f3gica Nacional &#8211; Folha 4<\/a><\/li>\n<li><a href=\"https:\/\/www.cm-evora.pt\/wp-content\/uploads\/2023\/12\/ANEXO_VI_EEM_ALT_PDME_VERSAO_DISCUSSAO_PUBLICA.jpg.zip\" target=\"_blank\" rel=\"noopener\">Anexo VI &#8211; Estrutura Ecol\u00f3gica Municipal<\/a><\/li>\n<\/ul>\n<\/li>\n<li><strong>Plantas da Reserva Agr\u00edcola Nacional<\/strong>\n<ul>\n<li><a href=\"https:\/\/www.cm-evora.pt\/wp-content\/uploads\/2023\/12\/0705_RAN_F1_ALT_PDME_VERSAO_DISCUSSAO_PUBLICA.jpg.zip\" target=\"_blank\" rel=\"noopener\">Reserva Agr\u00edcola Nacional &#8211; Folha 1<\/a><\/li>\n<li><a href=\"https:\/\/www.cm-evora.pt\/wp-content\/uploads\/2023\/12\/0705_RAN_F2_ALT_PDME_VERSAO_DISCUSSAO_PUBLICA.jpg.zip\" target=\"_blank\" rel=\"noopener\">Reserva Agr\u00edcola Nacional &#8211; Folha 2<\/a><\/li>\n<li><a href=\"https:\/\/www.cm-evora.pt\/wp-content\/uploads\/2023\/12\/0705_RAN_F3_ALT_PDME_VERSAO_DISCUSSAO_PUBLICA.jpg.zip\" target=\"_blank\" rel=\"noopener\">Reserva Agr\u00edcola Nacional &#8211; Folha 3<\/a><\/li>\n<li><a href=\"https:\/\/www.cm-evora.pt\/wp-content\/uploads\/2023\/12\/0705_RAN_F4_ALT_PDME_VERSAO_DISCUSSAO_PUBLICA.jpg.zip\" target=\"_blank\" rel=\"noopener\">Reserva Agr\u00edcola Nacional &#8211; Folha 4<\/a><\/li>\n<\/ul>\n<\/li>\n<\/ul>\n<\/li>\n<\/ul>\n<p>&nbsp;<\/p>\n<p><strong>Conte\u00fado Interativo<\/strong><\/p>\n<p><a href=\"https:\/\/geo.alentejocentral.pt\/portal\/apps\/Cascade\/index.html?appid=b1dbe30290f54822bf156c4c3c7a4a4c\" target=\"_blank\" rel=\"noopener\">https:\/\/geo.alentejocentral.pt\/portal\/apps\/Cascade\/index.html?appid=b1dbe30290f54822bf156c4c3c7a4a4c<\/a><\/p>\n<p>&nbsp;<\/p>\n<p>A proposta de altera\u00e7\u00e3o do plano, pe\u00e7as escritas e pe\u00e7as desenhadas, e demais elementos elencados est\u00e3o dispon\u00edveis para consulta nas instala\u00e7\u00f5es dos servi\u00e7os t\u00e9cnicos municipais da Divis\u00e3o de Ordenamento e Reabilita\u00e7\u00e3o Urbana, sito na Rua da Agricultura, n\u00ba 14 a 26, no Parque Industrial e Tecnol\u00f3gico de \u00c9vora e no s\u00edtio da Internet do Munic\u00edpio.<\/p>\n<p>&nbsp;<\/p>\n<p>O munic\u00edpio ir\u00e1 agora ponderar sobre as participa\u00e7\u00f5es rececionadas no \u00e2mbito da discuss\u00e3o p\u00fablica formal e elaborar o respetivo relat\u00f3rio da discuss\u00e3o p\u00fablica.<\/p>\n<p>&nbsp;<\/p>\n<p><strong>Esclarecimentos sobre a suspens\u00e3o de procedimentos<\/strong><\/p>\n<p><span style=\"text-decoration: underline\">O per\u00edodo de discuss\u00e3o P\u00fablica implica a suspens\u00e3o de procedimentos?<\/span><\/p>\n<p>Sim. A suspens\u00e3o de procedimentos prevista nos artigos 145.\u00ba do RJIGT e 12.\u00ba-A do RJUE, corresponde a uma medida cautelar das op\u00e7\u00f5es de planeamento que constam do Projeto de Plano Diretor Municipal colocado a discuss\u00e3o p\u00fablica.<\/p>\n<p>&nbsp;<\/p>\n<p><span style=\"text-decoration: underline\">Qual a raz\u00e3o dessa suspens\u00e3o?<\/span><\/p>\n<p>Impedir que se venham a concretizar-se no territ\u00f3rio opera\u00e7\u00f5es urban\u00edsticas em desconformidade com as op\u00e7\u00f5es do futuro plano, projetando, esta medida, os seus efeitos sobre os procedimentos de gest\u00e3o urban\u00edstica (informa\u00e7\u00e3o pr\u00e9via, licenciamento e apresenta\u00e7\u00e3o de comunica\u00e7\u00e3o pr\u00e9via).<\/p>\n<p>&nbsp;<\/p>\n<p><span style=\"text-decoration: underline\">Existe limite temporal m\u00e1ximo para a suspens\u00e3o dos procedimentos?<\/span><\/p>\n<p>Sim. Esta suspens\u00e3o cessa quando ocorra o primeiro dos seguintes factos: entrada em vigor do plano ou decurso de 180 dias a contar do in\u00edcio da discuss\u00e3o p\u00fablica, prazo este que deve ser contabilizado em dias cont\u00ednuos e n\u00e3o em dias \u00fateis.<\/p>\n<p>&nbsp;<\/p>\n<p><span style=\"text-decoration: underline\">Quais os procedimentos que n\u00e3o suspendem?<\/span><\/p>\n<p style=\"padding-left: 40px\">a) Os procedimentos de informa\u00e7\u00e3o pr\u00e9via, de licenciamento e as comunica\u00e7\u00f5es pr\u00e9vias quando digam respeito a obras de reconstru\u00e7\u00e3o ou de altera\u00e7\u00e3o em edifica\u00e7\u00f5es existentes, desde que tais obras n\u00e3o originem ou agravem desconformidade com as normas em vigor ou tenham como resultado a melhoria das condi\u00e7\u00f5es de seguran\u00e7a e de salubridade da edifica\u00e7\u00e3o. Trata-se das situa\u00e7\u00f5es de garantia do existente nos termos previstos no artigo 60.\u00ba do RJUE.<\/p>\n<p>&nbsp;<\/p>\n<p style=\"padding-left: 40px\">b) Os procedimentos de licenciamento ou a comunica\u00e7\u00e3o pr\u00e9via que tenham sido instru\u00eddos com informa\u00e7\u00e3o pr\u00e9via favor\u00e1vel de car\u00e1cter vinculativo ainda eficaz (artigo 17.\u00ba, n.\u00ba 5, do RJUE).<\/p>\n<p>&nbsp;<\/p>\n<p style=\"padding-left: 40px\">c) Os procedimentos de licenciamento de obras de edifica\u00e7\u00e3o em curso, ap\u00f3s a aprova\u00e7\u00e3o do projeto de arquitetura, por este se apresentar como um ato pr\u00e9vio que decide de forma definitiva a conformidade da pretens\u00e3o com o plano.<\/p>\n<p>&nbsp;<\/p>\n<p style=\"padding-left: 40px\">d) Os procedimentos referentes \u00e0 edifica\u00e7\u00e3o em lotes resultantes de opera\u00e7\u00f5es de loteamento tituladas por alvar\u00e1, por este definir de forma est\u00e1vel as condi\u00e7\u00f5es de ocupa\u00e7\u00e3o dos lotes.<\/p>\n<p>&nbsp;<\/p>\n<p style=\"padding-left: 40px\">e) Os procedimentos de emiss\u00e3o de autoriza\u00e7\u00e3o de utiliza\u00e7\u00e3o, incluindo a autoriza\u00e7\u00e3o de altera\u00e7\u00e3o de uso, como resulta do n.\u00ba 1 do artigo 145.\u00ba do RJIGT.<\/p>\n<p>&nbsp;<\/p>\n<p style=\"padding-left: 40px\">f) Os procedimentos de licenciamento a que apenas falta a emiss\u00e3o do alvar\u00e1.<\/p>\n<p>&nbsp;<\/p>\n<p><span style=\"text-decoration: underline\">Quais os procedimentos que suspendem durante os 180 dias a contar do in\u00edcio da Discuss\u00e3o P\u00fablica?<\/span><\/p>\n<p>Exceto as situa\u00e7\u00f5es acima descritas, todos os restantes procedimentos, quer tenham dado entrada nos respetivos servi\u00e7os antes da abertura da fase da discuss\u00e3o p\u00fablica do plano e se encontrem em curso, quer em momento posterior, ficam automaticamente suspensos.<\/p>\n","protected":false},"excerpt":{"rendered":"<p>No \u00e2mbito da presente altera\u00e7\u00e3o do Plano Diretor Municipal de \u00c9vora foi publicada atrav\u00e9s do Despacho n.\u00ba 13427\/2024 de 13 de novembro de 2024 a delimita\u00e7\u00e3o da Reserva Ecol\u00f3gica Nacional. &nbsp; Conte\u00fado Interativo Pode visualizar a delimita\u00e7\u00e3o da Reserva Ecol\u00f3gica Nacional no concelho de \u00c9vora atrav\u00e9s de https:\/\/geo.cimac.pt\/portal\/apps\/experiencebuilder\/experience\/?id=c4429a619fc746a1bdf4bfbb1dcce95c &nbsp; A C\u00e2mara Municipal deliberou proceder ao [&hellip;]<\/p>\n","protected":false},"author":45,"featured_media":0,"parent":0,"menu_order":17,"comment_status":"closed","ping_status":"closed","template":"templates-map\/component-text-layout1.php","meta":{"_acf_changed":false,"footnotes":""},"categories":[],"class_list":["post-53378","page","type-page","status-publish","hentry"],"acf":{"imagens":"","titulo_docs_seccao":"","documentos":""},"_links":{"self":[{"href":"https:\/\/www.cm-evora.pt\/en\/wp-json\/wp\/v2\/pages\/53378","targetHints":{"allow":["GET"]}}],"collection":[{"href":"https:\/\/www.cm-evora.pt\/en\/wp-json\/wp\/v2\/pages"}],"about":[{"href":"https:\/\/www.cm-evora.pt\/en\/wp-json\/wp\/v2\/types\/page"}],"author":[{"embeddable":true,"href":"https:\/\/www.cm-evora.pt\/en\/wp-json\/wp\/v2\/users\/45"}],"replies":[{"embeddable":true,"href":"https:\/\/www.cm-evora.pt\/en\/wp-json\/wp\/v2\/comments?post=53378"}],"version-history":[{"count":24,"href":"https:\/\/www.cm-evora.pt\/en\/wp-json\/wp\/v2\/pages\/53378\/revisions"}],"predecessor-version":[{"id":70460,"href":"https:\/\/www.cm-evora.pt\/en\/wp-json\/wp\/v2\/pages\/53378\/revisions\/70460"}],"wp:attachment":[{"href":"https:\/\/www.cm-evora.pt\/en\/wp-json\/wp\/v2\/media?parent=53378"}],"wp:term":[{"taxonomy":"category","embeddable":true,"href":"https:\/\/www.cm-evora.pt\/en\/wp-json\/wp\/v2\/categories?post=53378"}],"curies":[{"name":"wp","href":"https:\/\/api.w.org\/{rel}","templated":true}]}}