{"id":53379,"date":"2023-09-15T09:55:13","date_gmt":"2023-09-15T08:55:13","guid":{"rendered":"https:\/\/www.cm-evora.pt\/?page_id=53379"},"modified":"2026-02-11T15:38:44","modified_gmt":"2026-02-11T15:38:44","slug":"plano-diretor-municipal-vigor","status":"publish","type":"page","link":"https:\/\/www.cm-evora.pt\/en\/plano-diretor-municipal-vigor\/","title":{"rendered":"Plano Diretor Municipal \u2013 Vigor"},"content":{"rendered":"<p><\/p>\n<p style=\"text-align: center\"><a href=\"https:\/\/www.cm-evora.pt\/wp-content\/uploads\/2023\/09\/PDM_Vigor.jpg\" target=\"_blank\" rel=\"noopener\"><img loading=\"lazy\" decoding=\"async\" class=\"alignnone wp-image-53384\" src=\"https:\/\/www.cm-evora.pt\/wp-content\/uploads\/2023\/09\/PDM_Vigor.jpg\" alt=\"\" width=\"900\" height=\"329\" srcset=\"https:\/\/www.cm-evora.pt\/wp-content\/uploads\/2023\/09\/PDM_Vigor.jpg 1046w, https:\/\/www.cm-evora.pt\/wp-content\/uploads\/2023\/09\/PDM_Vigor-300x110.jpg 300w, https:\/\/www.cm-evora.pt\/wp-content\/uploads\/2023\/09\/PDM_Vigor-1024x374.jpg 1024w, https:\/\/www.cm-evora.pt\/wp-content\/uploads\/2023\/09\/PDM_Vigor-768x280.jpg 768w\" sizes=\"auto, (max-width: 900px) 100vw, 900px\" \/><\/a><\/p>\n<p>O Plano Diretor Municipal de \u00c9vora abrange a totalidade da \u00e1rea do concelho e \u00e9 um instrumento de gest\u00e3o do territ\u00f3rio que define a classifica\u00e7\u00e3o do solo e a sua qualifica\u00e7\u00e3o, ou seja, os usos admitidos e as regras aplicadas \u00e0 ocupa\u00e7\u00e3o do territ\u00f3rio. Este instrumento define o quadro estrat\u00e9gico de desenvolvimento territorial do munic\u00edpio acolhendo as orienta\u00e7\u00f5es dos instrumentos de gest\u00e3o do territ\u00f3rio de car\u00e1ter regional e nacional. Por outro lado, indica a programa\u00e7\u00e3o de projetos e a\u00e7\u00f5es com impacto no territ\u00f3rio e enquadra e articula o Plano de Urbaniza\u00e7\u00e3o de \u00c9vora ou os Planos de Pormenor que possam ser elaborados.<\/p>\n<p>&nbsp;<\/p>\n<p><a href=\"https:\/\/www.cm-evora.pt\/wp-content\/uploads\/2025\/08\/Aviso-n.o-21372-2025-2.pdf\" target=\"_blank\" rel=\"noopener\">Aviso n.\u00ba 21372\/2025\/2 de 27 de agosto<\/a>: Publica\u00e7\u00e3o da altera\u00e7\u00e3o do Plano Diretor Municipal de \u00c9vora.<\/p>\n<p><a href=\"https:\/\/www.cm-evora.pt\/wp-content\/uploads\/2025\/09\/4_0705_DELIBERACAO_APROVACAO_AME.pdf\" target=\"_blank\" rel=\"noopener\">Aprova\u00e7\u00e3o da Altera\u00e7\u00e3o do Plano Diretor Municipal de \u00c9vora<\/a>: Aprovado pela Assembleia Municipal de \u00c9vora, em sess\u00e3o ordin\u00e1ria realizada no dia 13 de junho de 2025.<\/p>\n<p><a href=\"https:\/\/www.cm-evora.pt\/wp-content\/uploads\/2025\/09\/3_0705_DELIBERACAO_CME_APROVACAO_RELATORIO_ENVIO_AME.pdf\" target=\"_blank\" rel=\"noopener\">Delibera\u00e7\u00e3o da C\u00e2mara Municipal de \u00c9vora<\/a>: Aprova o relat\u00f3rio da discuss\u00e3o p\u00fablica do Plano e o envio para aprova\u00e7\u00e3o da Assembleia Municipal de \u00c9vora, na sua reuni\u00e3o de 4 de junho de 2025.<\/p>\n<p><a href=\"https:\/\/www.cm-evora.pt\/wp-content\/uploads\/2025\/09\/2_0705_AVISO_INICIO_DISCUSSAO_PUBLICA.pdf\" target=\"_blank\" rel=\"noopener\">Aviso n.\u00ba 23823\/2023 de 7 de dezembro de 2023<\/a>: In\u00edcio da discuss\u00e3o p\u00fablica da proposta de altera\u00e7\u00e3o do Plano Diretor Municipal de \u00c9vora, com efeitos a partir do dia 13 de dezembro de 2023 at\u00e9 ao dia 1 de fevereiro de 2024.<\/p>\n<p><a href=\"https:\/\/www.cm-evora.pt\/wp-content\/uploads\/2025\/09\/1_0705_AVISO_INICIO_PROCEDIMENTO_ALTERACAO_PDM.pdf\" target=\"_blank\" rel=\"noopener\">Aviso n\u00ba 23730\/2021 de 24 de dezembro<\/a>: In\u00edcio do procedimento de altera\u00e7\u00e3o do Plano Diretor Municipal de \u00c9vora para adequa\u00e7\u00e3o \u00e0s novas regras de classifica\u00e7\u00e3o e qualifica\u00e7\u00e3o do solo.<\/p>","protected":false},"excerpt":{"rendered":"<p>O Plano Diretor Municipal de \u00c9vora abrange a totalidade da \u00e1rea do concelho e \u00e9 um instrumento de gest\u00e3o do territ\u00f3rio que define a classifica\u00e7\u00e3o do solo e a sua qualifica\u00e7\u00e3o, ou seja, os usos admitidos e as regras aplicadas \u00e0 ocupa\u00e7\u00e3o do territ\u00f3rio. Este instrumento define o quadro estrat\u00e9gico de desenvolvimento territorial do munic\u00edpio [&hellip;]<\/p>\n","protected":false},"author":45,"featured_media":0,"parent":0,"menu_order":18,"comment_status":"closed","ping_status":"closed","template":"templates-map\/component-text-list-layout1.php","meta":{"_acf_changed":false,"footnotes":""},"categories":[],"class_list":["post-53379","page","type-page","status-publish","hentry"],"acf":[],"_links":{"self":[{"href":"https:\/\/www.cm-evora.pt\/en\/wp-json\/wp\/v2\/pages\/53379","targetHints":{"allow":["GET"]}}],"collection":[{"href":"https:\/\/www.cm-evora.pt\/en\/wp-json\/wp\/v2\/pages"}],"about":[{"href":"https:\/\/www.cm-evora.pt\/en\/wp-json\/wp\/v2\/types\/page"}],"author":[{"embeddable":true,"href":"https:\/\/www.cm-evora.pt\/en\/wp-json\/wp\/v2\/users\/45"}],"replies":[{"embeddable":true,"href":"https:\/\/www.cm-evora.pt\/en\/wp-json\/wp\/v2\/comments?post=53379"}],"version-history":[{"count":10,"href":"https:\/\/www.cm-evora.pt\/en\/wp-json\/wp\/v2\/pages\/53379\/revisions"}],"predecessor-version":[{"id":81600,"href":"https:\/\/www.cm-evora.pt\/en\/wp-json\/wp\/v2\/pages\/53379\/revisions\/81600"}],"wp:attachment":[{"href":"https:\/\/www.cm-evora.pt\/en\/wp-json\/wp\/v2\/media?parent=53379"}],"wp:term":[{"taxonomy":"category","embeddable":true,"href":"https:\/\/www.cm-evora.pt\/en\/wp-json\/wp\/v2\/categories?post=53379"}],"curies":[{"name":"wp","href":"https:\/\/api.w.org\/{rel}","templated":true}]}}