{"id":58049,"date":"2024-02-15T09:36:19","date_gmt":"2024-02-15T09:36:19","guid":{"rendered":"https:\/\/www.cm-evora.pt\/?page_id=58049"},"modified":"2025-11-12T14:51:15","modified_gmt":"2025-11-12T14:51:15","slug":"eleicoes-legislativas-2024","status":"archive","type":"page","link":"https:\/\/www.cm-evora.pt\/en\/municipe\/eleicoes-legislativas-2024\/","title":{"rendered":"Archived: Elei\u00e7\u00f5es Legislativas 2024"},"content":{"rendered":"<h1 style=\"text-align: center\"><strong>Elei\u00e7\u00e3o para a Assembleia da Rep\u00fablica &#8211; 10 de Mar\u00e7o de 2024<\/strong><\/h1>\n<h2 style=\"text-align: center\"><strong>Locais das Assembleias de Voto<\/strong><\/h2>\n<p>&nbsp;<\/p>\n<p><a href=\"https:\/\/www.cm-evora.pt\/wp-content\/uploads\/2024\/02\/Edital-voto-em-Mobilidade.pdf\" target=\"_blank\" rel=\"noopener\">Edital &#8211; Desdobramentos das Mesas de Voto Antecipado em Mobilidade.pdf<\/a><\/p>\n<p>&nbsp;<\/p>\n<p><a href=\"https:\/\/www.cm-evora.pt\/wp-content\/uploads\/2024\/02\/Edital-Assembleias-e-Seccoes-de-voto.pdf\" target=\"_blank\" rel=\"noopener\">Edital &#8211; Mapa da Assembleia e Sec\u00e7\u00f5es de Voto.pdf<\/a><\/p>\n","protected":false},"excerpt":{"rendered":"<p>Elei\u00e7\u00e3o para a Assembleia da Rep\u00fablica &#8211; 10 de Mar\u00e7o de 2024 Locais das Assembleias de Voto &nbsp; Edital &#8211; Desdobramentos das Mesas de Voto Antecipado em Mobilidade.pdf &nbsp; Edital &#8211; Mapa da Assembleia e Sec\u00e7\u00f5es de Voto.pdf<\/p>\n","protected":false},"author":45,"featured_media":0,"parent":22,"menu_order":2,"comment_status":"closed","ping_status":"closed","template":"templates-map\/component-text-layout1.php","meta":{"_acf_changed":false,"footnotes":""},"categories":[],"class_list":["post-58049","page","type-page","status-archive","hentry"],"acf":{"imagens":"","titulo_docs_seccao":"","documentos":""},"_links":{"self":[{"href":"https:\/\/www.cm-evora.pt\/en\/wp-json\/wp\/v2\/pages\/58049","targetHints":{"allow":["GET"]}}],"collection":[{"href":"https:\/\/www.cm-evora.pt\/en\/wp-json\/wp\/v2\/pages"}],"about":[{"href":"https:\/\/www.cm-evora.pt\/en\/wp-json\/wp\/v2\/types\/page"}],"author":[{"embeddable":true,"href":"https:\/\/www.cm-evora.pt\/en\/wp-json\/wp\/v2\/users\/45"}],"replies":[{"embeddable":true,"href":"https:\/\/www.cm-evora.pt\/en\/wp-json\/wp\/v2\/comments?post=58049"}],"version-history":[{"count":6,"href":"https:\/\/www.cm-evora.pt\/en\/wp-json\/wp\/v2\/pages\/58049\/revisions"}],"predecessor-version":[{"id":58541,"href":"https:\/\/www.cm-evora.pt\/en\/wp-json\/wp\/v2\/pages\/58049\/revisions\/58541"}],"up":[{"embeddable":true,"href":"https:\/\/www.cm-evora.pt\/en\/wp-json\/wp\/v2\/pages\/22"}],"wp:attachment":[{"href":"https:\/\/www.cm-evora.pt\/en\/wp-json\/wp\/v2\/media?parent=58049"}],"wp:term":[{"taxonomy":"category","embeddable":true,"href":"https:\/\/www.cm-evora.pt\/en\/wp-json\/wp\/v2\/categories?post=58049"}],"curies":[{"name":"wp","href":"https:\/\/api.w.org\/{rel}","templated":true}]}}