{"id":58453,"date":"2024-02-27T14:30:53","date_gmt":"2024-02-27T14:30:53","guid":{"rendered":"https:\/\/www.cm-evora.pt\/?page_id=58453"},"modified":"2025-01-27T08:57:43","modified_gmt":"2025-01-27T08:57:43","slug":"x-encontro-nacional-de-cidades-e-vilas-resilientes-evora","status":"archive","type":"page","link":"https:\/\/www.cm-evora.pt\/en\/municipe\/areas-de-acao\/protecao-civil\/x-encontro-nacional-de-cidades-e-vilas-resilientes-evora\/","title":{"rendered":"Archived: X Encontro Nacional de Cidades e Vilas Resilientes \u2013 \u00c9vora"},"content":{"rendered":"<p style=\"text-align: center\"><a href=\"https:\/\/www.cm-evora.pt\/wp-content\/uploads\/2024\/05\/AF_Rotativo_CME_2000.jpg\"><img loading=\"lazy\" decoding=\"async\" class=\"alignnone size-full wp-image-61360\" src=\"https:\/\/www.cm-evora.pt\/wp-content\/uploads\/2024\/05\/AF_Rotativo_CME_2000.jpg\" alt=\"\" width=\"2000\" height=\"678\" srcset=\"https:\/\/www.cm-evora.pt\/wp-content\/uploads\/2024\/05\/AF_Rotativo_CME_2000.jpg 2000w, https:\/\/www.cm-evora.pt\/wp-content\/uploads\/2024\/05\/AF_Rotativo_CME_2000-300x102.jpg 300w, https:\/\/www.cm-evora.pt\/wp-content\/uploads\/2024\/05\/AF_Rotativo_CME_2000-1024x347.jpg 1024w, https:\/\/www.cm-evora.pt\/wp-content\/uploads\/2024\/05\/AF_Rotativo_CME_2000-768x260.jpg 768w, https:\/\/www.cm-evora.pt\/wp-content\/uploads\/2024\/05\/AF_Rotativo_CME_2000-1536x521.jpg 1536w, https:\/\/www.cm-evora.pt\/wp-content\/uploads\/2024\/05\/AF_Rotativo_CME_2000-1920x650.jpg 1920w, https:\/\/www.cm-evora.pt\/wp-content\/uploads\/2024\/05\/AF_Rotativo_CME_2000-1320x447.jpg 1320w\" sizes=\"auto, (max-width: 2000px) 100vw, 2000px\" \/><\/a><\/p>\n<p>&nbsp;<\/p>\n<p><strong>Inscri\u00e7\u00f5es<\/strong>: <a href=\"https:\/\/www.cm-evora.pt\/inscricao-no-x-encontro-nacional-cidades-e-vilas-resilientes-evora\/\" target=\"_blank\" rel=\"noopener\">https:\/\/www.cm-evora.pt\/inscricao-no-x-encontro-nacional-cidades-e-vilas-resilientes-evora\/<\/a><\/p>\n<p>&nbsp;<\/p>\n<h2 style=\"text-align: center\"><strong>Programa<\/strong><\/h2>\n<h3 style=\"text-align: center\"><span style=\"color: #3366ff\"><strong>22 de maio, quarta-feira<\/strong><\/span><\/h3>\n<table width=\"573\">\n<tbody>\n<tr>\n<td style=\"text-align: center\" width=\"53\"><strong>Hor\u00e1rio<\/strong><\/td>\n<td style=\"text-align: center\" width=\"519\"><strong>Momento<\/strong><\/td>\n<\/tr>\n<tr>\n<td style=\"text-align: center\" colspan=\"2\" width=\"573\"><strong>Pal\u00e1cio de D. Manuel<\/strong><\/td>\n<\/tr>\n<tr>\n<td style=\"text-align: center\" width=\"53\">14h00<\/td>\n<td style=\"text-align: center\" width=\"519\">Rece\u00e7\u00e3o e registo<\/td>\n<\/tr>\n<tr>\n<td style=\"text-align: center\" width=\"53\">14h30<\/td>\n<td style=\"text-align: center\" width=\"519\"><strong>Sess\u00e3o de abertura<\/strong><\/p>\n<p>Presidente da C\u00e2mara Municipal de \u00c9vora | Dr. Carlos Pinto de S\u00e1<\/p>\n<p>Presidente da Autoridade Nacional de Emerg\u00eancia e Prote\u00e7\u00e3o Civil | Brigadeiro-General Duarte Costa<\/p>\n<p>Plataforma Nacional para a Redu\u00e7\u00e3o de Risco de Cat\u00e1strofes | Eng.\u00ba Carlos Mendes<\/p>\n<p>Coordena\u00e7\u00e3o da Rede Portuguesa das Cidades Resilientes \u2013 C\u00e2mara Municipal de Matosinhos | Dr.\u00aa Susana Gon\u00e7alves<\/p>\n<p>Coordenador SMPC \u00c9vora | Dr. Joaquim Piteira<\/td>\n<\/tr>\n<tr>\n<td style=\"text-align: center\" width=\"53\">15h15<\/td>\n<td style=\"text-align: center\" width=\"519\">Coordena\u00e7\u00e3o da Rede Portuguesa das Cidades Resilientes<\/p>\n<p>Apresenta\u00e7\u00e3o | Plano de Atividades<\/td>\n<\/tr>\n<tr>\n<td style=\"text-align: center\" width=\"53\">16h00<\/td>\n<td style=\"text-align: center\" width=\"519\">Coffee Break <em>(pausa para caf\u00e9)<\/em><\/td>\n<\/tr>\n<tr>\n<td style=\"text-align: center\" width=\"53\">16h20<\/td>\n<td style=\"text-align: center\" width=\"519\"><strong>Confer\u00eancia inaugural \u2013 DA CIDADE (H)`A\u00b4 RESILI\u00caNCIA<\/strong><\/p>\n<p>Brigadeiro-General Duarte Costa, Presidente ANEPC<\/td>\n<\/tr>\n<tr>\n<td style=\"text-align: center\" rowspan=\"6\" width=\"53\">16h40<\/td>\n<td style=\"text-align: center\" width=\"519\"><strong>PAINEL 1 \u2013 SERVI\u00c7OS MUNICIPAIS: TRABALHO PARA A RESILI\u00caNCIA<\/strong><\/p>\n<p>Moderador: Dr.\u00aa Luc\u00ednia Aires \u2013 SMPC Odemira<\/td>\n<\/tr>\n<tr>\n<td style=\"text-align: center\" width=\"519\"><strong>APRESENTA\u00c7\u00c3O 1<\/strong><\/p>\n<p>Divis\u00e3o de Educa\u00e7\u00e3o e Interven\u00e7\u00e3o Social \u2013 C\u00e2mara Municipal de \u00c9vora | Dr.\u00aa Maria Manuel Ascens\u00e3o \u2013 Dr.\u00aa Vera Lazana<\/td>\n<\/tr>\n<tr>\n<td style=\"text-align: center\" width=\"519\"><strong>APRESENTA\u00c7\u00c3O 2<\/strong><\/p>\n<p>Divis\u00e3o de Ordenamento e Reabilita\u00e7\u00e3o Urbana \u2013 C\u00e2mara Municipal de \u00c9vora | Arqt.\u00ba Pedro Foga\u00e7a<\/p>\n<p>Divis\u00e3o de Fiscaliza\u00e7\u00e3o Municipal \u2013 C\u00e2mara Municipal de \u00c9vora | Eng.\u00aa. Cristina Jan<\/td>\n<\/tr>\n<tr>\n<td style=\"text-align: center\" width=\"519\"><strong>APRESENTA\u00c7\u00c3O 3<\/strong><\/p>\n<p>Divis\u00e3o de Ambiente e Mobilidade \u2013 C\u00e2mara Municipal de \u00c9vora | Arqt.\u00ba Daniel Valente<\/td>\n<\/tr>\n<tr>\n<td style=\"text-align: center\" width=\"519\">Debate<\/td>\n<\/tr>\n<tr>\n<td style=\"text-align: center\" width=\"519\">Sa\u00edda para as instala\u00e7\u00f5es do SMPC \u00c9vora, de autocarro<\/td>\n<\/tr>\n<tr>\n<td style=\"text-align: center\" colspan=\"2\" width=\"573\"><strong>SMPC | Aer\u00f3dromo Municipal de \u00c9vora<\/strong><\/td>\n<\/tr>\n<tr>\n<td style=\"text-align: center\" rowspan=\"5\" width=\"53\">19h00<\/td>\n<td style=\"text-align: center\" width=\"519\">Apresenta\u00e7\u00e3o Anu\u00e1rio Seguran\u00e7a Contra Inc\u00eandios em Edif\u00edcios 2023<\/p>\n<p>ANEPC \u2013 Servi\u00e7os de Seguran\u00e7a Contra Inc\u00eandios em Edif\u00edcios | Arqt.\u00ba Pedro Barbosa<\/td>\n<\/tr>\n<tr>\n<td style=\"text-align: center\" width=\"519\"><strong>PAINEL 2 \u2013 PARCEIROS LOCAIS: INTEGRA\u00c7\u00c3O PARA A RESILI\u00caNCIA<\/strong><\/p>\n<p>Moderador: Dr. Nuno Sobral Camelo | SMPC \u00c9vora<\/td>\n<\/tr>\n<tr>\n<td style=\"text-align: center\" width=\"519\"><strong>APRESENTA\u00c7\u00c3O 1<\/strong><\/p>\n<p>Unidade de Sa\u00fade P\u00fablica do Alentejo Central &#8211; Unidade Local de Sa\u00fade do Alentejo Central | Dr.\u00aa Vera Leal Pessoa<\/td>\n<\/tr>\n<tr>\n<td style=\"text-align: center\" width=\"519\"><strong>APRESENTA\u00c7\u00c3O 2<\/strong><\/p>\n<p>Instituto da Seguran\u00e7a Social \u2013 Centro Distrital de \u00c9vora | Dr.\u00aa Paula Melo<\/td>\n<\/tr>\n<tr>\n<td style=\"text-align: center\" width=\"519\">Debate<\/td>\n<\/tr>\n<tr>\n<td style=\"text-align: center\" width=\"53\">20h20<\/td>\n<td style=\"text-align: center\" width=\"519\">Jantar<\/td>\n<\/tr>\n<tr>\n<td style=\"text-align: center\" width=\"53\">23h15<\/td>\n<td style=\"text-align: center\" width=\"519\">Regresso ao centro da cidade, de autocarro<\/td>\n<\/tr>\n<\/tbody>\n<\/table>\n<p>&nbsp;<\/p>\n<p>&nbsp;<\/p>\n<h3 style=\"text-align: center\"><span style=\"color: #3366ff\"><strong>23 de maio, quinta-feira<\/strong><\/span><\/h3>\n<table width=\"574\">\n<tbody>\n<tr>\n<td style=\"text-align: center\" width=\"53\"><strong>Hor\u00e1rio<\/strong><\/td>\n<td style=\"text-align: center\" width=\"520\"><strong>Momento<\/strong><\/td>\n<\/tr>\n<tr>\n<td style=\"text-align: center\" colspan=\"2\" width=\"574\"><strong>Pal\u00e1cio de D. Manuel<\/strong><\/td>\n<\/tr>\n<tr>\n<td style=\"text-align: center\" rowspan=\"8\" width=\"53\">09h30<\/td>\n<td style=\"text-align: center\" width=\"520\"><strong>PAINEL 3 \u2013 RESILI\u00caNCIA E REDU\u00c7\u00c3O DE RISCOS<\/strong><\/p>\n<p>Moderador: Comandante Jos\u00e9 Ribeiro | CREPC Alentejo<\/td>\n<\/tr>\n<tr>\n<td style=\"text-align: center\" width=\"520\"><strong>APRESENTA\u00c7\u00c3O 1<\/strong><\/p>\n<p>CSREPC Alentejo Central | Comandante Maria Jo\u00e3o Rosado<\/td>\n<\/tr>\n<tr>\n<td style=\"text-align: center\" width=\"520\"><strong>APRESENTA\u00c7\u00c3O 2<\/strong><\/p>\n<p>Guarda Nacional Republicana \u2013 Comando Territorial de \u00c9vora | Capit\u00e3o Ricardo Pasadas<\/td>\n<\/tr>\n<tr>\n<td style=\"text-align: center\" width=\"520\"><strong>APRESENTA\u00c7\u00c3O 3<\/strong><\/p>\n<p>Pol\u00edcia de Seguran\u00e7a P\u00fablica \u2013 Comando Distrital de \u00c9vora | Comiss\u00e1rio Marco David<\/td>\n<\/tr>\n<tr>\n<td style=\"text-align: center\" width=\"520\">Coffee Break (<em>pausa para caf\u00e9<\/em>)<\/td>\n<\/tr>\n<tr>\n<td style=\"text-align: center\" width=\"520\"><strong>APRESENTA\u00c7\u00c3O 4<\/strong><\/p>\n<p>Instituto da Conserva\u00e7\u00e3o da Natureza e das Florestas | Eng.\u00ba Jo\u00e3o Belchiorinho<\/td>\n<\/tr>\n<tr>\n<td style=\"text-align: center\" width=\"520\"><strong>APRESENTA\u00c7\u00c3O 5<\/strong><\/p>\n<p>Gesamb Gest\u00e3o Ambiental e de Res\u00edduos, E.E.I.M. | Dr.\u00aa Gilda Matos<\/td>\n<\/tr>\n<tr>\n<td style=\"text-align: center\" width=\"520\">Debate<\/td>\n<\/tr>\n<tr>\n<td style=\"text-align: center\" width=\"53\">12h30<\/td>\n<td style=\"text-align: center\" width=\"520\">Almo\u00e7o<\/td>\n<\/tr>\n<tr>\n<td style=\"text-align: center\" rowspan=\"3\" width=\"53\">14h30<\/td>\n<td style=\"text-align: center\" width=\"520\"><strong>OFICINA 1<\/strong><\/p>\n<p>Comunica\u00e7\u00e3o \u2013 Ferramentas para chegar \u00e0s popula\u00e7\u00f5es | C\u00e2mara Municipal de \u00c9vora | Dr. Jo\u00e3o Simas<\/td>\n<\/tr>\n<tr>\n<td style=\"text-align: center\" width=\"520\"><strong>OFICINA 2<\/strong><\/p>\n<p>Planeamento Clim\u00e1tico \u2013 A import\u00e2ncia da informa\u00e7\u00e3o meteorol\u00f3gica dedicada nas opera\u00e7\u00f5es de Prote\u00e7\u00e3o Civil de \u00e2mbito municipal | Planoclima | Dr. M\u00e1rio Marques<\/td>\n<\/tr>\n<tr>\n<td style=\"text-align: center\" width=\"520\"><strong>OFICINA 3<\/strong><\/p>\n<p>Riscos, Prote\u00e7\u00e3o Civil e Territ\u00f3rio | IGOTE &#8211; UL | Professor Doutor Eus\u00e9bio Reis<\/td>\n<\/tr>\n<tr>\n<td style=\"text-align: center\" rowspan=\"2\" width=\"53\">17h00<\/td>\n<td style=\"text-align: center\" width=\"520\">Encerramento dos trabalhos \u2013 C\u00e2mara Municipal de \u00c9vora | Vereador Alexandre Varela<\/td>\n<\/tr>\n<tr>\n<td style=\"text-align: center\" width=\"520\">Tempo livre<\/td>\n<\/tr>\n<tr>\n<td style=\"text-align: center\" width=\"53\">20h00<\/td>\n<td style=\"text-align: center\" width=\"520\">Jantar da Rede Nacional das Cidades e Vilas Resilientes<\/p>\n<p>Hotel Vila Gal\u00e9 \u00c9vora<\/td>\n<\/tr>\n<\/tbody>\n<\/table>\n<p>&nbsp;<\/p>\n<h3 style=\"text-align: center\"><span style=\"color: #3366ff\"><strong>24 de maio, sexta-feira<\/strong><\/span><\/h3>\n<table width=\"100%\">\n<tbody>\n<tr>\n<td style=\"text-align: center\" width=\"18%\"><strong>Hor\u00e1rio<\/strong><\/td>\n<td style=\"text-align: center\" width=\"81%\"><strong>Momento<\/strong><\/td>\n<\/tr>\n<tr>\n<td style=\"text-align: center\" rowspan=\"2\" width=\"18%\">09h00<\/td>\n<td style=\"text-align: center\" width=\"81%\">Concentra\u00e7\u00e3o no Hotel Vila Gal\u00e9 \u00c9vora para tomar autocarro<\/td>\n<\/tr>\n<tr>\n<td style=\"text-align: center\" width=\"81%\">Visita Aernnova \u2013 Parque de Ind\u00fastria Aeron\u00e1utica de \u00c9vora<\/td>\n<\/tr>\n<tr>\n<td style=\"text-align: center\" width=\"18%\">12h30<\/td>\n<td style=\"text-align: center\" width=\"81%\">Encerramento do encontro &#8211; Vereador Alexandre Varela<\/td>\n<\/tr>\n<tr>\n<td style=\"text-align: center\" width=\"18%\"><\/td>\n<td style=\"text-align: center\" width=\"81%\">Almo\u00e7o<\/td>\n<\/tr>\n<tr>\n<td style=\"text-align: center\" width=\"18%\">14h30<\/td>\n<td style=\"text-align: center\" width=\"81%\">Ida para o Hotel Vila Gal\u00e9<\/p>\n<p>Partida<\/td>\n<\/tr>\n<\/tbody>\n<\/table>\n<p>&nbsp;<\/p>\n<p style=\"text-align: center\"><a href=\"https:\/\/www.cm-evora.pt\/wp-content\/uploads\/2024\/05\/AF_Programa_CidadesResilientes.pdf\" target=\"_blank\" rel=\"noopener\">Programado X Encontro Nacional de Cidades e Vilas Resilientes \u2013 \u00c9vora.pdf<\/a><\/p>\n","protected":false},"excerpt":{"rendered":"<p>&nbsp; Inscri\u00e7\u00f5es: https:\/\/www.cm-evora.pt\/inscricao-no-x-encontro-nacional-cidades-e-vilas-resilientes-evora\/ &nbsp; Programa 22 de maio, quarta-feira Hor\u00e1rio Momento Pal\u00e1cio de D. Manuel 14h00 Rece\u00e7\u00e3o e registo 14h30 Sess\u00e3o de abertura Presidente da C\u00e2mara Municipal de \u00c9vora | Dr. Carlos Pinto de S\u00e1 Presidente da Autoridade Nacional de Emerg\u00eancia e Prote\u00e7\u00e3o Civil | Brigadeiro-General Duarte Costa Plataforma Nacional para a Redu\u00e7\u00e3o de Risco [&hellip;]<\/p>\n","protected":false},"author":45,"featured_media":0,"parent":1517,"menu_order":10,"comment_status":"closed","ping_status":"closed","template":"templates-map\/component-text-layout1.php","meta":{"_acf_changed":false,"footnotes":""},"categories":[],"class_list":["post-58453","page","type-page","status-archive","hentry"],"acf":{"imagens":"","titulo_docs_seccao":"","documentos":""},"_links":{"self":[{"href":"https:\/\/www.cm-evora.pt\/en\/wp-json\/wp\/v2\/pages\/58453","targetHints":{"allow":["GET"]}}],"collection":[{"href":"https:\/\/www.cm-evora.pt\/en\/wp-json\/wp\/v2\/pages"}],"about":[{"href":"https:\/\/www.cm-evora.pt\/en\/wp-json\/wp\/v2\/types\/page"}],"author":[{"embeddable":true,"href":"https:\/\/www.cm-evora.pt\/en\/wp-json\/wp\/v2\/users\/45"}],"replies":[{"embeddable":true,"href":"https:\/\/www.cm-evora.pt\/en\/wp-json\/wp\/v2\/comments?post=58453"}],"version-history":[{"count":14,"href":"https:\/\/www.cm-evora.pt\/en\/wp-json\/wp\/v2\/pages\/58453\/revisions"}],"predecessor-version":[{"id":61718,"href":"https:\/\/www.cm-evora.pt\/en\/wp-json\/wp\/v2\/pages\/58453\/revisions\/61718"}],"up":[{"embeddable":true,"href":"https:\/\/www.cm-evora.pt\/en\/wp-json\/wp\/v2\/pages\/1517"}],"wp:attachment":[{"href":"https:\/\/www.cm-evora.pt\/en\/wp-json\/wp\/v2\/media?parent=58453"}],"wp:term":[{"taxonomy":"category","embeddable":true,"href":"https:\/\/www.cm-evora.pt\/en\/wp-json\/wp\/v2\/categories?post=58453"}],"curies":[{"name":"wp","href":"https:\/\/api.w.org\/{rel}","templated":true}]}}