{"id":58765,"date":"2024-03-06T15:05:39","date_gmt":"2024-03-06T15:05:39","guid":{"rendered":"https:\/\/www.cm-evora.pt\/?page_id=58765"},"modified":"2024-03-06T15:18:36","modified_gmt":"2024-03-06T15:18:36","slug":"requalificacao-do-interface-modal-no-rossio-de-sao-bras","status":"publish","type":"page","link":"https:\/\/www.cm-evora.pt\/en\/municipe\/projetos-municipais\/requalificacao-do-interface-modal-no-rossio-de-sao-bras\/","title":{"rendered":"Requalifica\u00e7\u00e3o do Interface Modal no Rossio de S\u00e3o Br\u00e1s"},"content":{"rendered":"<p style=\"text-align: center\"><a href=\"https:\/\/www.cm-evora.pt\/wp-content\/uploads\/2024\/03\/MapaRequalificacaoRossio.jpg\"><img loading=\"lazy\" decoding=\"async\" class=\"alignnone size-full wp-image-58766\" src=\"https:\/\/www.cm-evora.pt\/wp-content\/uploads\/2024\/03\/MapaRequalificacaoRossio.jpg\" alt=\"\" width=\"1395\" height=\"996\" srcset=\"https:\/\/www.cm-evora.pt\/wp-content\/uploads\/2024\/03\/MapaRequalificacaoRossio.jpg 1395w, https:\/\/www.cm-evora.pt\/wp-content\/uploads\/2024\/03\/MapaRequalificacaoRossio-300x214.jpg 300w, https:\/\/www.cm-evora.pt\/wp-content\/uploads\/2024\/03\/MapaRequalificacaoRossio-1024x731.jpg 1024w, https:\/\/www.cm-evora.pt\/wp-content\/uploads\/2024\/03\/MapaRequalificacaoRossio-768x548.jpg 768w, https:\/\/www.cm-evora.pt\/wp-content\/uploads\/2024\/03\/MapaRequalificacaoRossio-1320x942.jpg 1320w\" sizes=\"auto, (max-width: 1395px) 100vw, 1395px\" \/><\/a><\/p>\n<p>A interven\u00e7\u00e3o no Rossio de S\u00e3o Br\u00e1s, em \u00c9vora, est\u00e1 prevista no Plano Estrat\u00e9gico de Desenvolvimento Urbano (PEDU) do Munic\u00edpio, e corresponde a uma necessidade h\u00e1 muito identificada: \u201ca promo\u00e7\u00e3o de estrat\u00e9gias de baixo teor de carbono para zonas urbanas, incluindo a promo\u00e7\u00e3o da mobilidade urbana multimodal sustent\u00e1vel e medidas de adapta\u00e7\u00e3o relevantes para a atenua\u00e7\u00e3o\u201d.<\/p>\n<p>Os prop\u00f3sitos da interven\u00e7\u00e3o est\u00e3o ainda elencados no Plano de Mobilidade Urbana Sustent\u00e1vel (PAMUS):<\/p>\n<ul>\n<li style=\"list-style-type: none\">\n<ul>\n<li>Promover o incremento da mobilidade suave (pedonal e cicl\u00e1vel) contribuindo para o uso de modos de transporte mais limpos e eficientes;<\/li>\n<li>Potenciar a transfer\u00eancia modal mediante o estabelecimento de interfaces funcionais e atractivos;<\/li>\n<li>Diminuir a entrada de viaturas no interior do centro hist\u00f3rico de \u00c9vora<\/li>\n<\/ul>\n<\/li>\n<\/ul>\n","protected":false},"excerpt":{"rendered":"<p>A interven\u00e7\u00e3o no Rossio de S\u00e3o Br\u00e1s, em \u00c9vora, est\u00e1 prevista no Plano Estrat\u00e9gico de Desenvolvimento Urbano (PEDU) do Munic\u00edpio, e corresponde a uma necessidade h\u00e1 muito identificada: \u201ca promo\u00e7\u00e3o de estrat\u00e9gias de baixo teor de carbono para zonas urbanas, incluindo a promo\u00e7\u00e3o da mobilidade urbana multimodal sustent\u00e1vel e medidas de adapta\u00e7\u00e3o relevantes para a [&hellip;]<\/p>\n","protected":false},"author":45,"featured_media":0,"parent":1302,"menu_order":0,"comment_status":"closed","ping_status":"closed","template":"templates-map\/component-text-list-layout1.php","meta":{"_acf_changed":false,"footnotes":""},"categories":[],"class_list":["post-58765","page","type-page","status-publish","hentry"],"acf":[],"_links":{"self":[{"href":"https:\/\/www.cm-evora.pt\/en\/wp-json\/wp\/v2\/pages\/58765","targetHints":{"allow":["GET"]}}],"collection":[{"href":"https:\/\/www.cm-evora.pt\/en\/wp-json\/wp\/v2\/pages"}],"about":[{"href":"https:\/\/www.cm-evora.pt\/en\/wp-json\/wp\/v2\/types\/page"}],"author":[{"embeddable":true,"href":"https:\/\/www.cm-evora.pt\/en\/wp-json\/wp\/v2\/users\/45"}],"replies":[{"embeddable":true,"href":"https:\/\/www.cm-evora.pt\/en\/wp-json\/wp\/v2\/comments?post=58765"}],"version-history":[{"count":3,"href":"https:\/\/www.cm-evora.pt\/en\/wp-json\/wp\/v2\/pages\/58765\/revisions"}],"predecessor-version":[{"id":58791,"href":"https:\/\/www.cm-evora.pt\/en\/wp-json\/wp\/v2\/pages\/58765\/revisions\/58791"}],"up":[{"embeddable":true,"href":"https:\/\/www.cm-evora.pt\/en\/wp-json\/wp\/v2\/pages\/1302"}],"wp:attachment":[{"href":"https:\/\/www.cm-evora.pt\/en\/wp-json\/wp\/v2\/media?parent=58765"}],"wp:term":[{"taxonomy":"category","embeddable":true,"href":"https:\/\/www.cm-evora.pt\/en\/wp-json\/wp\/v2\/categories?post=58765"}],"curies":[{"name":"wp","href":"https:\/\/api.w.org\/{rel}","templated":true}]}}