{"id":6237,"date":"2020-06-02T10:53:05","date_gmt":"2020-06-02T09:53:05","guid":{"rendered":"https:\/\/evora2.int.skilltech.pt\/susProjects\/wp_evora2_suite\/?page_id=6237"},"modified":"2023-01-09T15:06:37","modified_gmt":"2023-01-09T15:06:37","slug":"programa-de-melhoramento-das-condicoes-de-habitabilidade","status":"publish","type":"page","link":"https:\/\/www.cm-evora.pt\/en\/municipe\/areas-de-acao\/acao-social\/programa-de-melhoramento-das-condicoes-de-habitabilidade\/","title":{"rendered":"(Portugu\u00eas) Programa de melhoramento das condi\u00e7\u00f5es de habitabilidade"},"content":{"rendered":"<p class=\"qtranxs-available-languages-message qtranxs-available-languages-message-en\">Sorry, this entry is only available in <a href=\"https:\/\/www.cm-evora.pt\/pt\/wp-json\/wp\/v2\/pages\/6237\" class=\"qtranxs-available-language-link qtranxs-available-language-link-pt\" title=\"Portugu\u00eas\">Portugu\u00eas<\/a>.<\/p><p><\/p>\n<div style=\"text-align: center\"><a href=\"https:\/\/www.cm-evora.pt\/wp-content\/uploads\/2020\/06\/PMCH_banner-639x362.jpg\" target=\"_blank\" rel=\"noopener\"><img loading=\"lazy\" decoding=\"async\" class=\"alignnone wp-image-6274 size-full\" src=\"https:\/\/www.cm-evora.pt\/wp-content\/uploads\/2020\/06\/PMCH_banner-639x362.jpg\" alt=\"\" width=\"639\" height=\"362\" srcset=\"https:\/\/www.cm-evora.pt\/wp-content\/uploads\/2020\/06\/PMCH_banner-639x362.jpg 639w, https:\/\/www.cm-evora.pt\/wp-content\/uploads\/2020\/06\/PMCH_banner-639x362-300x170.jpg 300w\" sizes=\"auto, (max-width: 639px) 100vw, 639px\" \/><\/a><\/div>\n<div><\/div>\n<p>Fruto dos baixos rendimentos que aufere, ou mesmo da sua inexist\u00eancia, \u00e9 poss\u00edvel verificar que ainda existe uma fatia significativa da popula\u00e7\u00e3o do concelho que n\u00e3o disp\u00f5e de recursos que lhe permitam assegurar as interven\u00e7\u00f5es necess\u00e1rias para garantir condi\u00e7\u00f5es de seguran\u00e7a, salubridade e acessibilidade nas suas habita\u00e7\u00f5es. Desta forma, urge intervir para melhorar as suas condi\u00e7\u00f5es de habitabilidade.<\/p>\n<p>&nbsp;<\/p>\n<p>Considerando a C\u00e2mara Municipal de \u00c9vora que em mat\u00e9ria de habita\u00e7\u00e3o s\u00e3o indispens\u00e1veis respostas de \u00e2mbito nacional, n\u00e3o deixa de procurar apoiar os mun\u00edcipes com menores rendimentos na realiza\u00e7\u00e3o de obras nas suas habita\u00e7\u00f5es, contribuindo desta forma para que se cumpra um direto consagrado na Constitui\u00e7\u00e3o da Rep\u00fablica Portuguesa.<\/p>\n<p style=\"padding-left: 40px\"><strong>:: \u00c1rea de Interven\u00e7\u00e3o \u2013 <\/strong>Concelho de \u00c9vora.<\/p>\n<p style=\"padding-left: 40px\"><strong>:: Im\u00f3veis Abrangidos \u2013 <\/strong>Pr\u00e9dios destinados exclusivamente \u00e0 habita\u00e7\u00e3o.<\/p>\n<p>&nbsp;<\/p>","protected":false},"excerpt":{"rendered":"<p>Sorry, this entry is only available in Portugu\u00eas. Fruto dos baixos rendimentos que aufere, ou mesmo da sua inexist\u00eancia, \u00e9 poss\u00edvel verificar que ainda existe uma fatia significativa da popula\u00e7\u00e3o do concelho que n\u00e3o disp\u00f5e de recursos que lhe permitam assegurar as interven\u00e7\u00f5es necess\u00e1rias para garantir condi\u00e7\u00f5es de seguran\u00e7a, salubridade e acessibilidade nas suas habita\u00e7\u00f5es. [&hellip;]<\/p>\n","protected":false},"author":1,"featured_media":0,"parent":1488,"menu_order":8,"comment_status":"closed","ping_status":"closed","template":"templates-map\/component-text-list-layout1.php","meta":{"_acf_changed":false,"footnotes":""},"categories":[],"class_list":["post-6237","page","type-page","status-publish","hentry"],"acf":[],"_links":{"self":[{"href":"https:\/\/www.cm-evora.pt\/en\/wp-json\/wp\/v2\/pages\/6237","targetHints":{"allow":["GET"]}}],"collection":[{"href":"https:\/\/www.cm-evora.pt\/en\/wp-json\/wp\/v2\/pages"}],"about":[{"href":"https:\/\/www.cm-evora.pt\/en\/wp-json\/wp\/v2\/types\/page"}],"author":[{"embeddable":true,"href":"https:\/\/www.cm-evora.pt\/en\/wp-json\/wp\/v2\/users\/1"}],"replies":[{"embeddable":true,"href":"https:\/\/www.cm-evora.pt\/en\/wp-json\/wp\/v2\/comments?post=6237"}],"version-history":[{"count":11,"href":"https:\/\/www.cm-evora.pt\/en\/wp-json\/wp\/v2\/pages\/6237\/revisions"}],"predecessor-version":[{"id":44470,"href":"https:\/\/www.cm-evora.pt\/en\/wp-json\/wp\/v2\/pages\/6237\/revisions\/44470"}],"up":[{"embeddable":true,"href":"https:\/\/www.cm-evora.pt\/en\/wp-json\/wp\/v2\/pages\/1488"}],"wp:attachment":[{"href":"https:\/\/www.cm-evora.pt\/en\/wp-json\/wp\/v2\/media?parent=6237"}],"wp:term":[{"taxonomy":"category","embeddable":true,"href":"https:\/\/www.cm-evora.pt\/en\/wp-json\/wp\/v2\/categories?post=6237"}],"curies":[{"name":"wp","href":"https:\/\/api.w.org\/{rel}","templated":true}]}}