{"id":6240,"date":"2020-06-02T10:53:33","date_gmt":"2020-06-02T09:53:33","guid":{"rendered":"https:\/\/evora2.int.skilltech.pt\/susProjects\/wp_evora2_suite\/?page_id=6240"},"modified":"2022-06-30T10:42:01","modified_gmt":"2022-06-30T09:42:01","slug":"cartao-social-do-municipe","status":"archive","type":"page","link":"https:\/\/www.cm-evora.pt\/en\/municipe\/areas-de-acao\/acao-social\/cartao-social-do-municipe\/","title":{"rendered":"(Portugu\u00eas) Archived: Cart\u00e3o Social do Mun\u00edcipe"},"content":{"rendered":"<p class=\"qtranxs-available-languages-message qtranxs-available-languages-message-en\">Sorry, this entry is only available in <a href=\"https:\/\/www.cm-evora.pt\/pt\/wp-json\/wp\/v2\/pages\/6240\" class=\"qtranxs-available-language-link qtranxs-available-language-link-pt\" title=\"Portugu\u00eas\">Portugu\u00eas<\/a>.<\/p><p><a href=\"https:\/\/www.cm-evora.pt\/wp-content\/uploads\/2020\/06\/banner-cartao-social-municipe.jpg\"><img loading=\"lazy\" decoding=\"async\" class=\"alignnone size-full wp-image-6284\" src=\"https:\/\/www.cm-evora.pt\/wp-content\/uploads\/2020\/06\/banner-cartao-social-municipe.jpg\" alt=\"\" width=\"639\" height=\"362\" srcset=\"https:\/\/www.cm-evora.pt\/wp-content\/uploads\/2020\/06\/banner-cartao-social-municipe.jpg 639w, https:\/\/www.cm-evora.pt\/wp-content\/uploads\/2020\/06\/banner-cartao-social-municipe-300x170.jpg 300w\" sizes=\"auto, (max-width: 639px) 100vw, 639px\" \/><\/a><\/p>\n<p><strong>Apoio social aos mun\u00edcipes carenciados: comparticipa\u00e7\u00e3o no custo de medicamentos e outras despesas de sa\u00fade, descontos em lojas e farm\u00e1cias e na despesa com o consumo de \u00e1gua<\/strong><\/p>\n<p>&nbsp;<\/p>","protected":false},"excerpt":{"rendered":"<p>Sorry, this entry is only available in Portugu\u00eas. Apoio social aos mun\u00edcipes carenciados: comparticipa\u00e7\u00e3o no custo de medicamentos e outras despesas de sa\u00fade, descontos em lojas e farm\u00e1cias e na despesa com o consumo de \u00e1gua &nbsp;<\/p>\n","protected":false},"author":1,"featured_media":0,"parent":1488,"menu_order":2,"comment_status":"closed","ping_status":"closed","template":"templates-map\/component-text-list-layout1.php","meta":{"_acf_changed":false,"footnotes":""},"categories":[],"class_list":["post-6240","page","type-page","status-archive","hentry"],"acf":[],"_links":{"self":[{"href":"https:\/\/www.cm-evora.pt\/en\/wp-json\/wp\/v2\/pages\/6240","targetHints":{"allow":["GET"]}}],"collection":[{"href":"https:\/\/www.cm-evora.pt\/en\/wp-json\/wp\/v2\/pages"}],"about":[{"href":"https:\/\/www.cm-evora.pt\/en\/wp-json\/wp\/v2\/types\/page"}],"author":[{"embeddable":true,"href":"https:\/\/www.cm-evora.pt\/en\/wp-json\/wp\/v2\/users\/1"}],"replies":[{"embeddable":true,"href":"https:\/\/www.cm-evora.pt\/en\/wp-json\/wp\/v2\/comments?post=6240"}],"version-history":[{"count":9,"href":"https:\/\/www.cm-evora.pt\/en\/wp-json\/wp\/v2\/pages\/6240\/revisions"}],"predecessor-version":[{"id":18938,"href":"https:\/\/www.cm-evora.pt\/en\/wp-json\/wp\/v2\/pages\/6240\/revisions\/18938"}],"up":[{"embeddable":true,"href":"https:\/\/www.cm-evora.pt\/en\/wp-json\/wp\/v2\/pages\/1488"}],"wp:attachment":[{"href":"https:\/\/www.cm-evora.pt\/en\/wp-json\/wp\/v2\/media?parent=6240"}],"wp:term":[{"taxonomy":"category","embeddable":true,"href":"https:\/\/www.cm-evora.pt\/en\/wp-json\/wp\/v2\/categories?post=6240"}],"curies":[{"name":"wp","href":"https:\/\/api.w.org\/{rel}","templated":true}]}}