{"id":6242,"date":"2020-06-02T10:53:56","date_gmt":"2020-06-02T09:53:56","guid":{"rendered":"https:\/\/evora2.int.skilltech.pt\/susProjects\/wp_evora2_suite\/?page_id=6242"},"modified":"2022-06-30T10:41:53","modified_gmt":"2022-06-30T09:41:53","slug":"cartao-evora-solidaria","status":"archive","type":"page","link":"https:\/\/www.cm-evora.pt\/en\/municipe\/areas-de-acao\/acao-social\/cartao-evora-solidaria\/","title":{"rendered":"(Portugu\u00eas) Archived: Cart\u00e3o \u00c9vora Solid\u00e1ria"},"content":{"rendered":"<p class=\"qtranxs-available-languages-message qtranxs-available-languages-message-en\">Sorry, this entry is only available in <a href=\"https:\/\/www.cm-evora.pt\/pt\/wp-json\/wp\/v2\/pages\/6242\" class=\"qtranxs-available-language-link qtranxs-available-language-link-pt\" title=\"Portugu\u00eas\">Portugu\u00eas<\/a>.<\/p><p><\/p>\n<div><a href=\"https:\/\/www.cm-evora.pt\/wp-content\/uploads\/2020\/06\/cartao-evora-solidaria1.jpg\"><img loading=\"lazy\" decoding=\"async\" class=\"alignnone size-full wp-image-6306\" src=\"https:\/\/www.cm-evora.pt\/wp-content\/uploads\/2020\/06\/cartao-evora-solidaria1.jpg\" alt=\"\" width=\"639\" height=\"362\" srcset=\"https:\/\/www.cm-evora.pt\/wp-content\/uploads\/2020\/06\/cartao-evora-solidaria1.jpg 639w, https:\/\/www.cm-evora.pt\/wp-content\/uploads\/2020\/06\/cartao-evora-solidaria1-300x170.jpg 300w\" sizes=\"auto, (max-width: 639px) 100vw, 639px\" \/><\/a><\/div>\n<div><\/div>\n<div><\/div>\n<div>O Cart\u00e3o \u00c9vora Solid\u00e1ria constitui uma medida de a\u00e7\u00e3o social da iniciativa da autarquia, implementado em setembro de 2009. Tem em vista atenuar as situa\u00e7\u00f5es de pobreza e exclus\u00e3o social causadas parcialmente pela diminui\u00e7\u00e3o dos rendimentos familiares dos mun\u00edcipes, procurando por essa via complementar as medidas de pol\u00edtica social atualmente existentes.<\/div>\n<div>Esta medida de a\u00e7\u00e3o social resulta da constitui\u00e7\u00e3o de uma rede de parceiros p\u00fablicos e privados do concelho, os quais disponibilizam aos seus titulares um conjunto de benef\u00edcios que visam melhorar as suas condi\u00e7\u00f5es de vida.<\/div>\n<div><\/div>\n<div><\/div>\n<p><\/p>","protected":false},"excerpt":{"rendered":"<p>Sorry, this entry is only available in Portugu\u00eas. O Cart\u00e3o \u00c9vora Solid\u00e1ria constitui uma medida de a\u00e7\u00e3o social da iniciativa da autarquia, implementado em setembro de 2009. Tem em vista atenuar as situa\u00e7\u00f5es de pobreza e exclus\u00e3o social causadas parcialmente pela diminui\u00e7\u00e3o dos rendimentos familiares dos mun\u00edcipes, procurando por essa via complementar as medidas de [&hellip;]<\/p>\n","protected":false},"author":1,"featured_media":0,"parent":1488,"menu_order":1,"comment_status":"closed","ping_status":"closed","template":"templates-map\/component-text-list-layout1.php","meta":{"_acf_changed":false,"footnotes":""},"categories":[],"class_list":["post-6242","page","type-page","status-archive","hentry"],"acf":[],"_links":{"self":[{"href":"https:\/\/www.cm-evora.pt\/en\/wp-json\/wp\/v2\/pages\/6242","targetHints":{"allow":["GET"]}}],"collection":[{"href":"https:\/\/www.cm-evora.pt\/en\/wp-json\/wp\/v2\/pages"}],"about":[{"href":"https:\/\/www.cm-evora.pt\/en\/wp-json\/wp\/v2\/types\/page"}],"author":[{"embeddable":true,"href":"https:\/\/www.cm-evora.pt\/en\/wp-json\/wp\/v2\/users\/1"}],"replies":[{"embeddable":true,"href":"https:\/\/www.cm-evora.pt\/en\/wp-json\/wp\/v2\/comments?post=6242"}],"version-history":[{"count":8,"href":"https:\/\/www.cm-evora.pt\/en\/wp-json\/wp\/v2\/pages\/6242\/revisions"}],"predecessor-version":[{"id":18936,"href":"https:\/\/www.cm-evora.pt\/en\/wp-json\/wp\/v2\/pages\/6242\/revisions\/18936"}],"up":[{"embeddable":true,"href":"https:\/\/www.cm-evora.pt\/en\/wp-json\/wp\/v2\/pages\/1488"}],"wp:attachment":[{"href":"https:\/\/www.cm-evora.pt\/en\/wp-json\/wp\/v2\/media?parent=6242"}],"wp:term":[{"taxonomy":"category","embeddable":true,"href":"https:\/\/www.cm-evora.pt\/en\/wp-json\/wp\/v2\/categories?post=6242"}],"curies":[{"name":"wp","href":"https:\/\/api.w.org\/{rel}","templated":true}]}}