{"id":6244,"date":"2020-06-02T10:54:32","date_gmt":"2020-06-02T09:54:32","guid":{"rendered":"https:\/\/evora2.int.skilltech.pt\/susProjects\/wp_evora2_suite\/?page_id=6244"},"modified":"2023-01-05T15:27:15","modified_gmt":"2023-01-05T15:27:15","slug":"comissao-de-protecao-de-criancas-e-jovens-de-evora","status":"publish","type":"page","link":"https:\/\/www.cm-evora.pt\/en\/municipe\/areas-de-acao\/acao-social\/comissao-de-protecao-de-criancas-e-jovens-de-evora\/","title":{"rendered":"(Portugu\u00eas) Comiss\u00e3o de Prote\u00e7\u00e3o de Crian\u00e7as e Jovens de \u00c9vora"},"content":{"rendered":"<p class=\"qtranxs-available-languages-message qtranxs-available-languages-message-en\">Sorry, this entry is only available in <a href=\"https:\/\/www.cm-evora.pt\/pt\/wp-json\/wp\/v2\/pages\/6244\" class=\"qtranxs-available-language-link qtranxs-available-language-link-pt\" title=\"Portugu\u00eas\">Portugu\u00eas<\/a>.<\/p><p><\/p>\n<div>\n<div style=\"text-align: center\"><a href=\"https:\/\/www.cm-evora.pt\/wp-content\/uploads\/2020\/06\/CPCJ.jpg\"><img loading=\"lazy\" decoding=\"async\" class=\"alignnone size-full wp-image-6321\" src=\"https:\/\/www.cm-evora.pt\/wp-content\/uploads\/2020\/06\/CPCJ.jpg\" alt=\"\" width=\"639\" height=\"362\" srcset=\"https:\/\/www.cm-evora.pt\/wp-content\/uploads\/2020\/06\/CPCJ.jpg 639w, https:\/\/www.cm-evora.pt\/wp-content\/uploads\/2020\/06\/CPCJ-300x170.jpg 300w\" sizes=\"auto, (max-width: 639px) 100vw, 639px\" \/><\/a><\/div>\n<p>&nbsp;<\/p>\n<\/div>\n<div>\n<p>As comiss\u00f5es de prote\u00e7\u00e3o de crian\u00e7as e jovens s\u00e3o institui\u00e7\u00f5es oficiais n\u00e3o judici\u00e1rias com autonomia funcional que visam promover os direitos da crian\u00e7a e do jovem e prevenir ou p\u00f4r termo a situa\u00e7\u00f5es suscet\u00edveis de afetar a sua seguran\u00e7a, sa\u00fade, forma\u00e7\u00e3o, educa\u00e7\u00e3o ou desenvolvimento integral. A C\u00e2mara Municipal de \u00c9vora tem responsabilidades ao n\u00edvel do apoio ao funcionamento da CPCJ (log\u00edstico e administrativo) bem como atrav\u00e9s da nomea\u00e7\u00e3o de um representante na comiss\u00e3o.<\/p>\n<p>&nbsp;<\/p>\n<p>A legitimidade da interven\u00e7\u00e3o para promo\u00e7\u00e3o dos direitos e prote\u00e7\u00e3o da crian\u00e7a e do jovem em perigo tem lugar quando os pais, o representante legal ou quem tenha a guarda de facto ponham em perigo a sua seguran\u00e7a, sa\u00fade, forma\u00e7\u00e3o, educa\u00e7\u00e3o ou desenvolvimento, ou quando esse perigo resulte de a\u00e7\u00e3o ou omiss\u00e3o de terceiros ou da pr\u00f3pria crian\u00e7a ou do jovem a que aqueles n\u00e3o se oponham de modo adequado a remov\u00ea-lo.<\/p>\n<p>&nbsp;<\/p>\n<p>Al\u00e9m disso, salvo situa\u00e7\u00f5es de urg\u00eancia, a legitimidade para a interven\u00e7\u00e3o da CPCJ decorre ainda da obten\u00e7\u00e3o de consentimento dos progenitores, representante legal ou pessoa com a guarda de facto, e n\u00e3o oposi\u00e7\u00e3o do jovem com mais de 12 anos.<\/p>\n<\/div>\n<p><\/p>","protected":false},"excerpt":{"rendered":"<p>Sorry, this entry is only available in Portugu\u00eas. &nbsp; As comiss\u00f5es de prote\u00e7\u00e3o de crian\u00e7as e jovens s\u00e3o institui\u00e7\u00f5es oficiais n\u00e3o judici\u00e1rias com autonomia funcional que visam promover os direitos da crian\u00e7a e do jovem e prevenir ou p\u00f4r termo a situa\u00e7\u00f5es suscet\u00edveis de afetar a sua seguran\u00e7a, sa\u00fade, forma\u00e7\u00e3o, educa\u00e7\u00e3o ou desenvolvimento integral. A [&hellip;]<\/p>\n","protected":false},"author":1,"featured_media":0,"parent":1488,"menu_order":3,"comment_status":"closed","ping_status":"closed","template":"templates-map\/component-text-list-layout1.php","meta":{"_acf_changed":false,"footnotes":""},"categories":[],"class_list":["post-6244","page","type-page","status-publish","hentry"],"acf":[],"_links":{"self":[{"href":"https:\/\/www.cm-evora.pt\/en\/wp-json\/wp\/v2\/pages\/6244","targetHints":{"allow":["GET"]}}],"collection":[{"href":"https:\/\/www.cm-evora.pt\/en\/wp-json\/wp\/v2\/pages"}],"about":[{"href":"https:\/\/www.cm-evora.pt\/en\/wp-json\/wp\/v2\/types\/page"}],"author":[{"embeddable":true,"href":"https:\/\/www.cm-evora.pt\/en\/wp-json\/wp\/v2\/users\/1"}],"replies":[{"embeddable":true,"href":"https:\/\/www.cm-evora.pt\/en\/wp-json\/wp\/v2\/comments?post=6244"}],"version-history":[{"count":18,"href":"https:\/\/www.cm-evora.pt\/en\/wp-json\/wp\/v2\/pages\/6244\/revisions"}],"predecessor-version":[{"id":44327,"href":"https:\/\/www.cm-evora.pt\/en\/wp-json\/wp\/v2\/pages\/6244\/revisions\/44327"}],"up":[{"embeddable":true,"href":"https:\/\/www.cm-evora.pt\/en\/wp-json\/wp\/v2\/pages\/1488"}],"wp:attachment":[{"href":"https:\/\/www.cm-evora.pt\/en\/wp-json\/wp\/v2\/media?parent=6244"}],"wp:term":[{"taxonomy":"category","embeddable":true,"href":"https:\/\/www.cm-evora.pt\/en\/wp-json\/wp\/v2\/categories?post=6244"}],"curies":[{"name":"wp","href":"https:\/\/api.w.org\/{rel}","templated":true}]}}