{"id":62938,"date":"2024-06-12T13:59:59","date_gmt":"2024-06-12T12:59:59","guid":{"rendered":"https:\/\/www.cm-evora.pt\/?page_id=62938"},"modified":"2025-11-27T15:58:03","modified_gmt":"2025-11-27T15:58:03","slug":"cromoneta","status":"publish","type":"page","link":"https:\/\/www.cm-evora.pt\/en\/municipe\/projetos-municipais\/pel-projeto-educativo-local\/recursos-educativos\/cromoneta\/","title":{"rendered":"Cromoneta"},"content":{"rendered":"<p><\/p>\n<p style=\"text-align: center\"><a href=\"https:\/\/www.cm-evora.pt\/wp-content\/uploads\/2024\/06\/logo-cromoneta-mascote.png\"><img loading=\"lazy\" decoding=\"async\" class=\"alignnone size-full wp-image-62940\" src=\"https:\/\/www.cm-evora.pt\/wp-content\/uploads\/2024\/06\/logo-cromoneta-mascote.png\" alt=\"\" width=\"1202\" height=\"682\" srcset=\"https:\/\/www.cm-evora.pt\/wp-content\/uploads\/2024\/06\/logo-cromoneta-mascote.png 1202w, https:\/\/www.cm-evora.pt\/wp-content\/uploads\/2024\/06\/logo-cromoneta-mascote-300x170.png 300w, https:\/\/www.cm-evora.pt\/wp-content\/uploads\/2024\/06\/logo-cromoneta-mascote-1024x581.png 1024w, https:\/\/www.cm-evora.pt\/wp-content\/uploads\/2024\/06\/logo-cromoneta-mascote-768x436.png 768w\" sizes=\"auto, (max-width: 1202px) 100vw, 1202px\" \/><\/a><\/p>\n<p>&nbsp;<\/p>\n<p><iframe loading=\"lazy\" title=\"CROMONETA\" width=\"500\" height=\"281\" src=\"https:\/\/www.youtube.com\/embed\/-fmAo6o3t4w?feature=oembed\" frameborder=\"0\" allow=\"accelerometer; autoplay; clipboard-write; encrypted-media; gyroscope; picture-in-picture; web-share\" referrerpolicy=\"strict-origin-when-cross-origin\" allowfullscreen><\/iframe><\/p>\n<p>&nbsp;<\/p>\n<p style=\"text-align: center\">Jogo Cromoneta &#8211; <a href=\"https:\/\/cromoneta.cm-evora.pt\/\" target=\"_blank\" rel=\"noopener\">https:\/\/cromoneta.cm-evora.pt\/<\/a><\/p>\n<p>&nbsp;<\/p>\n<h4><strong>O que \u00e9? <\/strong><\/h4>\n<p>A Cromoneta \u00e9 um jogo on-line com v\u00e1rios desafios sobre o patrim\u00f3nio (edificado, natural e imaterial) de cada uma das freguesias de \u00c9vora. O desafio final implica a desloca\u00e7\u00e3o f\u00edsica \u00e0(s) freguesia(s).<\/p>\n<p><strong>\u00a0<\/strong><\/p>\n<h4><strong>Para quem?<\/strong><\/h4>\n<p>O jogo destina-se a crian\u00e7as entre os 8 e os 11 anos, mas todos podem jogar!<\/p>\n<p>Pode ser jogado individualmente, em fam\u00edlia ou em contexto de sala de aula.<\/p>\n<p><strong>\u00a0<\/strong><\/p>\n<h4><strong>O que se pretende?<\/strong><\/h4>\n<p>Dar a conhecer o patrim\u00f3nio e cultura do concelho, freguesia a freguesia, atrav\u00e9s de desafios din\u00e2micos e interativos.<\/p>\n<p><strong>\u00a0<\/strong><\/p>\n<p><strong>Vamos aprender sobre o que temos, \u00e0 dist\u00e2ncia e NO LOCAL!<\/strong><\/p>\n<p>&nbsp;<\/p>\n<h2 style=\"text-align: center\"><span style=\"color: #ff6600\"><strong>NOVIDADE<\/strong><\/span><\/h2>\n<p style=\"text-align: center\"><a href=\"https:\/\/www.cm-evora.pt\/?listas_ficheiros=cromoneta-guiao-de-apoio-pistas-da-gi\" target=\"_blank\" rel=\"noopener\"><img loading=\"lazy\" decoding=\"async\" class=\"alignnone wp-image-77427 size-large\" src=\"https:\/\/www.cm-evora.pt\/wp-content\/uploads\/2025\/09\/Cromoneta_PistasDaGI_page-0001-1024x748.jpg\" alt=\"\" width=\"1024\" height=\"748\" srcset=\"https:\/\/www.cm-evora.pt\/wp-content\/uploads\/2025\/09\/Cromoneta_PistasDaGI_page-0001-1024x748.jpg 1024w, https:\/\/www.cm-evora.pt\/wp-content\/uploads\/2025\/09\/Cromoneta_PistasDaGI_page-0001-300x219.jpg 300w, https:\/\/www.cm-evora.pt\/wp-content\/uploads\/2025\/09\/Cromoneta_PistasDaGI_page-0001-768x561.jpg 768w, https:\/\/www.cm-evora.pt\/wp-content\/uploads\/2025\/09\/Cromoneta_PistasDaGI_page-0001-1320x965.jpg 1320w, https:\/\/www.cm-evora.pt\/wp-content\/uploads\/2025\/09\/Cromoneta_PistasDaGI_page-0001.jpg 1359w\" sizes=\"auto, (max-width: 1024px) 100vw, 1024px\" \/><\/a><\/p>\n<p style=\"text-align: center\"><a href=\"https:\/\/www.cm-evora.pt\/?listas_ficheiros=cromoneta-guiao-de-apoio-pistas-da-gi\" target=\"_blank\" rel=\"noopener\">Descarregue o gui\u00e3o de apoio &#8211; <strong>Pistas da GI<\/strong><\/a><\/p>\n<p>&nbsp;<\/p>\n<h4><strong>Como se joga? <a href=\"https:\/\/www.cm-evora.pt\/wp-content\/uploads\/2024\/11\/AF_Flyer_Cromoneta_CME.pdf\" target=\"_blank\" rel=\"noopener\">Flyer Cromoneta.pdf\u00a0<\/a><\/strong><\/h4>\n<p>O jogo ter\u00e1 uma mascote \u2013 a GI \u2013 que acompanha todo o jogo, fazendo a apresenta\u00e7\u00e3o de cada desafio:<\/p>\n<ul>\n<li style=\"list-style-type: none\">\n<ul>\n<li>Gi-Quiz<\/li>\n<li>Gi-Pares<\/li>\n<li>Ajuda a Gi<\/li>\n<li>Puzzle<\/li>\n<li>Quebra-Cabe\u00e7as<\/li>\n<li>Pistas da Gi<\/li>\n<\/ul>\n<\/li>\n<\/ul>\n<p>&nbsp;<\/p>\n<p>Queres conhecer melhor as freguesias? Descarrega os textos <a href=\"https:\/\/www.cm-evora.pt\/lendas\/\" target=\"_blank\" rel=\"noopener\">aqui<\/a>!<\/p>\n<p>&nbsp;<\/p>\n<p>Puzzle &#8211; Aqui vai uma boa <a href=\"https:\/\/www.cm-evora.pt\/wp-content\/uploads\/2025\/05\/Algoritmo.pdf\" target=\"_blank\" rel=\"noopener\">dica<\/a>!<\/p>\n<p>&nbsp;<\/p>\n<p>&nbsp;<\/p>\n<h4><strong>PISTAS DA GI<\/strong><\/h4>\n<p><a href=\"https:\/\/www.cm-evora.pt\/wp-content\/uploads\/2024\/11\/Captura-de-ecra-2024-11-18-144947.jpg\" target=\"_blank\" rel=\"noopener\"><img loading=\"lazy\" decoding=\"async\" class=\"wp-image-68267 size-medium alignnone\" src=\"https:\/\/www.cm-evora.pt\/wp-content\/uploads\/2024\/11\/Captura-de-ecra-2024-11-18-144947-e1731941561498-300x284.jpg\" alt=\"\" width=\"300\" height=\"284\" srcset=\"https:\/\/www.cm-evora.pt\/wp-content\/uploads\/2024\/11\/Captura-de-ecra-2024-11-18-144947-e1731941561498-300x284.jpg 300w, https:\/\/www.cm-evora.pt\/wp-content\/uploads\/2024\/11\/Captura-de-ecra-2024-11-18-144947-e1731941561498-768x728.jpg 768w, https:\/\/www.cm-evora.pt\/wp-content\/uploads\/2024\/11\/Captura-de-ecra-2024-11-18-144947-e1731941561498.jpg 1004w\" sizes=\"auto, (max-width: 300px) 100vw, 300px\" \/><\/a><\/p>\n<p><iframe loading=\"lazy\" title=\"Cromoneta - Pistas da Gi\" width=\"500\" height=\"281\" src=\"https:\/\/www.youtube.com\/embed\/ZUloouGVEuo?feature=oembed\" frameborder=\"0\" allow=\"accelerometer; autoplay; clipboard-write; encrypted-media; gyroscope; picture-in-picture; web-share\" referrerpolicy=\"strict-origin-when-cross-origin\" allowfullscreen><\/iframe><\/p>\n<p>Para al\u00e9m de jogares online, podes visitar as freguesias do concelho. Encontra o C\u00f3digo QR na <a href=\"https:\/\/www.cm-evora.pt\/municipe\/freguesias-junta-e-assembleia\/unioes-e-juntas-de-freguesias\/\" target=\"_blank\" rel=\"noopener\">junta de freguesia<\/a> e segue as pistas.<\/p>\n<p><strong>Dica:<\/strong> Acede previamente aos <strong>mapas dos percursos<\/strong> em cada freguesia, caso estejam dispon\u00edveis (Pistas da Gi).<\/p>\n<p>Aproveita para fazer visitas e aumentar ainda mais o teu conhecimento.<\/p>\n<p>&nbsp;<\/p>\n<table width=\"609\">\n<tbody>\n<tr>\n<td style=\"text-align: center\" width=\"294\"><strong>Freguesias<\/strong><\/td>\n<td style=\"text-align: center\" width=\"315\"><strong>Parceiro<\/strong><\/td>\n<\/tr>\n<tr>\n<td style=\"text-align: left\" width=\"294\">S\u00e3o Bento do Mato<\/td>\n<td style=\"text-align: left\" width=\"315\">Corti\u00e7arte<\/td>\n<\/tr>\n<tr>\n<td style=\"text-align: left\" width=\"294\">Torre de Coelheiros<\/td>\n<td style=\"text-align: left\" width=\"315\">Associa\u00e7\u00e3o Casa do Monte<\/td>\n<\/tr>\n<tr>\n<td style=\"text-align: left\" width=\"294\">Torre de Coelheiros<\/td>\n<td style=\"text-align: left\" width=\"315\">F\u00e1brica das Nozes Nogam<\/td>\n<\/tr>\n<tr>\n<td style=\"text-align: left\" width=\"294\">S\u00e3o Sebasti\u00e3o da Giesteira e Nossa Sr\u00aa da Boa F\u00e9<\/td>\n<td style=\"text-align: left\" width=\"315\">Mercearia de S. Sebasti\u00e3o<\/td>\n<\/tr>\n<tr>\n<td style=\"text-align: left\" width=\"294\">S\u00e3o Miguel de Machede<\/td>\n<td style=\"text-align: left\" width=\"315\">Associa\u00e7\u00e3o Su\u00e3o<\/td>\n<\/tr>\n<tr>\n<td style=\"text-align: left\" width=\"294\">S\u00e3o Man\u00e7os e S\u00e3o Vicente do Pigeiro<\/td>\n<td style=\"text-align: left\" width=\"315\">Ervideira<\/td>\n<\/tr>\n<tr>\n<td style=\"text-align: left\" width=\"294\">Nossa Sra. De Machede<\/td>\n<td style=\"text-align: left\" width=\"315\">Banda Filarm\u00f3nica de Nossa Senhora de Machede<\/td>\n<\/tr>\n<tr>\n<td style=\"text-align: left\" width=\"294\">Malagueira e Horta das Figueiras<\/td>\n<td style=\"text-align: left\" width=\"315\">C\u00e2mara Municipal de \u00c9vora<\/td>\n<\/tr>\n<tr>\n<td style=\"text-align: left\" width=\"294\">Malagueira e Horta das Figueiras<\/td>\n<td style=\"text-align: left\" width=\"315\">Associa\u00e7\u00e3o de Moradores Malagueira Viva e Vivida<\/td>\n<\/tr>\n<tr>\n<td style=\"text-align: left\" width=\"294\">Nossa Sr\u00aa da Tourega Guadalupe e Nossa Sr\u00aa de Guadalupe<\/td>\n<td style=\"text-align: left\" width=\"315\">\u00c9vora Megalithica<\/td>\n<\/tr>\n<tr>\n<td style=\"text-align: left\" width=\"294\">Nossa Sr\u00aa da Tourega Guadalupe e Nossa Sr\u00aa de Guadalupe<\/td>\n<td style=\"text-align: left\" width=\"315\">Universidade de \u00c9vora<\/td>\n<\/tr>\n<tr>\n<td style=\"text-align: left\" width=\"294\">Gra\u00e7a do Divor<\/td>\n<td style=\"text-align: left\" width=\"315\">Adega Fita Preta<\/td>\n<\/tr>\n<tr>\n<td style=\"text-align: left\" width=\"294\">Uni\u00e3o de Freguesias (S\u00e3o Mamede, S\u00e9, S\u00e3o Pedro e Santo Ant\u00e3o)<\/td>\n<td style=\"text-align: left\" width=\"315\">Universidade de \u00c9vora<\/td>\n<\/tr>\n<tr>\n<td style=\"text-align: left\" width=\"294\">Uni\u00e3o de Freguesias (S\u00e3o Mamede, S\u00e9, S\u00e3o Pedro e Santo Ant\u00e3o)<\/td>\n<td style=\"text-align: left\" width=\"315\">Funda\u00e7\u00e3o Eug\u00e9nio de Almeida<\/td>\n<\/tr>\n<tr>\n<td style=\"text-align: left\" width=\"294\">Canaviais<\/td>\n<td style=\"text-align: left\" width=\"315\">Convento do Espinheiro<\/td>\n<\/tr>\n<tr>\n<td style=\"text-align: left\" width=\"294\">Canaviais<\/td>\n<td style=\"text-align: left\" width=\"315\">Queijaria Cachopas<\/td>\n<\/tr>\n<tr>\n<td style=\"text-align: left\" width=\"294\">Bacelo e Nossa Sr\u00aa da Sa\u00fade<\/td>\n<td style=\"text-align: left\" width=\"315\">Funda\u00e7\u00e3o Eug\u00e9nio de Almeida<\/td>\n<\/tr>\n<\/tbody>\n<\/table>\n<p><strong><br \/>\nConsulta a oferta destes parceiros <a href=\"https:\/\/www.cm-evora.pt\/parceiros\/\" target=\"_blank\" rel=\"noopener\">aqui<\/a>.<\/strong><\/p>\n<p>&nbsp;<\/p>\n<p>&nbsp;<\/p>\n<p>Conta com a gineta Gi para aprenderes mais. Fica atento!<\/p>","protected":false},"excerpt":{"rendered":"<p>&nbsp; &nbsp; Jogo Cromoneta &#8211; https:\/\/cromoneta.cm-evora.pt\/ &nbsp; O que \u00e9? A Cromoneta \u00e9 um jogo on-line com v\u00e1rios desafios sobre o patrim\u00f3nio (edificado, natural e imaterial) de cada uma das freguesias de \u00c9vora. O desafio final implica a desloca\u00e7\u00e3o f\u00edsica \u00e0(s) freguesia(s). \u00a0 Para quem? O jogo destina-se a crian\u00e7as entre os 8 e os [&hellip;]<\/p>\n","protected":false},"author":45,"featured_media":0,"parent":14904,"menu_order":3,"comment_status":"closed","ping_status":"closed","template":"templates-map\/component-text-layout1.php","meta":{"_acf_changed":false,"footnotes":""},"categories":[],"class_list":["post-62938","page","type-page","status-publish","hentry"],"acf":{"imagens":"","titulo_docs_seccao":"Recursos","documentos":[69940,69639,69696,69697,69698]},"_links":{"self":[{"href":"https:\/\/www.cm-evora.pt\/en\/wp-json\/wp\/v2\/pages\/62938","targetHints":{"allow":["GET"]}}],"collection":[{"href":"https:\/\/www.cm-evora.pt\/en\/wp-json\/wp\/v2\/pages"}],"about":[{"href":"https:\/\/www.cm-evora.pt\/en\/wp-json\/wp\/v2\/types\/page"}],"author":[{"embeddable":true,"href":"https:\/\/www.cm-evora.pt\/en\/wp-json\/wp\/v2\/users\/45"}],"replies":[{"embeddable":true,"href":"https:\/\/www.cm-evora.pt\/en\/wp-json\/wp\/v2\/comments?post=62938"}],"version-history":[{"count":42,"href":"https:\/\/www.cm-evora.pt\/en\/wp-json\/wp\/v2\/pages\/62938\/revisions"}],"predecessor-version":[{"id":79730,"href":"https:\/\/www.cm-evora.pt\/en\/wp-json\/wp\/v2\/pages\/62938\/revisions\/79730"}],"up":[{"embeddable":true,"href":"https:\/\/www.cm-evora.pt\/en\/wp-json\/wp\/v2\/pages\/14904"}],"acf:post":[{"embeddable":true,"href":"https:\/\/www.cm-evora.pt\/en\/wp-json\/wp\/v2\/listas_ficheiros\/69698"},{"embeddable":true,"href":"https:\/\/www.cm-evora.pt\/en\/wp-json\/wp\/v2\/listas_ficheiros\/69697"},{"embeddable":true,"href":"https:\/\/www.cm-evora.pt\/en\/wp-json\/wp\/v2\/listas_ficheiros\/69696"},{"embeddable":true,"href":"https:\/\/www.cm-evora.pt\/en\/wp-json\/wp\/v2\/listas_ficheiros\/69639"},{"embeddable":true,"href":"https:\/\/www.cm-evora.pt\/en\/wp-json\/wp\/v2\/listas_ficheiros\/69940"}],"wp:attachment":[{"href":"https:\/\/www.cm-evora.pt\/en\/wp-json\/wp\/v2\/media?parent=62938"}],"wp:term":[{"taxonomy":"category","embeddable":true,"href":"https:\/\/www.cm-evora.pt\/en\/wp-json\/wp\/v2\/categories?post=62938"}],"curies":[{"name":"wp","href":"https:\/\/api.w.org\/{rel}","templated":true}]}}