{"id":65491,"date":"2024-09-12T15:30:12","date_gmt":"2024-09-12T14:30:12","guid":{"rendered":"https:\/\/www.cm-evora.pt\/?page_id=65491"},"modified":"2025-08-27T10:02:18","modified_gmt":"2025-08-27T09:02:18","slug":"brincar-la-fora","status":"publish","type":"page","link":"https:\/\/www.cm-evora.pt\/en\/municipe\/projetos-municipais\/pel-projeto-educativo-local\/projetos-educativos\/brincar-la-fora\/","title":{"rendered":"Brincar L\u00e1 Fora"},"content":{"rendered":"<h3 style=\"text-align: center\"><a href=\"https:\/\/www.cm-evora.pt\/wp-content\/uploads\/2024\/09\/Brincar-La-Fora.png\" target=\"_blank\" rel=\"noopener\"><img loading=\"lazy\" decoding=\"async\" class=\"alignnone wp-image-65512 size-full\" src=\"https:\/\/www.cm-evora.pt\/wp-content\/uploads\/2024\/09\/Brincar-La-Fora.png\" alt=\"\" width=\"1920\" height=\"1353\" srcset=\"https:\/\/www.cm-evora.pt\/wp-content\/uploads\/2024\/09\/Brincar-La-Fora.png 1920w, https:\/\/www.cm-evora.pt\/wp-content\/uploads\/2024\/09\/Brincar-La-Fora-300x211.png 300w, https:\/\/www.cm-evora.pt\/wp-content\/uploads\/2024\/09\/Brincar-La-Fora-1024x722.png 1024w, https:\/\/www.cm-evora.pt\/wp-content\/uploads\/2024\/09\/Brincar-La-Fora-768x541.png 768w, https:\/\/www.cm-evora.pt\/wp-content\/uploads\/2024\/09\/Brincar-La-Fora-1536x1082.png 1536w, https:\/\/www.cm-evora.pt\/wp-content\/uploads\/2024\/09\/Brincar-La-Fora-1320x930.png 1320w\" sizes=\"auto, (max-width: 1920px) 100vw, 1920px\" \/><\/a><\/h3>\n<p>&nbsp;<\/p>\n<h3><strong>Promotor<\/strong><\/h3>\n<p>C\u00e2mara Municipal de \u00c9vora &#8211; Divis\u00e3o de Educa\u00e7\u00e3o e Interven\u00e7\u00e3o Social e Divis\u00e3o de Juventude e Desporto<\/p>\n<p>&nbsp;<\/p>\n<h3><strong>Nome do Respons\u00e1vel<\/strong><\/h3>\n<p>Pedro Freixial Silva<\/p>\n<p>&nbsp;<\/p>\n<h3><strong>Entidades Parceiras<\/strong><\/h3>\n<p>Universidade de \u00c9vora e Agrupamento de Escolas de \u00c9vora<\/p>\n<p>&nbsp;<\/p>\n<h3><strong>Objetivos<\/strong><\/h3>\n<ul>\n<li style=\"list-style-type: none\">\n<ul>\n<li>Valorizar a promo\u00e7\u00e3o da cultura de jogo e de atividade f\u00edsica, o brincar, o uso sustent\u00e1vel do espa\u00e7o urbano, a mobilidade e bem-estar;<\/li>\n<li>Requalificar recreio escolar, criando um ambiente f\u00e9rtil em imagina\u00e7\u00e3o, fantasia, risco, aventura: mais estimulante e desafiante;<\/li>\n<li>Promover a literacia sobre o brincar, junto de fam\u00edlias, docentes e discentes;<\/li>\n<li>Projetar espa\u00e7os do brincar no exterior \u2013 recreio do mundo infantil;<\/li>\n<li>Projetar e definir caminhos para a escola, de bicicleta e a p\u00e9.<\/li>\n<\/ul>\n<\/li>\n<\/ul>\n<p>&nbsp;<\/p>\n<h3><strong>P\u00fablico-Alvo<\/strong><\/h3>\n<p>Crian\u00e7as do Concelho de \u00c9vora<\/p>\n<p>&nbsp;<\/p>\n<h3><strong>Calendariza\u00e7\u00e3o<\/strong><\/h3>\n<p>At\u00e9 2026<\/p>\n<p>&nbsp;<\/p>\n<h3><strong>Local<\/strong><\/h3>\n<p>Escola B\u00e1sica Cruz da Picada, Pra\u00e7as e Jardins da cidade.<\/p>\n<p>&nbsp;<\/p>\n<h3><strong>Resumo\/Sinopse<\/strong><\/h3>\n<p>Este projeto envolve diversas a\u00e7\u00f5es, designadamente: a requalifica\u00e7\u00e3o do espa\u00e7o de recreio de uma escola b\u00e1sica, a implementa\u00e7\u00e3o de apontamentos de brincar em pra\u00e7as e jardins da cidade e a\u00e7\u00f5es de brincar em escolas do 1\u00ba Ciclo do Ensino B\u00e1sico (CEB).<\/p>\n<p>&nbsp;<\/p>\n<h3><strong>Contactos<\/strong><\/h3>\n<p><u>Telefone<\/u>: <a href=\"tel:+351266777000\" target=\"_blank\" rel=\"noopener\">+351 266 777 000<\/a> \u00abChamada para a rede fixa nacional\u00bb<\/p>\n<p><u>Email<\/u>: <a href=\"mailto:pedrosilva@cm-evora.pt\" target=\"_blank\" rel=\"noopener\">pedrosilva@cm-evora.pt<\/a><\/p>\n<p>&nbsp;<\/p>\n<h2 style=\"text-align: center\"><span style=\"color: #0000ff\"><strong>Brincar L\u00e1 Fora&#8230; no recreio<\/strong><\/span><\/h2>\n<h3><strong>Resumo\/Sinopse<\/strong><\/h3>\n<p>A\u00e7\u00e3o que visa melhorar o espa\u00e7o exterior e valorizar o tempo do brincar no recreio numa escola do concelho.<\/p>\n<p>&nbsp;<\/p>\n<h3><strong>Objetivos<\/strong><\/h3>\n<ul>\n<li style=\"list-style-type: none\">\n<ul>\n<li>Promover o brincar no recreio.<\/li>\n<li>Envolver de forma ativa as crian\u00e7as, pais, docentes e n\u00e3o docentes e t\u00e9cnicos municipais em formas de atua\u00e7\u00e3o complementares que incentivem o brincar l\u00e1 fora no recreio com qualidade.<\/li>\n<li>Os materiais e espa\u00e7os a criar no recreio visam humanizar este espa\u00e7o-tempo e naturalizar brinquedos e brincadeiras. Esta ser\u00e1 uma a\u00e7\u00e3o experimental, monitorizada e que pode ser replicada noutras escolas.<\/li>\n<\/ul>\n<\/li>\n<\/ul>\n<p>&nbsp;<\/p>\n<h2 style=\"text-align: center\"><span style=\"color: #0000ff\"><strong>Brincar L\u00e1 Fora&#8230; na cidade<\/strong><\/span><\/h2>\n<p>\u00c9 poss\u00edvel encontrar espa\u00e7os p\u00fablicos com potencial estrat\u00e9gico para incentivar as crian\u00e7as a andar a p\u00e9 e a brincar no \u201cespa\u00e7o-tempo\u201d livre entre a escola e a resid\u00eancia. Para tal, \u00e9 necess\u00e1rio olhar de forma diferente para a cidade, uma cidade que favore\u00e7a o brincar livre, o uso do espa\u00e7o p\u00fablico e a cria\u00e7\u00e3o de sentimentos de perten\u00e7a. Isso implica, por exemplo, colocar estruturas e outros apontamentos naturais e humanizados em jardins, pra\u00e7as, largos e ruas que permitam trepar, esconder, balancear ou saltar, subir e descer.<\/p>\n<p>Com esta a\u00e7\u00e3o, interligamos v\u00e1rias compet\u00eancias importantes para o desenvolvimento das crian\u00e7as e contribu\u00edmos para que \u00c9vora seja uma cidade cada vez mais educadora. Esta a\u00e7\u00e3o tem, ainda, rela\u00e7\u00e3o direta com outros projetos e a\u00e7\u00f5es, tais como, a a\u00e7\u00e3o \u00c9vora Caminh\u00e1vel (prevista no Plano de Mobilidade Urbana Sustent\u00e1vel) ou o projeto Cidade ao P\u00e9 e o Plano Para a Igualdade e N\u00e3o Discrimina\u00e7\u00e3o \u2013 Tecer Redes para Igualdade, indo ao encontro de objetivos comuns ao n\u00edvel quer da educa\u00e7\u00e3o para a cidadania, igualdade de g\u00e9nero e n\u00e3o discrimina\u00e7\u00e3o, quer da sustentabilidade.<\/p>\n","protected":false},"excerpt":{"rendered":"<p>&nbsp; Promotor C\u00e2mara Municipal de \u00c9vora &#8211; Divis\u00e3o de Educa\u00e7\u00e3o e Interven\u00e7\u00e3o Social e Divis\u00e3o de Juventude e Desporto &nbsp; Nome do Respons\u00e1vel Pedro Freixial Silva &nbsp; Entidades Parceiras Universidade de \u00c9vora e Agrupamento de Escolas de \u00c9vora &nbsp; Objetivos Valorizar a promo\u00e7\u00e3o da cultura de jogo e de atividade f\u00edsica, o brincar, o uso [&hellip;]<\/p>\n","protected":false},"author":45,"featured_media":0,"parent":14190,"menu_order":23,"comment_status":"closed","ping_status":"closed","template":"templates-map\/component-text-layout1.php","meta":{"_acf_changed":false,"footnotes":""},"categories":[],"class_list":["post-65491","page","type-page","status-publish","hentry"],"acf":{"imagens":"","titulo_docs_seccao":"","documentos":""},"_links":{"self":[{"href":"https:\/\/www.cm-evora.pt\/en\/wp-json\/wp\/v2\/pages\/65491","targetHints":{"allow":["GET"]}}],"collection":[{"href":"https:\/\/www.cm-evora.pt\/en\/wp-json\/wp\/v2\/pages"}],"about":[{"href":"https:\/\/www.cm-evora.pt\/en\/wp-json\/wp\/v2\/types\/page"}],"author":[{"embeddable":true,"href":"https:\/\/www.cm-evora.pt\/en\/wp-json\/wp\/v2\/users\/45"}],"replies":[{"embeddable":true,"href":"https:\/\/www.cm-evora.pt\/en\/wp-json\/wp\/v2\/comments?post=65491"}],"version-history":[{"count":7,"href":"https:\/\/www.cm-evora.pt\/en\/wp-json\/wp\/v2\/pages\/65491\/revisions"}],"predecessor-version":[{"id":77326,"href":"https:\/\/www.cm-evora.pt\/en\/wp-json\/wp\/v2\/pages\/65491\/revisions\/77326"}],"up":[{"embeddable":true,"href":"https:\/\/www.cm-evora.pt\/en\/wp-json\/wp\/v2\/pages\/14190"}],"wp:attachment":[{"href":"https:\/\/www.cm-evora.pt\/en\/wp-json\/wp\/v2\/media?parent=65491"}],"wp:term":[{"taxonomy":"category","embeddable":true,"href":"https:\/\/www.cm-evora.pt\/en\/wp-json\/wp\/v2\/categories?post=65491"}],"curies":[{"name":"wp","href":"https:\/\/api.w.org\/{rel}","templated":true}]}}