{"id":65822,"date":"2024-09-20T10:29:11","date_gmt":"2024-09-20T09:29:11","guid":{"rendered":"https:\/\/www.cm-evora.pt\/?page_id=65822"},"modified":"2025-09-03T14:49:24","modified_gmt":"2025-09-03T13:49:24","slug":"feira-de-saberes-e-fazeres","status":"publish","type":"page","link":"https:\/\/www.cm-evora.pt\/en\/municipe\/projetos-municipais\/pel-projeto-educativo-local\/projetos-educativos\/feira-de-saberes-e-fazeres\/","title":{"rendered":"Feira de Saberes e Fazeres"},"content":{"rendered":"<p style=\"text-align: center\"><a href=\"https:\/\/www.cm-evora.pt\/wp-content\/uploads\/2024\/09\/FS12.jpg\" target=\"_blank\" rel=\"noopener\"><img loading=\"lazy\" decoding=\"async\" class=\"alignnone wp-image-65823 size-full\" src=\"https:\/\/www.cm-evora.pt\/wp-content\/uploads\/2024\/09\/FS12.jpg\" alt=\"\" width=\"1920\" height=\"1281\" srcset=\"https:\/\/www.cm-evora.pt\/wp-content\/uploads\/2024\/09\/FS12.jpg 1920w, https:\/\/www.cm-evora.pt\/wp-content\/uploads\/2024\/09\/FS12-300x200.jpg 300w, https:\/\/www.cm-evora.pt\/wp-content\/uploads\/2024\/09\/FS12-1024x683.jpg 1024w, https:\/\/www.cm-evora.pt\/wp-content\/uploads\/2024\/09\/FS12-768x512.jpg 768w, https:\/\/www.cm-evora.pt\/wp-content\/uploads\/2024\/09\/FS12-1536x1025.jpg 1536w, https:\/\/www.cm-evora.pt\/wp-content\/uploads\/2024\/09\/FS12-1320x881.jpg 1320w\" sizes=\"auto, (max-width: 1920px) 100vw, 1920px\" \/><\/a><\/p>\n<p>&nbsp;<\/p>\n<h4><strong>Promotor<\/strong><\/h4>\n<p>C\u00e2mara Municipal de \u00c9vora &#8211; Unidade de Rede para o Envelhecimento Positivo \/ Conselho Local de A\u00e7\u00e3o Social de \u00c9vora<\/p>\n<p>&nbsp;<\/p>\n<h4><strong>Respons\u00e1vel<\/strong><\/h4>\n<p>&nbsp;<\/p>\n<p>&nbsp;<\/p>\n<h4><strong>Objetivos<\/strong><\/h4>\n<ul>\n<li style=\"list-style-type: none\">\n<ul>\n<li>Promover o envelhecimento positivo e o conv\u00edvio intergeracional;<\/li>\n<li>Partilhar saberes, fazeres e mem\u00f3rias.<\/li>\n<\/ul>\n<\/li>\n<\/ul>\n<p>&nbsp;<\/p>\n<h4><strong>P\u00fablico-alvo<\/strong><\/h4>\n<ul>\n<li style=\"list-style-type: none\">\n<ul>\n<li>Entidades da \u00e1rea do envelhecimento positivo;<\/li>\n<li>Popula\u00e7\u00e3o idosa;<\/li>\n<li>Escolas do 1\u00ba ciclo do Ensino B\u00e1sico;<\/li>\n<li>Jardins de Inf\u00e2ncia;<\/li>\n<li>Aberto \u00e0 comunidade.<\/li>\n<\/ul>\n<\/li>\n<\/ul>\n<p>&nbsp;<\/p>\n<h4><strong>Calendariza\u00e7\u00e3o<\/strong><\/h4>\n<p>Excepcionalmente este ano n\u00e3o se realiza.<\/p>\n<p>&nbsp;<\/p>\n<h4><strong>Local<\/strong><\/h4>\n<p>A definir anualmente<\/p>\n<p>&nbsp;<\/p>\n<h4><strong>Resumo\/Sinopse<\/strong><\/h4>\n<p>A Feira de Saberes e Fazeres tem como objetivo mostrar \u00e0 comunidade os trabalhos efetuados pelos idosos nas institui\u00e7\u00f5es onde est\u00e3o inseridos e, simultaneamente, reconhecer e partilhar os saberes, as mem\u00f3rias e a experi\u00eancia desta franja da popula\u00e7\u00e3o.<\/p>\n<p>Pretende-se que essa partilha se fa\u00e7a entre todos os participantes, crian\u00e7as e adultos e com a popula\u00e7\u00e3o em geral, proporcionando um salutar conv\u00edvio intergeracional, procurando promover uma aproxima\u00e7\u00e3o entre gera\u00e7\u00f5es, perpetuando saberes, fazeres e mem\u00f3rias.<\/p>\n<p>&nbsp;<\/p>\n<h4><strong>Contactos<\/strong><\/h4>\n<p><span style=\"text-decoration: underline\">Telefone<\/span>: <a href=\"tel:+351266777000\" target=\"_blank\" rel=\"noopener\">+351 266 777 000<\/a> \u00abChamada para a rede fixa nacional\u00bb<\/p>\n<p><span style=\"text-decoration: underline\">Email<\/span>: <a href=\"mailto:cme.deis@cm-evora.pt\" target=\"_blank\" rel=\"noopener\">cme.deis@cm-evora.pt<\/a><\/p>\n<p>&nbsp;<\/p>\n<h4><strong>Observa\u00e7\u00f5es<\/strong><\/h4>\n<p>A participa\u00e7\u00e3o est\u00e1 sujeita a inscri\u00e7\u00e3o, em data a definir.<\/p>\n","protected":false},"excerpt":{"rendered":"<p>&nbsp; Promotor C\u00e2mara Municipal de \u00c9vora &#8211; Unidade de Rede para o Envelhecimento Positivo \/ Conselho Local de A\u00e7\u00e3o Social de \u00c9vora &nbsp; Respons\u00e1vel &nbsp; &nbsp; Objetivos Promover o envelhecimento positivo e o conv\u00edvio intergeracional; Partilhar saberes, fazeres e mem\u00f3rias. &nbsp; P\u00fablico-alvo Entidades da \u00e1rea do envelhecimento positivo; Popula\u00e7\u00e3o idosa; Escolas do 1\u00ba ciclo do [&hellip;]<\/p>\n","protected":false},"author":45,"featured_media":0,"parent":14190,"menu_order":24,"comment_status":"closed","ping_status":"closed","template":"templates-map\/component-text-layout1.php","meta":{"_acf_changed":false,"footnotes":""},"categories":[],"class_list":["post-65822","page","type-page","status-publish","hentry"],"acf":{"imagens":"","titulo_docs_seccao":"","documentos":""},"_links":{"self":[{"href":"https:\/\/www.cm-evora.pt\/en\/wp-json\/wp\/v2\/pages\/65822","targetHints":{"allow":["GET"]}}],"collection":[{"href":"https:\/\/www.cm-evora.pt\/en\/wp-json\/wp\/v2\/pages"}],"about":[{"href":"https:\/\/www.cm-evora.pt\/en\/wp-json\/wp\/v2\/types\/page"}],"author":[{"embeddable":true,"href":"https:\/\/www.cm-evora.pt\/en\/wp-json\/wp\/v2\/users\/45"}],"replies":[{"embeddable":true,"href":"https:\/\/www.cm-evora.pt\/en\/wp-json\/wp\/v2\/comments?post=65822"}],"version-history":[{"count":3,"href":"https:\/\/www.cm-evora.pt\/en\/wp-json\/wp\/v2\/pages\/65822\/revisions"}],"predecessor-version":[{"id":77538,"href":"https:\/\/www.cm-evora.pt\/en\/wp-json\/wp\/v2\/pages\/65822\/revisions\/77538"}],"up":[{"embeddable":true,"href":"https:\/\/www.cm-evora.pt\/en\/wp-json\/wp\/v2\/pages\/14190"}],"wp:attachment":[{"href":"https:\/\/www.cm-evora.pt\/en\/wp-json\/wp\/v2\/media?parent=65822"}],"wp:term":[{"taxonomy":"category","embeddable":true,"href":"https:\/\/www.cm-evora.pt\/en\/wp-json\/wp\/v2\/categories?post=65822"}],"curies":[{"name":"wp","href":"https:\/\/api.w.org\/{rel}","templated":true}]}}