{"id":65966,"date":"2024-09-24T14:54:20","date_gmt":"2024-09-24T13:54:20","guid":{"rendered":"https:\/\/www.cm-evora.pt\/?page_id=65966"},"modified":"2025-09-09T09:27:25","modified_gmt":"2025-09-09T08:27:25","slug":"oficinas-de-artes-visuais","status":"publish","type":"page","link":"https:\/\/www.cm-evora.pt\/en\/municipe\/projetos-municipais\/pel-projeto-educativo-local\/projetos-educativos\/oficinas-de-artes-visuais\/","title":{"rendered":"Oficinas de Artes Visuais"},"content":{"rendered":"<h3 style=\"text-align: center\"><strong>Encontro Internacional de Arte Jovem<\/strong><\/h3>\n<p style=\"text-align: center\"><a href=\"https:\/\/www.cm-evora.pt\/wp-content\/uploads\/2024\/09\/20221014_145742-scaled.jpg\" target=\"_blank\" rel=\"noopener\"><img loading=\"lazy\" decoding=\"async\" class=\"alignnone wp-image-65967 size-full\" src=\"https:\/\/www.cm-evora.pt\/wp-content\/uploads\/2024\/09\/20221014_145742-scaled.jpg\" alt=\"\" width=\"2560\" height=\"1152\" srcset=\"https:\/\/www.cm-evora.pt\/wp-content\/uploads\/2024\/09\/20221014_145742-scaled.jpg 2560w, https:\/\/www.cm-evora.pt\/wp-content\/uploads\/2024\/09\/20221014_145742-300x135.jpg 300w, https:\/\/www.cm-evora.pt\/wp-content\/uploads\/2024\/09\/20221014_145742-1024x461.jpg 1024w, https:\/\/www.cm-evora.pt\/wp-content\/uploads\/2024\/09\/20221014_145742-768x346.jpg 768w, https:\/\/www.cm-evora.pt\/wp-content\/uploads\/2024\/09\/20221014_145742-1536x691.jpg 1536w, https:\/\/www.cm-evora.pt\/wp-content\/uploads\/2024\/09\/20221014_145742-2048x922.jpg 2048w, https:\/\/www.cm-evora.pt\/wp-content\/uploads\/2024\/09\/20221014_145742-220x100.jpg 220w, https:\/\/www.cm-evora.pt\/wp-content\/uploads\/2024\/09\/20221014_145742-1320x594.jpg 1320w\" sizes=\"auto, (max-width: 2560px) 100vw, 2560px\" \/><\/a><\/p>\n<p>&nbsp;<\/p>\n<h4><strong>Promotor<\/strong><\/h4>\n<p>C\u00e2mara Municipal de \u00c9vora \u2013 Divis\u00e3o de Cultura e Patrim\u00f3nio<\/p>\n<p>&nbsp;<\/p>\n<h4><strong>Respons\u00e1vel<\/strong><\/h4>\n<p>Margarida Branco<\/p>\n<p>&nbsp;<\/p>\n<h4><strong>Entidade Parceira<\/strong><\/h4>\n<p>TEOARTIS<\/p>\n<p>&nbsp;<\/p>\n<h4><strong>Objetivos<\/strong><\/h4>\n<p>Desenvolver atividades art\u00edsticas de educa\u00e7\u00e3o n\u00e3o formal, objetivando est\u00edmulos est\u00e9ticos nas crian\u00e7as, atrav\u00e9s da arte.<\/p>\n<p>&nbsp;<\/p>\n<h4><strong>P\u00fablico-Alvo<\/strong><\/h4>\n<p>Crian\u00e7as do pr\u00e9-escolar e alunos do 1\u00ba Ciclo do Ensino B\u00e1sico (CEB)<\/p>\n<p>&nbsp;<\/p>\n<h4><strong>Calendariza\u00e7\u00e3o<\/strong><\/h4>\n<p>As visitas com oficina decorrer\u00e3o de 4\u00aa a 6\u00aa \u00e0s 10h00, de 8 a 31 de outubro.<\/p>\n<p>&nbsp;<\/p>\n<h4><strong>Lota\u00e7\u00e3o<\/strong><\/h4>\n<p>1 turma<\/p>\n<p>&nbsp;<\/p>\n<h4><strong>Local<\/strong><\/h4>\n<p>Igreja de S\u00e3o Vicente, \u00c9vora<\/p>\n<p>&nbsp;<\/p>\n<h4><strong>Resumo\/Sinopse<\/strong><\/h4>\n<p>O Encontro Internacional de Arte Jovem acontece na cidade de \u00c9vora h\u00e1 26 anos.<\/p>\n<p>A Professora Teodolinda Pascoal \u00e9 a promotora deste evento, o qual tem o apoio da C\u00e2mara Municipal de \u00c9vora. Anualmente, \u00e9 escolhido um tema para o Festival, que \u00e9 trabalhado durante o ano letivo, por centenas de alunos, em escolas vocacionadas para a arte, oriundas da Europa e \u00c1sia. Estes trabalhos s\u00e3o enviados para \u00c9vora, selecionados e expostos na Igreja de S\u00e3o Vicente, de 8 a 31 de outubro.<\/p>\n<p>As visitas-oficina consistem numa breve visita \u00e0 exposi\u00e7\u00e3o, seguida por uma oficina sobre o tema escolhido, com o qual se pretende explorar a imagina\u00e7\u00e3o e a sensibilidade art\u00edstica das crian\u00e7as, procurando criar despertadores emocionais orientados para a arte.<\/p>\n<p>&nbsp;<\/p>\n<h4><strong>Contactos<\/strong><\/h4>\n<p><span style=\"text-decoration: underline\">Email<\/span>: <a href=\"mailto:teoartis.galeria@gmail.com\" target=\"_blank\" rel=\"noopener\">teoartis.galeria@gmail.com<\/a> | <a href=\"mailto:margarida.branco@cm-evora.pt\" target=\"_blank\" rel=\"noopener\">margarida.branco@cm-evora.pt<\/a><\/p>\n","protected":false},"excerpt":{"rendered":"<p>Encontro Internacional de Arte Jovem &nbsp; Promotor C\u00e2mara Municipal de \u00c9vora \u2013 Divis\u00e3o de Cultura e Patrim\u00f3nio &nbsp; Respons\u00e1vel Margarida Branco &nbsp; Entidade Parceira TEOARTIS &nbsp; Objetivos Desenvolver atividades art\u00edsticas de educa\u00e7\u00e3o n\u00e3o formal, objetivando est\u00edmulos est\u00e9ticos nas crian\u00e7as, atrav\u00e9s da arte. &nbsp; P\u00fablico-Alvo Crian\u00e7as do pr\u00e9-escolar e alunos do 1\u00ba Ciclo do Ensino B\u00e1sico [&hellip;]<\/p>\n","protected":false},"author":45,"featured_media":0,"parent":14190,"menu_order":26,"comment_status":"closed","ping_status":"closed","template":"templates-map\/component-text-layout1.php","meta":{"_acf_changed":false,"footnotes":""},"categories":[],"class_list":["post-65966","page","type-page","status-publish","hentry"],"acf":{"imagens":"","titulo_docs_seccao":"","documentos":""},"_links":{"self":[{"href":"https:\/\/www.cm-evora.pt\/en\/wp-json\/wp\/v2\/pages\/65966","targetHints":{"allow":["GET"]}}],"collection":[{"href":"https:\/\/www.cm-evora.pt\/en\/wp-json\/wp\/v2\/pages"}],"about":[{"href":"https:\/\/www.cm-evora.pt\/en\/wp-json\/wp\/v2\/types\/page"}],"author":[{"embeddable":true,"href":"https:\/\/www.cm-evora.pt\/en\/wp-json\/wp\/v2\/users\/45"}],"replies":[{"embeddable":true,"href":"https:\/\/www.cm-evora.pt\/en\/wp-json\/wp\/v2\/comments?post=65966"}],"version-history":[{"count":5,"href":"https:\/\/www.cm-evora.pt\/en\/wp-json\/wp\/v2\/pages\/65966\/revisions"}],"predecessor-version":[{"id":77609,"href":"https:\/\/www.cm-evora.pt\/en\/wp-json\/wp\/v2\/pages\/65966\/revisions\/77609"}],"up":[{"embeddable":true,"href":"https:\/\/www.cm-evora.pt\/en\/wp-json\/wp\/v2\/pages\/14190"}],"wp:attachment":[{"href":"https:\/\/www.cm-evora.pt\/en\/wp-json\/wp\/v2\/media?parent=65966"}],"wp:term":[{"taxonomy":"category","embeddable":true,"href":"https:\/\/www.cm-evora.pt\/en\/wp-json\/wp\/v2\/categories?post=65966"}],"curies":[{"name":"wp","href":"https:\/\/api.w.org\/{rel}","templated":true}]}}