{"id":66104,"date":"2024-09-25T15:00:21","date_gmt":"2024-09-25T14:00:21","guid":{"rendered":"https:\/\/www.cm-evora.pt\/?page_id=66104"},"modified":"2025-08-28T16:19:49","modified_gmt":"2025-08-28T15:19:49","slug":"servico-cultural-e-educativo","status":"publish","type":"page","link":"https:\/\/www.cm-evora.pt\/en\/municipe\/projetos-municipais\/pel-projeto-educativo-local\/projetos-educativos\/servico-cultural-e-educativo\/","title":{"rendered":"Centro Interpretativo da Cidade de \u00c9vora"},"content":{"rendered":"<h3 style=\"text-align: center\">Centro Interpretativo da Cidade de \u00c9vora | Pal\u00e1cio de D. Manuel<\/h3>\n<p style=\"text-align: center\"><a href=\"https:\/\/www.cm-evora.pt\/wp-content\/uploads\/2024\/09\/Foto-3.png\" target=\"_blank\" rel=\"noopener\"><img loading=\"lazy\" decoding=\"async\" class=\"alignnone wp-image-66105 size-full\" src=\"https:\/\/www.cm-evora.pt\/wp-content\/uploads\/2024\/09\/Foto-3.png\" alt=\"\" width=\"1024\" height=\"768\" srcset=\"https:\/\/www.cm-evora.pt\/wp-content\/uploads\/2024\/09\/Foto-3.png 1024w, https:\/\/www.cm-evora.pt\/wp-content\/uploads\/2024\/09\/Foto-3-300x225.png 300w, https:\/\/www.cm-evora.pt\/wp-content\/uploads\/2024\/09\/Foto-3-768x576.png 768w\" sizes=\"auto, (max-width: 1024px) 100vw, 1024px\" \/><\/a><\/p>\n<div class=\"mceTemp\"><\/div>\n<h4><\/h4>\n<h4><strong>Promotor<\/strong><\/h4>\n<p>C\u00e2mara Municipal de \u00c9vora &#8211; Divis\u00e3o de Cultura e Patrim\u00f3nio<\/p>\n<p>&nbsp;<\/p>\n<h4><strong>Respons\u00e1vel<\/strong><\/h4>\n<p>S\u00edlvia Chambino<\/p>\n<p>&nbsp;<\/p>\n<h4><strong>Objetivos<\/strong><\/h4>\n<p>Conhecer, interpretar, questionar, imaginar e criar novas narrativas da cidade, nas suas v\u00e1rias dimens\u00f5es culturais, art\u00edsticas, educativas e patrimoniais.<\/p>\n<p>&nbsp;<\/p>\n<h4><strong>P\u00fablico-Alvo<\/strong><\/h4>\n<p>Comunidade escolar | Comunidade s\u00e9nior | Fam\u00edlias | Turistas | Comunidade cient\u00edfica | Pessoas com necessidades espec\u00edficas<\/p>\n<p>&nbsp;<\/p>\n<h4><strong>Resumo\/Sinopse<\/strong><\/h4>\n<p>O Pal\u00e1cio de D. Manuel \u00e9 um monumento nacional que pertence \u00e0 rede de equipamentos culturais municipais e que hoje acolhe o Centro Interpretativo da Cidade de \u00c9vora, uma sala de exposi\u00e7\u00f5es tempor\u00e1rias e uma sala de confer\u00eancias. O Servi\u00e7o Cultural e Educativo assume-se como um espa\u00e7o de media\u00e7\u00e3o art\u00edstica e cultural aberto \u00e0 cidade e a quem a visita num exerc\u00edcio de partilha e constru\u00e7\u00e3o coletiva.<\/p>\n<p>Atrav\u00e9s de uma programa\u00e7\u00e3o constitu\u00edda por visitas, oficinas, espet\u00e1culos, propostas de forma\u00e7\u00e3o e exposi\u00e7\u00f5es, o Servi\u00e7o Cultural e Educativo do Centro Interpretativo da Cidade de \u00c9vora \u00e9 pensado como um espa\u00e7o de encontro para estimular o pensamento e o sentido cr\u00edtico, promover a reflex\u00e3o e a experimenta\u00e7\u00e3o. \u00c9 em di\u00e1logo com as Escolas, IPSS, Universidade, Institui\u00e7\u00f5es culturais e art\u00edsticas, que se repensa o passado e constr\u00f3i o futuro.<\/p>\n<p>&nbsp;<\/p>\n<h4><strong>Contactos<\/strong><\/h4>\n<p><span style=\"text-decoration: underline\">Telefone<\/span>: <a href=\"tel:+351266777116\" target=\"_blank\" rel=\"noopener\">+351 266 777 116<\/a> \u00abChamada para a rede fixa nacional\u00bb<\/p>\n<p><span style=\"text-decoration: underline\">Email<\/span>: <a href=\"mailto:servicoeducativo.cide@cm-evora.pt\" target=\"_blank\" rel=\"noopener\">servicoeducativo.cide@cm-evora.pt<\/a><\/p>\n<p>&nbsp;<\/p>\n<h4><strong>Mais informa\u00e7\u00f5es<\/strong><\/h4>\n<p><a href=\"https:\/\/www.cm-evora.pt\/visitante\/patrimonio\/centro-interpretativo-da-cidade-de-evora\/\" target=\"_blank\" rel=\"noopener\">Centro Interpretativo da Cidade de \u00c9vora<\/a><\/p>\n","protected":false},"excerpt":{"rendered":"<p>Centro Interpretativo da Cidade de \u00c9vora | Pal\u00e1cio de D. Manuel Promotor C\u00e2mara Municipal de \u00c9vora &#8211; Divis\u00e3o de Cultura e Patrim\u00f3nio &nbsp; Respons\u00e1vel S\u00edlvia Chambino &nbsp; Objetivos Conhecer, interpretar, questionar, imaginar e criar novas narrativas da cidade, nas suas v\u00e1rias dimens\u00f5es culturais, art\u00edsticas, educativas e patrimoniais. &nbsp; P\u00fablico-Alvo Comunidade escolar | Comunidade s\u00e9nior | [&hellip;]<\/p>\n","protected":false},"author":45,"featured_media":0,"parent":14190,"menu_order":27,"comment_status":"closed","ping_status":"closed","template":"templates-map\/component-text-layout1.php","meta":{"_acf_changed":false,"footnotes":""},"categories":[],"class_list":["post-66104","page","type-page","status-publish","hentry"],"acf":{"imagens":"","titulo_docs_seccao":"","documentos":""},"_links":{"self":[{"href":"https:\/\/www.cm-evora.pt\/en\/wp-json\/wp\/v2\/pages\/66104","targetHints":{"allow":["GET"]}}],"collection":[{"href":"https:\/\/www.cm-evora.pt\/en\/wp-json\/wp\/v2\/pages"}],"about":[{"href":"https:\/\/www.cm-evora.pt\/en\/wp-json\/wp\/v2\/types\/page"}],"author":[{"embeddable":true,"href":"https:\/\/www.cm-evora.pt\/en\/wp-json\/wp\/v2\/users\/45"}],"replies":[{"embeddable":true,"href":"https:\/\/www.cm-evora.pt\/en\/wp-json\/wp\/v2\/comments?post=66104"}],"version-history":[{"count":14,"href":"https:\/\/www.cm-evora.pt\/en\/wp-json\/wp\/v2\/pages\/66104\/revisions"}],"predecessor-version":[{"id":77410,"href":"https:\/\/www.cm-evora.pt\/en\/wp-json\/wp\/v2\/pages\/66104\/revisions\/77410"}],"up":[{"embeddable":true,"href":"https:\/\/www.cm-evora.pt\/en\/wp-json\/wp\/v2\/pages\/14190"}],"wp:attachment":[{"href":"https:\/\/www.cm-evora.pt\/en\/wp-json\/wp\/v2\/media?parent=66104"}],"wp:term":[{"taxonomy":"category","embeddable":true,"href":"https:\/\/www.cm-evora.pt\/en\/wp-json\/wp\/v2\/categories?post=66104"}],"curies":[{"name":"wp","href":"https:\/\/api.w.org\/{rel}","templated":true}]}}