{"id":66130,"date":"2024-09-26T09:56:59","date_gmt":"2024-09-26T08:56:59","guid":{"rendered":"https:\/\/www.cm-evora.pt\/?page_id=66130"},"modified":"2025-08-28T16:41:06","modified_gmt":"2025-08-28T15:41:06","slug":"cidade-ao-pe","status":"publish","type":"page","link":"https:\/\/www.cm-evora.pt\/en\/municipe\/projetos-municipais\/pel-projeto-educativo-local\/projetos-educativos\/cidade-ao-pe\/","title":{"rendered":"Cidade ao P\u00e9"},"content":{"rendered":"<p style=\"text-align: center\"><a href=\"https:\/\/www.cm-evora.pt\/wp-content\/uploads\/2024\/09\/CidadeAoPe-cor.jpg\"><img loading=\"lazy\" decoding=\"async\" class=\"alignnone size-full wp-image-66131\" src=\"https:\/\/www.cm-evora.pt\/wp-content\/uploads\/2024\/09\/CidadeAoPe-cor.jpg\" alt=\"\" width=\"1024\" height=\"724\" srcset=\"https:\/\/www.cm-evora.pt\/wp-content\/uploads\/2024\/09\/CidadeAoPe-cor.jpg 1024w, https:\/\/www.cm-evora.pt\/wp-content\/uploads\/2024\/09\/CidadeAoPe-cor-300x212.jpg 300w, https:\/\/www.cm-evora.pt\/wp-content\/uploads\/2024\/09\/CidadeAoPe-cor-768x543.jpg 768w\" sizes=\"auto, (max-width: 1024px) 100vw, 1024px\" \/><\/a><\/p>\n<p>&nbsp;<\/p>\n<h4><strong>Promotor<\/strong><\/h4>\n<p>C\u00e2mara Municipal de \u00c9vora \u2013 Divis\u00e3o de Juventude e Desporto<\/p>\n<p>&nbsp;<\/p>\n<h4><strong>Respons\u00e1vel<\/strong><\/h4>\n<p>Hugo Matias<\/p>\n<p>&nbsp;<\/p>\n<h4><strong>P\u00fablico-Alvo<\/strong><\/h4>\n<p>Pretendemos que este projeto e todas as iniciativas agregadas sejam inclusivas e destinadas a toda a popula\u00e7\u00e3o, independentemente da idade, de forma a que todos possam participar sem exce\u00e7\u00e3o.<\/p>\n<p>&nbsp;<\/p>\n<h4><strong>Calendariza\u00e7\u00e3o<\/strong><\/h4>\n<p>De janeiro a dezembro<\/p>\n<p>&nbsp;<\/p>\n<h4><strong>Lota\u00e7\u00e3o<\/strong><\/h4>\n<p>Vari\u00e1vel em fun\u00e7\u00e3o da atividade<\/p>\n<p>&nbsp;<\/p>\n<h4><strong>Local<\/strong><\/h4>\n<p>Concelho de \u00c9vora<\/p>\n<p>&nbsp;<\/p>\n<h4><strong>Resumo\/Sinopse<\/strong><\/h4>\n<p>\u201c\u00c9vora Cidade ao P\u00e9\u201d mais do que um programa \u00e9 um lema, com v\u00e1rias iniciativas agregadas, em que as atividades de caminhar, correr e pedalar s\u00e3o abordadas de maneiras diferentes:<\/p>\n<ul>\n<li style=\"list-style-type: none\">\n<ul>\n<li>na vertente desportiva; seja de lazer ou supera\u00e7\u00e3o pessoal;<\/li>\n<li>na vertente do turismo ativo;<\/li>\n<li>na vertente da mobilidade ativa;<\/li>\n<li>na vertente da atividade f\u00edsica presente nas viagens casa-destino-casa ou, ainda, associadas \u00e0 preserva\u00e7\u00e3o do ambiente.<\/li>\n<\/ul>\n<\/li>\n<\/ul>\n<p>Cabem, ainda, neste programa as quest\u00f5es associadas \u00e0 seguran\u00e7a das caminhadas, as marca\u00e7\u00f5es, as sinal\u00e9ticas, as informa\u00e7\u00f5es e a\u00e7\u00f5es educativas.<\/p>\n<p>Esta \u00e9 uma iniciativa destinada a promover o desporto e as atitudes desportivas, atrav\u00e9s do pedestrianismo, da corrida e ou uso da bicicleta, sendo um convite a conhecer o patrim\u00f3nio atrav\u00e9s do desporto.<\/p>\n<p>Enquanto atividade desportiva, visa, sobretudo, a divers\u00e3o, a conviv\u00eancia e a ocupa\u00e7\u00e3o dos tempos livres dos participantes atrav\u00e9s das caminhadas, das corridas e dos passeios de bicicleta.<\/p>\n<p>Esta iniciativa ir\u00e1 contribuir tamb\u00e9m para a preserva\u00e7\u00e3o do ambiente, em especial no que diz respeito \u00e0 qualidade do ar.<\/p>\n<p>Pretende-se que se pense em \u00c9vora universal, em \u00c9vora j\u00e1 ali, em \u00c9vora em que tudo pode ser feito com o p\u00e9, seja ele a andar a correr ou a pedalar, em \u00c9vora sustent\u00e1vel, onde se promove ativamente a participa\u00e7\u00e3o e corresponsabilidade de todos os seus habitantes na ado\u00e7\u00e3o de estilos de vida e de consumo justos, resilientes e sustent\u00e1veis.<\/p>\n<p>&nbsp;<\/p>\n<h4><strong>Contactos<\/strong><\/h4>\n<p><u>Telefone<\/u>: <a href=\"tel:+351266777000\" target=\"_blank\" rel=\"noopener\">+351 266 777 000<\/a> \u00abChamada para a rede fixa nacional\u00bb<\/p>\n<p><u>Email<\/u>: <a href=\"mailto:hugo.matias@cm-evora.pt\" target=\"_blank\" rel=\"noopener\">hugo.matias@cm-evora.pt<\/a><\/p>\n<p>&nbsp;<\/p>\n<h4><strong>Mais informa\u00e7\u00f5es<\/strong><\/h4>\n<ul>\n<li style=\"list-style-type: none\">\n<ul>\n<li><a href=\"https:\/\/www.cm-evora.pt\/municipe\/areas-de-acao\/desporto-e-lazer\/programas-desportivos\/cidade-ao-pe-11-entradas-da-cidade\/\" target=\"_blank\" rel=\"noopener\">Cidade ao P\u00e9 \u2013 11 entradas da cidade<\/a><\/li>\n<li><a href=\"https:\/\/www.cm-evora.pt\/evoracidadeaope\/\" target=\"_blank\" rel=\"noopener\">Cidade ao P\u00e9 &#8211; Inscreve-te<\/a><\/li>\n<\/ul>\n<\/li>\n<\/ul>\n","protected":false},"excerpt":{"rendered":"<p>&nbsp; Promotor C\u00e2mara Municipal de \u00c9vora \u2013 Divis\u00e3o de Juventude e Desporto &nbsp; Respons\u00e1vel Hugo Matias &nbsp; P\u00fablico-Alvo Pretendemos que este projeto e todas as iniciativas agregadas sejam inclusivas e destinadas a toda a popula\u00e7\u00e3o, independentemente da idade, de forma a que todos possam participar sem exce\u00e7\u00e3o. &nbsp; Calendariza\u00e7\u00e3o De janeiro a dezembro &nbsp; Lota\u00e7\u00e3o [&hellip;]<\/p>\n","protected":false},"author":45,"featured_media":0,"parent":14190,"menu_order":29,"comment_status":"closed","ping_status":"closed","template":"templates-map\/component-text-layout1.php","meta":{"_acf_changed":false,"footnotes":""},"categories":[],"class_list":["post-66130","page","type-page","status-publish","hentry"],"acf":{"imagens":"","titulo_docs_seccao":"","documentos":""},"_links":{"self":[{"href":"https:\/\/www.cm-evora.pt\/en\/wp-json\/wp\/v2\/pages\/66130","targetHints":{"allow":["GET"]}}],"collection":[{"href":"https:\/\/www.cm-evora.pt\/en\/wp-json\/wp\/v2\/pages"}],"about":[{"href":"https:\/\/www.cm-evora.pt\/en\/wp-json\/wp\/v2\/types\/page"}],"author":[{"embeddable":true,"href":"https:\/\/www.cm-evora.pt\/en\/wp-json\/wp\/v2\/users\/45"}],"replies":[{"embeddable":true,"href":"https:\/\/www.cm-evora.pt\/en\/wp-json\/wp\/v2\/comments?post=66130"}],"version-history":[{"count":2,"href":"https:\/\/www.cm-evora.pt\/en\/wp-json\/wp\/v2\/pages\/66130\/revisions"}],"predecessor-version":[{"id":77411,"href":"https:\/\/www.cm-evora.pt\/en\/wp-json\/wp\/v2\/pages\/66130\/revisions\/77411"}],"up":[{"embeddable":true,"href":"https:\/\/www.cm-evora.pt\/en\/wp-json\/wp\/v2\/pages\/14190"}],"wp:attachment":[{"href":"https:\/\/www.cm-evora.pt\/en\/wp-json\/wp\/v2\/media?parent=66130"}],"wp:term":[{"taxonomy":"category","embeddable":true,"href":"https:\/\/www.cm-evora.pt\/en\/wp-json\/wp\/v2\/categories?post=66130"}],"curies":[{"name":"wp","href":"https:\/\/api.w.org\/{rel}","templated":true}]}}