{"id":66134,"date":"2024-09-26T10:23:20","date_gmt":"2024-09-26T09:23:20","guid":{"rendered":"https:\/\/www.cm-evora.pt\/?page_id=66134"},"modified":"2025-08-28T16:51:23","modified_gmt":"2025-08-28T15:51:23","slug":"evora-jt","status":"publish","type":"page","link":"https:\/\/www.cm-evora.pt\/en\/municipe\/projetos-municipais\/pel-projeto-educativo-local\/projetos-educativos\/evora-jt\/","title":{"rendered":"\u00c9vora JT"},"content":{"rendered":"<p style=\"text-align: center\"><a href=\"https:\/\/www.cm-evora.pt\/wp-content\/uploads\/2024\/09\/Logo2021.png\"><img loading=\"lazy\" decoding=\"async\" class=\"alignnone size-full wp-image-66135\" src=\"https:\/\/www.cm-evora.pt\/wp-content\/uploads\/2024\/09\/Logo2021.png\" alt=\"\" width=\"3155\" height=\"1061\" srcset=\"https:\/\/www.cm-evora.pt\/wp-content\/uploads\/2024\/09\/Logo2021.png 3155w, https:\/\/www.cm-evora.pt\/wp-content\/uploads\/2024\/09\/Logo2021-300x101.png 300w, https:\/\/www.cm-evora.pt\/wp-content\/uploads\/2024\/09\/Logo2021-1024x344.png 1024w, https:\/\/www.cm-evora.pt\/wp-content\/uploads\/2024\/09\/Logo2021-768x258.png 768w, https:\/\/www.cm-evora.pt\/wp-content\/uploads\/2024\/09\/Logo2021-1536x517.png 1536w, https:\/\/www.cm-evora.pt\/wp-content\/uploads\/2024\/09\/Logo2021-2048x689.png 2048w, https:\/\/www.cm-evora.pt\/wp-content\/uploads\/2024\/09\/Logo2021-1320x444.png 1320w\" sizes=\"auto, (max-width: 3155px) 100vw, 3155px\" \/><\/a><\/p>\n<p>&nbsp;<\/p>\n<h4><strong>Promotor<\/strong><\/h4>\n<p>C\u00e2mara Municipal de \u00c9vora \u2013 Divis\u00e3o de Juventude e Desporto<\/p>\n<p>&nbsp;<\/p>\n<h4><strong>Respons\u00e1vel<\/strong><\/h4>\n<p>Pedro Freixial Silva<\/p>\n<p>&nbsp;<\/p>\n<h4><strong>Objetivos<\/strong><\/h4>\n<p>Dinamizar a pr\u00e1tica e o conhecimento dos jogos tradicionais.<\/p>\n<p>&nbsp;<\/p>\n<h4><strong>P\u00fablico-Alvo<\/strong><\/h4>\n<p>Desde as crian\u00e7as do pr\u00e9-escolar at\u00e9 aos idosos, incluindo utentes das institui\u00e7\u00f5es de apoio \u00e0 defici\u00eancia.<\/p>\n<p>&nbsp;<\/p>\n<h4><strong>Calendariza\u00e7\u00e3o<\/strong><\/h4>\n<p>De setembro a julho<\/p>\n<p>&nbsp;<\/p>\n<h4><strong>Local<\/strong><\/h4>\n<p>Estabelecimentos de Ensino, Lares, Associa\u00e7\u00f5es, entre outras.<\/p>\n<p>&nbsp;<\/p>\n<h4><strong>Resumo\/Sinopse<\/strong><\/h4>\n<p>Programa que visa criar uma rotina de espa\u00e7os e dias regulares destinados \u00e0 promo\u00e7\u00e3o de jogos tradicionais nas freguesias urbanas e rurais para toda a popula\u00e7\u00e3o, incluindo os estabelecimentos de ensino, Associa\u00e7\u00f5es de Idosos, de Apoio \u00e0 defici\u00eancia, etc.<\/p>\n<p>&nbsp;<\/p>\n<h4><strong>Conte\u00fados<\/strong><\/h4>\n<p>S\u00e3o exemplos de jogos tradicionais: o jogo do berlinde, o jogo do pi\u00e3o, saltar \u00e0 corda, o jogo das argolas, o jogo do burro, o jogo da malha, a petanca, saltar ao eixo, o jogo da macaca, o bilha na cabe\u00e7a, a bola de aro, jogo das colheres, o jogo do arco, andas, entre outros.<\/p>\n<p>&nbsp;<\/p>\n<h4><strong>Contactos<\/strong><\/h4>\n<p><u>Telefone<\/u>: <a href=\"tel:+351266777000\" target=\"_blank\" rel=\"noopener\">+351 266 777 000<\/a> \u00abChamada para a rede fixa nacional\u00bb<\/p>\n<p><u>Email<\/u>: <a href=\"mailto:pedrosilva@cm-evora.pt\" target=\"_blank\" rel=\"noopener\">pedrosilva@cm-evora.pt<\/a><\/p>\n<p>&nbsp;<\/p>\n<h4><strong>Mais informa\u00e7\u00f5es<\/strong><\/h4>\n<p><a href=\"https:\/\/www.cm-evora.pt\/municipe\/areas-de-acao\/desporto-e-lazer\/programas-desportivos\/evora-jt\/\" target=\"_blank\" rel=\"noopener\">\u00c9vora JT &#8211; Jogos Tradicionais<\/a><\/p>\n","protected":false},"excerpt":{"rendered":"<p>&nbsp; Promotor C\u00e2mara Municipal de \u00c9vora \u2013 Divis\u00e3o de Juventude e Desporto &nbsp; Respons\u00e1vel Pedro Freixial Silva &nbsp; Objetivos Dinamizar a pr\u00e1tica e o conhecimento dos jogos tradicionais. &nbsp; P\u00fablico-Alvo Desde as crian\u00e7as do pr\u00e9-escolar at\u00e9 aos idosos, incluindo utentes das institui\u00e7\u00f5es de apoio \u00e0 defici\u00eancia. &nbsp; Calendariza\u00e7\u00e3o De setembro a julho &nbsp; Local Estabelecimentos [&hellip;]<\/p>\n","protected":false},"author":45,"featured_media":0,"parent":14190,"menu_order":30,"comment_status":"closed","ping_status":"closed","template":"templates-map\/component-text-layout1.php","meta":{"_acf_changed":false,"footnotes":""},"categories":[],"class_list":["post-66134","page","type-page","status-publish","hentry"],"acf":{"imagens":"","titulo_docs_seccao":"","documentos":""},"_links":{"self":[{"href":"https:\/\/www.cm-evora.pt\/en\/wp-json\/wp\/v2\/pages\/66134","targetHints":{"allow":["GET"]}}],"collection":[{"href":"https:\/\/www.cm-evora.pt\/en\/wp-json\/wp\/v2\/pages"}],"about":[{"href":"https:\/\/www.cm-evora.pt\/en\/wp-json\/wp\/v2\/types\/page"}],"author":[{"embeddable":true,"href":"https:\/\/www.cm-evora.pt\/en\/wp-json\/wp\/v2\/users\/45"}],"replies":[{"embeddable":true,"href":"https:\/\/www.cm-evora.pt\/en\/wp-json\/wp\/v2\/comments?post=66134"}],"version-history":[{"count":3,"href":"https:\/\/www.cm-evora.pt\/en\/wp-json\/wp\/v2\/pages\/66134\/revisions"}],"predecessor-version":[{"id":77413,"href":"https:\/\/www.cm-evora.pt\/en\/wp-json\/wp\/v2\/pages\/66134\/revisions\/77413"}],"up":[{"embeddable":true,"href":"https:\/\/www.cm-evora.pt\/en\/wp-json\/wp\/v2\/pages\/14190"}],"wp:attachment":[{"href":"https:\/\/www.cm-evora.pt\/en\/wp-json\/wp\/v2\/media?parent=66134"}],"wp:term":[{"taxonomy":"category","embeddable":true,"href":"https:\/\/www.cm-evora.pt\/en\/wp-json\/wp\/v2\/categories?post=66134"}],"curies":[{"name":"wp","href":"https:\/\/api.w.org\/{rel}","templated":true}]}}