{"id":66800,"date":"2024-10-11T10:59:24","date_gmt":"2024-10-11T09:59:24","guid":{"rendered":"https:\/\/www.cm-evora.pt\/?page_id=66800"},"modified":"2025-10-21T15:37:51","modified_gmt":"2025-10-21T14:37:51","slug":"apoio-ao-emprego-pessoas-com-deficiencia-ou-incapacidade","status":"publish","type":"page","link":"https:\/\/www.cm-evora.pt\/en\/municipe\/camara-municipal\/recursos-humanos\/apoio-ao-emprego-pessoas-com-deficiencia-ou-incapacidade\/","title":{"rendered":"Apoio ao Emprego Pessoas com Defici\u00eancia ou Incapacidade"},"content":{"rendered":"<p><\/p>\n<h2 style=\"text-align: center\"><strong>Contrato Emprego-Inser\u00e7\u00e3o+<\/strong><\/h2>\n<p style=\"text-align: center\"><a href=\"https:\/\/www.cm-evora.pt\/wp-content\/uploads\/2025\/07\/Cartaz-Informacao-e-Publicidade-Merc.Soc_.Emprego-CEI.pdf\" target=\"_blank\" rel=\"noopener\"><img loading=\"lazy\" decoding=\"async\" class=\"alignnone wp-image-76319 size-large\" src=\"https:\/\/www.cm-evora.pt\/wp-content\/uploads\/2025\/07\/Cartaz-Informacao-e-Publicidade-Merc.Soc_.Emprego-CEI_page-0001-724x1024.jpg\" alt=\"\" width=\"724\" height=\"1024\" srcset=\"https:\/\/www.cm-evora.pt\/wp-content\/uploads\/2025\/07\/Cartaz-Informacao-e-Publicidade-Merc.Soc_.Emprego-CEI_page-0001-724x1024.jpg 724w, https:\/\/www.cm-evora.pt\/wp-content\/uploads\/2025\/07\/Cartaz-Informacao-e-Publicidade-Merc.Soc_.Emprego-CEI_page-0001-212x300.jpg 212w, https:\/\/www.cm-evora.pt\/wp-content\/uploads\/2025\/07\/Cartaz-Informacao-e-Publicidade-Merc.Soc_.Emprego-CEI_page-0001-768x1086.jpg 768w, https:\/\/www.cm-evora.pt\/wp-content\/uploads\/2025\/07\/Cartaz-Informacao-e-Publicidade-Merc.Soc_.Emprego-CEI_page-0001-1086x1536.jpg 1086w, https:\/\/www.cm-evora.pt\/wp-content\/uploads\/2025\/07\/Cartaz-Informacao-e-Publicidade-Merc.Soc_.Emprego-CEI_page-0001.jpg 1241w\" sizes=\"auto, (max-width: 724px) 100vw, 724px\" \/><\/a><\/p>\n<p style=\"text-align: center\"><a href=\"https:\/\/www.cm-evora.pt\/wp-content\/uploads\/2025\/07\/Cartaz-Informacao-e-Publicidade-Merc.Soc_.Emprego-CEI.pdf\" target=\"_blank\" rel=\"noopener\">A\u00e7\u00f5es Mercado Social Emprego &#8211; Contrato Emprego-Inser\u00e7\u00e3o+ (CEI+).pdf<\/a><\/p>\n<p>&nbsp;<\/p>\n<p style=\"text-align: center\"><a href=\"https:\/\/www.cm-evora.pt\/wp-content\/uploads\/2024\/10\/3_CEI_PCDI_Cartaz-Entidades_DR-Norte-Centro-Lisboa-Alentejo.pdf\" target=\"_blank\" rel=\"noopener\"><img loading=\"lazy\" decoding=\"async\" class=\"alignnone wp-image-66803 size-large\" src=\"https:\/\/www.cm-evora.pt\/wp-content\/uploads\/2024\/10\/3_CEI_PCDI_Cartaz-Entidades_DR-Norte-Centro-Lisboa-Alentejo_page-0001-725x1024.jpg\" alt=\"\" width=\"725\" height=\"1024\" srcset=\"https:\/\/www.cm-evora.pt\/wp-content\/uploads\/2024\/10\/3_CEI_PCDI_Cartaz-Entidades_DR-Norte-Centro-Lisboa-Alentejo_page-0001-725x1024.jpg 725w, https:\/\/www.cm-evora.pt\/wp-content\/uploads\/2024\/10\/3_CEI_PCDI_Cartaz-Entidades_DR-Norte-Centro-Lisboa-Alentejo_page-0001-212x300.jpg 212w, https:\/\/www.cm-evora.pt\/wp-content\/uploads\/2024\/10\/3_CEI_PCDI_Cartaz-Entidades_DR-Norte-Centro-Lisboa-Alentejo_page-0001-768x1085.jpg 768w, https:\/\/www.cm-evora.pt\/wp-content\/uploads\/2024\/10\/3_CEI_PCDI_Cartaz-Entidades_DR-Norte-Centro-Lisboa-Alentejo_page-0001-1087x1536.jpg 1087w, https:\/\/www.cm-evora.pt\/wp-content\/uploads\/2024\/10\/3_CEI_PCDI_Cartaz-Entidades_DR-Norte-Centro-Lisboa-Alentejo_page-0001.jpg 1241w\" sizes=\"auto, (max-width: 725px) 100vw, 725px\" \/><\/a><\/p>\n<p>&nbsp;<\/p>\n<p style=\"text-align: center\"><a href=\"https:\/\/www.cm-evora.pt\/wp-content\/uploads\/2024\/10\/3_CEI_PCDI_Cartaz-Entidades_DR-Norte-Centro-Lisboa-Alentejo.pdf\" target=\"_blank\" rel=\"noopener\">Apoio ao Emprego Pessoas com Defici\u00eancia ou Incapacidade &#8211; Contrato Emprego-Inser\u00e7\u00e3o+.pdf<\/a><\/p>\n<p>&nbsp;<\/p>\n<p>&nbsp;<\/p>\n<h2 style=\"text-align: center\"><strong>Emprego Apoiado em Mercado Aberto<\/strong><\/h2>\n<p style=\"text-align: center\"><a href=\"https:\/\/www.cm-evora.pt\/wp-content\/uploads\/2024\/11\/Cartaz-Informacao-e-Publicidade-Emprego-Apoiado-em-Mercado-Aberto_page-0001.jpg\"><img loading=\"lazy\" decoding=\"async\" class=\"alignnone wp-image-67738 size-large\" src=\"https:\/\/www.cm-evora.pt\/wp-content\/uploads\/2024\/11\/Cartaz-Informacao-e-Publicidade-Emprego-Apoiado-em-Mercado-Aberto_page-0001-724x1024.jpg\" alt=\"\" width=\"724\" height=\"1024\" srcset=\"https:\/\/www.cm-evora.pt\/wp-content\/uploads\/2024\/11\/Cartaz-Informacao-e-Publicidade-Emprego-Apoiado-em-Mercado-Aberto_page-0001-724x1024.jpg 724w, https:\/\/www.cm-evora.pt\/wp-content\/uploads\/2024\/11\/Cartaz-Informacao-e-Publicidade-Emprego-Apoiado-em-Mercado-Aberto_page-0001-212x300.jpg 212w, https:\/\/www.cm-evora.pt\/wp-content\/uploads\/2024\/11\/Cartaz-Informacao-e-Publicidade-Emprego-Apoiado-em-Mercado-Aberto_page-0001-768x1086.jpg 768w, https:\/\/www.cm-evora.pt\/wp-content\/uploads\/2024\/11\/Cartaz-Informacao-e-Publicidade-Emprego-Apoiado-em-Mercado-Aberto_page-0001-1086x1536.jpg 1086w, https:\/\/www.cm-evora.pt\/wp-content\/uploads\/2024\/11\/Cartaz-Informacao-e-Publicidade-Emprego-Apoiado-em-Mercado-Aberto_page-0001.jpg 1241w\" sizes=\"auto, (max-width: 724px) 100vw, 724px\" \/><\/a><\/p>\n<p style=\"text-align: center\"><a href=\"https:\/\/www.cm-evora.pt\/wp-content\/uploads\/2024\/11\/Cartaz-Informacao-e-Publicidade-Emprego-Apoiado-em-Mercado-Aberto.pdf\" target=\"_blank\" rel=\"noopener\">Apoio ao Emprego Pessoas com Defici\u00eancia ou Incapacidade &#8211; Emprego Apoiado em Mercado Aberto.pdf<\/a><\/p>\n<p><\/p>","protected":false},"excerpt":{"rendered":"<p>Contrato Emprego-Inser\u00e7\u00e3o+ A\u00e7\u00f5es Mercado Social Emprego &#8211; Contrato Emprego-Inser\u00e7\u00e3o+ (CEI+).pdf &nbsp; &nbsp; Apoio ao Emprego Pessoas com Defici\u00eancia ou Incapacidade &#8211; Contrato Emprego-Inser\u00e7\u00e3o+.pdf &nbsp; &nbsp; Emprego Apoiado em Mercado Aberto Apoio ao Emprego Pessoas com Defici\u00eancia ou Incapacidade &#8211; Emprego Apoiado em Mercado Aberto.pdf<\/p>\n","protected":false},"author":45,"featured_media":0,"parent":1444,"menu_order":4,"comment_status":"closed","ping_status":"closed","template":"templates-map\/component-text-layout1.php","meta":{"_acf_changed":false,"footnotes":""},"categories":[],"class_list":["post-66800","page","type-page","status-publish","hentry"],"acf":{"imagens":"","titulo_docs_seccao":"","documentos":""},"_links":{"self":[{"href":"https:\/\/www.cm-evora.pt\/en\/wp-json\/wp\/v2\/pages\/66800","targetHints":{"allow":["GET"]}}],"collection":[{"href":"https:\/\/www.cm-evora.pt\/en\/wp-json\/wp\/v2\/pages"}],"about":[{"href":"https:\/\/www.cm-evora.pt\/en\/wp-json\/wp\/v2\/types\/page"}],"author":[{"embeddable":true,"href":"https:\/\/www.cm-evora.pt\/en\/wp-json\/wp\/v2\/users\/45"}],"replies":[{"embeddable":true,"href":"https:\/\/www.cm-evora.pt\/en\/wp-json\/wp\/v2\/comments?post=66800"}],"version-history":[{"count":6,"href":"https:\/\/www.cm-evora.pt\/en\/wp-json\/wp\/v2\/pages\/66800\/revisions"}],"predecessor-version":[{"id":78580,"href":"https:\/\/www.cm-evora.pt\/en\/wp-json\/wp\/v2\/pages\/66800\/revisions\/78580"}],"up":[{"embeddable":true,"href":"https:\/\/www.cm-evora.pt\/en\/wp-json\/wp\/v2\/pages\/1444"}],"wp:attachment":[{"href":"https:\/\/www.cm-evora.pt\/en\/wp-json\/wp\/v2\/media?parent=66800"}],"wp:term":[{"taxonomy":"category","embeddable":true,"href":"https:\/\/www.cm-evora.pt\/en\/wp-json\/wp\/v2\/categories?post=66800"}],"curies":[{"name":"wp","href":"https:\/\/api.w.org\/{rel}","templated":true}]}}