{"id":69891,"date":"2025-01-09T10:55:31","date_gmt":"2025-01-09T10:55:31","guid":{"rendered":"https:\/\/www.cm-evora.pt\/?page_id=69891"},"modified":"2025-04-08T15:04:46","modified_gmt":"2025-04-08T14:04:46","slug":"o-que-pode-encontrar-nos-programas-desportivos","status":"publish","type":"page","link":"https:\/\/www.cm-evora.pt\/en\/municipe\/areas-de-acao\/desporto-e-lazer\/programas-desportivos\/o-que-pode-encontrar-nos-programas-desportivos\/","title":{"rendered":"O que pode encontrar nos Programas Desportivos"},"content":{"rendered":"<p><a href=\"https:\/\/www.cm-evora.pt\/wp-content\/uploads\/2022\/09\/banner_desporto.jpg\" target=\"_blank\" rel=\"noopener\"><img loading=\"lazy\" decoding=\"async\" class=\"alignnone wp-image-40961 size-full\" src=\"https:\/\/www.cm-evora.pt\/wp-content\/uploads\/2022\/09\/banner_desporto.jpg\" alt=\"\" width=\"1920\" height=\"1080\" srcset=\"https:\/\/www.cm-evora.pt\/wp-content\/uploads\/2022\/09\/banner_desporto.jpg 1920w, https:\/\/www.cm-evora.pt\/wp-content\/uploads\/2022\/09\/banner_desporto-300x169.jpg 300w, https:\/\/www.cm-evora.pt\/wp-content\/uploads\/2022\/09\/banner_desporto-1024x576.jpg 1024w, https:\/\/www.cm-evora.pt\/wp-content\/uploads\/2022\/09\/banner_desporto-768x432.jpg 768w, https:\/\/www.cm-evora.pt\/wp-content\/uploads\/2022\/09\/banner_desporto-1536x864.jpg 1536w, https:\/\/www.cm-evora.pt\/wp-content\/uploads\/2022\/09\/banner_desporto-1320x743.jpg 1320w\" sizes=\"auto, (max-width: 1920px) 100vw, 1920px\" \/><\/a><\/p>\n<p>&nbsp;<\/p>\n<p>Aqui pode encontrar informa\u00e7\u00f5es relativas a:<\/p>\n<ul>\n<li style=\"list-style-type: none\">\n<ul>\n<li><a href=\"https:\/\/www.cm-evora.pt\/municipe\/areas-de-acao\/desporto-e-lazer\/programas-desportivos\/mexa-se\/\" target=\"_blank\" rel=\"noopener\">Mexa-se<\/a>;<\/li>\n<li><a href=\"https:\/\/www.cm-evora.pt\/municipe\/projetos-municipais\/pel-projeto-educativo-local\/projetos-educativos\/inclusao-em-movimento\/\" target=\"_blank\" rel=\"noopener\">Inclus\u00e3o em Movimento<\/a>;<\/li>\n<li><a href=\"https:\/\/www.cm-evora.pt\/municipe\/areas-de-acao\/desporto-e-lazer\/programas-desportivos\/seniores-ativos\/\" target=\"_blank\" rel=\"noopener\">Seniores Ativos<\/a>;<\/li>\n<li><a href=\"https:\/\/www.cm-evora.pt\/municipe\/projetos-municipais\/pel-projeto-educativo-local\/projetos-educativos\/pes-em-movimento\/\" target=\"_blank\" rel=\"noopener\">PES em Movimento<\/a>;<\/li>\n<li><a href=\"https:\/\/www.cm-evora.pt\/municipe\/projetos-municipais\/pel-projeto-educativo-local\/projetos-educativos\/jogar\/\" target=\"_blank\" rel=\"noopener\">Jogar +<\/a>;<\/li>\n<li><a href=\"https:\/\/www.cm-evora.pt\/municipe\/projetos-municipais\/pel-projeto-educativo-local\/projetos-educativos\/ferias-desportivas\/\" target=\"_blank\" rel=\"noopener\">Okup@-te<\/a>;<\/li>\n<li><a href=\"https:\/\/www.cm-evora.pt\/municipe\/areas-de-acao\/desporto-e-lazer\/programas-desportivos\/cidade-ao-pe-11-entradas-da-cidade\/\" target=\"_blank\" rel=\"noopener\">Cidade ao P\u00e9 &#8211; 11 entradas da cidade<\/a>;<\/li>\n<li><a href=\"https:\/\/www.cm-evora.pt\/evoracidadeaope\/\" target=\"_blank\" rel=\"noopener\">Cidade ao p\u00e9 &#8211; inscreve-te<\/a>;<\/li>\n<li><a href=\"https:\/\/www.cm-evora.pt\/municipe\/projetos-municipais\/pel-projeto-educativo-local\/projetos-educativos\/programa-de-atividades-de-enriquecimento-curricular-aecs\/\" target=\"_blank\" rel=\"noopener\">AEC &#8211; Atividades de Enriquecimento Curricular<\/a>;<\/li>\n<li><a href=\"https:\/\/www.cm-evora.pt\/municipe\/areas-de-acao\/desporto-e-lazer\/programas-desportivos\/fins-de-semana-desportivos\/\" target=\"_blank\" rel=\"noopener\">Fins de Semana Desportivos<\/a>;<\/li>\n<li><a href=\"https:\/\/www.cm-evora.pt\/municipe\/areas-de-acao\/desporto-e-lazer\/programas-desportivos\/evora-jt\/\" target=\"_blank\" rel=\"noopener\">\u00c9vora JT<\/a>;<\/li>\n<li><a href=\"https:\/\/www.cm-evora.pt\/municipe\/areas-de-acao\/desporto-e-lazer\/programas-desportivos\/arena-desportiva\/\" target=\"_blank\" rel=\"noopener\">Arena Desportiva<\/a>.<\/li>\n<\/ul>\n<\/li>\n<\/ul>\n","protected":false},"excerpt":{"rendered":"<p>&nbsp; Aqui pode encontrar informa\u00e7\u00f5es relativas a: Mexa-se; Inclus\u00e3o em Movimento; Seniores Ativos; PES em Movimento; Jogar +; Okup@-te; Cidade ao P\u00e9 &#8211; 11 entradas da cidade; Cidade ao p\u00e9 &#8211; inscreve-te; AEC &#8211; Atividades de Enriquecimento Curricular; Fins de Semana Desportivos; \u00c9vora JT; Arena Desportiva.<\/p>\n","protected":false},"author":45,"featured_media":0,"parent":2490,"menu_order":0,"comment_status":"closed","ping_status":"closed","template":"templates-map\/component-text-layout1.php","meta":{"_acf_changed":false,"footnotes":""},"categories":[],"class_list":["post-69891","page","type-page","status-publish","hentry"],"acf":{"imagens":"","titulo_docs_seccao":"","documentos":""},"_links":{"self":[{"href":"https:\/\/www.cm-evora.pt\/en\/wp-json\/wp\/v2\/pages\/69891","targetHints":{"allow":["GET"]}}],"collection":[{"href":"https:\/\/www.cm-evora.pt\/en\/wp-json\/wp\/v2\/pages"}],"about":[{"href":"https:\/\/www.cm-evora.pt\/en\/wp-json\/wp\/v2\/types\/page"}],"author":[{"embeddable":true,"href":"https:\/\/www.cm-evora.pt\/en\/wp-json\/wp\/v2\/users\/45"}],"replies":[{"embeddable":true,"href":"https:\/\/www.cm-evora.pt\/en\/wp-json\/wp\/v2\/comments?post=69891"}],"version-history":[{"count":3,"href":"https:\/\/www.cm-evora.pt\/en\/wp-json\/wp\/v2\/pages\/69891\/revisions"}],"predecessor-version":[{"id":73231,"href":"https:\/\/www.cm-evora.pt\/en\/wp-json\/wp\/v2\/pages\/69891\/revisions\/73231"}],"up":[{"embeddable":true,"href":"https:\/\/www.cm-evora.pt\/en\/wp-json\/wp\/v2\/pages\/2490"}],"wp:attachment":[{"href":"https:\/\/www.cm-evora.pt\/en\/wp-json\/wp\/v2\/media?parent=69891"}],"wp:term":[{"taxonomy":"category","embeddable":true,"href":"https:\/\/www.cm-evora.pt\/en\/wp-json\/wp\/v2\/categories?post=69891"}],"curies":[{"name":"wp","href":"https:\/\/api.w.org\/{rel}","templated":true}]}}