{"id":69972,"date":"2025-01-13T10:48:48","date_gmt":"2025-01-13T10:48:48","guid":{"rendered":"https:\/\/www.cm-evora.pt\/?page_id=69972"},"modified":"2025-01-13T11:34:12","modified_gmt":"2025-01-13T11:34:12","slug":"o-que-pode-encontrar-nos-programas-e-iniciativas-para-a-juventude","status":"publish","type":"page","link":"https:\/\/www.cm-evora.pt\/en\/municipe\/areas-de-acao\/juventude\/programas-e-iniciativaspara-a-juventude\/o-que-pode-encontrar-nos-programas-e-iniciativas-para-a-juventude\/","title":{"rendered":"O que pode encontrar nos Programas e Iniciativas para a Juventude"},"content":{"rendered":"<p style=\"text-align: center\"><a href=\"https:\/\/www.cm-evora.pt\/wp-content\/uploads\/2022\/09\/banner_juventude.jpg\" target=\"_blank\" rel=\"noopener\"><img loading=\"lazy\" decoding=\"async\" class=\"alignnone wp-image-40958 size-full\" src=\"https:\/\/www.cm-evora.pt\/wp-content\/uploads\/2022\/09\/banner_juventude.jpg\" alt=\"\" width=\"1920\" height=\"1080\" srcset=\"https:\/\/www.cm-evora.pt\/wp-content\/uploads\/2022\/09\/banner_juventude.jpg 1920w, https:\/\/www.cm-evora.pt\/wp-content\/uploads\/2022\/09\/banner_juventude-300x169.jpg 300w, https:\/\/www.cm-evora.pt\/wp-content\/uploads\/2022\/09\/banner_juventude-1024x576.jpg 1024w, https:\/\/www.cm-evora.pt\/wp-content\/uploads\/2022\/09\/banner_juventude-768x432.jpg 768w, https:\/\/www.cm-evora.pt\/wp-content\/uploads\/2022\/09\/banner_juventude-1536x864.jpg 1536w, https:\/\/www.cm-evora.pt\/wp-content\/uploads\/2022\/09\/banner_juventude-1320x743.jpg 1320w\" sizes=\"auto, (max-width: 1920px) 100vw, 1920px\" \/><\/a><\/p>\n<p>&nbsp;<\/p>\n<p>Aqui pode encontrar informa\u00e7\u00f5es relativas a:<\/p>\n<ul>\n<li style=\"list-style-type: none\">\n<ul>\n<li><a href=\"https:\/\/www.cm-evora.pt\/municipe\/areas-de-acao\/juventude\/programas-e-iniciativaspara-a-juventude\/jovens-embaixadores-de-evora\/\" target=\"_blank\" rel=\"noopener\">Jovens Embaixadores de \u00c9vora<\/a><\/li>\n<li><a href=\"https:\/\/www.cm-evora.pt\/municipe\/areas-de-acao\/juventude\/programas-e-iniciativaspara-a-juventude\/lacos-para-a-vida\/\" target=\"_blank\" rel=\"noopener\">La\u00e7os para a Vida<\/a><\/li>\n<li><a href=\"https:\/\/www.cm-evora.pt\/municipe\/areas-de-acao\/juventude\/programas-e-iniciativaspara-a-juventude\/banco-de-manuais-escolares\/\" target=\"_blank\" rel=\"noopener\">Banco de Manuais Escolares<\/a><\/li>\n<li><a href=\"https:\/\/www.cm-evora.pt\/municipe\/areas-de-acao\/juventude\/programas-e-iniciativaspara-a-juventude\/arvores-de-natal-recicladas\/\" target=\"_blank\" rel=\"noopener\">\u00c1rvores de Natal Recicladas<\/a><\/li>\n<li><a href=\"https:\/\/www.cm-evora.pt\/municipe\/areas-de-acao\/juventude\/programas-e-iniciativaspara-a-juventude\/mes-da-juventude\/\" target=\"_blank\" rel=\"noopener\">M\u00eas da Juventude<\/a><\/li>\n<li><a href=\"https:\/\/www.cm-evora.pt\/municipe\/areas-de-acao\/juventude\/programas-e-iniciativaspara-a-juventude\/projeto-vjovem\/\" target=\"_blank\" rel=\"noopener\">Projeto VJovem<\/a><\/li>\n<li><a href=\"https:\/\/www.cm-evora.pt\/municipe\/areas-de-acao\/juventude\/programas-e-iniciativaspara-a-juventude\/concurso-de-imagem-grafica\/\" target=\"_blank\" rel=\"noopener\">Concurso de Imagem Gr\u00e1fica<\/a><\/li>\n<li><a href=\"https:\/\/www.cm-evora.pt\/municipe\/areas-de-acao\/juventude\/programas-e-iniciativaspara-a-juventude\/porta-das-associacoes-juvenis\/\" target=\"_blank\" rel=\"noopener\">Porta das Associa\u00e7\u00f5es Juvenis<\/a><\/li>\n<li><a href=\"https:\/\/www.cm-evora.pt\/municipe\/areas-de-acao\/juventude\/programas-e-iniciativaspara-a-juventude\/evora-as-pinceladas\/\" target=\"_blank\" rel=\"noopener\">\u00c9vora \u00e0s Pinceladas<\/a><\/li>\n<li><a href=\"https:\/\/www.cm-evora.pt\/municipe\/areas-de-acao\/juventude\/programas-e-iniciativaspara-a-juventude\/projeto-municipal-de-voluntariado-ambiental\/\" target=\"_blank\" rel=\"noopener\">Projeto Municipal de Voluntariado Ambiental<\/a><\/li>\n<\/ul>\n<\/li>\n<\/ul>\n<p>&nbsp;<\/p>\n","protected":false},"excerpt":{"rendered":"<p>&nbsp; Aqui pode encontrar informa\u00e7\u00f5es relativas a: Jovens Embaixadores de \u00c9vora La\u00e7os para a Vida Banco de Manuais Escolares \u00c1rvores de Natal Recicladas M\u00eas da Juventude Projeto VJovem Concurso de Imagem Gr\u00e1fica Porta das Associa\u00e7\u00f5es Juvenis \u00c9vora \u00e0s Pinceladas Projeto Municipal de Voluntariado Ambiental &nbsp;<\/p>\n","protected":false},"author":45,"featured_media":0,"parent":2511,"menu_order":0,"comment_status":"closed","ping_status":"closed","template":"templates-map\/component-text-layout1.php","meta":{"_acf_changed":false,"footnotes":""},"categories":[],"class_list":["post-69972","page","type-page","status-publish","hentry"],"acf":{"imagens":"","titulo_docs_seccao":"","documentos":""},"_links":{"self":[{"href":"https:\/\/www.cm-evora.pt\/en\/wp-json\/wp\/v2\/pages\/69972","targetHints":{"allow":["GET"]}}],"collection":[{"href":"https:\/\/www.cm-evora.pt\/en\/wp-json\/wp\/v2\/pages"}],"about":[{"href":"https:\/\/www.cm-evora.pt\/en\/wp-json\/wp\/v2\/types\/page"}],"author":[{"embeddable":true,"href":"https:\/\/www.cm-evora.pt\/en\/wp-json\/wp\/v2\/users\/45"}],"replies":[{"embeddable":true,"href":"https:\/\/www.cm-evora.pt\/en\/wp-json\/wp\/v2\/comments?post=69972"}],"version-history":[{"count":3,"href":"https:\/\/www.cm-evora.pt\/en\/wp-json\/wp\/v2\/pages\/69972\/revisions"}],"predecessor-version":[{"id":69986,"href":"https:\/\/www.cm-evora.pt\/en\/wp-json\/wp\/v2\/pages\/69972\/revisions\/69986"}],"up":[{"embeddable":true,"href":"https:\/\/www.cm-evora.pt\/en\/wp-json\/wp\/v2\/pages\/2511"}],"wp:attachment":[{"href":"https:\/\/www.cm-evora.pt\/en\/wp-json\/wp\/v2\/media?parent=69972"}],"wp:term":[{"taxonomy":"category","embeddable":true,"href":"https:\/\/www.cm-evora.pt\/en\/wp-json\/wp\/v2\/categories?post=69972"}],"curies":[{"name":"wp","href":"https:\/\/api.w.org\/{rel}","templated":true}]}}