{"id":70063,"date":"2025-01-14T16:14:23","date_gmt":"2025-01-14T16:14:23","guid":{"rendered":"https:\/\/www.cm-evora.pt\/?page_id=70063"},"modified":"2025-09-02T11:43:45","modified_gmt":"2025-09-02T10:43:45","slug":"colecao-visitavel-de-tipografia-tradicional-oficina-dos-impressores-de-memorias-de-evora-ime","status":"publish","type":"page","link":"https:\/\/www.cm-evora.pt\/en\/municipe\/projetos-municipais\/pel-projeto-educativo-local\/projetos-educativos\/colecao-visitavel-de-tipografia-tradicional-oficina-dos-impressores-de-memorias-de-evora-ime\/","title":{"rendered":"Cole\u00e7\u00e3o Visit\u00e1vel de Tipografia Tradicional &#8211; Oficina dos Impressores de Mem\u00f3rias de \u00c9vora (IME)"},"content":{"rendered":"<p>&nbsp;<\/p>\n<h4><strong>Promotor<\/strong><\/h4>\n<p>C\u00e2mara Municipal de \u00c9vora \u2013 Divis\u00e3o de Cultura e Patrim\u00f3nio<\/p>\n<p>&nbsp;<\/p>\n<h4><strong>Respons\u00e1vel<\/strong><\/h4>\n<p>Alexandra Charrua<\/p>\n<p>&nbsp;<\/p>\n<h4><strong>Resumo\/Sinopse<\/strong><\/h4>\n<p>A Cole\u00e7\u00e3o Visit\u00e1vel de Tipografia Tradicional Eborense abriu portas ao p\u00fablico em 2023, cumprindo a vontade expressa dos tip\u00f3grafos eborenses seus parceiros.<\/p>\n<p>&nbsp;<\/p>\n<h4><strong>Miss\u00e3o<\/strong><\/h4>\n<ul>\n<li style=\"list-style-type: none\">\n<ul>\n<li>Divulgar a cole\u00e7\u00e3o que materializa o conhecimento, o saber-fazer, a pr\u00e1tica e a transmiss\u00e3o das t\u00e9cnicas de tipografia tradicional, no \u00e2mbito do patrim\u00f3nio cultural imaterial, incluindo o trabalho de investiga\u00e7\u00e3o realizado com os parceiros: os detentores destes conhecimentos e deste saber-fazer;<\/li>\n<li>Divulgar o percurso individual dos profissionais e o das empresas de artes gr\u00e1ficas eborenses e os trabalhos produzidos no \u00e2mbito do projeto de investiga\u00e7\u00e3o Di\u00e1rio Tipogr\u00e1fico Eborense;<\/li>\n<li>Construir um espa\u00e7o de encontros, de cria\u00e7\u00e3o, de experimenta\u00e7\u00e3o, de design, um laborat\u00f3rio tipogr\u00e1fico, aberto a todo o grupo profissional, \u00e0s empresas gr\u00e1ficas:\n<ul>\n<li>Sociedade Instrutiva Regional Eborense-Gr\u00e1fica Eborense (1922);<\/li>\n<li>Tipografia Nova-A.P.J. Artes Gr\u00e1ficas, Lda. (1932-2022);<\/li>\n<li>\u00c9voratipo-Artes Gr\u00e1ficas, Lda. (1973);<\/li>\n<li>Tipografia Lusit\u00e2nia (1985);<\/li>\n<li>Gr\u00e1fica do Grupo \u00abDi\u00e1rio do Sul\u00bb (1990);<\/li>\n<li>Tipografia Geraldo (1991);<\/li>\n<li>a artistas e designers, \u00e0s institui\u00e7\u00f5es e \u00e0 comunidade.<\/li>\n<\/ul>\n<\/li>\n<\/ul>\n<\/li>\n<\/ul>\n<p>&nbsp;<\/p>\n<h4><strong>Local<\/strong><\/h4>\n<p>Convento dos Rem\u00e9dios, Av. de S. Sebasti\u00e3o, 7000-767 \u00c9vora<\/p>\n<p>&nbsp;<\/p>\n<h4>Hor\u00e1rio<\/h4>\n<p>2\u00aa a 6\u00aa feira das 09h00-12h30 e 14h00-17h30<\/p>\n<p>Agendamento de visitas ou workshops mediante marca\u00e7\u00e3o pr\u00e9via por email.<\/p>\n<p>&nbsp;<\/p>\n<h4><strong>Contactos<\/strong><\/h4>\n<p><span style=\"text-decoration: underline\">Telefone<\/span>: <a href=\"tel:+351266777100\" target=\"_blank\" rel=\"noopener\">+351 266 777 100<\/a> \u00abChamada para a rede fixa nacional\u00bb<br \/>\n<span style=\"text-decoration: underline\">Email<\/span>: <u><a href=\"mailto:alexandra.charrua@cm-evora.pt\" target=\"_blank\" rel=\"noopener\">alexandra.charrua@cm-evora.pt<\/a><\/u><\/p>\n<p>&nbsp;<\/p>\n<h4>Mais informa\u00e7\u00f5es<\/h4>\n<p><a href=\"https:\/\/www.cm-evora.pt\/locais\/convento-dos-remedios-2\/?mp=19591&amp;mc=2625\" target=\"_blank\" rel=\"noopener\">Convento dos Rem\u00e9dios<\/a><\/p>\n","protected":false},"excerpt":{"rendered":"<p>&nbsp; Promotor C\u00e2mara Municipal de \u00c9vora \u2013 Divis\u00e3o de Cultura e Patrim\u00f3nio &nbsp; Respons\u00e1vel Alexandra Charrua &nbsp; Resumo\/Sinopse A Cole\u00e7\u00e3o Visit\u00e1vel de Tipografia Tradicional Eborense abriu portas ao p\u00fablico em 2023, cumprindo a vontade expressa dos tip\u00f3grafos eborenses seus parceiros. &nbsp; Miss\u00e3o Divulgar a cole\u00e7\u00e3o que materializa o conhecimento, o saber-fazer, a pr\u00e1tica e a [&hellip;]<\/p>\n","protected":false},"author":45,"featured_media":0,"parent":14190,"menu_order":25,"comment_status":"closed","ping_status":"closed","template":"templates-map\/component-text-list-layout1.php","meta":{"_acf_changed":false,"footnotes":""},"categories":[],"class_list":["post-70063","page","type-page","status-publish","hentry"],"acf":[],"_links":{"self":[{"href":"https:\/\/www.cm-evora.pt\/en\/wp-json\/wp\/v2\/pages\/70063","targetHints":{"allow":["GET"]}}],"collection":[{"href":"https:\/\/www.cm-evora.pt\/en\/wp-json\/wp\/v2\/pages"}],"about":[{"href":"https:\/\/www.cm-evora.pt\/en\/wp-json\/wp\/v2\/types\/page"}],"author":[{"embeddable":true,"href":"https:\/\/www.cm-evora.pt\/en\/wp-json\/wp\/v2\/users\/45"}],"replies":[{"embeddable":true,"href":"https:\/\/www.cm-evora.pt\/en\/wp-json\/wp\/v2\/comments?post=70063"}],"version-history":[{"count":17,"href":"https:\/\/www.cm-evora.pt\/en\/wp-json\/wp\/v2\/pages\/70063\/revisions"}],"predecessor-version":[{"id":77497,"href":"https:\/\/www.cm-evora.pt\/en\/wp-json\/wp\/v2\/pages\/70063\/revisions\/77497"}],"up":[{"embeddable":true,"href":"https:\/\/www.cm-evora.pt\/en\/wp-json\/wp\/v2\/pages\/14190"}],"wp:attachment":[{"href":"https:\/\/www.cm-evora.pt\/en\/wp-json\/wp\/v2\/media?parent=70063"}],"wp:term":[{"taxonomy":"category","embeddable":true,"href":"https:\/\/www.cm-evora.pt\/en\/wp-json\/wp\/v2\/categories?post=70063"}],"curies":[{"name":"wp","href":"https:\/\/api.w.org\/{rel}","templated":true}]}}