{"id":70090,"date":"2025-01-15T14:09:16","date_gmt":"2025-01-15T14:09:16","guid":{"rendered":"https:\/\/www.cm-evora.pt\/?page_id=70090"},"modified":"2025-03-10T09:57:51","modified_gmt":"2025-03-10T09:57:51","slug":"limpeza-e-desobstrucao-de-linhas-de-agua","status":"publish","type":"page","link":"https:\/\/www.cm-evora.pt\/en\/municipe\/areas-de-acao\/ambiente\/limpeza-e-desobstrucao-de-linhas-de-agua\/","title":{"rendered":"Limpeza e Desobstru\u00e7\u00e3o de Linhas de \u00c1gua"},"content":{"rendered":"<p style=\"text-align: center\"><a href=\"https:\/\/www.cm-evora.pt\/wp-content\/uploads\/2025\/01\/Foto-1.2.png\"><img loading=\"lazy\" decoding=\"async\" class=\"alignnone size-full wp-image-70091\" src=\"https:\/\/www.cm-evora.pt\/wp-content\/uploads\/2025\/01\/Foto-1.2.png\" alt=\"\" width=\"1920\" height=\"1280\" srcset=\"https:\/\/www.cm-evora.pt\/wp-content\/uploads\/2025\/01\/Foto-1.2.png 1920w, https:\/\/www.cm-evora.pt\/wp-content\/uploads\/2025\/01\/Foto-1.2-300x200.png 300w, https:\/\/www.cm-evora.pt\/wp-content\/uploads\/2025\/01\/Foto-1.2-1024x683.png 1024w, https:\/\/www.cm-evora.pt\/wp-content\/uploads\/2025\/01\/Foto-1.2-768x512.png 768w, https:\/\/www.cm-evora.pt\/wp-content\/uploads\/2025\/01\/Foto-1.2-1536x1024.png 1536w, https:\/\/www.cm-evora.pt\/wp-content\/uploads\/2025\/01\/Foto-1.2-1320x880.png 1320w\" sizes=\"auto, (max-width: 1920px) 100vw, 1920px\" \/><\/a><\/p>\n<p>&nbsp;<\/p>\n<p style=\"text-align: center\">Clica na imagem para descarregar o Folheto &#8216;A\u00e7\u00f5es de Limpeza e Desobstru\u00e7\u00e3o para a Manuten\u00e7\u00e3o do Bom Estado de Conserva\u00e7\u00e3o das Linhas de \u00c1gua&#8217;.<\/p>\n<div id=\"attachment_70128\" style=\"width: 884px\" class=\"wp-caption aligncenter\"><a href=\"https:\/\/www.cm-evora.pt\/wp-content\/uploads\/2025\/01\/Acoes-de-Limpeza-e-Desobstrucao-para-a-Manutencao-do-Bom-Estado-de-Conservacao-das-Linhas-de-Agua_15JAN.pdf\" target=\"_blank\" rel=\"noopener\"><img loading=\"lazy\" decoding=\"async\" aria-describedby=\"caption-attachment-70128\" class=\"wp-image-70128 size-full\" src=\"https:\/\/www.cm-evora.pt\/wp-content\/uploads\/2025\/01\/Acoes-de-Limpeza-e-Desobstrucao-para-a-Manutencao-do-Bom-Estado-de-Conservacao-das-Linhas-de-Agua_15JAN_page-0001-e1737018806661.jpg\" alt=\"\" width=\"874\" height=\"682\" srcset=\"https:\/\/www.cm-evora.pt\/wp-content\/uploads\/2025\/01\/Acoes-de-Limpeza-e-Desobstrucao-para-a-Manutencao-do-Bom-Estado-de-Conservacao-das-Linhas-de-Agua_15JAN_page-0001-e1737018806661.jpg 874w, https:\/\/www.cm-evora.pt\/wp-content\/uploads\/2025\/01\/Acoes-de-Limpeza-e-Desobstrucao-para-a-Manutencao-do-Bom-Estado-de-Conservacao-das-Linhas-de-Agua_15JAN_page-0001-e1737018806661-300x234.jpg 300w, https:\/\/www.cm-evora.pt\/wp-content\/uploads\/2025\/01\/Acoes-de-Limpeza-e-Desobstrucao-para-a-Manutencao-do-Bom-Estado-de-Conservacao-das-Linhas-de-Agua_15JAN_page-0001-e1737018806661-768x599.jpg 768w\" sizes=\"auto, (max-width: 874px) 100vw, 874px\" \/><\/a><p id=\"caption-attachment-70128\" class=\"wp-caption-text\">Folheto &#8216;A\u00e7\u00f5es de Limpeza e Desobstru\u00e7\u00e3o para a Manuten\u00e7\u00e3o do Bom Estado de Conserva\u00e7\u00e3o das Linhas de \u00c1gua&#8217;<\/p><\/div>\n","protected":false},"excerpt":{"rendered":"<p>&nbsp; Clica na imagem para descarregar o Folheto &#8216;A\u00e7\u00f5es de Limpeza e Desobstru\u00e7\u00e3o para a Manuten\u00e7\u00e3o do Bom Estado de Conserva\u00e7\u00e3o das Linhas de \u00c1gua&#8217;.<\/p>\n","protected":false},"author":45,"featured_media":0,"parent":1490,"menu_order":16,"comment_status":"closed","ping_status":"closed","template":"templates-map\/component-text-list-layout1.php","meta":{"_acf_changed":false,"footnotes":""},"categories":[],"class_list":["post-70090","page","type-page","status-publish","hentry"],"acf":[],"_links":{"self":[{"href":"https:\/\/www.cm-evora.pt\/en\/wp-json\/wp\/v2\/pages\/70090","targetHints":{"allow":["GET"]}}],"collection":[{"href":"https:\/\/www.cm-evora.pt\/en\/wp-json\/wp\/v2\/pages"}],"about":[{"href":"https:\/\/www.cm-evora.pt\/en\/wp-json\/wp\/v2\/types\/page"}],"author":[{"embeddable":true,"href":"https:\/\/www.cm-evora.pt\/en\/wp-json\/wp\/v2\/users\/45"}],"replies":[{"embeddable":true,"href":"https:\/\/www.cm-evora.pt\/en\/wp-json\/wp\/v2\/comments?post=70090"}],"version-history":[{"count":6,"href":"https:\/\/www.cm-evora.pt\/en\/wp-json\/wp\/v2\/pages\/70090\/revisions"}],"predecessor-version":[{"id":72001,"href":"https:\/\/www.cm-evora.pt\/en\/wp-json\/wp\/v2\/pages\/70090\/revisions\/72001"}],"up":[{"embeddable":true,"href":"https:\/\/www.cm-evora.pt\/en\/wp-json\/wp\/v2\/pages\/1490"}],"wp:attachment":[{"href":"https:\/\/www.cm-evora.pt\/en\/wp-json\/wp\/v2\/media?parent=70090"}],"wp:term":[{"taxonomy":"category","embeddable":true,"href":"https:\/\/www.cm-evora.pt\/en\/wp-json\/wp\/v2\/categories?post=70090"}],"curies":[{"name":"wp","href":"https:\/\/api.w.org\/{rel}","templated":true}]}}