{"id":70207,"date":"2025-01-17T14:33:50","date_gmt":"2025-01-17T14:33:50","guid":{"rendered":"https:\/\/www.cm-evora.pt\/?page_id=70207"},"modified":"2026-01-30T13:58:27","modified_gmt":"2026-01-30T13:58:27","slug":"operacoes-contratualizadas-no-ambito-do-portugal-2020","status":"publish","type":"page","link":"https:\/\/www.cm-evora.pt\/en\/municipe\/projetos-cofinanciados\/operacoes-contratualizadas-no-ambito-do-portugal-2020\/","title":{"rendered":"Opera\u00e7\u00f5es Contratualizadas no \u00e2mbito do Portugal 2020"},"content":{"rendered":"<p><a href=\"https:\/\/www.cm-evora.pt\/wp-content\/uploads\/2021\/03\/portugal2020.jpg\"><img loading=\"lazy\" decoding=\"async\" class=\"alignnone size-full wp-image-21428\" src=\"https:\/\/www.cm-evora.pt\/wp-content\/uploads\/2021\/03\/portugal2020.jpg\" alt=\"\" width=\"2116\" height=\"725\" srcset=\"https:\/\/www.cm-evora.pt\/wp-content\/uploads\/2021\/03\/portugal2020.jpg 2116w, https:\/\/www.cm-evora.pt\/wp-content\/uploads\/2021\/03\/portugal2020-300x103.jpg 300w, https:\/\/www.cm-evora.pt\/wp-content\/uploads\/2021\/03\/portugal2020-1024x351.jpg 1024w, https:\/\/www.cm-evora.pt\/wp-content\/uploads\/2021\/03\/portugal2020-768x263.jpg 768w, https:\/\/www.cm-evora.pt\/wp-content\/uploads\/2021\/03\/portugal2020-1536x526.jpg 1536w, https:\/\/www.cm-evora.pt\/wp-content\/uploads\/2021\/03\/portugal2020-2048x702.jpg 2048w, https:\/\/www.cm-evora.pt\/wp-content\/uploads\/2021\/03\/portugal2020-1320x452.jpg 1320w\" sizes=\"auto, (max-width: 2116px) 100vw, 2116px\" \/><\/a><\/p>\n<p>&nbsp;<\/p>\n<p>Aqui disponibilizamos os contratos de financiamento e informa\u00e7\u00e3o sum\u00e1ria sobre as opera\u00e7\u00f5es contratualizadas no \u00e2mbito do PORTUGAL 2020.<\/p>\n<p>&nbsp;<\/p>\n<p>&nbsp;<\/p>\n","protected":false},"excerpt":{"rendered":"<p>&nbsp; Aqui disponibilizamos os contratos de financiamento e informa\u00e7\u00e3o sum\u00e1ria sobre as opera\u00e7\u00f5es contratualizadas no \u00e2mbito do PORTUGAL 2020. &nbsp; &nbsp;<\/p>\n","protected":false},"author":45,"featured_media":0,"parent":80310,"menu_order":2,"comment_status":"closed","ping_status":"closed","template":"templates-map\/component-file-gallery-layout3.php","meta":{"_acf_changed":false,"footnotes":""},"categories":[],"class_list":["post-70207","page","type-page","status-publish","hentry"],"acf":[],"_links":{"self":[{"href":"https:\/\/www.cm-evora.pt\/en\/wp-json\/wp\/v2\/pages\/70207","targetHints":{"allow":["GET"]}}],"collection":[{"href":"https:\/\/www.cm-evora.pt\/en\/wp-json\/wp\/v2\/pages"}],"about":[{"href":"https:\/\/www.cm-evora.pt\/en\/wp-json\/wp\/v2\/types\/page"}],"author":[{"embeddable":true,"href":"https:\/\/www.cm-evora.pt\/en\/wp-json\/wp\/v2\/users\/45"}],"replies":[{"embeddable":true,"href":"https:\/\/www.cm-evora.pt\/en\/wp-json\/wp\/v2\/comments?post=70207"}],"version-history":[{"count":4,"href":"https:\/\/www.cm-evora.pt\/en\/wp-json\/wp\/v2\/pages\/70207\/revisions"}],"predecessor-version":[{"id":81243,"href":"https:\/\/www.cm-evora.pt\/en\/wp-json\/wp\/v2\/pages\/70207\/revisions\/81243"}],"up":[{"embeddable":true,"href":"https:\/\/www.cm-evora.pt\/en\/wp-json\/wp\/v2\/pages\/80310"}],"wp:attachment":[{"href":"https:\/\/www.cm-evora.pt\/en\/wp-json\/wp\/v2\/media?parent=70207"}],"wp:term":[{"taxonomy":"category","embeddable":true,"href":"https:\/\/www.cm-evora.pt\/en\/wp-json\/wp\/v2\/categories?post=70207"}],"curies":[{"name":"wp","href":"https:\/\/api.w.org\/{rel}","templated":true}]}}