{"id":70211,"date":"2025-01-17T14:38:32","date_gmt":"2025-01-17T14:38:32","guid":{"rendered":"https:\/\/www.cm-evora.pt\/?page_id=70211"},"modified":"2026-01-16T09:58:16","modified_gmt":"2026-01-16T09:58:16","slug":"operacoes-contratualizadas-no-ambito-do-alentejo-2030","status":"publish","type":"page","link":"https:\/\/www.cm-evora.pt\/en\/municipe\/projetos-cofinanciados\/operacoes-contratualizadas-no-ambito-do-alentejo-2030\/","title":{"rendered":"Opera\u00e7\u00f5es Contratualizadas no \u00e2mbito do Alentejo 2030"},"content":{"rendered":"<p><\/p>\n<p style=\"text-align: center\"><a href=\"https:\/\/www.cm-evora.pt\/wp-content\/uploads\/2025\/01\/alentejo2030_cor.png\"><img loading=\"lazy\" decoding=\"async\" class=\"alignnone size-full wp-image-70213\" src=\"https:\/\/www.cm-evora.pt\/wp-content\/uploads\/2025\/01\/alentejo2030_cor.png\" alt=\"\" width=\"3679\" height=\"1204\" srcset=\"https:\/\/www.cm-evora.pt\/wp-content\/uploads\/2025\/01\/alentejo2030_cor.png 3679w, https:\/\/www.cm-evora.pt\/wp-content\/uploads\/2025\/01\/alentejo2030_cor-300x98.png 300w, https:\/\/www.cm-evora.pt\/wp-content\/uploads\/2025\/01\/alentejo2030_cor-1024x335.png 1024w, https:\/\/www.cm-evora.pt\/wp-content\/uploads\/2025\/01\/alentejo2030_cor-768x251.png 768w, https:\/\/www.cm-evora.pt\/wp-content\/uploads\/2025\/01\/alentejo2030_cor-1536x503.png 1536w, https:\/\/www.cm-evora.pt\/wp-content\/uploads\/2025\/01\/alentejo2030_cor-2048x670.png 2048w, https:\/\/www.cm-evora.pt\/wp-content\/uploads\/2025\/01\/alentejo2030_cor-1320x432.png 1320w\" sizes=\"auto, (max-width: 3679px) 100vw, 3679px\" \/><\/a><\/p>\n<p>Aqui disponibilizamos os contratos de financiamento e informa\u00e7\u00e3o sum\u00e1ria sobre as opera\u00e7\u00f5es contratualizadas no \u00e2mbito do Alentejo 2030.<\/p>\n<p>&nbsp;<\/p>","protected":false},"excerpt":{"rendered":"<p>Aqui disponibilizamos os contratos de financiamento e informa\u00e7\u00e3o sum\u00e1ria sobre as opera\u00e7\u00f5es contratualizadas no \u00e2mbito do Alentejo 2030. &nbsp;<\/p>\n","protected":false},"author":45,"featured_media":0,"parent":80310,"menu_order":1,"comment_status":"closed","ping_status":"closed","template":"templates-map\/component-file-gallery-layout3.php","meta":{"_acf_changed":false,"footnotes":""},"categories":[],"class_list":["post-70211","page","type-page","status-publish","hentry"],"acf":[],"_links":{"self":[{"href":"https:\/\/www.cm-evora.pt\/en\/wp-json\/wp\/v2\/pages\/70211","targetHints":{"allow":["GET"]}}],"collection":[{"href":"https:\/\/www.cm-evora.pt\/en\/wp-json\/wp\/v2\/pages"}],"about":[{"href":"https:\/\/www.cm-evora.pt\/en\/wp-json\/wp\/v2\/types\/page"}],"author":[{"embeddable":true,"href":"https:\/\/www.cm-evora.pt\/en\/wp-json\/wp\/v2\/users\/45"}],"replies":[{"embeddable":true,"href":"https:\/\/www.cm-evora.pt\/en\/wp-json\/wp\/v2\/comments?post=70211"}],"version-history":[{"count":3,"href":"https:\/\/www.cm-evora.pt\/en\/wp-json\/wp\/v2\/pages\/70211\/revisions"}],"predecessor-version":[{"id":78585,"href":"https:\/\/www.cm-evora.pt\/en\/wp-json\/wp\/v2\/pages\/70211\/revisions\/78585"}],"up":[{"embeddable":true,"href":"https:\/\/www.cm-evora.pt\/en\/wp-json\/wp\/v2\/pages\/80310"}],"wp:attachment":[{"href":"https:\/\/www.cm-evora.pt\/en\/wp-json\/wp\/v2\/media?parent=70211"}],"wp:term":[{"taxonomy":"category","embeddable":true,"href":"https:\/\/www.cm-evora.pt\/en\/wp-json\/wp\/v2\/categories?post=70211"}],"curies":[{"name":"wp","href":"https:\/\/api.w.org\/{rel}","templated":true}]}}