{"id":70707,"date":"2025-01-30T10:24:23","date_gmt":"2025-01-30T10:24:23","guid":{"rendered":"https:\/\/www.cm-evora.pt\/?page_id=70707"},"modified":"2025-03-10T11:01:09","modified_gmt":"2025-03-10T11:01:09","slug":"o-que-pode-encontrar-no-associativismo","status":"publish","type":"page","link":"https:\/\/www.cm-evora.pt\/en\/municipe\/areas-de-acao\/associativismo\/o-que-pode-encontrar-no-associativismo\/","title":{"rendered":"O que pode encontrar no Associativismo"},"content":{"rendered":"<p>Aqui pode encontrar informa\u00e7\u00f5es relativas a:<\/p>\n<ul>\n<li style=\"list-style-type: none\">\n<ul>\n<li><a href=\"https:\/\/associativismo.cm-evora.pt\" target=\"_blank\" rel=\"noopener\">Plataforma \u00c9vora Associativismo<\/a><\/li>\n<li><a href=\"https:\/\/www.cm-evora.pt\/municipe\/areas-de-acao\/desporto-e-lazer\/associativismo-desportivo\/\" target=\"_blank\" rel=\"noopener\">Associativismo Desportivo<\/a><\/li>\n<li><a href=\"https:\/\/www.cm-evora.pt\/municipe\/areas-de-acao\/juventude\/associativismo-jovem\/\" target=\"_blank\" rel=\"noopener\">Associativismo Jovem<\/a><\/li>\n<li><a href=\"https:\/\/www.cm-evora.pt\/municipe\/areas-de-acao\/associativismo\/associativismo-social-e-juvenil-do-concelho-de-evora\/\" target=\"_blank\" rel=\"noopener\">Associativismo Social e Juvenil do Concelho de \u00c9vora<\/a><\/li>\n<\/ul>\n<\/li>\n<\/ul>\n<p>&nbsp;<\/p>\n","protected":false},"excerpt":{"rendered":"<p>Aqui pode encontrar informa\u00e7\u00f5es relativas a: Plataforma \u00c9vora Associativismo Associativismo Desportivo Associativismo Jovem Associativismo Social e Juvenil do Concelho de \u00c9vora &nbsp;<\/p>\n","protected":false},"author":45,"featured_media":0,"parent":1492,"menu_order":0,"comment_status":"closed","ping_status":"closed","template":"templates-map\/component-text-layout1.php","meta":{"_acf_changed":false,"footnotes":""},"categories":[],"class_list":["post-70707","page","type-page","status-publish","hentry"],"acf":{"imagens":"","titulo_docs_seccao":"","documentos":""},"_links":{"self":[{"href":"https:\/\/www.cm-evora.pt\/en\/wp-json\/wp\/v2\/pages\/70707","targetHints":{"allow":["GET"]}}],"collection":[{"href":"https:\/\/www.cm-evora.pt\/en\/wp-json\/wp\/v2\/pages"}],"about":[{"href":"https:\/\/www.cm-evora.pt\/en\/wp-json\/wp\/v2\/types\/page"}],"author":[{"embeddable":true,"href":"https:\/\/www.cm-evora.pt\/en\/wp-json\/wp\/v2\/users\/45"}],"replies":[{"embeddable":true,"href":"https:\/\/www.cm-evora.pt\/en\/wp-json\/wp\/v2\/comments?post=70707"}],"version-history":[{"count":4,"href":"https:\/\/www.cm-evora.pt\/en\/wp-json\/wp\/v2\/pages\/70707\/revisions"}],"predecessor-version":[{"id":72010,"href":"https:\/\/www.cm-evora.pt\/en\/wp-json\/wp\/v2\/pages\/70707\/revisions\/72010"}],"up":[{"embeddable":true,"href":"https:\/\/www.cm-evora.pt\/en\/wp-json\/wp\/v2\/pages\/1492"}],"wp:attachment":[{"href":"https:\/\/www.cm-evora.pt\/en\/wp-json\/wp\/v2\/media?parent=70707"}],"wp:term":[{"taxonomy":"category","embeddable":true,"href":"https:\/\/www.cm-evora.pt\/en\/wp-json\/wp\/v2\/categories?post=70707"}],"curies":[{"name":"wp","href":"https:\/\/api.w.org\/{rel}","templated":true}]}}