{"id":70802,"date":"2025-02-03T14:27:26","date_gmt":"2025-02-03T14:27:26","guid":{"rendered":"https:\/\/www.cm-evora.pt\/?page_id=70802"},"modified":"2025-02-14T15:51:51","modified_gmt":"2025-02-14T15:51:51","slug":"o-que-pode-encontrar-nas-aplicacoes-do-municipio","status":"publish","type":"page","link":"https:\/\/www.cm-evora.pt\/en\/municipe\/aplicacoes-do-municipio\/o-que-pode-encontrar-nas-aplicacoes-do-municipio\/","title":{"rendered":"O que pode encontrar nas Aplica\u00e7\u00f5es do Munic\u00edpio"},"content":{"rendered":"<p>Aqui pode encontrar informa\u00e7\u00f5es relativas a :<\/p>\n<ul>\n<li><a href=\"https:\/\/www.cm-evora.pt\/municipe\/aplicacoes-do-municipio\/app-do-municipio\/\" target=\"_blank\" rel=\"noopener\">Munic\u00edpio de \u00c9vora<\/a><\/li>\n<li><a href=\"https:\/\/www.cm-evora.pt\/municipe\/aplicacoes-do-municipio\/estacionamento-tarifado\/\" target=\"_blank\" rel=\"noopener\">Estacionamento Tarifado<\/a><\/li>\n<li><a href=\"https:\/\/www.cm-evora.pt\/municipe\/aplicacoes-do-municipio\/app-desporto\/\" target=\"_blank\" rel=\"noopener\">Desporto<\/a><\/li>\n<\/ul>\n","protected":false},"excerpt":{"rendered":"<p>Aqui pode encontrar informa\u00e7\u00f5es relativas a : Munic\u00edpio de \u00c9vora Estacionamento Tarifado Desporto<\/p>\n","protected":false},"author":45,"featured_media":0,"parent":70795,"menu_order":0,"comment_status":"closed","ping_status":"closed","template":"templates-map\/component-text-layout1.php","meta":{"_acf_changed":false,"footnotes":""},"categories":[],"class_list":["post-70802","page","type-page","status-publish","hentry"],"acf":{"imagens":"","titulo_docs_seccao":"","documentos":""},"_links":{"self":[{"href":"https:\/\/www.cm-evora.pt\/en\/wp-json\/wp\/v2\/pages\/70802","targetHints":{"allow":["GET"]}}],"collection":[{"href":"https:\/\/www.cm-evora.pt\/en\/wp-json\/wp\/v2\/pages"}],"about":[{"href":"https:\/\/www.cm-evora.pt\/en\/wp-json\/wp\/v2\/types\/page"}],"author":[{"embeddable":true,"href":"https:\/\/www.cm-evora.pt\/en\/wp-json\/wp\/v2\/users\/45"}],"replies":[{"embeddable":true,"href":"https:\/\/www.cm-evora.pt\/en\/wp-json\/wp\/v2\/comments?post=70802"}],"version-history":[{"count":5,"href":"https:\/\/www.cm-evora.pt\/en\/wp-json\/wp\/v2\/pages\/70802\/revisions"}],"predecessor-version":[{"id":71223,"href":"https:\/\/www.cm-evora.pt\/en\/wp-json\/wp\/v2\/pages\/70802\/revisions\/71223"}],"up":[{"embeddable":true,"href":"https:\/\/www.cm-evora.pt\/en\/wp-json\/wp\/v2\/pages\/70795"}],"wp:attachment":[{"href":"https:\/\/www.cm-evora.pt\/en\/wp-json\/wp\/v2\/media?parent=70802"}],"wp:term":[{"taxonomy":"category","embeddable":true,"href":"https:\/\/www.cm-evora.pt\/en\/wp-json\/wp\/v2\/categories?post=70802"}],"curies":[{"name":"wp","href":"https:\/\/api.w.org\/{rel}","templated":true}]}}