{"id":70806,"date":"2025-02-03T14:28:12","date_gmt":"2025-02-03T14:28:12","guid":{"rendered":"https:\/\/www.cm-evora.pt\/?page_id=70806"},"modified":"2025-02-17T14:40:59","modified_gmt":"2025-02-17T14:40:59","slug":"estacionamento-tarifado","status":"publish","type":"page","link":"https:\/\/www.cm-evora.pt\/en\/municipe\/aplicacoes-do-municipio\/estacionamento-tarifado\/","title":{"rendered":"Estacionamento Tarifado"},"content":{"rendered":"<p>Agora, com a aplica\u00e7\u00e3o m\u00f3vel <strong>\u00c9vora Mobilidade, <\/strong>pagar o estacionamento tarifado no centro hist\u00f3rico da cidade \u00e9 r\u00e1pido, f\u00e1cil e intuitivo.<\/p>\n<p>Como? Basta descarregar a aplica\u00e7\u00e3o e seguir as instru\u00e7\u00f5es.<\/p>\n<p>&nbsp;<\/p>\n<p><a href=\"https:\/\/www.cm-evora.pt\/wp-content\/uploads\/2025\/02\/Banners_PagamentoDesmaterializado_CME-02.png\"><img loading=\"lazy\" decoding=\"async\" class=\"alignnone size-full wp-image-71218\" src=\"https:\/\/www.cm-evora.pt\/wp-content\/uploads\/2025\/02\/Banners_PagamentoDesmaterializado_CME-02.png\" alt=\"\" width=\"8000\" height=\"4500\" srcset=\"https:\/\/www.cm-evora.pt\/wp-content\/uploads\/2025\/02\/Banners_PagamentoDesmaterializado_CME-02.png 8000w, https:\/\/www.cm-evora.pt\/wp-content\/uploads\/2025\/02\/Banners_PagamentoDesmaterializado_CME-02-300x169.png 300w, https:\/\/www.cm-evora.pt\/wp-content\/uploads\/2025\/02\/Banners_PagamentoDesmaterializado_CME-02-1024x576.png 1024w, https:\/\/www.cm-evora.pt\/wp-content\/uploads\/2025\/02\/Banners_PagamentoDesmaterializado_CME-02-768x432.png 768w, https:\/\/www.cm-evora.pt\/wp-content\/uploads\/2025\/02\/Banners_PagamentoDesmaterializado_CME-02-1536x864.png 1536w, https:\/\/www.cm-evora.pt\/wp-content\/uploads\/2025\/02\/Banners_PagamentoDesmaterializado_CME-02-2048x1152.png 2048w, https:\/\/www.cm-evora.pt\/wp-content\/uploads\/2025\/02\/Banners_PagamentoDesmaterializado_CME-02-1320x743.png 1320w\" sizes=\"auto, (max-width: 8000px) 100vw, 8000px\" \/><\/a><\/p>\n<p>&nbsp;<\/p>\n<p>A aplica\u00e7\u00e3o pode ser descarregada aqui:<\/p>\n<p style=\"text-align: center\"><a href=\"https:\/\/apps.apple.com\/pt\/app\/%C3%A9vora-mobilidade\/id6670336703\" target=\"_blank\" rel=\"noopener\"><img loading=\"lazy\" decoding=\"async\" class=\"alignnone wp-image-18524 size-full\" src=\"https:\/\/www.cm-evora.pt\/wp-content\/uploads\/2021\/01\/appstore.jpg\" alt=\"\" width=\"124\" height=\"43\" \/><\/a> <a href=\"https:\/\/play.google.com\/store\/apps\/details?id=com.evoramove.urbanmotion\" target=\"_blank\" rel=\"noopener\"><img loading=\"lazy\" decoding=\"async\" class=\"alignnone wp-image-7620 size-full\" src=\"https:\/\/www.cm-evora.pt\/wp-content\/uploads\/2020\/06\/google-pl.jpg\" alt=\"\" width=\"124\" height=\"42\" \/><\/a><\/p>\n<p>&nbsp;<\/p>\n<hr \/>\n<p>&nbsp;<\/p>\n<p>Em alternativa, pode usar a Via Verde Estacionar:<\/p>\n<p style=\"text-align: center\"><img loading=\"lazy\" decoding=\"async\" class=\"alignnone wp-image-71256\" src=\"https:\/\/www.cm-evora.pt\/wp-content\/uploads\/2025\/02\/Via_Verde_Logo-300x175.jpg\" alt=\"\" width=\"150\" height=\"88\" srcset=\"https:\/\/www.cm-evora.pt\/wp-content\/uploads\/2025\/02\/Via_Verde_Logo-300x175.jpg 300w, https:\/\/www.cm-evora.pt\/wp-content\/uploads\/2025\/02\/Via_Verde_Logo-1024x598.jpg 1024w, https:\/\/www.cm-evora.pt\/wp-content\/uploads\/2025\/02\/Via_Verde_Logo-768x448.jpg 768w, https:\/\/www.cm-evora.pt\/wp-content\/uploads\/2025\/02\/Via_Verde_Logo-1320x770.jpg 1320w, https:\/\/www.cm-evora.pt\/wp-content\/uploads\/2025\/02\/Via_Verde_Logo.jpg 1417w\" sizes=\"auto, (max-width: 150px) 100vw, 150px\" \/><\/p>\n<p style=\"text-align: center\"><a href=\"https:\/\/apps.apple.com\/pt\/app\/via-verde-estacionar\/id1080134606\" target=\"_blank\" rel=\"noopener\"><img loading=\"lazy\" decoding=\"async\" class=\"alignnone wp-image-18524 size-full\" src=\"https:\/\/www.cm-evora.pt\/wp-content\/uploads\/2021\/01\/appstore.jpg\" alt=\"\" width=\"124\" height=\"43\" \/><\/a>\u00a0<a href=\"https:\/\/play.google.com\/store\/apps\/details?id=pt.maksu.vvm\" target=\"_blank\" rel=\"noopener\"><img loading=\"lazy\" decoding=\"async\" class=\"alignnone wp-image-7620 size-full\" src=\"https:\/\/www.cm-evora.pt\/wp-content\/uploads\/2020\/06\/google-pl.jpg\" alt=\"\" width=\"124\" height=\"42\" \/><\/a><\/p>\n","protected":false},"excerpt":{"rendered":"<p>Agora, com a aplica\u00e7\u00e3o m\u00f3vel \u00c9vora Mobilidade, pagar o estacionamento tarifado no centro hist\u00f3rico da cidade \u00e9 r\u00e1pido, f\u00e1cil e intuitivo. Como? Basta descarregar a aplica\u00e7\u00e3o e seguir as instru\u00e7\u00f5es. &nbsp; &nbsp; A aplica\u00e7\u00e3o pode ser descarregada aqui: &nbsp; &nbsp; Em alternativa, pode usar a Via Verde Estacionar: \u00a0<\/p>\n","protected":false},"author":45,"featured_media":0,"parent":70795,"menu_order":2,"comment_status":"closed","ping_status":"closed","template":"templates-map\/component-text-layout1.php","meta":{"_acf_changed":false,"footnotes":""},"categories":[],"class_list":["post-70806","page","type-page","status-publish","hentry"],"acf":{"imagens":"","titulo_docs_seccao":"","documentos":""},"_links":{"self":[{"href":"https:\/\/www.cm-evora.pt\/en\/wp-json\/wp\/v2\/pages\/70806","targetHints":{"allow":["GET"]}}],"collection":[{"href":"https:\/\/www.cm-evora.pt\/en\/wp-json\/wp\/v2\/pages"}],"about":[{"href":"https:\/\/www.cm-evora.pt\/en\/wp-json\/wp\/v2\/types\/page"}],"author":[{"embeddable":true,"href":"https:\/\/www.cm-evora.pt\/en\/wp-json\/wp\/v2\/users\/45"}],"replies":[{"embeddable":true,"href":"https:\/\/www.cm-evora.pt\/en\/wp-json\/wp\/v2\/comments?post=70806"}],"version-history":[{"count":8,"href":"https:\/\/www.cm-evora.pt\/en\/wp-json\/wp\/v2\/pages\/70806\/revisions"}],"predecessor-version":[{"id":71258,"href":"https:\/\/www.cm-evora.pt\/en\/wp-json\/wp\/v2\/pages\/70806\/revisions\/71258"}],"up":[{"embeddable":true,"href":"https:\/\/www.cm-evora.pt\/en\/wp-json\/wp\/v2\/pages\/70795"}],"wp:attachment":[{"href":"https:\/\/www.cm-evora.pt\/en\/wp-json\/wp\/v2\/media?parent=70806"}],"wp:term":[{"taxonomy":"category","embeddable":true,"href":"https:\/\/www.cm-evora.pt\/en\/wp-json\/wp\/v2\/categories?post=70806"}],"curies":[{"name":"wp","href":"https:\/\/api.w.org\/{rel}","templated":true}]}}