{"id":70842,"date":"2025-02-04T14:20:56","date_gmt":"2025-02-04T14:20:56","guid":{"rendered":"https:\/\/www.cm-evora.pt\/?page_id=70842"},"modified":"2025-02-17T10:14:37","modified_gmt":"2025-02-17T10:14:37","slug":"pecas-essenciais","status":"publish","type":"page","link":"https:\/\/www.cm-evora.pt\/en\/pecas-essenciais\/","title":{"rendered":"Pe\u00e7as Essenciais"},"content":{"rendered":"<p style=\"text-align: center\"><img loading=\"lazy\" decoding=\"async\" class=\"alignnone wp-image-70845 size-full\" src=\"https:\/\/www.cm-evora.pt\/wp-content\/uploads\/2025\/02\/211215_Plano-de-comunicacao-PUEvora_mariana_2025-02.jpg\" alt=\"\" width=\"1401\" height=\"989\" srcset=\"https:\/\/www.cm-evora.pt\/wp-content\/uploads\/2025\/02\/211215_Plano-de-comunicacao-PUEvora_mariana_2025-02.jpg 1401w, https:\/\/www.cm-evora.pt\/wp-content\/uploads\/2025\/02\/211215_Plano-de-comunicacao-PUEvora_mariana_2025-02-300x212.jpg 300w, https:\/\/www.cm-evora.pt\/wp-content\/uploads\/2025\/02\/211215_Plano-de-comunicacao-PUEvora_mariana_2025-02-1024x723.jpg 1024w, https:\/\/www.cm-evora.pt\/wp-content\/uploads\/2025\/02\/211215_Plano-de-comunicacao-PUEvora_mariana_2025-02-768x542.jpg 768w, https:\/\/www.cm-evora.pt\/wp-content\/uploads\/2025\/02\/211215_Plano-de-comunicacao-PUEvora_mariana_2025-02-1320x932.jpg 1320w\" sizes=\"auto, (max-width: 1401px) 100vw, 1401px\" \/><\/p>\n<p>&nbsp;<\/p>\n<p>Consulte aqui as pe\u00e7as fundamentais do plano:<\/p>\n<ul>\n<li style=\"list-style-type: none\">\n<ul>\n<li><a href=\"https:\/\/www.cm-evora.pt\/wp-content\/uploads\/2025\/02\/2ab_RelatorioPrograma-de-execucaoModelo-perequativo-Plano-de-financiamento.pdf\" target=\"_blank\" rel=\"noopener\">Relat\u00f3rio e programa<\/a><\/li>\n<li><a href=\"https:\/\/www.cm-evora.pt\/wp-content\/uploads\/2025\/02\/1a_Regulamento.pdf\" target=\"_blank\" rel=\"noopener\">Regulamento<\/a><\/li>\n<li><a href=\"https:\/\/www.cm-evora.pt\/wp-content\/uploads\/2025\/02\/1b1_Pl.-Zonamento-Estrut.-Classif.-Qualif.pdf\" target=\"_blank\" rel=\"noopener\">Planta de zonamento<\/a><\/li>\n<li><a href=\"https:\/\/www.cm-evora.pt\/wp-content\/uploads\/2025\/02\/1b2_Pl.-Zonamento-Orientacoes-Executorias.pdf\" target=\"_blank\" rel=\"noopener\">Planta de Orienta\u00e7\u00f5es Execut\u00f3rias<\/a><\/li>\n<li><a href=\"https:\/\/www.cm-evora.pt\/wp-content\/uploads\/2025\/02\/1c1_Planta-de-Condicionantes-scaled.jpg\" target=\"_blank\" rel=\"noopener\">Planta de condicionantes<\/a><\/li>\n<li><a href=\"https:\/\/www.cm-evora.pt\/wp-content\/uploads\/2025\/02\/1c2_Planta-de-Condicionantes-REN-scaled.jpg\" target=\"_blank\" rel=\"noopener\">Planta de condicionantes \u2013 Reserva Ecol\u00f3gica Nacional<\/a><\/li>\n<li><a href=\"https:\/\/www.cm-evora.pt\/wp-content\/uploads\/2025\/02\/1c3_Planta-de-Condicionantes-PIF-scaled.jpg\" target=\"_blank\" rel=\"noopener\">Planta de condicionantes \u2013 Preven\u00e7\u00e3o de Inc\u00eandios Florestais<\/a><\/li>\n<\/ul>\n<\/li>\n<\/ul>\n","protected":false},"excerpt":{"rendered":"<p>&nbsp; Consulte aqui as pe\u00e7as fundamentais do plano: Relat\u00f3rio e programa Regulamento Planta de zonamento Planta de Orienta\u00e7\u00f5es Execut\u00f3rias Planta de condicionantes Planta de condicionantes \u2013 Reserva Ecol\u00f3gica Nacional Planta de condicionantes \u2013 Preven\u00e7\u00e3o de Inc\u00eandios Florestais<\/p>\n","protected":false},"author":45,"featured_media":0,"parent":0,"menu_order":14,"comment_status":"closed","ping_status":"closed","template":"templates-map\/component-text-layout1.php","meta":{"_acf_changed":false,"footnotes":""},"categories":[],"class_list":["post-70842","page","type-page","status-publish","hentry"],"acf":{"imagens":"","titulo_docs_seccao":"","documentos":""},"_links":{"self":[{"href":"https:\/\/www.cm-evora.pt\/en\/wp-json\/wp\/v2\/pages\/70842","targetHints":{"allow":["GET"]}}],"collection":[{"href":"https:\/\/www.cm-evora.pt\/en\/wp-json\/wp\/v2\/pages"}],"about":[{"href":"https:\/\/www.cm-evora.pt\/en\/wp-json\/wp\/v2\/types\/page"}],"author":[{"embeddable":true,"href":"https:\/\/www.cm-evora.pt\/en\/wp-json\/wp\/v2\/users\/45"}],"replies":[{"embeddable":true,"href":"https:\/\/www.cm-evora.pt\/en\/wp-json\/wp\/v2\/comments?post=70842"}],"version-history":[{"count":9,"href":"https:\/\/www.cm-evora.pt\/en\/wp-json\/wp\/v2\/pages\/70842\/revisions"}],"predecessor-version":[{"id":71245,"href":"https:\/\/www.cm-evora.pt\/en\/wp-json\/wp\/v2\/pages\/70842\/revisions\/71245"}],"wp:attachment":[{"href":"https:\/\/www.cm-evora.pt\/en\/wp-json\/wp\/v2\/media?parent=70842"}],"wp:term":[{"taxonomy":"category","embeddable":true,"href":"https:\/\/www.cm-evora.pt\/en\/wp-json\/wp\/v2\/categories?post=70842"}],"curies":[{"name":"wp","href":"https:\/\/api.w.org\/{rel}","templated":true}]}}