{"id":72005,"date":"2025-03-10T10:52:48","date_gmt":"2025-03-10T10:52:48","guid":{"rendered":"https:\/\/www.cm-evora.pt\/?page_id=72005"},"modified":"2025-07-25T15:08:57","modified_gmt":"2025-07-25T14:08:57","slug":"associativismo-social-e-juvenil-do-concelho-de-evora","status":"publish","type":"page","link":"https:\/\/www.cm-evora.pt\/en\/municipe\/areas-de-acao\/associativismo\/associativismo-social-e-juvenil-do-concelho-de-evora\/","title":{"rendered":"Associativismo Social e Juvenil do Concelho de \u00c9vora"},"content":{"rendered":"<p><a href=\"https:\/\/www.cm-evora.pt\/wp-content\/uploads\/2025\/03\/Banner_Associativismo-01-scaled.jpg\"><img loading=\"lazy\" decoding=\"async\" class=\"alignnone size-full wp-image-72122\" src=\"https:\/\/www.cm-evora.pt\/wp-content\/uploads\/2025\/03\/Banner_Associativismo-01-scaled.jpg\" alt=\"\" width=\"2560\" height=\"1200\" srcset=\"https:\/\/www.cm-evora.pt\/wp-content\/uploads\/2025\/03\/Banner_Associativismo-01-scaled.jpg 2560w, https:\/\/www.cm-evora.pt\/wp-content\/uploads\/2025\/03\/Banner_Associativismo-01-300x141.jpg 300w, https:\/\/www.cm-evora.pt\/wp-content\/uploads\/2025\/03\/Banner_Associativismo-01-1024x480.jpg 1024w, https:\/\/www.cm-evora.pt\/wp-content\/uploads\/2025\/03\/Banner_Associativismo-01-768x360.jpg 768w, https:\/\/www.cm-evora.pt\/wp-content\/uploads\/2025\/03\/Banner_Associativismo-01-1536x720.jpg 1536w, https:\/\/www.cm-evora.pt\/wp-content\/uploads\/2025\/03\/Banner_Associativismo-01-2048x960.jpg 2048w, https:\/\/www.cm-evora.pt\/wp-content\/uploads\/2025\/03\/Banner_Associativismo-01-1320x619.jpg 1320w\" sizes=\"auto, (max-width: 2560px) 100vw, 2560px\" \/><\/a><\/p>\n<p>&nbsp;<\/p>\n<p><strong>Candidaturas aos Apoios ao Associativismo Social do Concelho de \u00c9vora \u2013 2\u00aa Fase ano 2025<\/strong><\/p>\n<p>Conclu\u00edda a candidatura aos apoios ao Associativismo Social do Concelho de \u00c9vora, e n\u00e3o tendo sido esgotada a verba inicialmente inscrita e aprovada nas Normas de Apoio ao Associativismo Social, a C\u00e2mara Municipal de \u00c9vora, ciente da import\u00e2ncia do Movimento Associativo Popular nas din\u00e2micas econ\u00f3micas e sociais do concelho, abre uma\u00a0<strong>segunda fase de candidaturas<\/strong>, no per\u00edodo\u00a0<strong>de 25\/07\/2025 a 17\/08\/2025.<\/strong><\/p>\n<p><strong>\u00a0<\/strong><\/p>\n<p>Aceda a toda a documenta\u00e7\u00e3o em:\u00a0<a role=\"link\" href=\"https:\/\/associativismo.cm-evora.pt\/documentos\" target=\"_blank\" rel=\"noopener\">https:\/\/associativismo.cm-evora.pt\/documentos<\/a>, separador\u00a0<strong>\u00c1rea Social \u2013 RAASJCE<\/strong>:<\/p>\n<ul>\n<li style=\"list-style-type: none\">\n<ul>\n<li>Regulamento de Apoio ao Associativismo Social e Juvenil do Concelho de \u00c9vora;<\/li>\n<li>Normas de Apoio ao Associativismo Social do Concelho de \u00c9vora, para o ano de 2025;<\/li>\n<li>Formulario_Candidatura_FASE2.xlsx.<\/li>\n<\/ul>\n<\/li>\n<\/ul>\n<p>&nbsp;<\/p>\n<p>As candidaturas poder\u00e3o ser enviadas para o email:\u00a0<a role=\"link\" href=\"mailto:cmevora@cm-evora.pt\" target=\"_blank\" rel=\"noopener\">cmevora@cm-evora.pt<\/a>\u00a0 ou entregues em m\u00e3o na Sec\u00e7\u00e3o de Gest\u00e3o Documental, sita no edif\u00edcio dos Pa\u00e7os do Concelho.<\/p>\n","protected":false},"excerpt":{"rendered":"<p>&nbsp; Candidaturas aos Apoios ao Associativismo Social do Concelho de \u00c9vora \u2013 2\u00aa Fase ano 2025 Conclu\u00edda a candidatura aos apoios ao Associativismo Social do Concelho de \u00c9vora, e n\u00e3o tendo sido esgotada a verba inicialmente inscrita e aprovada nas Normas de Apoio ao Associativismo Social, a C\u00e2mara Municipal de \u00c9vora, ciente da import\u00e2ncia do [&hellip;]<\/p>\n","protected":false},"author":45,"featured_media":0,"parent":1492,"menu_order":1,"comment_status":"closed","ping_status":"closed","template":"templates-map\/component-text-layout1.php","meta":{"_acf_changed":false,"footnotes":""},"categories":[],"class_list":["post-72005","page","type-page","status-publish","hentry"],"acf":{"imagens":"","titulo_docs_seccao":"","documentos":[72009]},"_links":{"self":[{"href":"https:\/\/www.cm-evora.pt\/en\/wp-json\/wp\/v2\/pages\/72005","targetHints":{"allow":["GET"]}}],"collection":[{"href":"https:\/\/www.cm-evora.pt\/en\/wp-json\/wp\/v2\/pages"}],"about":[{"href":"https:\/\/www.cm-evora.pt\/en\/wp-json\/wp\/v2\/types\/page"}],"author":[{"embeddable":true,"href":"https:\/\/www.cm-evora.pt\/en\/wp-json\/wp\/v2\/users\/45"}],"replies":[{"embeddable":true,"href":"https:\/\/www.cm-evora.pt\/en\/wp-json\/wp\/v2\/comments?post=72005"}],"version-history":[{"count":5,"href":"https:\/\/www.cm-evora.pt\/en\/wp-json\/wp\/v2\/pages\/72005\/revisions"}],"predecessor-version":[{"id":76859,"href":"https:\/\/www.cm-evora.pt\/en\/wp-json\/wp\/v2\/pages\/72005\/revisions\/76859"}],"up":[{"embeddable":true,"href":"https:\/\/www.cm-evora.pt\/en\/wp-json\/wp\/v2\/pages\/1492"}],"acf:post":[{"embeddable":true,"href":"https:\/\/www.cm-evora.pt\/en\/wp-json\/wp\/v2\/listas_ficheiros\/72009"}],"wp:attachment":[{"href":"https:\/\/www.cm-evora.pt\/en\/wp-json\/wp\/v2\/media?parent=72005"}],"wp:term":[{"taxonomy":"category","embeddable":true,"href":"https:\/\/www.cm-evora.pt\/en\/wp-json\/wp\/v2\/categories?post=72005"}],"curies":[{"name":"wp","href":"https:\/\/api.w.org\/{rel}","templated":true}]}}