{"id":72084,"date":"2025-03-12T14:32:57","date_gmt":"2025-03-12T14:32:57","guid":{"rendered":"https:\/\/www.cm-evora.pt\/?page_id=72084"},"modified":"2025-03-13T14:17:44","modified_gmt":"2025-03-13T14:17:44","slug":"estrategia-municipal-de-adaptacao-as-alteracoes-climaticas-de-evora","status":"publish","type":"page","link":"https:\/\/www.cm-evora.pt\/en\/estrategia-municipal-de-adaptacao-as-alteracoes-climaticas-de-evora\/","title":{"rendered":"Estrat\u00e9gia Municipal de Adapta\u00e7\u00e3o \u00e0s Altera\u00e7\u00f5es Clim\u00e1ticas de \u00c9vora"},"content":{"rendered":"<p style=\"text-align: center\"><img loading=\"lazy\" decoding=\"async\" class=\"alignnone wp-image-72088 size-large\" src=\"https:\/\/www.cm-evora.pt\/wp-content\/uploads\/2025\/03\/Banner_Acao-Climatica-02-1024x1024.jpg\" alt=\"\" width=\"1024\" height=\"1024\" srcset=\"https:\/\/www.cm-evora.pt\/wp-content\/uploads\/2025\/03\/Banner_Acao-Climatica-02-1024x1024.jpg 1024w, https:\/\/www.cm-evora.pt\/wp-content\/uploads\/2025\/03\/Banner_Acao-Climatica-02-300x300.jpg 300w, https:\/\/www.cm-evora.pt\/wp-content\/uploads\/2025\/03\/Banner_Acao-Climatica-02-150x150.jpg 150w, https:\/\/www.cm-evora.pt\/wp-content\/uploads\/2025\/03\/Banner_Acao-Climatica-02-768x768.jpg 768w, https:\/\/www.cm-evora.pt\/wp-content\/uploads\/2025\/03\/Banner_Acao-Climatica-02-1536x1536.jpg 1536w, https:\/\/www.cm-evora.pt\/wp-content\/uploads\/2025\/03\/Banner_Acao-Climatica-02-2048x2048.jpg 2048w, https:\/\/www.cm-evora.pt\/wp-content\/uploads\/2025\/03\/Banner_Acao-Climatica-02-1320x1320.jpg 1320w\" sizes=\"auto, (max-width: 1024px) 100vw, 1024px\" \/><\/p>\n<p>A Estrat\u00e9gia Municipal de Adapta\u00e7\u00e3o \u00e0s Altera\u00e7\u00f5es Clim\u00e1ticas (EMAAC) resultou do trabalho pioneiro desenvolvido pelo Munic\u00edpio aquando da sua ades\u00e3o, em 2015, ao projeto ClimAdaPT.Local \u2013 Adaptar Portugal \u00e0s Altera\u00e7\u00f5es Clim\u00e1ticas, financiado pelo Fundo Portugu\u00eas de Carbono (FPC) e pelos EEA Grants.<\/p>\n<p>&nbsp;<\/p>\n<p>Aprovada na Reuni\u00e3o P\u00fablica de C\u00e2mara de 18 de janeiro de 2017, a EMAAC tem como Vis\u00e3o Estrat\u00e9gica:<\/p>\n<p>\u201cAumentar a resili\u00eancia do Munic\u00edpio de \u00c9vora \u00e0s altera\u00e7\u00f5es clim\u00e1ticas, dotando-o de conhecimento e instrumentos de planeamento territorial com capacidade para aumentar a adapta\u00e7\u00e3o ao clima e reduzir as vulnerabilidades territoriais.\u201d<\/p>\n<p>&nbsp;<\/p>\n","protected":false},"excerpt":{"rendered":"<p>A Estrat\u00e9gia Municipal de Adapta\u00e7\u00e3o \u00e0s Altera\u00e7\u00f5es Clim\u00e1ticas (EMAAC) resultou do trabalho pioneiro desenvolvido pelo Munic\u00edpio aquando da sua ades\u00e3o, em 2015, ao projeto ClimAdaPT.Local \u2013 Adaptar Portugal \u00e0s Altera\u00e7\u00f5es Clim\u00e1ticas, financiado pelo Fundo Portugu\u00eas de Carbono (FPC) e pelos EEA Grants. &nbsp; Aprovada na Reuni\u00e3o P\u00fablica de C\u00e2mara de 18 de janeiro de 2017, [&hellip;]<\/p>\n","protected":false},"author":45,"featured_media":0,"parent":0,"menu_order":23,"comment_status":"closed","ping_status":"closed","template":"templates-map\/component-text-layout1.php","meta":{"_acf_changed":false,"footnotes":""},"categories":[],"class_list":["post-72084","page","type-page","status-publish","hentry"],"acf":{"imagens":"","titulo_docs_seccao":"","documentos":[9466,9469]},"_links":{"self":[{"href":"https:\/\/www.cm-evora.pt\/en\/wp-json\/wp\/v2\/pages\/72084","targetHints":{"allow":["GET"]}}],"collection":[{"href":"https:\/\/www.cm-evora.pt\/en\/wp-json\/wp\/v2\/pages"}],"about":[{"href":"https:\/\/www.cm-evora.pt\/en\/wp-json\/wp\/v2\/types\/page"}],"author":[{"embeddable":true,"href":"https:\/\/www.cm-evora.pt\/en\/wp-json\/wp\/v2\/users\/45"}],"replies":[{"embeddable":true,"href":"https:\/\/www.cm-evora.pt\/en\/wp-json\/wp\/v2\/comments?post=72084"}],"version-history":[{"count":4,"href":"https:\/\/www.cm-evora.pt\/en\/wp-json\/wp\/v2\/pages\/72084\/revisions"}],"predecessor-version":[{"id":72161,"href":"https:\/\/www.cm-evora.pt\/en\/wp-json\/wp\/v2\/pages\/72084\/revisions\/72161"}],"acf:post":[{"embeddable":true,"href":"https:\/\/www.cm-evora.pt\/en\/wp-json\/wp\/v2\/listas_ficheiros\/9469"},{"embeddable":true,"href":"https:\/\/www.cm-evora.pt\/en\/wp-json\/wp\/v2\/listas_ficheiros\/9466"}],"wp:attachment":[{"href":"https:\/\/www.cm-evora.pt\/en\/wp-json\/wp\/v2\/media?parent=72084"}],"wp:term":[{"taxonomy":"category","embeddable":true,"href":"https:\/\/www.cm-evora.pt\/en\/wp-json\/wp\/v2\/categories?post=72084"}],"curies":[{"name":"wp","href":"https:\/\/api.w.org\/{rel}","templated":true}]}}