{"id":72086,"date":"2025-03-12T14:41:22","date_gmt":"2025-03-12T14:41:22","guid":{"rendered":"https:\/\/www.cm-evora.pt\/?page_id=72086"},"modified":"2025-03-13T14:17:57","modified_gmt":"2025-03-13T14:17:57","slug":"missao-adaptacao-as-alteracoes-climaticas","status":"publish","type":"page","link":"https:\/\/www.cm-evora.pt\/en\/missao-adaptacao-as-alteracoes-climaticas\/","title":{"rendered":"Miss\u00e3o Adapta\u00e7\u00e3o \u00e0s Altera\u00e7\u00f5es Clim\u00e1ticas"},"content":{"rendered":"<p style=\"text-align: center\"><img loading=\"lazy\" decoding=\"async\" class=\"alignnone wp-image-72090 size-large\" src=\"https:\/\/www.cm-evora.pt\/wp-content\/uploads\/2025\/03\/Banner_Acao-Climatica-04-1024x1024.jpg\" alt=\"\" width=\"1024\" height=\"1024\" srcset=\"https:\/\/www.cm-evora.pt\/wp-content\/uploads\/2025\/03\/Banner_Acao-Climatica-04-1024x1024.jpg 1024w, https:\/\/www.cm-evora.pt\/wp-content\/uploads\/2025\/03\/Banner_Acao-Climatica-04-300x300.jpg 300w, https:\/\/www.cm-evora.pt\/wp-content\/uploads\/2025\/03\/Banner_Acao-Climatica-04-150x150.jpg 150w, https:\/\/www.cm-evora.pt\/wp-content\/uploads\/2025\/03\/Banner_Acao-Climatica-04-768x768.jpg 768w, https:\/\/www.cm-evora.pt\/wp-content\/uploads\/2025\/03\/Banner_Acao-Climatica-04-1536x1536.jpg 1536w, https:\/\/www.cm-evora.pt\/wp-content\/uploads\/2025\/03\/Banner_Acao-Climatica-04-2048x2048.jpg 2048w, https:\/\/www.cm-evora.pt\/wp-content\/uploads\/2025\/03\/Banner_Acao-Climatica-04-1320x1320.jpg 1320w\" sizes=\"auto, (max-width: 1024px) 100vw, 1024px\" \/><\/p>\n<p>No final de 2022, o resultado do compromisso que o Munic\u00edpio tem vindo a demonstrar relativamente \u00e0 promo\u00e7\u00e3o da capacidade de adapta\u00e7\u00e3o \u00e0s altera\u00e7\u00f5es clim\u00e1ticas do seu territ\u00f3rio traduziu-se no convite para assinar o Pacto da Miss\u00e3o do Horizonte Europa dedicada \u00e0 Adapta\u00e7\u00e3o \u00e0s Altera\u00e7\u00f5es Clim\u00e1ticas.<\/p>\n<p>&nbsp;<\/p>\n<p>Ao aderir \u00e0 mobiliza\u00e7\u00e3o de esfor\u00e7os da Miss\u00e3o Adapta\u00e7\u00e3o \u00e0s Altera\u00e7\u00f5es Clim\u00e1ticas, \u00c9vora passou a fazer parte de uma comunidade de pr\u00e1ticas em mat\u00e9ria de adapta\u00e7\u00e3o \u00e0s altera\u00e7\u00f5es clim\u00e1ticas, tendo assim a oportunidade de trabalhar em rede e partilhar experi\u00eancia com outras cidades e regi\u00f5es da Europa, no que diz respeito aos principais desafios enfrentados pelas autoridades locais e regionais na adapta\u00e7\u00e3o aos impactes das altera\u00e7\u00f5es clim\u00e1ticas.<\/p>\n<p>&nbsp;<\/p>\n<p>A Miss\u00e3o Adapta\u00e7\u00e3o \u00e0s Altera\u00e7\u00f5es Clim\u00e1ticas, promovida pela Comiss\u00e3o Europeia, tem como grande objetivo apoiar as cidades, regi\u00f5es e comunidades europeias no seu des\u00edgnio de se tornarem resilientes \u00e0s altera\u00e7\u00f5es clim\u00e1ticas at\u00e9 2030. Para tal, prop\u00f5e-se:<\/p>\n<ul>\n<li style=\"list-style-type: none\">\n<ul>\n<li>Promover a resili\u00eancia clim\u00e1tica, atrav\u00e9s do teste e implementa\u00e7\u00e3o de solu\u00e7\u00f5es inovadora no terreno;<\/li>\n<li>Acelerar a transi\u00e7\u00e3o para um futuro resiliente, apoiando percursos inovadores que permitam estar melhor preparado para fazer face a um clima em mudan\u00e7a;<\/li>\n<li>Preparar a Europa para as perturba\u00e7\u00f5es clim\u00e1ticas, atrav\u00e9s de uma melhor compreens\u00e3o dos riscos clim\u00e1ticos que enfrentaremos.<\/li>\n<\/ul>\n<\/li>\n<\/ul>\n","protected":false},"excerpt":{"rendered":"<p>No final de 2022, o resultado do compromisso que o Munic\u00edpio tem vindo a demonstrar relativamente \u00e0 promo\u00e7\u00e3o da capacidade de adapta\u00e7\u00e3o \u00e0s altera\u00e7\u00f5es clim\u00e1ticas do seu territ\u00f3rio traduziu-se no convite para assinar o Pacto da Miss\u00e3o do Horizonte Europa dedicada \u00e0 Adapta\u00e7\u00e3o \u00e0s Altera\u00e7\u00f5es Clim\u00e1ticas. &nbsp; Ao aderir \u00e0 mobiliza\u00e7\u00e3o de esfor\u00e7os da Miss\u00e3o [&hellip;]<\/p>\n","protected":false},"author":45,"featured_media":0,"parent":0,"menu_order":25,"comment_status":"closed","ping_status":"closed","template":"templates-map\/component-text-layout1.php","meta":{"_acf_changed":false,"footnotes":""},"categories":[],"class_list":["post-72086","page","type-page","status-publish","hentry"],"acf":{"imagens":"","titulo_docs_seccao":"","documentos":""},"_links":{"self":[{"href":"https:\/\/www.cm-evora.pt\/en\/wp-json\/wp\/v2\/pages\/72086","targetHints":{"allow":["GET"]}}],"collection":[{"href":"https:\/\/www.cm-evora.pt\/en\/wp-json\/wp\/v2\/pages"}],"about":[{"href":"https:\/\/www.cm-evora.pt\/en\/wp-json\/wp\/v2\/types\/page"}],"author":[{"embeddable":true,"href":"https:\/\/www.cm-evora.pt\/en\/wp-json\/wp\/v2\/users\/45"}],"replies":[{"embeddable":true,"href":"https:\/\/www.cm-evora.pt\/en\/wp-json\/wp\/v2\/comments?post=72086"}],"version-history":[{"count":3,"href":"https:\/\/www.cm-evora.pt\/en\/wp-json\/wp\/v2\/pages\/72086\/revisions"}],"predecessor-version":[{"id":72163,"href":"https:\/\/www.cm-evora.pt\/en\/wp-json\/wp\/v2\/pages\/72086\/revisions\/72163"}],"wp:attachment":[{"href":"https:\/\/www.cm-evora.pt\/en\/wp-json\/wp\/v2\/media?parent=72086"}],"wp:term":[{"taxonomy":"category","embeddable":true,"href":"https:\/\/www.cm-evora.pt\/en\/wp-json\/wp\/v2\/categories?post=72086"}],"curies":[{"name":"wp","href":"https:\/\/api.w.org\/{rel}","templated":true}]}}