{"id":72103,"date":"2025-03-12T14:39:19","date_gmt":"2025-03-12T14:39:19","guid":{"rendered":"https:\/\/www.cm-evora.pt\/?page_id=72103"},"modified":"2025-10-01T09:09:13","modified_gmt":"2025-10-01T08:09:13","slug":"plano-municipal-de-adaptacao-as-alteracoes-climaticas-de-evora","status":"publish","type":"page","link":"https:\/\/www.cm-evora.pt\/en\/plano-municipal-de-adaptacao-as-alteracoes-climaticas-de-evora\/","title":{"rendered":"Plano Municipal de Adapta\u00e7\u00e3o \u00e0s Altera\u00e7\u00f5es Clim\u00e1ticas de \u00c9vora"},"content":{"rendered":"<p style=\"text-align: center\"><img loading=\"lazy\" decoding=\"async\" class=\"alignnone wp-image-72089 size-large\" src=\"https:\/\/www.cm-evora.pt\/wp-content\/uploads\/2025\/03\/Banner_Acao-Climatica-03-1024x1024.jpg\" alt=\"\" width=\"1024\" height=\"1024\" srcset=\"https:\/\/www.cm-evora.pt\/wp-content\/uploads\/2025\/03\/Banner_Acao-Climatica-03-1024x1024.jpg 1024w, https:\/\/www.cm-evora.pt\/wp-content\/uploads\/2025\/03\/Banner_Acao-Climatica-03-300x300.jpg 300w, https:\/\/www.cm-evora.pt\/wp-content\/uploads\/2025\/03\/Banner_Acao-Climatica-03-150x150.jpg 150w, https:\/\/www.cm-evora.pt\/wp-content\/uploads\/2025\/03\/Banner_Acao-Climatica-03-768x768.jpg 768w, https:\/\/www.cm-evora.pt\/wp-content\/uploads\/2025\/03\/Banner_Acao-Climatica-03-1536x1536.jpg 1536w, https:\/\/www.cm-evora.pt\/wp-content\/uploads\/2025\/03\/Banner_Acao-Climatica-03-2048x2048.jpg 2048w, https:\/\/www.cm-evora.pt\/wp-content\/uploads\/2025\/03\/Banner_Acao-Climatica-03-1320x1320.jpg 1320w\" sizes=\"auto, (max-width: 1024px) 100vw, 1024px\" \/><\/p>\n<p>O Plano Municipal de Adapta\u00e7\u00e3o \u00e0s Altera\u00e7\u00f5es Clim\u00e1ticas de \u00c9vora (PMAAC), aprovado, por unanimidade na Reuni\u00e3o P\u00fablica de C\u00e2mara de 16 de outubro de 2024 e na Assembleia Municipal de 20 de dezembro de 2024, \u00e9 o mais recente recurso ao dispor do Munic\u00edpio para enfrentar os enormes desafios que as altera\u00e7\u00f5es clim\u00e1ticas nos colocam.<\/p>\n<p>&nbsp;<\/p>\n<p>Dando continuidade ao trabalho desenvolvido na EMAAC, o Munic\u00edpio de \u00c9vora elaborou o seu PMAAC no \u00e2mbito do projeto ADAPTA.local.CIMAC \u2013 Planeamento da Adapta\u00e7\u00e3o Clim\u00e1tica Municipal do Alentejo Central, coordenado pela Comunidade Intermunicipal do Alentejo Central (CIMAC), financiado pelos munic\u00edpios participantes no projeto, atrav\u00e9s da CIMAC, e pelos EEA Grants.<\/p>\n<p>&nbsp;<\/p>\n<p>A eleva\u00e7\u00e3o da EMAAC de \u00c9vora a um Plano com um car\u00e1cter fortemente operacional permitiu o desenvolvimento de um instrumento de Adapta\u00e7\u00e3o Municipal consideravelmente mais robusto. Em primeiro lugar, porque assenta em conhecimento t\u00e9cnico e cient\u00edfico aprofundado e atualizado sobre o clima e a forma como a sua evolu\u00e7\u00e3o vai afetar o concelho a curto, m\u00e9dio e longo prazo, identificando a incid\u00eancia espacial e sectorial das vulnerabilidades clim\u00e1ticas espec\u00edficas do nosso territ\u00f3rio. Em segundo lugar, porque foi constru\u00eddo numa l\u00f3gica interdisciplinar em articula\u00e7\u00e3o com os Instrumentos de Gest\u00e3o Territorial (IGT) de \u00e2mbito municipal em vigor, designadamente os Planos Municipais de Ordenamento do Territ\u00f3rio (PMOT), assim como com os restantes instrumentos de pol\u00edtica p\u00fablica municipal, fundamentais para promoverem a capacidade de adapta\u00e7\u00e3o do concelho. Finalmente, porque \u00e9 acompanhado por um Programa de A\u00e7\u00f5es de Adapta\u00e7\u00e3o, a implementar at\u00e9 2030, ao qual est\u00e1 acoplado um Sistema de Monitoriza\u00e7\u00e3o e Avalia\u00e7\u00e3o e um Modelo de Gest\u00e3o e Acompanhamento.<\/p>\n<p>&nbsp;<\/p>\n<p>O PMAAC de \u00c9vora configura-se deste modo como um importante instrumento ao servi\u00e7o das pol\u00edticas de urbanismo, interven\u00e7\u00e3o social, prote\u00e7\u00e3o civil, manuten\u00e7\u00e3o de infraestruturas e desenvolvimento socioecon\u00f3mico, entre outros dom\u00ednios, figurando como um dos contributos mais relevantes do Munic\u00edpio de \u00c9vora para as quest\u00f5es globais relacionadas com as altera\u00e7\u00f5es clim\u00e1ticas, mas sobretudo, para garantir e melhorar a resili\u00eancia e qualidade de vida deste territ\u00f3rio e das popula\u00e7\u00f5es.<\/p>\n<p>&nbsp;<\/p>\n<p>O PMAAC de \u00c9vora constitui a concretiza\u00e7\u00e3o do Caderno da Adapta\u00e7\u00e3o do Plano Municipal de A\u00e7\u00e3o Clim\u00e1tica de \u00c9vora, de acordo com o estabelecido na Lei n.o 98\/2021, de 31 de dezembro (Lei de Bases do Clima).<\/p>\n<p>&nbsp;<\/p>\n<p><a href=\"https:\/\/www.cm-evora.pt\/wp-content\/uploads\/2025\/02\/Plano-Municipal-de-Adaptacao-as-Alteracoes-Climaticas-de-Evora.pdf\" target=\"_blank\" rel=\"noopener\">Plano Municipal de Adapta\u00e7\u00e3o \u00e0s Altera\u00e7\u00f5es Clim\u00e1ticas de \u00c9vora.pdf<\/a><\/p>\n<p>&nbsp;<\/p>\n<p>A <a href=\"https:\/\/geo.cimac.pt\/portal\/apps\/instant\/portfolio\/index.html?appid=fc8cbacde8254c0696b06d300c070b6b\" target=\"_blank\" rel=\"noopener\">aplica\u00e7\u00e3o <em>WebSIG<\/em><\/a> do PMAAC de \u00c9vora, desenvolvida em conjunto pela C\u00e2mara Municipal de \u00c9vora, a CIMAC \u2013 Comunidade Intermunicipal do Alentejo Central e a Universidade de \u00c9vora, permite o acesso facilitado a uma s\u00edntese da informa\u00e7\u00e3o espacial apresentada no Plano.<\/p>\n<p>&nbsp;<\/p>\n<p><a href=\"https:\/\/geo.cimac.pt\/portal\/apps\/instant\/portfolio\/index.html?appid=fc8cbacde8254c0696b06d300c070b6b\" target=\"_blank\" rel=\"noopener\"><img loading=\"lazy\" decoding=\"async\" class=\"alignnone wp-image-78109 size-full\" src=\"https:\/\/www.cm-evora.pt\/wp-content\/uploads\/2025\/10\/FUNDO_siteCIMAC_Prancheta-1-scaled.jpg\" alt=\"\" width=\"2560\" height=\"1440\" srcset=\"https:\/\/www.cm-evora.pt\/wp-content\/uploads\/2025\/10\/FUNDO_siteCIMAC_Prancheta-1-scaled.jpg 2560w, https:\/\/www.cm-evora.pt\/wp-content\/uploads\/2025\/10\/FUNDO_siteCIMAC_Prancheta-1-300x169.jpg 300w, https:\/\/www.cm-evora.pt\/wp-content\/uploads\/2025\/10\/FUNDO_siteCIMAC_Prancheta-1-1024x576.jpg 1024w, https:\/\/www.cm-evora.pt\/wp-content\/uploads\/2025\/10\/FUNDO_siteCIMAC_Prancheta-1-768x432.jpg 768w, https:\/\/www.cm-evora.pt\/wp-content\/uploads\/2025\/10\/FUNDO_siteCIMAC_Prancheta-1-1536x864.jpg 1536w, https:\/\/www.cm-evora.pt\/wp-content\/uploads\/2025\/10\/FUNDO_siteCIMAC_Prancheta-1-2048x1152.jpg 2048w, https:\/\/www.cm-evora.pt\/wp-content\/uploads\/2025\/10\/FUNDO_siteCIMAC_Prancheta-1-1320x743.jpg 1320w\" sizes=\"auto, (max-width: 2560px) 100vw, 2560px\" \/><\/a><\/p>\n","protected":false},"excerpt":{"rendered":"<p>O Plano Municipal de Adapta\u00e7\u00e3o \u00e0s Altera\u00e7\u00f5es Clim\u00e1ticas de \u00c9vora (PMAAC), aprovado, por unanimidade na Reuni\u00e3o P\u00fablica de C\u00e2mara de 16 de outubro de 2024 e na Assembleia Municipal de 20 de dezembro de 2024, \u00e9 o mais recente recurso ao dispor do Munic\u00edpio para enfrentar os enormes desafios que as altera\u00e7\u00f5es clim\u00e1ticas nos colocam. [&hellip;]<\/p>\n","protected":false},"author":45,"featured_media":0,"parent":0,"menu_order":24,"comment_status":"closed","ping_status":"closed","template":"templates-map\/component-text-layout1.php","meta":{"_acf_changed":false,"footnotes":""},"categories":[],"class_list":["post-72103","page","type-page","status-publish","hentry"],"acf":{"imagens":"","titulo_docs_seccao":"","documentos":[71419]},"_links":{"self":[{"href":"https:\/\/www.cm-evora.pt\/en\/wp-json\/wp\/v2\/pages\/72103","targetHints":{"allow":["GET"]}}],"collection":[{"href":"https:\/\/www.cm-evora.pt\/en\/wp-json\/wp\/v2\/pages"}],"about":[{"href":"https:\/\/www.cm-evora.pt\/en\/wp-json\/wp\/v2\/types\/page"}],"author":[{"embeddable":true,"href":"https:\/\/www.cm-evora.pt\/en\/wp-json\/wp\/v2\/users\/45"}],"replies":[{"embeddable":true,"href":"https:\/\/www.cm-evora.pt\/en\/wp-json\/wp\/v2\/comments?post=72103"}],"version-history":[{"count":12,"href":"https:\/\/www.cm-evora.pt\/en\/wp-json\/wp\/v2\/pages\/72103\/revisions"}],"predecessor-version":[{"id":78111,"href":"https:\/\/www.cm-evora.pt\/en\/wp-json\/wp\/v2\/pages\/72103\/revisions\/78111"}],"acf:post":[{"embeddable":true,"href":"https:\/\/www.cm-evora.pt\/en\/wp-json\/wp\/v2\/listas_ficheiros\/71419"}],"wp:attachment":[{"href":"https:\/\/www.cm-evora.pt\/en\/wp-json\/wp\/v2\/media?parent=72103"}],"wp:term":[{"taxonomy":"category","embeddable":true,"href":"https:\/\/www.cm-evora.pt\/en\/wp-json\/wp\/v2\/categories?post=72103"}],"curies":[{"name":"wp","href":"https:\/\/api.w.org\/{rel}","templated":true}]}}