{"id":72942,"date":"2025-04-02T09:44:12","date_gmt":"2025-04-02T08:44:12","guid":{"rendered":"https:\/\/www.cm-evora.pt\/?page_id=72942"},"modified":"2025-04-02T09:44:12","modified_gmt":"2025-04-02T08:44:12","slug":"o-que-pode-encontrar-nos-planos-municipais","status":"publish","type":"page","link":"https:\/\/www.cm-evora.pt\/en\/municipe\/areas-de-acao\/ordenamento-territorio-e-urbanismo\/planos-municipais\/o-que-pode-encontrar-nos-planos-municipais\/","title":{"rendered":"O que pode encontrar nos Planos Municipais"},"content":{"rendered":"<p>Aqui pode encontrar informa\u00e7\u00f5es relativas a:<\/p>\n<ul>\n<li style=\"list-style-type: none\">\n<ul>\n<li><a href=\"https:\/\/geo.cimac.pt\/portal\/apps\/sites\/#\/geoevora\" target=\"_blank\" rel=\"noopener\">Portal Geogr\u00e1fico do Munic\u00edpio de \u00c9vora<\/a>,<\/li>\n<li><a href=\"https:\/\/www.cm-evora.pt\/municipe\/areas-de-acao\/ordenamento-territorio-e-urbanismo\/planos-municipais\/plano-diretor-municipal\/\">Plano Diretor Municipal<\/a>,<\/li>\n<li><a href=\"https:\/\/www.cm-evora.pt\/municipe\/areas-de-acao\/ordenamento-territorio-e-urbanismo\/planos-municipais\/plano-de-urbanizacao-de-evora-2\/\">Plano de Urbaniza\u00e7\u00e3o de \u00c9vora<\/a>,<\/li>\n<li><a href=\"https:\/\/www.cm-evora.pt\/municipe\/areas-de-acao\/ordenamento-territorio-e-urbanismo\/planos-municipais\/plano-de-intervencao-no-espaco-rural-do-sitio-do-monfurado\/\">Plano de Interven\u00e7\u00e3o no Espa\u00e7o Rural do S\u00edtio do Monfurado<\/a>,<\/li>\n<li><a href=\"https:\/\/www.cm-evora.pt\/municipe\/areas-de-acao\/ordenamento-territorio-e-urbanismo\/planos-municipais\/plano-de-pormenor-da-area-residencial-da-turgela\/\">Plano de Pormenor da \u00c1rea Residencial da Turgela<\/a>,<\/li>\n<li><a href=\"https:\/\/www.cm-evora.pt\/municipe\/areas-de-acao\/ordenamento-territorio-e-urbanismo\/planos-municipais\/plano-de-pormenor-de-salvaguarda-do-centro-historico-de-evora\/\">Plano de Pormenor de Salvaguarda do Centro Hist\u00f3rico de \u00c9vora<\/a>.<\/li>\n<\/ul>\n<\/li>\n<\/ul>\n<p>&nbsp;<\/p>\n","protected":false},"excerpt":{"rendered":"<p>Aqui pode encontrar informa\u00e7\u00f5es relativas a: Portal Geogr\u00e1fico do Munic\u00edpio de \u00c9vora, Plano Diretor Municipal, Plano de Urbaniza\u00e7\u00e3o de \u00c9vora, Plano de Interven\u00e7\u00e3o no Espa\u00e7o Rural do S\u00edtio do Monfurado, Plano de Pormenor da \u00c1rea Residencial da Turgela, Plano de Pormenor de Salvaguarda do Centro Hist\u00f3rico de \u00c9vora. &nbsp;<\/p>\n","protected":false},"author":45,"featured_media":0,"parent":16181,"menu_order":0,"comment_status":"closed","ping_status":"closed","template":"templates-map\/component-text-layout1.php","meta":{"_acf_changed":false,"footnotes":""},"categories":[],"class_list":["post-72942","page","type-page","status-publish","hentry"],"acf":{"imagens":"","titulo_docs_seccao":"","documentos":""},"_links":{"self":[{"href":"https:\/\/www.cm-evora.pt\/en\/wp-json\/wp\/v2\/pages\/72942","targetHints":{"allow":["GET"]}}],"collection":[{"href":"https:\/\/www.cm-evora.pt\/en\/wp-json\/wp\/v2\/pages"}],"about":[{"href":"https:\/\/www.cm-evora.pt\/en\/wp-json\/wp\/v2\/types\/page"}],"author":[{"embeddable":true,"href":"https:\/\/www.cm-evora.pt\/en\/wp-json\/wp\/v2\/users\/45"}],"replies":[{"embeddable":true,"href":"https:\/\/www.cm-evora.pt\/en\/wp-json\/wp\/v2\/comments?post=72942"}],"version-history":[{"count":1,"href":"https:\/\/www.cm-evora.pt\/en\/wp-json\/wp\/v2\/pages\/72942\/revisions"}],"predecessor-version":[{"id":72943,"href":"https:\/\/www.cm-evora.pt\/en\/wp-json\/wp\/v2\/pages\/72942\/revisions\/72943"}],"up":[{"embeddable":true,"href":"https:\/\/www.cm-evora.pt\/en\/wp-json\/wp\/v2\/pages\/16181"}],"wp:attachment":[{"href":"https:\/\/www.cm-evora.pt\/en\/wp-json\/wp\/v2\/media?parent=72942"}],"wp:term":[{"taxonomy":"category","embeddable":true,"href":"https:\/\/www.cm-evora.pt\/en\/wp-json\/wp\/v2\/categories?post=72942"}],"curies":[{"name":"wp","href":"https:\/\/api.w.org\/{rel}","templated":true}]}}