{"id":73226,"date":"2025-04-08T14:54:32","date_gmt":"2025-04-08T13:54:32","guid":{"rendered":"https:\/\/www.cm-evora.pt\/?page_id=73226"},"modified":"2025-04-08T15:04:08","modified_gmt":"2025-04-08T14:04:08","slug":"arena-desportiva","status":"publish","type":"page","link":"https:\/\/www.cm-evora.pt\/en\/municipe\/areas-de-acao\/desporto-e-lazer\/programas-desportivos\/arena-desportiva\/","title":{"rendered":"Arena Desportiva"},"content":{"rendered":"<p><strong>O que \u00e9 a Arena Desportiva?<\/strong><\/p>\n<p>A Arena Desportiva \u00e9 o evento desportivo municipal anual que acontece em abril, reunindo atletas de todas as idades e n\u00edveis.<\/p>\n<p>Realiza-se em parceria com as Associa\u00e7\u00f5es Desportivas e decorre na Arena D`\u00c9vora.<\/p>\n<p>Durante v\u00e1rios dias, a cidade de \u00c9vora transforma-se num verdadeiro palco de a\u00e7\u00e3o e entusiasmo, com atividades que incluem torneios de futebol, basquetebol, andebol, patinagem, desportos de combate, gin\u00e1stica, desporto adaptado etc .<\/p>\n<p>Al\u00e9m de treinos, h\u00e1 competi\u00e7\u00f5es, e demonstra\u00e7\u00f5es de modalidades. \u00c9 uma oportunidade \u00fanica para promover o Desporto, a conviv\u00eancia e o espirito de equipa proporcionando momentos de divers\u00e3o e supera\u00e7\u00e3o para todos os participantes e espectadores.<\/p>\n<p>A Arena Desportiva \u00e9 sin\u00f3nimo de movimento e alegria!<\/p>\n<p>&nbsp;<\/p>\n<p style=\"text-align: center\"><strong>Programa\u00e7\u00e3o Arena Desportiva 2025<\/strong><\/p>\n<p style=\"text-align: center\"><a href=\"https:\/\/www.cm-evora.pt\/wp-content\/uploads\/2025\/04\/Programa-Arena-Desportiva-2025.jpg\"><img loading=\"lazy\" decoding=\"async\" class=\"alignnone size-full wp-image-73229\" src=\"https:\/\/www.cm-evora.pt\/wp-content\/uploads\/2025\/04\/Programa-Arena-Desportiva-2025.jpg\" alt=\"\" width=\"1448\" height=\"2048\" srcset=\"https:\/\/www.cm-evora.pt\/wp-content\/uploads\/2025\/04\/Programa-Arena-Desportiva-2025.jpg 1448w, https:\/\/www.cm-evora.pt\/wp-content\/uploads\/2025\/04\/Programa-Arena-Desportiva-2025-212x300.jpg 212w, https:\/\/www.cm-evora.pt\/wp-content\/uploads\/2025\/04\/Programa-Arena-Desportiva-2025-724x1024.jpg 724w, https:\/\/www.cm-evora.pt\/wp-content\/uploads\/2025\/04\/Programa-Arena-Desportiva-2025-768x1086.jpg 768w, https:\/\/www.cm-evora.pt\/wp-content\/uploads\/2025\/04\/Programa-Arena-Desportiva-2025-1086x1536.jpg 1086w, https:\/\/www.cm-evora.pt\/wp-content\/uploads\/2025\/04\/Programa-Arena-Desportiva-2025-1320x1867.jpg 1320w\" sizes=\"auto, (max-width: 1448px) 100vw, 1448px\" \/><\/a><\/p>\n","protected":false},"excerpt":{"rendered":"<p>O que \u00e9 a Arena Desportiva? A Arena Desportiva \u00e9 o evento desportivo municipal anual que acontece em abril, reunindo atletas de todas as idades e n\u00edveis. Realiza-se em parceria com as Associa\u00e7\u00f5es Desportivas e decorre na Arena D`\u00c9vora. Durante v\u00e1rios dias, a cidade de \u00c9vora transforma-se num verdadeiro palco de a\u00e7\u00e3o e entusiasmo, com [&hellip;]<\/p>\n","protected":false},"author":45,"featured_media":0,"parent":2490,"menu_order":11,"comment_status":"closed","ping_status":"closed","template":"templates-map\/component-text-layout1.php","meta":{"_acf_changed":false,"footnotes":""},"categories":[],"class_list":["post-73226","page","type-page","status-publish","hentry"],"acf":{"imagens":"","titulo_docs_seccao":"","documentos":""},"_links":{"self":[{"href":"https:\/\/www.cm-evora.pt\/en\/wp-json\/wp\/v2\/pages\/73226","targetHints":{"allow":["GET"]}}],"collection":[{"href":"https:\/\/www.cm-evora.pt\/en\/wp-json\/wp\/v2\/pages"}],"about":[{"href":"https:\/\/www.cm-evora.pt\/en\/wp-json\/wp\/v2\/types\/page"}],"author":[{"embeddable":true,"href":"https:\/\/www.cm-evora.pt\/en\/wp-json\/wp\/v2\/users\/45"}],"replies":[{"embeddable":true,"href":"https:\/\/www.cm-evora.pt\/en\/wp-json\/wp\/v2\/comments?post=73226"}],"version-history":[{"count":3,"href":"https:\/\/www.cm-evora.pt\/en\/wp-json\/wp\/v2\/pages\/73226\/revisions"}],"predecessor-version":[{"id":73230,"href":"https:\/\/www.cm-evora.pt\/en\/wp-json\/wp\/v2\/pages\/73226\/revisions\/73230"}],"up":[{"embeddable":true,"href":"https:\/\/www.cm-evora.pt\/en\/wp-json\/wp\/v2\/pages\/2490"}],"wp:attachment":[{"href":"https:\/\/www.cm-evora.pt\/en\/wp-json\/wp\/v2\/media?parent=73226"}],"wp:term":[{"taxonomy":"category","embeddable":true,"href":"https:\/\/www.cm-evora.pt\/en\/wp-json\/wp\/v2\/categories?post=73226"}],"curies":[{"name":"wp","href":"https:\/\/api.w.org\/{rel}","templated":true}]}}