{"id":73684,"date":"2025-05-02T09:27:22","date_gmt":"2025-05-02T08:27:22","guid":{"rendered":"https:\/\/www.cm-evora.pt\/?page_id=73684"},"modified":"2025-11-12T14:51:23","modified_gmt":"2025-11-12T14:51:23","slug":"eleicoes-autarquicas-2025","status":"archive","type":"page","link":"https:\/\/www.cm-evora.pt\/en\/municipe\/eleicoes-autarquicas-2025\/","title":{"rendered":"Archived: Elei\u00e7\u00f5es Aut\u00e1rquicas 2025"},"content":{"rendered":"<h2 style=\"text-align: center\">Voto Antecipado<\/h2>\n<h2 data-start=\"84\" data-end=\"121\"><strong data-start=\"84\" data-end=\"119\">Para Estudantes<\/strong><\/h2>\n<p data-start=\"123\" data-end=\"351\">Atendendo ao facto de a Universidade de \u00c9vora possuir v\u00e1rios polos e edif\u00edcios, foi decidido que a vota\u00e7\u00e3o ter\u00e1 lugar no <strong data-start=\"244\" data-end=\"278\">Edif\u00edcio dos Pa\u00e7os do Concelho<\/strong>, sito na Pra\u00e7a do Sert\u00f3rio, 7004-506 \u00c9vora, no dia <strong data-start=\"330\" data-end=\"348\">29 de setembro<\/strong>.<\/p>\n<p data-start=\"353\" data-end=\"522\">O ato eleitoral decorrer\u00e1 em <strong data-start=\"382\" data-end=\"401\">hor\u00e1rio laboral<\/strong>, entre as <strong data-start=\"412\" data-end=\"432\">09h00 e as 12h30<\/strong> e das <strong data-start=\"439\" data-end=\"457\">14h00 \u00e0s 17h30<\/strong>, podendo este hor\u00e1rio ser alargado, caso se revele necess\u00e1rio.<\/p>\n\n\t\t<style type=\"text\/css\">\n\t\t\t#gallery-1 {\n\t\t\t\tmargin: auto;\n\t\t\t}\n\t\t\t#gallery-1 .gallery-item {\n\t\t\t\tfloat: left;\n\t\t\t\tmargin-top: 10px;\n\t\t\t\ttext-align: center;\n\t\t\t\twidth: 50%;\n\t\t\t}\n\t\t\t#gallery-1 img {\n\t\t\t\tborder: 2px solid #cfcfcf;\n\t\t\t}\n\t\t\t#gallery-1 .gallery-caption {\n\t\t\t\tmargin-left: 0;\n\t\t\t}\n\t\t\t\/* see gallery_shortcode() in wp-includes\/media.php *\/\n\t\t<\/style>\n\t\t<div id='gallery-1' class='gallery galleryid-73684 gallery-columns-2 gallery-size-full'><dl class='gallery-item'>\n\t\t\t<dt class='gallery-icon portrait'>\n\t\t\t\t<a href='https:\/\/www.cm-evora.pt\/wp-content\/uploads\/2025\/09\/Estudantes_page-0001.jpg'><img loading=\"lazy\" decoding=\"async\" width=\"1240\" height=\"1755\" src=\"https:\/\/www.cm-evora.pt\/wp-content\/uploads\/2025\/09\/Estudantes_page-0001.jpg\" class=\"attachment-full size-full\" alt=\"\" srcset=\"https:\/\/www.cm-evora.pt\/wp-content\/uploads\/2025\/09\/Estudantes_page-0001.jpg 1240w, https:\/\/www.cm-evora.pt\/wp-content\/uploads\/2025\/09\/Estudantes_page-0001-212x300.jpg 212w, https:\/\/www.cm-evora.pt\/wp-content\/uploads\/2025\/09\/Estudantes_page-0001-724x1024.jpg 724w, https:\/\/www.cm-evora.pt\/wp-content\/uploads\/2025\/09\/Estudantes_page-0001-768x1087.jpg 768w, https:\/\/www.cm-evora.pt\/wp-content\/uploads\/2025\/09\/Estudantes_page-0001-1085x1536.jpg 1085w\" sizes=\"auto, (max-width: 1240px) 100vw, 1240px\" \/><\/a>\n\t\t\t<\/dt><\/dl><dl class='gallery-item'>\n\t\t\t<dt class='gallery-icon portrait'>\n\t\t\t\t<a href='https:\/\/www.cm-evora.pt\/wp-content\/uploads\/2025\/09\/Estudantes_page-0002.jpg'><img loading=\"lazy\" decoding=\"async\" width=\"1240\" height=\"1755\" src=\"https:\/\/www.cm-evora.pt\/wp-content\/uploads\/2025\/09\/Estudantes_page-0002.jpg\" class=\"attachment-full size-full\" alt=\"\" srcset=\"https:\/\/www.cm-evora.pt\/wp-content\/uploads\/2025\/09\/Estudantes_page-0002.jpg 1240w, https:\/\/www.cm-evora.pt\/wp-content\/uploads\/2025\/09\/Estudantes_page-0002-212x300.jpg 212w, https:\/\/www.cm-evora.pt\/wp-content\/uploads\/2025\/09\/Estudantes_page-0002-724x1024.jpg 724w, https:\/\/www.cm-evora.pt\/wp-content\/uploads\/2025\/09\/Estudantes_page-0002-768x1087.jpg 768w, https:\/\/www.cm-evora.pt\/wp-content\/uploads\/2025\/09\/Estudantes_page-0002-1085x1536.jpg 1085w\" sizes=\"auto, (max-width: 1240px) 100vw, 1240px\" \/><\/a>\n\t\t\t<\/dt><\/dl><br style=\"clear: both\" \/>\n\t\t<\/div>\n\n<p style=\"text-align: center\"><a href=\"https:\/\/www.cm-evora.pt\/wp-content\/uploads\/2025\/09\/Estudantes.pdf\" target=\"_blank\" rel=\"noopener\">Voto Antecipado &#8211; Estudantes.pdf<\/a><\/p>\n<p>&nbsp;<\/p>\n<h2><strong data-start=\"84\" data-end=\"119\">Motivos Profissionais<\/strong><\/h2>\n\n\t\t<style type=\"text\/css\">\n\t\t\t#gallery-2 {\n\t\t\t\tmargin: auto;\n\t\t\t}\n\t\t\t#gallery-2 .gallery-item {\n\t\t\t\tfloat: left;\n\t\t\t\tmargin-top: 10px;\n\t\t\t\ttext-align: center;\n\t\t\t\twidth: 50%;\n\t\t\t}\n\t\t\t#gallery-2 img {\n\t\t\t\tborder: 2px solid #cfcfcf;\n\t\t\t}\n\t\t\t#gallery-2 .gallery-caption {\n\t\t\t\tmargin-left: 0;\n\t\t\t}\n\t\t\t\/* see gallery_shortcode() in wp-includes\/media.php *\/\n\t\t<\/style>\n\t\t<div id='gallery-2' class='gallery galleryid-73684 gallery-columns-2 gallery-size-full'><dl class='gallery-item'>\n\t\t\t<dt class='gallery-icon portrait'>\n\t\t\t\t<a href='https:\/\/www.cm-evora.pt\/wp-content\/uploads\/2025\/09\/Scanned-from-a-Xerox-Multifunction-Printer_page-0001.jpg'><img loading=\"lazy\" decoding=\"async\" width=\"1240\" height=\"1755\" src=\"https:\/\/www.cm-evora.pt\/wp-content\/uploads\/2025\/09\/Scanned-from-a-Xerox-Multifunction-Printer_page-0001.jpg\" class=\"attachment-full size-full\" alt=\"\" srcset=\"https:\/\/www.cm-evora.pt\/wp-content\/uploads\/2025\/09\/Scanned-from-a-Xerox-Multifunction-Printer_page-0001.jpg 1240w, https:\/\/www.cm-evora.pt\/wp-content\/uploads\/2025\/09\/Scanned-from-a-Xerox-Multifunction-Printer_page-0001-212x300.jpg 212w, https:\/\/www.cm-evora.pt\/wp-content\/uploads\/2025\/09\/Scanned-from-a-Xerox-Multifunction-Printer_page-0001-724x1024.jpg 724w, https:\/\/www.cm-evora.pt\/wp-content\/uploads\/2025\/09\/Scanned-from-a-Xerox-Multifunction-Printer_page-0001-768x1087.jpg 768w, https:\/\/www.cm-evora.pt\/wp-content\/uploads\/2025\/09\/Scanned-from-a-Xerox-Multifunction-Printer_page-0001-1085x1536.jpg 1085w\" sizes=\"auto, (max-width: 1240px) 100vw, 1240px\" \/><\/a>\n\t\t\t<\/dt><\/dl><dl class='gallery-item'>\n\t\t\t<dt class='gallery-icon portrait'>\n\t\t\t\t<a href='https:\/\/www.cm-evora.pt\/wp-content\/uploads\/2025\/09\/Scanned-from-a-Xerox-Multifunction-Printer_page-0002.jpg'><img loading=\"lazy\" decoding=\"async\" width=\"1240\" height=\"1755\" src=\"https:\/\/www.cm-evora.pt\/wp-content\/uploads\/2025\/09\/Scanned-from-a-Xerox-Multifunction-Printer_page-0002.jpg\" class=\"attachment-full size-full\" alt=\"\" srcset=\"https:\/\/www.cm-evora.pt\/wp-content\/uploads\/2025\/09\/Scanned-from-a-Xerox-Multifunction-Printer_page-0002.jpg 1240w, https:\/\/www.cm-evora.pt\/wp-content\/uploads\/2025\/09\/Scanned-from-a-Xerox-Multifunction-Printer_page-0002-212x300.jpg 212w, https:\/\/www.cm-evora.pt\/wp-content\/uploads\/2025\/09\/Scanned-from-a-Xerox-Multifunction-Printer_page-0002-724x1024.jpg 724w, https:\/\/www.cm-evora.pt\/wp-content\/uploads\/2025\/09\/Scanned-from-a-Xerox-Multifunction-Printer_page-0002-768x1087.jpg 768w, https:\/\/www.cm-evora.pt\/wp-content\/uploads\/2025\/09\/Scanned-from-a-Xerox-Multifunction-Printer_page-0002-1085x1536.jpg 1085w\" sizes=\"auto, (max-width: 1240px) 100vw, 1240px\" \/><\/a>\n\t\t\t<\/dt><\/dl><br style=\"clear: both\" \/>\n\t\t<\/div>\n\n<p style=\"text-align: center\"><a href=\"https:\/\/www.cm-evora.pt\/wp-content\/uploads\/2025\/09\/Scanned-from-a-Xerox-Multifunction-Printer.pdf\" target=\"_blank\" rel=\"noopener\">Voto Antecipado &#8211; Motivos Profissionais.pdf<\/a><\/p>\n","protected":false},"excerpt":{"rendered":"<p>Voto Antecipado Para Estudantes Atendendo ao facto de a Universidade de \u00c9vora possuir v\u00e1rios polos e edif\u00edcios, foi decidido que a vota\u00e7\u00e3o ter\u00e1 lugar no Edif\u00edcio dos Pa\u00e7os do Concelho, sito na Pra\u00e7a do Sert\u00f3rio, 7004-506 \u00c9vora, no dia 29 de setembro. O ato eleitoral decorrer\u00e1 em hor\u00e1rio laboral, entre as 09h00 e as 12h30 [&hellip;]<\/p>\n","protected":false},"author":45,"featured_media":0,"parent":22,"menu_order":1,"comment_status":"closed","ping_status":"closed","template":"templates-map\/component-text-layout1.php","meta":{"_acf_changed":false,"footnotes":""},"categories":[],"class_list":["post-73684","page","type-page","status-archive","hentry"],"acf":{"imagens":"","titulo_docs_seccao":"","documentos":""},"_links":{"self":[{"href":"https:\/\/www.cm-evora.pt\/en\/wp-json\/wp\/v2\/pages\/73684","targetHints":{"allow":["GET"]}}],"collection":[{"href":"https:\/\/www.cm-evora.pt\/en\/wp-json\/wp\/v2\/pages"}],"about":[{"href":"https:\/\/www.cm-evora.pt\/en\/wp-json\/wp\/v2\/types\/page"}],"author":[{"embeddable":true,"href":"https:\/\/www.cm-evora.pt\/en\/wp-json\/wp\/v2\/users\/45"}],"replies":[{"embeddable":true,"href":"https:\/\/www.cm-evora.pt\/en\/wp-json\/wp\/v2\/comments?post=73684"}],"version-history":[{"count":6,"href":"https:\/\/www.cm-evora.pt\/en\/wp-json\/wp\/v2\/pages\/73684\/revisions"}],"predecessor-version":[{"id":78023,"href":"https:\/\/www.cm-evora.pt\/en\/wp-json\/wp\/v2\/pages\/73684\/revisions\/78023"}],"up":[{"embeddable":true,"href":"https:\/\/www.cm-evora.pt\/en\/wp-json\/wp\/v2\/pages\/22"}],"wp:attachment":[{"href":"https:\/\/www.cm-evora.pt\/en\/wp-json\/wp\/v2\/media?parent=73684"}],"wp:term":[{"taxonomy":"category","embeddable":true,"href":"https:\/\/www.cm-evora.pt\/en\/wp-json\/wp\/v2\/categories?post=73684"}],"curies":[{"name":"wp","href":"https:\/\/api.w.org\/{rel}","templated":true}]}}