{"id":74286,"date":"2025-05-21T14:41:27","date_gmt":"2025-05-21T13:41:27","guid":{"rendered":"https:\/\/www.cm-evora.pt\/?page_id=74286"},"modified":"2025-12-30T11:35:16","modified_gmt":"2025-12-30T11:35:16","slug":"epaper-servicos-de-gestao-urbanistica","status":"publish","type":"page","link":"https:\/\/www.cm-evora.pt\/en\/servicos\/servicos-online\/epaper-servicos-de-gestao-urbanistica\/","title":{"rendered":"ePaper &#8211; Servi\u00e7os de Gest\u00e3o Urban\u00edstica"},"content":{"rendered":"<p><\/p>\n<p style=\"text-align: center\"><a href=\"https:\/\/www.cm-evora.pt\/wp-content\/uploads\/2025\/05\/FACEBOOK_ePaper_DGU_Prancheta-1.jpg\"><img loading=\"lazy\" decoding=\"async\" class=\"alignnone size-full wp-image-74287\" src=\"https:\/\/www.cm-evora.pt\/wp-content\/uploads\/2025\/05\/FACEBOOK_ePaper_DGU_Prancheta-1.jpg\" alt=\"\" width=\"2360\" height=\"1354\" srcset=\"https:\/\/www.cm-evora.pt\/wp-content\/uploads\/2025\/05\/FACEBOOK_ePaper_DGU_Prancheta-1.jpg 2360w, https:\/\/www.cm-evora.pt\/wp-content\/uploads\/2025\/05\/FACEBOOK_ePaper_DGU_Prancheta-1-300x172.jpg 300w, https:\/\/www.cm-evora.pt\/wp-content\/uploads\/2025\/05\/FACEBOOK_ePaper_DGU_Prancheta-1-1024x587.jpg 1024w, https:\/\/www.cm-evora.pt\/wp-content\/uploads\/2025\/05\/FACEBOOK_ePaper_DGU_Prancheta-1-768x441.jpg 768w, https:\/\/www.cm-evora.pt\/wp-content\/uploads\/2025\/05\/FACEBOOK_ePaper_DGU_Prancheta-1-1536x881.jpg 1536w, https:\/\/www.cm-evora.pt\/wp-content\/uploads\/2025\/05\/FACEBOOK_ePaper_DGU_Prancheta-1-2048x1175.jpg 2048w, https:\/\/www.cm-evora.pt\/wp-content\/uploads\/2025\/05\/FACEBOOK_ePaper_DGU_Prancheta-1-1320x757.jpg 1320w\" sizes=\"auto, (max-width: 2360px) 100vw, 2360px\" \/><\/a><\/p>\n<p>O Munic\u00edpio de \u00c9vora, atrav\u00e9s dos seus servi\u00e7os de Gest\u00e3o Urban\u00edstica, na sequ\u00eancia de uma exigente fase de trabalho no desenvolvimento e adapta\u00e7\u00e3o t\u00e9cnica, anunciam a entrada em funcionamento de uma nova ferramenta de moderniza\u00e7\u00e3o administrativa destinada a desmaterializar os pedidos relacionados com opera\u00e7\u00f5es urban\u00edsticas. O designado ePaper vem refor\u00e7ar e complementar as aplica\u00e7\u00f5es de sistema de processos de obras e de gest\u00e3o documental j\u00e1 existentes, atualizando e modernizando significativamente a gest\u00e3o urban\u00edstica do munic\u00edpio.<\/p>\n<p>&nbsp;<\/p>\n<p>Para a autarquia, a integra\u00e7\u00e3o da \ud835\uddfd\ud835\uddf9\ud835\uddee\ud835\ude01\ud835\uddee\ud835\uddf3\ud835\uddfc\ud835\uddff\ud835\uddfa\ud835\uddee \ud835\uddf2\ud835\udde3\ud835\uddee\ud835\uddfd\ud835\uddf2\ud835\uddff na gest\u00e3o urban\u00edstica do munic\u00edpio \u00e9 mais um passo, a que se seguir\u00e3o outros, no \u201c\ud835\ude31\ud835\ude26\ud835\ude33\ud835\ude24\ud835\ude36\ud835\ude33\ud835\ude34\ud835\ude30 \ud835\ude26\ud835\ude34\ud835\ude35\ud835\ude33\ud835\ude22\ud835\ude35\ud835\ude26\u0301\ud835\ude28\ud835\ude2a\ud835\ude24\ud835\ude30 \ud835\ude33\ud835\ude26\ud835\ude2d\ud835\ude22\ud835\ude35\ud835\ude2a\ud835\ude37\ud835\ude30 \ud835\ude22\u0300 \ud835\ude33\ud835\ude26\ud835\ude30\ud835\ude33\ud835\ude28\ud835\ude22\ud835\ude2f\ud835\ude2a\ud835\ude3b\ud835\ude22\ud835\ude24\u0327\ud835\ude22\u0303\ud835\ude30 \ud835\ude26 \ud835\ude35\ud835\ude33\ud835\ude22\ud835\ude2f\ud835\ude34\ud835\ude27\ud835\ude30\ud835\ude33\ud835\ude2e\ud835\ude22\ud835\ude24\u0327\ud835\ude22\u0303\ud835\ude30 \ud835\ude25\ud835\ude2a\ud835\ude28\ud835\ude2a\ud835\ude35\ud835\ude22\ud835\ude2d \ud835\ude26, \ud835\ude26\ud835\ude2e \ud835\ude31\ud835\ude22\ud835\ude33\ud835\ude35\ud835\ude2a\ud835\ude24\ud835\ude36\ud835\ude2d\ud835\ude22\ud835\ude33, \ud835\ude2f\ud835\ude30 \ud835\ude22\u0302\ud835\ude2e\ud835\ude23\ud835\ude2a\ud835\ude35\ud835\ude30 \ud835\ude25\ud835\ude22 \ud835\ude25\ud835\ude26\ud835\ude34\ud835\ude2e\ud835\ude22\ud835\ude35\ud835\ude26\ud835\ude33\ud835\ude2a\ud835\ude22\ud835\ude2d\ud835\ude2a\ud835\ude3b\ud835\ude22\ud835\ude24\u0327\ud835\ude22\u0303\ud835\ude30 \ud835\ude25\ud835\ude26 \ud835\ude31\ud835\ude33\ud835\ude30\ud835\ude24\ud835\ude26\ud835\ude34\ud835\ude34\ud835\ude30\ud835\ude34 \ud835\ude33\ud835\ude26\ud835\ude2d\ud835\ude22\ud835\ude35\ud835\ude2a\ud835\ude37\ud835\ude30\ud835\ude34 \ud835\ude22 \ud835\ude30\ud835\ude31\ud835\ude26\ud835\ude33\ud835\ude22\ud835\ude24\u0327\ud835\ude30\u0303\ud835\ude26\ud835\ude34 \ud835\ude36\ud835\ude33\ud835\ude23\ud835\ude22\ud835\ude2f\ud835\ude2a\u0301\ud835\ude34\ud835\ude35\ud835\ude2a\ud835\ude24\ud835\ude22\ud835\ude34\u201d.<\/p>\n<p>&nbsp;<\/p>\n<p>A nova solu\u00e7\u00e3o de gest\u00e3o, ePaper, visa a desmaterializa\u00e7\u00e3o do procedimento de controlo pr\u00e9vio das opera\u00e7\u00f5es urban\u00edsticas, elencadas no Regime Jur\u00eddico da Urbaniza\u00e7\u00e3o e Edifica\u00e7\u00e3o (RJUE). A rece\u00e7\u00e3o e tramita\u00e7\u00e3o dos processos de opera\u00e7\u00f5es urban\u00edsticas, que no futuro passar\u00e3o a dar entrada nos servi\u00e7os em formato exclusivamente digital, apresenta mais-valias na simplifica\u00e7\u00e3o, sistematiza\u00e7\u00e3o e transpar\u00eancia no tratamento dos processos urban\u00edsticos, que potenciam a uma importante melhoria dos servi\u00e7os prestados.<\/p>\n<p>&nbsp;<\/p>\n<p>\ud835\uddd4 \ud835\uddf2\ud835\uddf9\ud835\uddf6\ud835\uddfa\ud835\uddf6\ud835\uddfb\ud835\uddee\ud835\uddf0\u0327\ud835\uddee\u0303\ud835\uddfc \ud835\uddf1\ud835\uddfc \ud835\uddfd\ud835\uddff\ud835\uddfc\ud835\uddf0\ud835\uddf2\ud835\ude00\ud835\ude00\ud835\uddfc \ud835\uddf2\ud835\uddfa \ud835\uddf3\ud835\uddfc\ud835\uddff\ud835\uddfa\ud835\uddee\ud835\ude01\ud835\uddfc \ud835\uddfd\ud835\uddee\ud835\uddfd\ud835\uddf2\ud835\uddf9 \ud835\ude00\ud835\uddf2\ud835\uddff\ud835\uddee\u0301 \ud835\uddf3\ud835\uddf2\ud835\uddf6\ud835\ude01\ud835\uddee \ud835\uddf4\ud835\uddff\ud835\uddee\ud835\uddf1\ud835\ude02\ud835\uddee\ud835\uddf9\ud835\uddfa\ud835\uddf2\ud835\uddfb\ud835\ude01\ud835\uddf2, havendo um per\u00edodo de transi\u00e7\u00e3o, durante o qual manter-se-\u00e1 a possibilidade de rece\u00e7\u00e3o de documentos em suporte de papel, procurando deste modo n\u00e3o limitar ou condicionar a rece\u00e7\u00e3o de pedidos.<\/p>\n<p>&nbsp;<\/p>\n<p>As normas t\u00e9cnicas para a instru\u00e7\u00e3o de processos de obras e urbanismo em formato digital podem ser consultadas em \u00a0<u><a href=\"https:\/\/urbanismodocs.cm-evora.pt\/\">https:\/\/urbanismodocs.cm-evora.pt<\/a><\/u>.<\/p>","protected":false},"excerpt":{"rendered":"<p>O Munic\u00edpio de \u00c9vora, atrav\u00e9s dos seus servi\u00e7os de Gest\u00e3o Urban\u00edstica, na sequ\u00eancia de uma exigente fase de trabalho no desenvolvimento e adapta\u00e7\u00e3o t\u00e9cnica, anunciam a entrada em funcionamento de uma nova ferramenta de moderniza\u00e7\u00e3o administrativa destinada a desmaterializar os pedidos relacionados com opera\u00e7\u00f5es urban\u00edsticas. O designado ePaper vem refor\u00e7ar e complementar as aplica\u00e7\u00f5es de [&hellip;]<\/p>\n","protected":false},"author":45,"featured_media":0,"parent":2284,"menu_order":5,"comment_status":"closed","ping_status":"closed","template":"templates-map\/component-text-layout1.php","meta":{"_acf_changed":false,"footnotes":""},"categories":[],"class_list":["post-74286","page","type-page","status-publish","hentry"],"acf":{"imagens":"","titulo_docs_seccao":"","documentos":""},"_links":{"self":[{"href":"https:\/\/www.cm-evora.pt\/en\/wp-json\/wp\/v2\/pages\/74286","targetHints":{"allow":["GET"]}}],"collection":[{"href":"https:\/\/www.cm-evora.pt\/en\/wp-json\/wp\/v2\/pages"}],"about":[{"href":"https:\/\/www.cm-evora.pt\/en\/wp-json\/wp\/v2\/types\/page"}],"author":[{"embeddable":true,"href":"https:\/\/www.cm-evora.pt\/en\/wp-json\/wp\/v2\/users\/45"}],"replies":[{"embeddable":true,"href":"https:\/\/www.cm-evora.pt\/en\/wp-json\/wp\/v2\/comments?post=74286"}],"version-history":[{"count":5,"href":"https:\/\/www.cm-evora.pt\/en\/wp-json\/wp\/v2\/pages\/74286\/revisions"}],"predecessor-version":[{"id":80582,"href":"https:\/\/www.cm-evora.pt\/en\/wp-json\/wp\/v2\/pages\/74286\/revisions\/80582"}],"up":[{"embeddable":true,"href":"https:\/\/www.cm-evora.pt\/en\/wp-json\/wp\/v2\/pages\/2284"}],"wp:attachment":[{"href":"https:\/\/www.cm-evora.pt\/en\/wp-json\/wp\/v2\/media?parent=74286"}],"wp:term":[{"taxonomy":"category","embeddable":true,"href":"https:\/\/www.cm-evora.pt\/en\/wp-json\/wp\/v2\/categories?post=74286"}],"curies":[{"name":"wp","href":"https:\/\/api.w.org\/{rel}","templated":true}]}}