{"id":7766,"date":"2020-06-05T09:41:30","date_gmt":"2020-06-05T08:41:30","guid":{"rendered":"https:\/\/evora2.int.skilltech.pt\/susProjects\/wp_evora2_suite\/?page_id=7766"},"modified":"2024-06-07T13:21:10","modified_gmt":"2024-06-07T12:21:10","slug":"anos-anteriores","status":"publish","type":"page","link":"https:\/\/www.cm-evora.pt\/en\/municipe\/camara-municipal\/relatorios-de-gestao-e-prestacao-de-contas\/anos-anteriores\/","title":{"rendered":"Anos anteriores"},"content":{"rendered":"<p style=\"text-align: center\"><a href=\"https:\/\/www.cm-evora.pt\/wp-content\/uploads\/2020\/05\/Reunioespublicas-CME.jpg\" target=\"_blank\" rel=\"noopener\"><img loading=\"lazy\" decoding=\"async\" class=\"alignnone wp-image-4000 size-full\" src=\"https:\/\/www.cm-evora.pt\/wp-content\/uploads\/2020\/05\/Reunioespublicas-CME.jpg\" alt=\"\" width=\"639\" height=\"362\" srcset=\"https:\/\/www.cm-evora.pt\/wp-content\/uploads\/2020\/05\/Reunioespublicas-CME.jpg 639w, https:\/\/www.cm-evora.pt\/wp-content\/uploads\/2020\/05\/Reunioespublicas-CME-300x170.jpg 300w\" sizes=\"auto, (max-width: 639px) 100vw, 639px\" \/><\/a><\/p>\n<p>O Relat\u00f3rio de Gest\u00e3o integra o conjunto dos documentos da Presta\u00e7\u00e3o de Contas, sendo apresentado pelo \u00d3rg\u00e3o executivo ao \u00f3rg\u00e3o deliberativo, de acordo com o Plano Oficial de Contabilidade das Autarquias Locais (POCAL).<\/p>\n","protected":false},"excerpt":{"rendered":"<p>O Relat\u00f3rio de Gest\u00e3o integra o conjunto dos documentos da Presta\u00e7\u00e3o de Contas, sendo apresentado pelo \u00d3rg\u00e3o executivo ao \u00f3rg\u00e3o deliberativo, de acordo com o Plano Oficial de Contabilidade das Autarquias Locais (POCAL).<\/p>\n","protected":false},"author":1,"featured_media":0,"parent":2422,"menu_order":2,"comment_status":"closed","ping_status":"closed","template":"templates-map\/component-file-gallery-layout3.php","meta":{"_acf_changed":false,"footnotes":""},"categories":[],"class_list":["post-7766","page","type-page","status-publish","hentry"],"acf":[],"_links":{"self":[{"href":"https:\/\/www.cm-evora.pt\/en\/wp-json\/wp\/v2\/pages\/7766","targetHints":{"allow":["GET"]}}],"collection":[{"href":"https:\/\/www.cm-evora.pt\/en\/wp-json\/wp\/v2\/pages"}],"about":[{"href":"https:\/\/www.cm-evora.pt\/en\/wp-json\/wp\/v2\/types\/page"}],"author":[{"embeddable":true,"href":"https:\/\/www.cm-evora.pt\/en\/wp-json\/wp\/v2\/users\/1"}],"replies":[{"embeddable":true,"href":"https:\/\/www.cm-evora.pt\/en\/wp-json\/wp\/v2\/comments?post=7766"}],"version-history":[{"count":14,"href":"https:\/\/www.cm-evora.pt\/en\/wp-json\/wp\/v2\/pages\/7766\/revisions"}],"predecessor-version":[{"id":62839,"href":"https:\/\/www.cm-evora.pt\/en\/wp-json\/wp\/v2\/pages\/7766\/revisions\/62839"}],"up":[{"embeddable":true,"href":"https:\/\/www.cm-evora.pt\/en\/wp-json\/wp\/v2\/pages\/2422"}],"wp:attachment":[{"href":"https:\/\/www.cm-evora.pt\/en\/wp-json\/wp\/v2\/media?parent=7766"}],"wp:term":[{"taxonomy":"category","embeddable":true,"href":"https:\/\/www.cm-evora.pt\/en\/wp-json\/wp\/v2\/categories?post=7766"}],"curies":[{"name":"wp","href":"https:\/\/api.w.org\/{rel}","templated":true}]}}