{"id":78358,"date":"2025-10-07T09:29:21","date_gmt":"2025-10-07T08:29:21","guid":{"rendered":"https:\/\/www.cm-evora.pt\/?page_id=78358"},"modified":"2026-01-16T09:58:47","modified_gmt":"2026-01-16T09:58:47","slug":"operacoes-contratualizadas-no-ambito-do-fundo-asilio-migracao-e-integracao-2030","status":"publish","type":"page","link":"https:\/\/www.cm-evora.pt\/en\/municipe\/projetos-cofinanciados\/operacoes-contratualizadas-no-ambito-do-fundo-asilio-migracao-e-integracao-2030\/","title":{"rendered":"(Portugu\u00eas) Opera\u00e7\u00f5es Contratualizadas no \u00e2mbito do Fundo Asilio, Migra\u00e7\u00e3o e Integra\u00e7\u00e3o 2030"},"content":{"rendered":"<p class=\"qtranxs-available-languages-message qtranxs-available-languages-message-en\">Sorry, this entry is only available in <a href=\"https:\/\/www.cm-evora.pt\/pt\/wp-json\/wp\/v2\/pages\/78358\" class=\"qtranxs-available-language-link qtranxs-available-language-link-pt\" title=\"Portugu\u00eas\">Portugu\u00eas<\/a>.<\/p><p><\/p>\n<p style=\"text-align: center\"><img loading=\"lazy\" decoding=\"async\" class=\"alignnone wp-image-78359 size-full\" src=\"https:\/\/www.cm-evora.pt\/wp-content\/uploads\/2025\/10\/FAMI_logo_h_c_e_s_fundo.png\" alt=\"\" width=\"1621\" height=\"755\" srcset=\"https:\/\/www.cm-evora.pt\/wp-content\/uploads\/2025\/10\/FAMI_logo_h_c_e_s_fundo.png 1621w, https:\/\/www.cm-evora.pt\/wp-content\/uploads\/2025\/10\/FAMI_logo_h_c_e_s_fundo-300x140.png 300w, https:\/\/www.cm-evora.pt\/wp-content\/uploads\/2025\/10\/FAMI_logo_h_c_e_s_fundo-1024x477.png 1024w, https:\/\/www.cm-evora.pt\/wp-content\/uploads\/2025\/10\/FAMI_logo_h_c_e_s_fundo-768x358.png 768w, https:\/\/www.cm-evora.pt\/wp-content\/uploads\/2025\/10\/FAMI_logo_h_c_e_s_fundo-1536x715.png 1536w, https:\/\/www.cm-evora.pt\/wp-content\/uploads\/2025\/10\/FAMI_logo_h_c_e_s_fundo-1320x615.png 1320w\" sizes=\"auto, (max-width: 1621px) 100vw, 1621px\" \/><\/p>\n<p>&nbsp;<\/p>\n<p>Aqui disponibilizamos os contratos de financiamento e informa\u00e7\u00e3o sum\u00e1ria sobre as opera\u00e7\u00f5es contratualizadas no \u00e2mbito do Fundo Asilio, Migra\u00e7\u00e3o e Integra\u00e7\u00e3o 2030.<\/p>","protected":false},"excerpt":{"rendered":"<p>Sorry, this entry is only available in Portugu\u00eas. &nbsp; Aqui disponibilizamos os contratos de financiamento e informa\u00e7\u00e3o sum\u00e1ria sobre as opera\u00e7\u00f5es contratualizadas no \u00e2mbito do Fundo Asilio, Migra\u00e7\u00e3o e Integra\u00e7\u00e3o 2030.<\/p>\n","protected":false},"author":45,"featured_media":0,"parent":80310,"menu_order":3,"comment_status":"closed","ping_status":"closed","template":"templates-map\/component-file-gallery-layout3.php","meta":{"_acf_changed":false,"footnotes":""},"categories":[],"class_list":["post-78358","page","type-page","status-publish","hentry"],"acf":[],"_links":{"self":[{"href":"https:\/\/www.cm-evora.pt\/en\/wp-json\/wp\/v2\/pages\/78358","targetHints":{"allow":["GET"]}}],"collection":[{"href":"https:\/\/www.cm-evora.pt\/en\/wp-json\/wp\/v2\/pages"}],"about":[{"href":"https:\/\/www.cm-evora.pt\/en\/wp-json\/wp\/v2\/types\/page"}],"author":[{"embeddable":true,"href":"https:\/\/www.cm-evora.pt\/en\/wp-json\/wp\/v2\/users\/45"}],"replies":[{"embeddable":true,"href":"https:\/\/www.cm-evora.pt\/en\/wp-json\/wp\/v2\/comments?post=78358"}],"version-history":[{"count":2,"href":"https:\/\/www.cm-evora.pt\/en\/wp-json\/wp\/v2\/pages\/78358\/revisions"}],"predecessor-version":[{"id":78365,"href":"https:\/\/www.cm-evora.pt\/en\/wp-json\/wp\/v2\/pages\/78358\/revisions\/78365"}],"up":[{"embeddable":true,"href":"https:\/\/www.cm-evora.pt\/en\/wp-json\/wp\/v2\/pages\/80310"}],"wp:attachment":[{"href":"https:\/\/www.cm-evora.pt\/en\/wp-json\/wp\/v2\/media?parent=78358"}],"wp:term":[{"taxonomy":"category","embeddable":true,"href":"https:\/\/www.cm-evora.pt\/en\/wp-json\/wp\/v2\/categories?post=78358"}],"curies":[{"name":"wp","href":"https:\/\/api.w.org\/{rel}","templated":true}]}}