{"id":78393,"date":"2025-10-09T08:43:27","date_gmt":"2025-10-09T07:43:27","guid":{"rendered":"https:\/\/www.cm-evora.pt\/?page_id=78393"},"modified":"2025-12-30T11:51:30","modified_gmt":"2025-12-30T11:51:30","slug":"portal-geografico-do-municipio-de-evora","status":"publish","type":"page","link":"https:\/\/www.cm-evora.pt\/en\/servicos\/servicos-online\/portal-geografico-do-municipio-de-evora\/","title":{"rendered":"(Portugu\u00eas) Portal Geogr\u00e1fico do Munic\u00edpio de \u00c9vora"},"content":{"rendered":"<p class=\"qtranxs-available-languages-message qtranxs-available-languages-message-en\">Sorry, this entry is only available in <a href=\"https:\/\/www.cm-evora.pt\/pt\/wp-json\/wp\/v2\/pages\/78393\" class=\"qtranxs-available-language-link qtranxs-available-language-link-pt\" title=\"Portugu\u00eas\">Portugu\u00eas<\/a>.<\/p><p><\/p>\n<p style=\"text-align: center\"><a href=\"https:\/\/geo.cimac.pt\/portal\/apps\/sites\/#\/geoevora\" target=\"_blank\" rel=\"noopener\"><img loading=\"lazy\" decoding=\"async\" class=\"alignnone wp-image-78593 size-full\" src=\"https:\/\/www.cm-evora.pt\/wp-content\/uploads\/2025\/10\/AF_Banner_PortalGeografico_2025-scaled.png\" alt=\"\" width=\"2560\" height=\"1542\" srcset=\"https:\/\/www.cm-evora.pt\/wp-content\/uploads\/2025\/10\/AF_Banner_PortalGeografico_2025-scaled.png 2560w, https:\/\/www.cm-evora.pt\/wp-content\/uploads\/2025\/10\/AF_Banner_PortalGeografico_2025-300x181.png 300w, https:\/\/www.cm-evora.pt\/wp-content\/uploads\/2025\/10\/AF_Banner_PortalGeografico_2025-1024x617.png 1024w, https:\/\/www.cm-evora.pt\/wp-content\/uploads\/2025\/10\/AF_Banner_PortalGeografico_2025-768x463.png 768w, https:\/\/www.cm-evora.pt\/wp-content\/uploads\/2025\/10\/AF_Banner_PortalGeografico_2025-1536x925.png 1536w, https:\/\/www.cm-evora.pt\/wp-content\/uploads\/2025\/10\/AF_Banner_PortalGeografico_2025-2048x1233.png 2048w, https:\/\/www.cm-evora.pt\/wp-content\/uploads\/2025\/10\/AF_Banner_PortalGeografico_2025-1320x795.png 1320w\" sizes=\"auto, (max-width: 2560px) 100vw, 2560px\" \/><\/a><\/p>\n<p>O <a href=\"https:\/\/geo.cimac.pt\/portal\/apps\/sites\/#\/geoevora\" target=\"_blank\" rel=\"noopener\">portal geogr\u00e1fico<\/a> \u00e9 uma plataforma interativa desenvolvida pelo Munic\u00edpio de \u00c9vora, que disponibiliza ferramentas para consulta de informa\u00e7\u00f5es geogr\u00e1ficas atualizadas, com o prop\u00f3sito de apoiar o planeamento, a gest\u00e3o e o ordenamento do territ\u00f3rio. Adicionalmente, facilita ao mun\u00edcipe e ao cidad\u00e3o o acesso \u00e0 informa\u00e7\u00e3o fundamental no que ao ordenamento do territ\u00f3rio diz respeito.<\/p>\n<p>&nbsp;<\/p>\n<p><strong>Funcionalidades principais:<\/strong><\/p>\n<ul>\n<li style=\"list-style-type: none\">\n<ul>\n<li><strong>Visualiza\u00e7\u00e3o de Mapas Tem\u00e1ticos<\/strong>: Acesso a diversos mapas e\/ou dados que identificam o uso do solo, infraestruturas, ambiente e outros aspetos relevantes para o territ\u00f3rio, permitindo a integra\u00e7\u00e3o de informa\u00e7\u00e3o geogr\u00e1fica de outras fontes de dados.<\/li>\n<li><strong>Ferramentas de Navega\u00e7\u00e3o e An\u00e1lise<\/strong>: Recursos que permitem aos utilizadores explorar o territ\u00f3rio, realizar medi\u00e7\u00f5es e obter informa\u00e7\u00f5es detalhadas sobre \u00e1reas espec\u00edficas.<\/li>\n<li><strong>Apoio aos Cidad\u00e3os<\/strong>: Conhecer as regras aplicadas nos diferentes Planos Municipais de Ordenamento do Territ\u00f3rio (PMOT), aumentando a transpar\u00eancia e facilitando o acesso \u00e0 informa\u00e7\u00e3o.<\/li>\n<li><strong>Emiss\u00e3o de Plantas de Localiza\u00e7\u00e3o<\/strong>: Possibilidade de emiss\u00e3o de plantas que ajudam a identificar a localiza\u00e7\u00e3o precisa de pr\u00e9dios e terrenos.<\/li>\n<li><strong>Emiss\u00e3o de Relat\u00f3rios de Enquadramento no Plano Diretor Municipal de \u00c9vora (PDME)<\/strong>: Possibilidade de emitir relat\u00f3rios que identifiquem a categoria do espa\u00e7o e as condicionantes que interferem numa determinada \u00e1rea, facilitando o entendimento sobre o enquadramento no PDME.<\/li>\n<\/ul>\n<\/li>\n<\/ul>\n<p><\/p>","protected":false},"excerpt":{"rendered":"<p>Sorry, this entry is only available in Portugu\u00eas. O portal geogr\u00e1fico \u00e9 uma plataforma interativa desenvolvida pelo Munic\u00edpio de \u00c9vora, que disponibiliza ferramentas para consulta de informa\u00e7\u00f5es geogr\u00e1ficas atualizadas, com o prop\u00f3sito de apoiar o planeamento, a gest\u00e3o e o ordenamento do territ\u00f3rio. Adicionalmente, facilita ao mun\u00edcipe e ao cidad\u00e3o o acesso \u00e0 informa\u00e7\u00e3o fundamental [&hellip;]<\/p>\n","protected":false},"author":45,"featured_media":0,"parent":2284,"menu_order":6,"comment_status":"closed","ping_status":"closed","template":"templates-map\/component-text-layout1.php","meta":{"_acf_changed":false,"footnotes":""},"categories":[],"class_list":["post-78393","page","type-page","status-publish","hentry"],"acf":{"imagens":"","titulo_docs_seccao":"","documentos":""},"_links":{"self":[{"href":"https:\/\/www.cm-evora.pt\/en\/wp-json\/wp\/v2\/pages\/78393","targetHints":{"allow":["GET"]}}],"collection":[{"href":"https:\/\/www.cm-evora.pt\/en\/wp-json\/wp\/v2\/pages"}],"about":[{"href":"https:\/\/www.cm-evora.pt\/en\/wp-json\/wp\/v2\/types\/page"}],"author":[{"embeddable":true,"href":"https:\/\/www.cm-evora.pt\/en\/wp-json\/wp\/v2\/users\/45"}],"replies":[{"embeddable":true,"href":"https:\/\/www.cm-evora.pt\/en\/wp-json\/wp\/v2\/comments?post=78393"}],"version-history":[{"count":6,"href":"https:\/\/www.cm-evora.pt\/en\/wp-json\/wp\/v2\/pages\/78393\/revisions"}],"predecessor-version":[{"id":80584,"href":"https:\/\/www.cm-evora.pt\/en\/wp-json\/wp\/v2\/pages\/78393\/revisions\/80584"}],"up":[{"embeddable":true,"href":"https:\/\/www.cm-evora.pt\/en\/wp-json\/wp\/v2\/pages\/2284"}],"wp:attachment":[{"href":"https:\/\/www.cm-evora.pt\/en\/wp-json\/wp\/v2\/media?parent=78393"}],"wp:term":[{"taxonomy":"category","embeddable":true,"href":"https:\/\/www.cm-evora.pt\/en\/wp-json\/wp\/v2\/categories?post=78393"}],"curies":[{"name":"wp","href":"https:\/\/api.w.org\/{rel}","templated":true}]}}