{"id":79392,"date":"2025-11-17T15:25:57","date_gmt":"2025-11-17T15:25:57","guid":{"rendered":"https:\/\/www.cm-evora.pt\/?page_id=79392"},"modified":"2025-11-17T16:13:47","modified_gmt":"2025-11-17T16:13:47","slug":"progamacao-natal","status":"publish","type":"page","link":"https:\/\/www.cm-evora.pt\/en\/progamacao-natal\/","title":{"rendered":"(Portugu\u00eas) Progama\u00e7\u00e3o Natal"},"content":{"rendered":"","protected":false},"excerpt":{"rendered":"","protected":false},"author":71,"featured_media":0,"parent":0,"menu_order":0,"comment_status":"closed","ping_status":"closed","template":"templates-map\/component-form-layout1.php","meta":{"_acf_changed":false,"footnotes":""},"categories":[],"class_list":["post-79392","page","type-page","status-publish","hentry"],"acf":[],"_links":{"self":[{"href":"https:\/\/www.cm-evora.pt\/en\/wp-json\/wp\/v2\/pages\/79392","targetHints":{"allow":["GET"]}}],"collection":[{"href":"https:\/\/www.cm-evora.pt\/en\/wp-json\/wp\/v2\/pages"}],"about":[{"href":"https:\/\/www.cm-evora.pt\/en\/wp-json\/wp\/v2\/types\/page"}],"author":[{"embeddable":true,"href":"https:\/\/www.cm-evora.pt\/en\/wp-json\/wp\/v2\/users\/71"}],"replies":[{"embeddable":true,"href":"https:\/\/www.cm-evora.pt\/en\/wp-json\/wp\/v2\/comments?post=79392"}],"version-history":[{"count":1,"href":"https:\/\/www.cm-evora.pt\/en\/wp-json\/wp\/v2\/pages\/79392\/revisions"}],"predecessor-version":[{"id":79393,"href":"https:\/\/www.cm-evora.pt\/en\/wp-json\/wp\/v2\/pages\/79392\/revisions\/79393"}],"wp:attachment":[{"href":"https:\/\/www.cm-evora.pt\/en\/wp-json\/wp\/v2\/media?parent=79392"}],"wp:term":[{"taxonomy":"category","embeddable":true,"href":"https:\/\/www.cm-evora.pt\/en\/wp-json\/wp\/v2\/categories?post=79392"}],"curies":[{"name":"wp","href":"https:\/\/api.w.org\/{rel}","templated":true}]}}