{"id":80169,"date":"2025-12-12T14:30:32","date_gmt":"2025-12-12T14:30:32","guid":{"rendered":"https:\/\/www.cm-evora.pt\/?page_id=80169"},"modified":"2026-03-16T14:44:49","modified_gmt":"2026-03-16T14:44:49","slug":"atividades-de-tempo-livre-atl","status":"publish","type":"page","link":"https:\/\/www.cm-evora.pt\/en\/municipe\/areas-de-acao\/educacao\/atividades-de-tempo-livre-atl\/","title":{"rendered":"(Portugu\u00eas) Atividades de Tempos Livres (ATL)"},"content":{"rendered":"<p class=\"qtranxs-available-languages-message qtranxs-available-languages-message-en\">Sorry, this entry is only available in <a href=\"https:\/\/www.cm-evora.pt\/pt\/wp-json\/wp\/v2\/pages\/80169\" class=\"qtranxs-available-language-link qtranxs-available-language-link-pt\" title=\"Portugu\u00eas\">Portugu\u00eas<\/a>.<\/p><p><\/p>\n<p style=\"text-align: center\"><a href=\"https:\/\/www.cm-evora.pt\/wp-content\/uploads\/2025\/12\/atl_divulgacao_bannerevento-1.jpg\"><img loading=\"lazy\" decoding=\"async\" class=\"alignnone size-full wp-image-80210\" src=\"https:\/\/www.cm-evora.pt\/wp-content\/uploads\/2025\/12\/atl_divulgacao_bannerevento-1.jpg\" alt=\"\" width=\"1920\" height=\"1080\" srcset=\"https:\/\/www.cm-evora.pt\/wp-content\/uploads\/2025\/12\/atl_divulgacao_bannerevento-1.jpg 1920w, https:\/\/www.cm-evora.pt\/wp-content\/uploads\/2025\/12\/atl_divulgacao_bannerevento-1-300x169.jpg 300w, https:\/\/www.cm-evora.pt\/wp-content\/uploads\/2025\/12\/atl_divulgacao_bannerevento-1-1024x576.jpg 1024w, https:\/\/www.cm-evora.pt\/wp-content\/uploads\/2025\/12\/atl_divulgacao_bannerevento-1-768x432.jpg 768w, https:\/\/www.cm-evora.pt\/wp-content\/uploads\/2025\/12\/atl_divulgacao_bannerevento-1-1536x864.jpg 1536w, https:\/\/www.cm-evora.pt\/wp-content\/uploads\/2025\/12\/atl_divulgacao_bannerevento-1-1320x743.jpg 1320w\" sizes=\"auto, (max-width: 1920px) 100vw, 1920px\" \/><\/a><\/p>\n<p>&nbsp;<\/p>\n<p>A C\u00e2mara Municipal de \u00c9vora disponibiliza, no seu portal oficial, informa\u00e7\u00f5es sobre as Atividades de Tempos Livres (ATL), destinadas a crian\u00e7as e jovens durante os per\u00edodos de interrup\u00e7\u00e3o escolar. A listagem das entidades promotoras deste tipo de atividades visa facilitar o acesso \u00e0 informa\u00e7\u00e3o por parte dos pais e encarregados de educa\u00e7\u00e3o, e apoiar as institui\u00e7\u00f5es na divulga\u00e7\u00e3o das suas iniciativas. Consulte a oferta e os contactos das entidades promotoras.<\/p>\n<p>&nbsp;<\/p>\n<table style=\"width: 100%;border-collapse: collapse;font-family: sans-serif;font-size: 9px;border: 1px solid #ccc\">\n<thead>\n<tr style=\"background-color: #0056b3;color: white\">\n<th style=\"padding: 3px;border: 1px solid #ccc;width: 18%\">Entidade<\/th>\n<th style=\"padding: 3px;border: 1px solid #ccc;width: 25%\">Morada\/Local<\/th>\n<th style=\"padding: 3px;border: 1px solid #ccc;width: 10%\">Idades<\/th>\n<th style=\"padding: 3px;border: 1px solid #ccc;width: 22%\">Contacto<\/th>\n<th style=\"padding: 3px;border: 1px solid #ccc;width: 10%\">Email<\/th>\n<th style=\"padding: 3px;border: 1px solid #ccc;width: 15%\">Observa\u00e7\u00f5es<\/th>\n<\/tr>\n<\/thead>\n<tbody>\n<tr style=\"background-color: #f9f9f9\">\n<td style=\"padding: 3px;border: 1px solid #ccc;overflow: hidden\">Academia Lusitano Gin\u00e1sio Clube<\/td>\n<td style=\"padding: 3px;border: 1px solid #ccc;overflow: hidden\">Clube de Futebol &#8211; Vila Lusitano<\/td>\n<td style=\"padding: 3px;border: 1px solid #ccc;overflow: hidden\">6-12 anos<\/td>\n<td style=\"padding: 3px;border: 1px solid #ccc;overflow: hidden\">960 433 120<\/td>\n<td style=\"padding: 3px;border: 1px solid #ccc;overflow: hidden\">Secretaria do clube<\/td>\n<td style=\"padding: 3px;border: 1px solid #ccc;overflow: hidden\">&#8211;<\/td>\n<\/tr>\n<tr style=\"background-color: #ffffff\">\n<td style=\"padding: 3px;border: 1px solid #ccc;overflow: hidden\">ADBES<\/td>\n<td style=\"padding: 3px;border: 1px solid #ccc;overflow: hidden\">R. Dr. Fernando Jos\u00e9 Soares Pinheiro, N114 n\u00ba 19 e 20<\/td>\n<td style=\"padding: 3px;border: 1px solid #ccc;overflow: hidden\">6-13 anos<\/td>\n<td style=\"padding: 3px;border: 1px solid #ccc;overflow: hidden\">266 737 695 \/ 966 123 700<\/td>\n<td style=\"padding: 3px;border: 1px solid #ccc;overflow: hidden\">adbes.evora@gmail.com<\/td>\n<td style=\"padding: 3px;border: 1px solid #ccc;overflow: hidden\">&#8211;<\/td>\n<\/tr>\n<tr style=\"background-color: #f9f9f9\">\n<td style=\"padding: 3px;border: 1px solid #ccc;overflow: hidden\">Agr Esc. Gabriel Pereira<\/td>\n<td style=\"padding: 3px;border: 1px solid #ccc;overflow: hidden\">Escola B\u00e1sica Andr\u00e9 de Resende<\/td>\n<td style=\"padding: 3px;border: 1px solid #ccc;overflow: hidden\">6-12 anos<\/td>\n<td style=\"padding: 3px;border: 1px solid #ccc;overflow: hidden\">266 745 600<\/td>\n<td style=\"padding: 3px;border: 1px solid #ccc;overflow: hidden\">geral@age2ev.edu.pt<\/td>\n<td style=\"padding: 3px;border: 1px solid #ccc;overflow: hidden\">&#8211;<\/td>\n<\/tr>\n<tr style=\"background-color: #ffffff\">\n<td style=\"padding: 3px;border: 1px solid #ccc;overflow: hidden\">Aminata \u00c9vora Clube Nata\u00e7\u00e3o<\/td>\n<td style=\"padding: 3px;border: 1px solid #ccc;overflow: hidden\">Av. Sanches de Miranda 32<\/td>\n<td style=\"padding: 3px;border: 1px solid #ccc;overflow: hidden\">6-14 anos<\/td>\n<td style=\"padding: 3px;border: 1px solid #ccc;overflow: hidden\">266 757 370<\/td>\n<td style=\"padding: 3px;border: 1px solid #ccc;overflow: hidden\">secretaria@aminata.pt<\/td>\n<td style=\"padding: 3px;border: 1px solid #ccc;overflow: hidden\">&#8211;<\/td>\n<\/tr>\n<tr style=\"background-color: #f9f9f9\">\n<td style=\"padding: 3px;border: 1px solid #ccc;overflow: hidden\">APCE &#8211; Quinta do Pomarinho<\/td>\n<td style=\"padding: 3px;border: 1px solid #ccc;overflow: hidden\">EN 380, km 6,5, \u00c9vora<\/td>\n<td style=\"padding: 3px;border: 1px solid #ccc;overflow: hidden\">6-12 anos<\/td>\n<td style=\"padding: 3px;border: 1px solid #ccc;overflow: hidden\">266 744 593<\/td>\n<td style=\"padding: 3px;border: 1px solid #ccc;overflow: hidden\">qpomarinho@gmail.com<\/td>\n<td style=\"padding: 3px;border: 1px solid #ccc;overflow: hidden\">Nas Pausas Letivas<\/td>\n<\/tr>\n<tr style=\"background-color: #ffffff\">\n<td style=\"padding: 3px;border: 1px solid #ccc;overflow: hidden\">Armaz\u00e9m 8<\/td>\n<td style=\"padding: 3px;border: 1px solid #ccc;overflow: hidden\">PITE, \u00c9vora<\/td>\n<td style=\"padding: 3px;border: 1px solid #ccc;overflow: hidden\">&gt; 6 anos<\/td>\n<td style=\"padding: 3px;border: 1px solid #ccc;overflow: hidden\">933 326 005<\/td>\n<td style=\"padding: 3px;border: 1px solid #ccc;overflow: hidden\">&#8211;<\/td>\n<td style=\"padding: 3px;border: 1px solid #ccc;overflow: hidden\">&#8211;<\/td>\n<\/tr>\n<tr style=\"background-color: #f9f9f9\">\n<td style=\"padding: 3px;border: 1px solid #ccc;overflow: hidden\">ASCTE &#8211; Campo de F\u00e9rias<\/td>\n<td style=\"padding: 3px;border: 1px solid #ccc;overflow: hidden\">Quinta do Zambujalinho<\/td>\n<td style=\"padding: 3px;border: 1px solid #ccc;overflow: hidden\">6-9 anos<\/td>\n<td style=\"padding: 3px;border: 1px solid #ccc;overflow: hidden\">266 977 272<\/td>\n<td style=\"padding: 3px;border: 1px solid #ccc;overflow: hidden\">joanaluzascte@gmail.com<\/td>\n<td style=\"padding: 3px;border: 1px solid #ccc;overflow: hidden\">&#8211;<\/td>\n<\/tr>\n<tr style=\"background-color: #ffffff\">\n<td style=\"padding: 3px;border: 1px solid #ccc;overflow: hidden\">Assoc. Centro Infantil S. Man\u00e7os<\/td>\n<td style=\"padding: 3px;border: 1px solid #ccc;overflow: hidden\">Av Engenheiro Eug\u00e9nio de Almeida 1<\/td>\n<td style=\"padding: 3px;border: 1px solid #ccc;overflow: hidden\">6-10 anos<\/td>\n<td style=\"padding: 3px;border: 1px solid #ccc;overflow: hidden\">266 722 063<\/td>\n<td style=\"padding: 3px;border: 1px solid #ccc;overflow: hidden\">acism.direccao@gmail.com<\/td>\n<td style=\"padding: 3px;border: 1px solid #ccc;overflow: hidden\">&#8211;<\/td>\n<\/tr>\n<tr style=\"background-color: #f9f9f9\">\n<td style=\"padding: 3px;border: 1px solid #ccc;overflow: hidden\">Associa\u00e7\u00e3o de Futebol de \u00c9vora<\/td>\n<td style=\"padding: 3px;border: 1px solid #ccc;overflow: hidden\">R. Gazeta Eborense 2E<\/td>\n<td style=\"padding: 3px;border: 1px solid #ccc;overflow: hidden\">8-13 anos<\/td>\n<td style=\"padding: 3px;border: 1px solid #ccc;overflow: hidden\">266 703 252<\/td>\n<td style=\"padding: 3px;border: 1px solid #ccc;overflow: hidden\">geral@afevora.pt<\/td>\n<td style=\"padding: 3px;border: 1px solid #ccc;overflow: hidden\">&#8211;<\/td>\n<\/tr>\n<tr style=\"background-color: #ffffff\">\n<td style=\"padding: 3px;border: 1px solid #ccc;overflow: hidden\">Assoc. Pais Agrup. M. Ferreira Patricio<\/td>\n<td style=\"padding: 3px;border: 1px solid #ccc;overflow: hidden\">Escola B\u00e1sica Manuel Ferreira Patricio<\/td>\n<td style=\"padding: 3px;border: 1px solid #ccc;overflow: hidden\">7-14 anos<\/td>\n<td style=\"padding: 3px;border: 1px solid #ccc;overflow: hidden\">934 891 891<\/td>\n<td style=\"padding: 3px;border: 1px solid #ccc;overflow: hidden\">apee@aemfp.pt<\/td>\n<td style=\"padding: 3px;border: 1px solid #ccc;overflow: hidden\">&#8211;<\/td>\n<\/tr>\n<tr style=\"background-color: #f9f9f9\">\n<td style=\"padding: 3px;border: 1px solid #ccc;overflow: hidden\">Assoc. Prote\u00e7\u00e3o Idosos S. Sebasti\u00e3o Giesteira<\/td>\n<td style=\"padding: 3px;border: 1px solid #ccc;overflow: hidden\">Largo da Igreja, S. Sebasti\u00e3o da Giesteira<\/td>\n<td style=\"padding: 3px;border: 1px solid #ccc;overflow: hidden\">6-14 anos<\/td>\n<td style=\"padding: 3px;border: 1px solid #ccc;overflow: hidden\">266 907 210<\/td>\n<td style=\"padding: 3px;border: 1px solid #ccc;overflow: hidden\">arpirgiesteira@gmail.com<\/td>\n<td style=\"padding: 3px;border: 1px solid #ccc;overflow: hidden\">&#8211;<\/td>\n<\/tr>\n<tr style=\"background-color: #ffffff\">\n<td style=\"padding: 3px;border: 1px solid #ccc;overflow: hidden\">C\u00e2mara M. \u00c9vora &#8211; Okup@-te<\/td>\n<td style=\"padding: 3px;border: 1px solid #ccc;overflow: hidden\">Piscinas Municipais de \u00c9vora<\/td>\n<td style=\"padding: 3px;border: 1px solid #ccc;overflow: hidden\">6-15 anos<\/td>\n<td style=\"padding: 3px;border: 1px solid #ccc;overflow: hidden\">266 777 000<\/td>\n<td style=\"padding: 3px;border: 1px solid #ccc;overflow: hidden\">cme.djd@cm-evora.pt<\/td>\n<td style=\"padding: 3px;border: 1px solid #ccc;overflow: hidden\">Nas Pausas letivas; Apoio NE 1:1 mediadores.<\/td>\n<\/tr>\n<tr style=\"background-color: #f9f9f9\">\n<td style=\"padding: 3px;border: 1px solid #ccc;overflow: hidden\">C\u00e2mara M. \u00c9vora &#8211; Ser a Brincar<\/td>\n<td style=\"padding: 3px;border: 1px solid #ccc;overflow: hidden\">Escola B\u00e1sica do Bairro da C\u00e2mara<\/td>\n<td style=\"padding: 3px;border: 1px solid #ccc;overflow: hidden\">3-6 anos<\/td>\n<td style=\"padding: 3px;border: 1px solid #ccc;overflow: hidden\">266 777 000<\/td>\n<td style=\"padding: 3px;border: 1px solid #ccc;overflow: hidden\">cme.djd@cm-evora.pt<\/td>\n<td style=\"padding: 3px;border: 1px solid #ccc;overflow: hidden\">&#8211;<\/td>\n<\/tr>\n<tr style=\"background-color: #ffffff\">\n<td style=\"padding: 3px;border: 1px solid #ccc;overflow: hidden\">C\u00e1ritas<\/td>\n<td style=\"padding: 3px;border: 1px solid #ccc;overflow: hidden\">Piscinas e espa\u00e7o na cruz da picada<\/td>\n<td style=\"padding: 3px;border: 1px solid #ccc;overflow: hidden\">6-25 anos<\/td>\n<td style=\"padding: 3px;border: 1px solid #ccc;overflow: hidden\">925 860 868<\/td>\n<td style=\"padding: 3px;border: 1px solid #ccc;overflow: hidden\">&#8211;<\/td>\n<td style=\"padding: 3px;border: 1px solid #ccc;overflow: hidden\">&#8211;<\/td>\n<\/tr>\n<tr style=\"background-color: #f9f9f9\">\n<td style=\"padding: 3px;border: 1px solid #ccc;overflow: hidden\">Casa do Montado<\/td>\n<td style=\"padding: 3px;border: 1px solid #ccc;overflow: hidden\">Rua das Amas do Cardeal, N.\u00ba 2 1.\u00ba<\/td>\n<td style=\"padding: 3px;border: 1px solid #ccc;overflow: hidden\">8-12 anos<\/td>\n<td style=\"padding: 3px;border: 1px solid #ccc;overflow: hidden\">968 641 461<\/td>\n<td style=\"padding: 3px;border: 1px solid #ccc;overflow: hidden\">florestaiberica@gmail.com<\/td>\n<td style=\"padding: 3px;border: 1px solid #ccc;overflow: hidden\">&#8211;<\/td>\n<\/tr>\n<tr style=\"background-color: #ffffff\">\n<td style=\"padding: 3px;border: 1px solid #ccc;overflow: hidden\">Centro de Actividades Infantil de \u00c9vora<\/td>\n<td style=\"padding: 3px;border: 1px solid #ccc;overflow: hidden\">R. Gabriel Victor do Monte Pereira 21<\/td>\n<td style=\"padding: 3px;border: 1px solid #ccc;overflow: hidden\">1-13 anos<\/td>\n<td style=\"padding: 3px;border: 1px solid #ccc;overflow: hidden\">266 701 335<\/td>\n<td style=\"padding: 3px;border: 1px solid #ccc;overflow: hidden\">caieevora@gmail.com<\/td>\n<td style=\"padding: 3px;border: 1px solid #ccc;overflow: hidden\">Recebe NE (ver\u00e3o) via Okup@-te<\/td>\n<\/tr>\n<tr style=\"background-color: #f9f9f9\">\n<td style=\"padding: 3px;border: 1px solid #ccc;overflow: hidden\">Centro Social Paroquial de S. Br\u00e1s<\/td>\n<td style=\"padding: 3px;border: 1px solid #ccc;overflow: hidden\">R. Estrela Faria, 14<\/td>\n<td style=\"padding: 3px;border: 1px solid #ccc;overflow: hidden\">6-13 anos<\/td>\n<td style=\"padding: 3px;border: 1px solid #ccc;overflow: hidden\">266 741 616<\/td>\n<td style=\"padding: 3px;border: 1px solid #ccc;overflow: hidden\">educadorapatriciacatl@gmail.com<\/td>\n<td style=\"padding: 3px;border: 1px solid #ccc;overflow: hidden\">&#8211;<\/td>\n<\/tr>\n<tr style=\"background-color: #ffffff\">\n<td style=\"padding: 3px;border: 1px solid #ccc;overflow: hidden\">Clube de T\u00e9nis de \u00c9vora<\/td>\n<td style=\"padding: 3px;border: 1px solid #ccc;overflow: hidden\">Bairro do Granito, 7005-475 \u00c9vora<\/td>\n<td style=\"padding: 3px;border: 1px solid #ccc;overflow: hidden\">6-17 anos<\/td>\n<td style=\"padding: 3px;border: 1px solid #ccc;overflow: hidden\">266 744 443 \/ 961 700 466<\/td>\n<td style=\"padding: 3px;border: 1px solid #ccc;overflow: hidden\">geral@clubetenisevora.pt<\/td>\n<td style=\"padding: 3px;border: 1px solid #ccc;overflow: hidden\">&#8211;<\/td>\n<\/tr>\n<tr style=\"background-color: #f9f9f9\">\n<td style=\"padding: 3px;border: 1px solid #ccc;overflow: hidden\">Clube Stone Boys<\/td>\n<td style=\"padding: 3px;border: 1px solid #ccc;overflow: hidden\">R. Jos\u00e9 Sebasti\u00e3o Cebola, 20 esq.<\/td>\n<td style=\"padding: 3px;border: 1px solid #ccc;overflow: hidden\">6-14 anos<\/td>\n<td style=\"padding: 3px;border: 1px solid #ccc;overflow: hidden\">926 909 095<\/td>\n<td style=\"padding: 3px;border: 1px solid #ccc;overflow: hidden\">stoneboy.mp@gmail.com<\/td>\n<td style=\"padding: 3px;border: 1px solid #ccc;overflow: hidden\">&#8211;<\/td>\n<\/tr>\n<tr style=\"background-color: #ffffff\">\n<td style=\"padding: 3px;border: 1px solid #ccc;overflow: hidden\">Coral de \u00c9vora<\/td>\n<td style=\"padding: 3px;border: 1px solid #ccc;overflow: hidden\">Escola Secund\u00e1ria Severim de Faria<\/td>\n<td style=\"padding: 3px;border: 1px solid #ccc;overflow: hidden\">6-20 anos<\/td>\n<td style=\"padding: 3px;border: 1px solid #ccc;overflow: hidden\">933 446 665<\/td>\n<td style=\"padding: 3px;border: 1px solid #ccc;overflow: hidden\">coralevora1979@gmail.com<\/td>\n<td style=\"padding: 3px;border: 1px solid #ccc;overflow: hidden\">&#8211;<\/td>\n<\/tr>\n<tr style=\"background-color: #f9f9f9\">\n<td style=\"padding: 3px;border: 1px solid #ccc;overflow: hidden\">Funda\u00e7\u00e3o Eug\u00e9nio de Almeida<\/td>\n<td style=\"padding: 3px;border: 1px solid #ccc;overflow: hidden\">Centro de Arte e Cultura<\/td>\n<td style=\"padding: 3px;border: 1px solid #ccc;overflow: hidden\">5-12 anos<\/td>\n<td style=\"padding: 3px;border: 1px solid #ccc;overflow: hidden\">266 748 300<\/td>\n<td style=\"padding: 3px;border: 1px solid #ccc;overflow: hidden\">servicoeducativo@fea.pt<\/td>\n<td style=\"padding: 3px;border: 1px solid #ccc;overflow: hidden\">&#8211;<\/td>\n<\/tr>\n<tr style=\"background-color: #ffffff\">\n<td style=\"padding: 3px;border: 1px solid #ccc;overflow: hidden\">FUTPRO Academy SUMMER FUTCAMP<\/td>\n<td style=\"padding: 3px;border: 1px solid #ccc;overflow: hidden\">Complexo Desportivo \/ M. Ferreira Patricio<\/td>\n<td style=\"padding: 3px;border: 1px solid #ccc;overflow: hidden\">6-16 anos<\/td>\n<td style=\"padding: 3px;border: 1px solid #ccc;overflow: hidden\">934 450 763<\/td>\n<td style=\"padding: 3px;border: 1px solid #ccc;overflow: hidden\">academy.futpro@gmail.com<\/td>\n<td style=\"padding: 3px;border: 1px solid #ccc;overflow: hidden\">&#8211;<\/td>\n<\/tr>\n<tr style=\"background-color: #f9f9f9\">\n<td style=\"padding: 3px;border: 1px solid #ccc;overflow: hidden\">Grupo Desportivo e Rec. Andr\u00e9 de Resende<\/td>\n<td style=\"padding: 3px;border: 1px solid #ccc;overflow: hidden\">EB. Andr\u00e9 de Resende<\/td>\n<td style=\"padding: 3px;border: 1px solid #ccc;overflow: hidden\">10-18 anos<\/td>\n<td style=\"padding: 3px;border: 1px solid #ccc;overflow: hidden\">913 974 935<\/td>\n<td style=\"padding: 3px;border: 1px solid #ccc;overflow: hidden\">geral@gdrar.pt<\/td>\n<td style=\"padding: 3px;border: 1px solid #ccc;overflow: hidden\">&#8211;<\/td>\n<\/tr>\n<tr style=\"background-color: #ffffff\">\n<td style=\"padding: 3px;border: 1px solid #ccc;overflow: hidden\">Grupo Desportivo S\u00e3o Man\u00e7os<\/td>\n<td style=\"padding: 3px;border: 1px solid #ccc;overflow: hidden\">Campo desportivo<\/td>\n<td style=\"padding: 3px;border: 1px solid #ccc;overflow: hidden\">4-14 anos<\/td>\n<td style=\"padding: 3px;border: 1px solid #ccc;overflow: hidden\">965 237 365<\/td>\n<td style=\"padding: 3px;border: 1px solid #ccc;overflow: hidden\">gdsmancos1982@gmail.com<\/td>\n<td style=\"padding: 3px;border: 1px solid #ccc;overflow: hidden\">&#8211;<\/td>\n<\/tr>\n<tr style=\"background-color: #f9f9f9\">\n<td style=\"padding: 3px;border: 1px solid #ccc;overflow: hidden\">JPC Equestrian<\/td>\n<td style=\"padding: 3px;border: 1px solid #ccc;overflow: hidden\">Herdade Fonte Boa da Vinha<\/td>\n<td style=\"padding: 3px;border: 1px solid #ccc;overflow: hidden\">6-16 anos<\/td>\n<td style=\"padding: 3px;border: 1px solid #ccc;overflow: hidden\">960 463 340<\/td>\n<td style=\"padding: 3px;border: 1px solid #ccc;overflow: hidden\">&#8211;<\/td>\n<td style=\"padding: 3px;border: 1px solid #ccc;overflow: hidden\">&#8211;<\/td>\n<\/tr>\n<tr style=\"background-color: #ffffff\">\n<td style=\"padding: 3px;border: 1px solid #ccc;overflow: hidden\">Juventude Sport Club<\/td>\n<td style=\"padding: 3px;border: 1px solid #ccc;overflow: hidden\">Pavilh\u00e3o Juventude Sport Club<\/td>\n<td style=\"padding: 3px;border: 1px solid #ccc;overflow: hidden\">7-17 anos<\/td>\n<td style=\"padding: 3px;border: 1px solid #ccc;overflow: hidden\">961 279 843<\/td>\n<td style=\"padding: 3px;border: 1px solid #ccc;overflow: hidden\">&#8211;<\/td>\n<td style=\"padding: 3px;border: 1px solid #ccc;overflow: hidden\">&#8211;<\/td>\n<\/tr>\n<tr style=\"background-color: #f9f9f9\">\n<td style=\"padding: 3px;border: 1px solid #ccc;overflow: hidden\">Mini Mestres Atelier<\/td>\n<td style=\"padding: 3px;border: 1px solid #ccc;overflow: hidden\">Pavilh\u00e3o do Antigo Iroma<\/td>\n<td style=\"padding: 3px;border: 1px solid #ccc;overflow: hidden\">5-12 anos<\/td>\n<td style=\"padding: 3px;border: 1px solid #ccc;overflow: hidden\">927 550 007<\/td>\n<td style=\"padding: 3px;border: 1px solid #ccc;overflow: hidden\">minimestresatelier@gmail.com<\/td>\n<td style=\"padding: 3px;border: 1px solid #ccc;overflow: hidden\">&#8211;<\/td>\n<\/tr>\n<tr style=\"background-color: #ffffff\">\n<td style=\"padding: 3px;border: 1px solid #ccc;overflow: hidden\">Oficina do Fermento<\/td>\n<td style=\"padding: 3px;border: 1px solid #ccc;overflow: hidden\">Qta Do Abreu, Cm 1081<\/td>\n<td style=\"padding: 3px;border: 1px solid #ccc;overflow: hidden\">5-15 anos<\/td>\n<td style=\"padding: 3px;border: 1px solid #ccc;overflow: hidden\">961 521 069<\/td>\n<td style=\"padding: 3px;border: 1px solid #ccc;overflow: hidden\">anaritasilva@oficinafermento.pt<\/td>\n<td style=\"padding: 3px;border: 1px solid #ccc;overflow: hidden\">Pausas letivas<\/td>\n<\/tr>\n<tr style=\"background-color: #f9f9f9\">\n<td style=\"padding: 3px;border: 1px solid #ccc;overflow: hidden\">P\u00f3dio dos Sorrisos<\/td>\n<td style=\"padding: 3px;border: 1px solid #ccc;overflow: hidden\">Rua Rossio Ocidental, 3<\/td>\n<td style=\"padding: 3px;border: 1px solid #ccc;overflow: hidden\">6-17 anos<\/td>\n<td style=\"padding: 3px;border: 1px solid #ccc;overflow: hidden\">925 019 323<\/td>\n<td style=\"padding: 3px;border: 1px solid #ccc;overflow: hidden\">camposferiasevora@gmail.com<\/td>\n<td style=\"padding: 3px;border: 1px solid #ccc;overflow: hidden\">&#8211;<\/td>\n<\/tr>\n<tr style=\"background-color: #ffffff\">\n<td style=\"padding: 3px;border: 1px solid #ccc;overflow: hidden\">Salesianos de \u00c9vora<\/td>\n<td style=\"padding: 3px;border: 1px solid #ccc;overflow: hidden\">Av. S. Jo\u00e3o Bosco, 4<\/td>\n<td style=\"padding: 3px;border: 1px solid #ccc;overflow: hidden\">6-16 anos<\/td>\n<td style=\"padding: 3px;border: 1px solid #ccc;overflow: hidden\">266 736 254<\/td>\n<td style=\"padding: 3px;border: 1px solid #ccc;overflow: hidden\">fabio.mendes@evora.salesianos.pt<\/td>\n<td style=\"padding: 3px;border: 1px solid #ccc;overflow: hidden\">&#8211;<\/td>\n<\/tr>\n<tr style=\"background-color: #f9f9f9\">\n<td style=\"padding: 3px;border: 1px solid #ccc;overflow: hidden\">The Inventors<\/td>\n<td style=\"padding: 3px;border: 1px solid #ccc;overflow: hidden\">Col\u00e9gio do Esp\u00edrito Santo, Univ. \u00c9vora<\/td>\n<td style=\"padding: 3px;border: 1px solid #ccc;overflow: hidden\">6-12 anos<\/td>\n<td style=\"padding: 3px;border: 1px solid #ccc;overflow: hidden\">916 80 5246<\/td>\n<td style=\"padding: 3px;border: 1px solid #ccc;overflow: hidden\">hello@theinventors.io<\/td>\n<td style=\"padding: 3px;border: 1px solid #ccc;overflow: hidden\">&#8211;<\/td>\n<\/tr>\n<\/tbody>\n<\/table>\n<p>* NE &#8211; Necessidades Especiais<\/p>","protected":false},"excerpt":{"rendered":"<p>Sorry, this entry is only available in Portugu\u00eas. &nbsp; A C\u00e2mara Municipal de \u00c9vora disponibiliza, no seu portal oficial, informa\u00e7\u00f5es sobre as Atividades de Tempos Livres (ATL), destinadas a crian\u00e7as e jovens durante os per\u00edodos de interrup\u00e7\u00e3o escolar. A listagem das entidades promotoras deste tipo de atividades visa facilitar o acesso \u00e0 informa\u00e7\u00e3o por parte [&hellip;]<\/p>\n","protected":false},"author":45,"featured_media":0,"parent":1504,"menu_order":4,"comment_status":"closed","ping_status":"closed","template":"templates-map\/component-text-layout1.php","meta":{"_acf_changed":false,"footnotes":""},"categories":[],"class_list":["post-80169","page","type-page","status-publish","hentry"],"acf":{"imagens":"","titulo_docs_seccao":"","documentos":""},"_links":{"self":[{"href":"https:\/\/www.cm-evora.pt\/en\/wp-json\/wp\/v2\/pages\/80169","targetHints":{"allow":["GET"]}}],"collection":[{"href":"https:\/\/www.cm-evora.pt\/en\/wp-json\/wp\/v2\/pages"}],"about":[{"href":"https:\/\/www.cm-evora.pt\/en\/wp-json\/wp\/v2\/types\/page"}],"author":[{"embeddable":true,"href":"https:\/\/www.cm-evora.pt\/en\/wp-json\/wp\/v2\/users\/45"}],"replies":[{"embeddable":true,"href":"https:\/\/www.cm-evora.pt\/en\/wp-json\/wp\/v2\/comments?post=80169"}],"version-history":[{"count":50,"href":"https:\/\/www.cm-evora.pt\/en\/wp-json\/wp\/v2\/pages\/80169\/revisions"}],"predecessor-version":[{"id":82388,"href":"https:\/\/www.cm-evora.pt\/en\/wp-json\/wp\/v2\/pages\/80169\/revisions\/82388"}],"up":[{"embeddable":true,"href":"https:\/\/www.cm-evora.pt\/en\/wp-json\/wp\/v2\/pages\/1504"}],"wp:attachment":[{"href":"https:\/\/www.cm-evora.pt\/en\/wp-json\/wp\/v2\/media?parent=80169"}],"wp:term":[{"taxonomy":"category","embeddable":true,"href":"https:\/\/www.cm-evora.pt\/en\/wp-json\/wp\/v2\/categories?post=80169"}],"curies":[{"name":"wp","href":"https:\/\/api.w.org\/{rel}","templated":true}]}}