{"id":80185,"date":"2025-12-12T16:23:23","date_gmt":"2025-12-12T16:23:23","guid":{"rendered":"https:\/\/www.cm-evora.pt\/?page_id=80185"},"modified":"2025-12-15T14:40:49","modified_gmt":"2025-12-15T14:40:49","slug":"conselho-municipal-de-saude","status":"publish","type":"page","link":"https:\/\/www.cm-evora.pt\/en\/municipe\/areas-de-acao\/saude\/conselho-municipal-de-saude\/","title":{"rendered":"(Portugu\u00eas) Conselho Municipal de Sa\u00fade"},"content":{"rendered":"<p class=\"qtranxs-available-languages-message qtranxs-available-languages-message-en\">Sorry, this entry is only available in <a href=\"https:\/\/www.cm-evora.pt\/pt\/wp-json\/wp\/v2\/pages\/80185\" class=\"qtranxs-available-language-link qtranxs-available-language-link-pt\" title=\"Portugu\u00eas\">Portugu\u00eas<\/a>.<\/p><p>O Decreto-Lei 23\/2019, de 30 de janeiro prev\u00ea a constitui\u00e7\u00e3o do Conselho Municipal de Sa\u00fade. Este conselho \u00e9 um \u00f3rg\u00e3o consultivo do Munic\u00edpio de \u00c9vora, destinado a promover a articula\u00e7\u00e3o e coopera\u00e7\u00e3o no planeamento, na defini\u00e7\u00e3o de uma estrat\u00e9gia e de uma pol\u00edtica de sa\u00fade ao n\u00edvel municipal, entre as v\u00e1rias entidades da \u00e1rea da sa\u00fade.<\/p>\n<p>O Conselho Municipal de Sa\u00fade \u00e9, conforme disposto legalmente, composto pelos seguintes elementos:<\/p>\n<ol>\n<li style=\"list-style-type: none\">\n<ol>\n<li>O Presidente da C\u00e2mara Municipal de \u00c9vora, que preside;<\/li>\n<li>O Presidente da Assembleia Municipal;<\/li>\n<li>Um presidente da Junta de Freguesia, eleito em Assembleia Municipal, em representa\u00e7\u00e3o das Freguesias do Munic\u00edpio;<\/li>\n<li>O Vogal Executivo do Conselho de Administra\u00e7\u00e3o da Unidade Local de Sa\u00fade do Alentejo Central;<\/li>\n<li>O Diretor Cl\u00ednico para a \u00e1rea dos Cuidados de Sa\u00fade Prim\u00e1rios da Unidade Local de Sa\u00fade do Alentejo Central;<\/li>\n<li>Um representante das Institui\u00e7\u00f5es Particulares de Solidariedade Social (IPSS);<\/li>\n<li>Um representante dos servi\u00e7os de Seguran\u00e7a Social (ISS, I.P.), designado pelo respetivo conselho diretivo;<\/li>\n<li>Um representante das associa\u00e7\u00f5es da \u00e1rea da sa\u00fade, por acordo entre as mesmas.<\/li>\n<\/ol>\n<\/li>\n<\/ol>\n<p>&nbsp;<\/p>\n<p>O Conselho Municipal de Sa\u00fade assume as seguintes compet\u00eancias:<\/p>\n<ul>\n<li style=\"list-style-type: none\">\n<ul>\n<li>Contribuir para a defini\u00e7\u00e3o de uma pol\u00edtica de sa\u00fade ao n\u00edvel municipal;<\/li>\n<li>Emitir parecer sobre a estrat\u00e9gia municipal de sa\u00fade;<\/li>\n<li>Emitir parecer sobre o planeamento da rede de unidades de cuidados de sa\u00fade prim\u00e1rios;<\/li>\n<li>Propor o desenvolvimento de programas de promo\u00e7\u00e3o de sa\u00fade e preven\u00e7\u00e3o da doen\u00e7a;<\/li>\n<li>Promover a troca de informa\u00e7\u00f5es e coopera\u00e7\u00e3o entre as entidades representadas;<\/li>\n<li>Recomendar a ado\u00e7\u00e3o de medidas e apresentar propostas e sugest\u00f5es sobre quest\u00f5es relativas \u00e0 sa\u00fade;<\/li>\n<li>Analisar o funcionamento dos estabelecimentos de sa\u00fade integrados no processo de descentraliza\u00e7\u00e3o objeto do decreto-lei n.\u00ba 23\/2019, de 30 de janeiro;<\/li>\n<li>Refletir sobre as causas das situa\u00e7\u00f5es analisadas e propor as a\u00e7\u00f5es adequadas \u00e0 promo\u00e7\u00e3o da efici\u00eancia e efic\u00e1cia do sistema de sa\u00fade.<\/li>\n<\/ul>\n<\/li>\n<\/ul>\n<p>&nbsp;<\/p>","protected":false},"excerpt":{"rendered":"<p>Sorry, this entry is only available in Portugu\u00eas.O Decreto-Lei 23\/2019, de 30 de janeiro prev\u00ea a constitui\u00e7\u00e3o do Conselho Municipal de Sa\u00fade. Este conselho \u00e9 um \u00f3rg\u00e3o consultivo do Munic\u00edpio de \u00c9vora, destinado a promover a articula\u00e7\u00e3o e coopera\u00e7\u00e3o no planeamento, na defini\u00e7\u00e3o de uma estrat\u00e9gia e de uma pol\u00edtica de sa\u00fade ao n\u00edvel municipal, [&hellip;]<\/p>\n","protected":false},"author":45,"featured_media":0,"parent":1515,"menu_order":2,"comment_status":"closed","ping_status":"closed","template":"templates-map\/component-text-layout1.php","meta":{"_acf_changed":false,"footnotes":""},"categories":[],"class_list":["post-80185","page","type-page","status-publish","hentry"],"acf":{"imagens":"","titulo_docs_seccao":"","documentos":[80246,80245]},"_links":{"self":[{"href":"https:\/\/www.cm-evora.pt\/en\/wp-json\/wp\/v2\/pages\/80185","targetHints":{"allow":["GET"]}}],"collection":[{"href":"https:\/\/www.cm-evora.pt\/en\/wp-json\/wp\/v2\/pages"}],"about":[{"href":"https:\/\/www.cm-evora.pt\/en\/wp-json\/wp\/v2\/types\/page"}],"author":[{"embeddable":true,"href":"https:\/\/www.cm-evora.pt\/en\/wp-json\/wp\/v2\/users\/45"}],"replies":[{"embeddable":true,"href":"https:\/\/www.cm-evora.pt\/en\/wp-json\/wp\/v2\/comments?post=80185"}],"version-history":[{"count":2,"href":"https:\/\/www.cm-evora.pt\/en\/wp-json\/wp\/v2\/pages\/80185\/revisions"}],"predecessor-version":[{"id":80249,"href":"https:\/\/www.cm-evora.pt\/en\/wp-json\/wp\/v2\/pages\/80185\/revisions\/80249"}],"up":[{"embeddable":true,"href":"https:\/\/www.cm-evora.pt\/en\/wp-json\/wp\/v2\/pages\/1515"}],"acf:post":[{"embeddable":true,"href":"https:\/\/www.cm-evora.pt\/en\/wp-json\/wp\/v2\/listas_ficheiros\/80245"},{"embeddable":true,"href":"https:\/\/www.cm-evora.pt\/en\/wp-json\/wp\/v2\/listas_ficheiros\/80246"}],"wp:attachment":[{"href":"https:\/\/www.cm-evora.pt\/en\/wp-json\/wp\/v2\/media?parent=80185"}],"wp:term":[{"taxonomy":"category","embeddable":true,"href":"https:\/\/www.cm-evora.pt\/en\/wp-json\/wp\/v2\/categories?post=80185"}],"curies":[{"name":"wp","href":"https:\/\/api.w.org\/{rel}","templated":true}]}}