{"id":80564,"date":"2025-12-29T14:50:18","date_gmt":"2025-12-29T14:50:18","guid":{"rendered":"https:\/\/www.cm-evora.pt\/?page_id=80564"},"modified":"2025-12-29T14:50:18","modified_gmt":"2025-12-29T14:50:18","slug":"o-que-pode-encontrar-nos-servicos-online","status":"publish","type":"page","link":"https:\/\/www.cm-evora.pt\/en\/servicos\/servicos-online\/o-que-pode-encontrar-nos-servicos-online\/","title":{"rendered":"(Portugu\u00eas) O que pode encontrar nos &#8216;Servi\u00e7os Online&#8217;?"},"content":{"rendered":"<p class=\"qtranxs-available-languages-message qtranxs-available-languages-message-en\">Sorry, this entry is only available in <a href=\"https:\/\/www.cm-evora.pt\/pt\/wp-json\/wp\/v2\/pages\/80564\" class=\"qtranxs-available-language-link qtranxs-available-language-link-pt\" title=\"Portugu\u00eas\">Portugu\u00eas<\/a>.<\/p><p>&nbsp;<\/p>\n<p>Aqui pode encontrar informa\u00e7\u00f5es relativas a:<\/p>\n<ul>\n<li style=\"list-style-type: none\">\n<ul>\n<li><a href=\"https:\/\/www.cm-evora.pt\/servicos\/servicos-online\/balcao-online\/\" target=\"_blank\" rel=\"noopener\">Balc\u00e3o Online<\/a>;<\/li>\n<li><a href=\"https:\/\/cliente-aguas.cm-evora.pt\/\" target=\"_blank\" rel=\"noopener\">Servi\u00e7o Online &#8211; \u00c1guas<\/a>;<\/li>\n<li><a href=\"https:\/\/taxaturistica.cm-evora.pt\/\" target=\"_blank\" rel=\"noopener\">Taxa Municipal Tur\u00edstica de \u00c9vora<\/a>;<\/li>\n<li><a href=\"https:\/\/www.cm-evora.pt\/servicos\/servicos-online\/epaper-servicos-de-gestao-urbanistica\/\" target=\"_blank\" rel=\"noopener\">ePaper &#8211; Servi\u00e7os de Gest\u00e3o Urban\u00edstica<\/a>;<\/li>\n<li><a href=\"https:\/\/www.cm-evora.pt\/servicos\/servicos-online\/portal-geografico-do-municipio-de-evora\/\" target=\"_blank\" rel=\"noopener\">Portal Geogr\u00e1fico do Munic\u00edpio de \u00c9vora<\/a>;<\/li>\n<li><a href=\"https:\/\/eportugal.gov.pt\/\" target=\"_blank\" rel=\"noopener\">Loja do Cidad\u00e3o<\/a>;<\/li>\n<li><a href=\"https:\/\/eportugal.gov.pt\/sobre\" target=\"_blank\" rel=\"noopener\">Servi\u00e7os P\u00fablicos para o Emigrante<\/a>;<\/li>\n<li><a href=\"https:\/\/www.cm-evora.pt\/servicos\/servicos-online\/montros-domesticos\/\" target=\"_blank\" rel=\"noopener\">Monstros Dom\u00e9sticos<\/a>.<\/li>\n<\/ul>\n<\/li>\n<\/ul>\n<p><\/p>","protected":false},"excerpt":{"rendered":"<p>Sorry, this entry is only available in Portugu\u00eas.&nbsp; Aqui pode encontrar informa\u00e7\u00f5es relativas a: Balc\u00e3o Online; Servi\u00e7o Online &#8211; \u00c1guas; Taxa Municipal Tur\u00edstica de \u00c9vora; ePaper &#8211; Servi\u00e7os de Gest\u00e3o Urban\u00edstica; Portal Geogr\u00e1fico do Munic\u00edpio de \u00c9vora; Loja do Cidad\u00e3o; Servi\u00e7os P\u00fablicos para o Emigrante; Monstros Dom\u00e9sticos.<\/p>\n","protected":false},"author":45,"featured_media":0,"parent":2284,"menu_order":0,"comment_status":"closed","ping_status":"closed","template":"templates-map\/component-text-layout1.php","meta":{"_acf_changed":false,"footnotes":""},"categories":[],"class_list":["post-80564","page","type-page","status-publish","hentry"],"acf":{"imagens":"","titulo_docs_seccao":"","documentos":""},"_links":{"self":[{"href":"https:\/\/www.cm-evora.pt\/en\/wp-json\/wp\/v2\/pages\/80564","targetHints":{"allow":["GET"]}}],"collection":[{"href":"https:\/\/www.cm-evora.pt\/en\/wp-json\/wp\/v2\/pages"}],"about":[{"href":"https:\/\/www.cm-evora.pt\/en\/wp-json\/wp\/v2\/types\/page"}],"author":[{"embeddable":true,"href":"https:\/\/www.cm-evora.pt\/en\/wp-json\/wp\/v2\/users\/45"}],"replies":[{"embeddable":true,"href":"https:\/\/www.cm-evora.pt\/en\/wp-json\/wp\/v2\/comments?post=80564"}],"version-history":[{"count":1,"href":"https:\/\/www.cm-evora.pt\/en\/wp-json\/wp\/v2\/pages\/80564\/revisions"}],"predecessor-version":[{"id":80565,"href":"https:\/\/www.cm-evora.pt\/en\/wp-json\/wp\/v2\/pages\/80564\/revisions\/80565"}],"up":[{"embeddable":true,"href":"https:\/\/www.cm-evora.pt\/en\/wp-json\/wp\/v2\/pages\/2284"}],"wp:attachment":[{"href":"https:\/\/www.cm-evora.pt\/en\/wp-json\/wp\/v2\/media?parent=80564"}],"wp:term":[{"taxonomy":"category","embeddable":true,"href":"https:\/\/www.cm-evora.pt\/en\/wp-json\/wp\/v2\/categories?post=80564"}],"curies":[{"name":"wp","href":"https:\/\/api.w.org\/{rel}","templated":true}]}}