{"id":80610,"date":"2026-01-02T11:56:54","date_gmt":"2026-01-02T11:56:54","guid":{"rendered":"https:\/\/www.cm-evora.pt\/?page_id=80610"},"modified":"2026-01-02T12:00:42","modified_gmt":"2026-01-02T12:00:42","slug":"eleicoes-presidenciais-2026","status":"publish","type":"page","link":"https:\/\/www.cm-evora.pt\/en\/municipe\/eleicoes-presidenciais-2026\/","title":{"rendered":"(Portugu\u00eas) Elei\u00e7\u00f5es Presidenciais 2026"},"content":{"rendered":"<p class=\"qtranxs-available-languages-message qtranxs-available-languages-message-en\">Sorry, this entry is only available in <a href=\"https:\/\/www.cm-evora.pt\/pt\/wp-json\/wp\/v2\/pages\/80610\" class=\"qtranxs-available-language-link qtranxs-available-language-link-pt\" title=\"Portugu\u00eas\">Portugu\u00eas<\/a>.<\/p><p><\/p>\n<h2 style=\"text-align: center\"><strong>Voto Antecipado<\/strong><\/h2>\n<p>&nbsp;<\/p>\n<p><strong>Em Mobilidade<\/strong><\/p>\n\n\t\t<style type=\"text\/css\">\n\t\t\t#gallery-1 {\n\t\t\t\tmargin: auto;\n\t\t\t}\n\t\t\t#gallery-1 .gallery-item {\n\t\t\t\tfloat: left;\n\t\t\t\tmargin-top: 10px;\n\t\t\t\ttext-align: center;\n\t\t\t\twidth: 50%;\n\t\t\t}\n\t\t\t#gallery-1 img {\n\t\t\t\tborder: 2px solid #cfcfcf;\n\t\t\t}\n\t\t\t#gallery-1 .gallery-caption {\n\t\t\t\tmargin-left: 0;\n\t\t\t}\n\t\t\t\/* see gallery_shortcode() in wp-includes\/media.php *\/\n\t\t<\/style>\n\t\t<div id='gallery-1' class='gallery galleryid-80610 gallery-columns-2 gallery-size-full'><dl class='gallery-item'>\n\t\t\t<dt class='gallery-icon portrait'>\n\t\t\t\t<a href='https:\/\/www.cm-evora.pt\/wp-content\/uploads\/2026\/01\/Voto-Antecipado_Mobilidade_page-0001.jpg'><img loading=\"lazy\" decoding=\"async\" width=\"1180\" height=\"1241\" src=\"https:\/\/www.cm-evora.pt\/wp-content\/uploads\/2026\/01\/Voto-Antecipado_Mobilidade_page-0001.jpg\" class=\"attachment-full size-full\" alt=\"\" srcset=\"https:\/\/www.cm-evora.pt\/wp-content\/uploads\/2026\/01\/Voto-Antecipado_Mobilidade_page-0001.jpg 1180w, https:\/\/www.cm-evora.pt\/wp-content\/uploads\/2026\/01\/Voto-Antecipado_Mobilidade_page-0001-285x300.jpg 285w, https:\/\/www.cm-evora.pt\/wp-content\/uploads\/2026\/01\/Voto-Antecipado_Mobilidade_page-0001-974x1024.jpg 974w, https:\/\/www.cm-evora.pt\/wp-content\/uploads\/2026\/01\/Voto-Antecipado_Mobilidade_page-0001-768x808.jpg 768w, https:\/\/www.cm-evora.pt\/wp-content\/uploads\/2026\/01\/Voto-Antecipado_Mobilidade_page-0001-220x230.jpg 220w\" sizes=\"auto, (max-width: 1180px) 100vw, 1180px\" \/><\/a>\n\t\t\t<\/dt><\/dl><dl class='gallery-item'>\n\t\t\t<dt class='gallery-icon portrait'>\n\t\t\t\t<a href='https:\/\/www.cm-evora.pt\/wp-content\/uploads\/2026\/01\/Voto-Antecipado_Mobilidade_page-0002.jpg'><img loading=\"lazy\" decoding=\"async\" width=\"1179\" height=\"1241\" src=\"https:\/\/www.cm-evora.pt\/wp-content\/uploads\/2026\/01\/Voto-Antecipado_Mobilidade_page-0002.jpg\" class=\"attachment-full size-full\" alt=\"\" srcset=\"https:\/\/www.cm-evora.pt\/wp-content\/uploads\/2026\/01\/Voto-Antecipado_Mobilidade_page-0002.jpg 1179w, https:\/\/www.cm-evora.pt\/wp-content\/uploads\/2026\/01\/Voto-Antecipado_Mobilidade_page-0002-285x300.jpg 285w, https:\/\/www.cm-evora.pt\/wp-content\/uploads\/2026\/01\/Voto-Antecipado_Mobilidade_page-0002-973x1024.jpg 973w, https:\/\/www.cm-evora.pt\/wp-content\/uploads\/2026\/01\/Voto-Antecipado_Mobilidade_page-0002-768x808.jpg 768w\" sizes=\"auto, (max-width: 1179px) 100vw, 1179px\" \/><\/a>\n\t\t\t<\/dt><\/dl><br style=\"clear: both\" \/>\n\t\t<\/div>\n\n<p style=\"text-align: center\"><a href=\"https:\/\/www.cm-evora.pt\/wp-content\/uploads\/2026\/01\/Voto-Antecipado_Mobilidade.pdf\" target=\"_blank\" rel=\"noopener\">Voto Antecipado &#8211; Em Mobilidade.pdf<\/a><\/p>\n<p>&nbsp;<\/p>\n<p><strong>Para Doentes Internados<\/strong><\/p>\n\n\t\t<style type=\"text\/css\">\n\t\t\t#gallery-2 {\n\t\t\t\tmargin: auto;\n\t\t\t}\n\t\t\t#gallery-2 .gallery-item {\n\t\t\t\tfloat: left;\n\t\t\t\tmargin-top: 10px;\n\t\t\t\ttext-align: center;\n\t\t\t\twidth: 50%;\n\t\t\t}\n\t\t\t#gallery-2 img {\n\t\t\t\tborder: 2px solid #cfcfcf;\n\t\t\t}\n\t\t\t#gallery-2 .gallery-caption {\n\t\t\t\tmargin-left: 0;\n\t\t\t}\n\t\t\t\/* see gallery_shortcode() in wp-includes\/media.php *\/\n\t\t<\/style>\n\t\t<div id='gallery-2' class='gallery galleryid-80610 gallery-columns-2 gallery-size-full'><dl class='gallery-item'>\n\t\t\t<dt class='gallery-icon portrait'>\n\t\t\t\t<a href='https:\/\/www.cm-evora.pt\/wp-content\/uploads\/2026\/01\/Voto-Antecipado_Doentes_page-0001.jpg'><img loading=\"lazy\" decoding=\"async\" width=\"1180\" height=\"1241\" src=\"https:\/\/www.cm-evora.pt\/wp-content\/uploads\/2026\/01\/Voto-Antecipado_Doentes_page-0001.jpg\" class=\"attachment-full size-full\" alt=\"\" srcset=\"https:\/\/www.cm-evora.pt\/wp-content\/uploads\/2026\/01\/Voto-Antecipado_Doentes_page-0001.jpg 1180w, https:\/\/www.cm-evora.pt\/wp-content\/uploads\/2026\/01\/Voto-Antecipado_Doentes_page-0001-285x300.jpg 285w, https:\/\/www.cm-evora.pt\/wp-content\/uploads\/2026\/01\/Voto-Antecipado_Doentes_page-0001-974x1024.jpg 974w, https:\/\/www.cm-evora.pt\/wp-content\/uploads\/2026\/01\/Voto-Antecipado_Doentes_page-0001-768x808.jpg 768w, https:\/\/www.cm-evora.pt\/wp-content\/uploads\/2026\/01\/Voto-Antecipado_Doentes_page-0001-220x230.jpg 220w\" sizes=\"auto, (max-width: 1180px) 100vw, 1180px\" \/><\/a>\n\t\t\t<\/dt><\/dl><dl class='gallery-item'>\n\t\t\t<dt class='gallery-icon portrait'>\n\t\t\t\t<a href='https:\/\/www.cm-evora.pt\/wp-content\/uploads\/2026\/01\/Voto-Antecipado_Doentes_page-0002.jpg'><img loading=\"lazy\" decoding=\"async\" width=\"1179\" height=\"1241\" src=\"https:\/\/www.cm-evora.pt\/wp-content\/uploads\/2026\/01\/Voto-Antecipado_Doentes_page-0002.jpg\" class=\"attachment-full size-full\" alt=\"\" srcset=\"https:\/\/www.cm-evora.pt\/wp-content\/uploads\/2026\/01\/Voto-Antecipado_Doentes_page-0002.jpg 1179w, https:\/\/www.cm-evora.pt\/wp-content\/uploads\/2026\/01\/Voto-Antecipado_Doentes_page-0002-285x300.jpg 285w, https:\/\/www.cm-evora.pt\/wp-content\/uploads\/2026\/01\/Voto-Antecipado_Doentes_page-0002-973x1024.jpg 973w, https:\/\/www.cm-evora.pt\/wp-content\/uploads\/2026\/01\/Voto-Antecipado_Doentes_page-0002-768x808.jpg 768w\" sizes=\"auto, (max-width: 1179px) 100vw, 1179px\" \/><\/a>\n\t\t\t<\/dt><\/dl><br style=\"clear: both\" \/>\n\t\t<\/div>\n\n<p style=\"text-align: center\"><a href=\"https:\/\/www.cm-evora.pt\/wp-content\/uploads\/2026\/01\/Voto-Antecipado_Doentes.pdf\" target=\"_blank\" rel=\"noopener\">Voto Antecipado &#8211; Doentes Internados.pdf<\/a><\/p>\n<p>&nbsp;<\/p>","protected":false},"excerpt":{"rendered":"<p>Sorry, this entry is only available in Portugu\u00eas. Voto Antecipado &nbsp; Em Mobilidade Voto Antecipado &#8211; Em Mobilidade.pdf &nbsp; Para Doentes Internados Voto Antecipado &#8211; Doentes Internados.pdf &nbsp;<\/p>\n","protected":false},"author":45,"featured_media":0,"parent":22,"menu_order":2,"comment_status":"closed","ping_status":"closed","template":"templates-map\/component-text-layout1.php","meta":{"_acf_changed":false,"footnotes":""},"categories":[],"class_list":["post-80610","page","type-page","status-publish","hentry"],"acf":{"imagens":"","titulo_docs_seccao":"","documentos":[80621]},"_links":{"self":[{"href":"https:\/\/www.cm-evora.pt\/en\/wp-json\/wp\/v2\/pages\/80610","targetHints":{"allow":["GET"]}}],"collection":[{"href":"https:\/\/www.cm-evora.pt\/en\/wp-json\/wp\/v2\/pages"}],"about":[{"href":"https:\/\/www.cm-evora.pt\/en\/wp-json\/wp\/v2\/types\/page"}],"author":[{"embeddable":true,"href":"https:\/\/www.cm-evora.pt\/en\/wp-json\/wp\/v2\/users\/45"}],"replies":[{"embeddable":true,"href":"https:\/\/www.cm-evora.pt\/en\/wp-json\/wp\/v2\/comments?post=80610"}],"version-history":[{"count":3,"href":"https:\/\/www.cm-evora.pt\/en\/wp-json\/wp\/v2\/pages\/80610\/revisions"}],"predecessor-version":[{"id":80622,"href":"https:\/\/www.cm-evora.pt\/en\/wp-json\/wp\/v2\/pages\/80610\/revisions\/80622"}],"up":[{"embeddable":true,"href":"https:\/\/www.cm-evora.pt\/en\/wp-json\/wp\/v2\/pages\/22"}],"acf:post":[{"embeddable":true,"href":"https:\/\/www.cm-evora.pt\/en\/wp-json\/wp\/v2\/listas_ficheiros\/80621"}],"wp:attachment":[{"href":"https:\/\/www.cm-evora.pt\/en\/wp-json\/wp\/v2\/media?parent=80610"}],"wp:term":[{"taxonomy":"category","embeddable":true,"href":"https:\/\/www.cm-evora.pt\/en\/wp-json\/wp\/v2\/categories?post=80610"}],"curies":[{"name":"wp","href":"https:\/\/api.w.org\/{rel}","templated":true}]}}