{"id":80624,"date":"2026-01-02T15:39:49","date_gmt":"2026-01-02T15:39:49","guid":{"rendered":"https:\/\/www.cm-evora.pt\/?page_id=80624"},"modified":"2026-01-02T15:39:49","modified_gmt":"2026-01-02T15:39:49","slug":"o-que-pode-encontrar-em-servicos-de-apoio","status":"publish","type":"page","link":"https:\/\/www.cm-evora.pt\/en\/investidor\/servicos-de-apoio\/o-que-pode-encontrar-em-servicos-de-apoio\/","title":{"rendered":"(Portugu\u00eas) O que pode encontrar em &#8216;Servi\u00e7os de Apoio&#8217;?"},"content":{"rendered":"<p class=\"qtranxs-available-languages-message qtranxs-available-languages-message-en\">Sorry, this entry is only available in <a href=\"https:\/\/www.cm-evora.pt\/pt\/wp-json\/wp\/v2\/pages\/80624\" class=\"qtranxs-available-language-link qtranxs-available-language-link-pt\" title=\"Portugu\u00eas\">Portugu\u00eas<\/a>.<\/p><p><!--StartFragment --><\/p>\n<p class=\"pf0\"><!--StartFragment --><\/p>\n<p class=\"pf0\"><span class=\"cf0\">Aqui pode encontrar informa\u00e7\u00f5es relativas a:<\/span><\/p>\n<ul>\n<li class=\"pf1\"><span class=\"cf0\"><a href=\"https:\/\/www.cm-evora.pt\/municipe\/camara-municipal\/regulamentos\/regulamentos-de-economia-comercio-e-financas\/\" target=\"_blank\" rel=\"noopener\">Regulamentos de Economia, Com\u00e9rcio e Finan\u00e7as<\/a>;<\/span><\/li>\n<li class=\"pf1\"><span class=\"cf0\"><a href=\"https:\/\/www.cm-evora.pt\/municipe\/camara-municipal\/impostos-e-taxas-municipais\/\" target=\"_blank\" rel=\"noopener\">Impostos e Taxas Municipais<\/a>;<\/span><\/li>\n<li class=\"pf1\"><span class=\"cf0\"><a href=\"https:\/\/eportugal.gov.pt\/inicio\/espaco-empresa\" target=\"_blank\" rel=\"noopener\">Licenciamento Zero Comercial<\/a>;<\/span><\/li>\n<li class=\"pf1\"><span class=\"cf0\"><a href=\"https:\/\/eportugal.gov.pt\/\" target=\"_blank\" rel=\"noopener\">Licenciamento Industrial<\/a>;<\/span><\/li>\n<li class=\"pf1\"><span class=\"cf0\"><a href=\"https:\/\/www.cm-evora.pt\/investidor\/servicos-de-apoio\/empreendimentos-turisticos\/\" target=\"_blank\" rel=\"noopener\">Empreendimentos Tur\u00edsticos<\/a>;<\/span><\/li>\n<li class=\"pf1\"><span class=\"cf0\"><a href=\"https:\/\/www.cm-evora.pt\/investidor\/servicos-de-apoio\/estabelecimentos-de-restauracao-e-bebidas\/\" target=\"_blank\" rel=\"noopener\">Estabelecimentos de Restaura\u00e7\u00e3o e Bebidas<\/a>;<\/span><\/li>\n<li class=\"pf1\"><span class=\"cf0\"><a href=\"https:\/\/www.cm-evora.pt\/investidor\/servicos-de-apoio\/guia-de-apoio-ao-investidor-em-turismo\/\" target=\"_blank\" rel=\"noopener\">Guia de Apoio ao Investidor em Turismo<\/a>.<\/span><\/li>\n<\/ul>\n<p class=\"pf0\"><!--EndFragment --><\/p>\n<p><\/p>","protected":false},"excerpt":{"rendered":"<p>Sorry, this entry is only available in Portugu\u00eas. Aqui pode encontrar informa\u00e7\u00f5es relativas a: Regulamentos de Economia, Com\u00e9rcio e Finan\u00e7as; Impostos e Taxas Municipais; Licenciamento Zero Comercial; Licenciamento Industrial; Empreendimentos Tur\u00edsticos; Estabelecimentos de Restaura\u00e7\u00e3o e Bebidas; Guia de Apoio ao Investidor em Turismo.<\/p>\n","protected":false},"author":45,"featured_media":0,"parent":1361,"menu_order":0,"comment_status":"closed","ping_status":"closed","template":"templates-map\/component-text-layout1.php","meta":{"_acf_changed":false,"footnotes":""},"categories":[],"class_list":["post-80624","page","type-page","status-publish","hentry"],"acf":{"imagens":"","titulo_docs_seccao":"","documentos":""},"_links":{"self":[{"href":"https:\/\/www.cm-evora.pt\/en\/wp-json\/wp\/v2\/pages\/80624","targetHints":{"allow":["GET"]}}],"collection":[{"href":"https:\/\/www.cm-evora.pt\/en\/wp-json\/wp\/v2\/pages"}],"about":[{"href":"https:\/\/www.cm-evora.pt\/en\/wp-json\/wp\/v2\/types\/page"}],"author":[{"embeddable":true,"href":"https:\/\/www.cm-evora.pt\/en\/wp-json\/wp\/v2\/users\/45"}],"replies":[{"embeddable":true,"href":"https:\/\/www.cm-evora.pt\/en\/wp-json\/wp\/v2\/comments?post=80624"}],"version-history":[{"count":1,"href":"https:\/\/www.cm-evora.pt\/en\/wp-json\/wp\/v2\/pages\/80624\/revisions"}],"predecessor-version":[{"id":80625,"href":"https:\/\/www.cm-evora.pt\/en\/wp-json\/wp\/v2\/pages\/80624\/revisions\/80625"}],"up":[{"embeddable":true,"href":"https:\/\/www.cm-evora.pt\/en\/wp-json\/wp\/v2\/pages\/1361"}],"wp:attachment":[{"href":"https:\/\/www.cm-evora.pt\/en\/wp-json\/wp\/v2\/media?parent=80624"}],"wp:term":[{"taxonomy":"category","embeddable":true,"href":"https:\/\/www.cm-evora.pt\/en\/wp-json\/wp\/v2\/categories?post=80624"}],"curies":[{"name":"wp","href":"https:\/\/api.w.org\/{rel}","templated":true}]}}