{"id":80688,"date":"2026-01-05T15:38:51","date_gmt":"2026-01-05T15:38:51","guid":{"rendered":"https:\/\/www.cm-evora.pt\/?page_id=80688"},"modified":"2026-01-06T11:38:03","modified_gmt":"2026-01-06T11:38:03","slug":"o-que-pode-encontrar-em-infraestruturas","status":"publish","type":"page","link":"https:\/\/www.cm-evora.pt\/en\/investidor\/infraestruturas\/o-que-pode-encontrar-em-infraestruturas\/","title":{"rendered":"(Portugu\u00eas) O que pode encontrar em &#8216;Infraestruturas&#8217;?"},"content":{"rendered":"<p class=\"qtranxs-available-languages-message qtranxs-available-languages-message-en\">Sorry, this entry is only available in <a href=\"https:\/\/www.cm-evora.pt\/pt\/wp-json\/wp\/v2\/pages\/80688\" class=\"qtranxs-available-language-link qtranxs-available-language-link-pt\" title=\"Portugu\u00eas\">Portugu\u00eas<\/a>.<\/p><p><!--StartFragment --><\/p>\n<p class=\"pf0\"><span class=\"cf0\">Aqui pode encontrar informa\u00e7\u00f5es relativas a:<\/span><\/p>\n<ul>\n<li style=\"list-style-type: none\">\n<ul>\n<li class=\"pf1\"><a href=\"https:\/\/www.cm-evora.pt\/investidor\/infraestruturas\/evoratech\/\" target=\"_blank\" rel=\"noopener\"><span class=\"cf0\">\u00c9voraTech<\/span><\/a><span class=\"cf0\">;<\/span><\/li>\n<li class=\"pf1\"><span class=\"cf0\"><a href=\"https:\/\/www.cm-evora.pt\/investidor\/infraestruturas\/aerodromo-municipal-de-evora\/\" target=\"_blank\" rel=\"noopener\">Aer\u00f3dromo Municipal de \u00c9vora<\/a>;<\/span><\/li>\n<li class=\"pf1\"><span class=\"cf0\"><a href=\"https:\/\/www.cm-evora.pt\/investidor\/infraestruturas\/mare-mercado-abastecedor-da-regiao-de-evora\/\" target=\"_blank\" rel=\"noopener\">MAR\u00c9 &#8211; Mercado Abastecedor da Regi\u00e3o de \u00c9vora<\/a>;<\/span><\/li>\n<li class=\"pf1\"><span class=\"cf0\"><a href=\"https:\/\/www.cm-evora.pt\/investidor\/infraestruturas\/mercado-municipal\/\" target=\"_blank\" rel=\"noopener\">Mercado Municipal<\/a>.<\/span><\/li>\n<\/ul>\n<\/li>\n<\/ul>\n<p><!--EndFragment --><\/p>","protected":false},"excerpt":{"rendered":"<p>Sorry, this entry is only available in Portugu\u00eas. Aqui pode encontrar informa\u00e7\u00f5es relativas a: \u00c9voraTech; Aer\u00f3dromo Municipal de \u00c9vora; MAR\u00c9 &#8211; Mercado Abastecedor da Regi\u00e3o de \u00c9vora; Mercado Municipal.<\/p>\n","protected":false},"author":45,"featured_media":0,"parent":2281,"menu_order":0,"comment_status":"closed","ping_status":"closed","template":"templates-map\/component-text-layout1.php","meta":{"_acf_changed":false,"footnotes":""},"categories":[],"class_list":["post-80688","page","type-page","status-publish","hentry"],"acf":{"imagens":"","titulo_docs_seccao":"","documentos":""},"_links":{"self":[{"href":"https:\/\/www.cm-evora.pt\/en\/wp-json\/wp\/v2\/pages\/80688","targetHints":{"allow":["GET"]}}],"collection":[{"href":"https:\/\/www.cm-evora.pt\/en\/wp-json\/wp\/v2\/pages"}],"about":[{"href":"https:\/\/www.cm-evora.pt\/en\/wp-json\/wp\/v2\/types\/page"}],"author":[{"embeddable":true,"href":"https:\/\/www.cm-evora.pt\/en\/wp-json\/wp\/v2\/users\/45"}],"replies":[{"embeddable":true,"href":"https:\/\/www.cm-evora.pt\/en\/wp-json\/wp\/v2\/comments?post=80688"}],"version-history":[{"count":3,"href":"https:\/\/www.cm-evora.pt\/en\/wp-json\/wp\/v2\/pages\/80688\/revisions"}],"predecessor-version":[{"id":80694,"href":"https:\/\/www.cm-evora.pt\/en\/wp-json\/wp\/v2\/pages\/80688\/revisions\/80694"}],"up":[{"embeddable":true,"href":"https:\/\/www.cm-evora.pt\/en\/wp-json\/wp\/v2\/pages\/2281"}],"wp:attachment":[{"href":"https:\/\/www.cm-evora.pt\/en\/wp-json\/wp\/v2\/media?parent=80688"}],"wp:term":[{"taxonomy":"category","embeddable":true,"href":"https:\/\/www.cm-evora.pt\/en\/wp-json\/wp\/v2\/categories?post=80688"}],"curies":[{"name":"wp","href":"https:\/\/api.w.org\/{rel}","templated":true}]}}