{"id":80770,"date":"2026-01-07T15:18:06","date_gmt":"2026-01-07T15:18:06","guid":{"rendered":"https:\/\/www.cm-evora.pt\/?page_id=80770"},"modified":"2026-01-07T15:18:06","modified_gmt":"2026-01-07T15:18:06","slug":"o-que-pode-encontrar-em-mercados-e-feiras","status":"publish","type":"page","link":"https:\/\/www.cm-evora.pt\/en\/investidor\/mercados-e-feiras\/o-que-pode-encontrar-em-mercados-e-feiras\/","title":{"rendered":"(Portugu\u00eas) O que pode encontrar em &#8216;Mercados e Feiras&#8217;?"},"content":{"rendered":"<p class=\"qtranxs-available-languages-message qtranxs-available-languages-message-en\">Sorry, this entry is only available in <a href=\"https:\/\/www.cm-evora.pt\/pt\/wp-json\/wp\/v2\/pages\/80770\" class=\"qtranxs-available-language-link qtranxs-available-language-link-pt\" title=\"Portugu\u00eas\">Portugu\u00eas<\/a>.<\/p><p><!--StartFragment --><\/p>\n<p class=\"pf0\"><span class=\"cf0\">Aqui pode encontrar informa\u00e7\u00f5es relativas a:<\/span><\/p>\n<ul>\n<li style=\"list-style-type: none\">\n<ul>\n<li class=\"pf1\"><span class=\"cf0\"><a href=\"https:\/\/www.cm-evora.pt\/investidor\/mercados-e-feiras\/feira-de-s-joao\/\" target=\"_blank\" rel=\"noopener\">Feira de S. Jo\u00e3o<\/a>;<\/span><\/li>\n<li class=\"pf1\"><span class=\"cf0\"><a href=\"https:\/\/www.cm-evora.pt\/investidor\/mercados-e-feiras\/feiras-grossistas\/\" target=\"_blank\" rel=\"noopener\">Feiras Grossistas<\/a>;<\/span><\/li>\n<li class=\"pf1\"><span class=\"cf0\"><a href=\"https:\/\/www.cm-evora.pt\/investidor\/mercados-e-feiras\/feiras-mercados-e-venda-ambulante\/\" target=\"_blank\" rel=\"noopener\">Feiras, Mercados e Venda Ambulante<\/a>.<\/span><\/li>\n<\/ul>\n<\/li>\n<\/ul>\n<p><!--EndFragment --><\/p>","protected":false},"excerpt":{"rendered":"<p>Sorry, this entry is only available in Portugu\u00eas. Aqui pode encontrar informa\u00e7\u00f5es relativas a: Feira de S. Jo\u00e3o; Feiras Grossistas; Feiras, Mercados e Venda Ambulante.<\/p>\n","protected":false},"author":45,"featured_media":0,"parent":1365,"menu_order":0,"comment_status":"closed","ping_status":"closed","template":"templates-map\/component-text-layout1.php","meta":{"_acf_changed":false,"footnotes":""},"categories":[],"class_list":["post-80770","page","type-page","status-publish","hentry"],"acf":{"imagens":"","titulo_docs_seccao":"","documentos":""},"_links":{"self":[{"href":"https:\/\/www.cm-evora.pt\/en\/wp-json\/wp\/v2\/pages\/80770","targetHints":{"allow":["GET"]}}],"collection":[{"href":"https:\/\/www.cm-evora.pt\/en\/wp-json\/wp\/v2\/pages"}],"about":[{"href":"https:\/\/www.cm-evora.pt\/en\/wp-json\/wp\/v2\/types\/page"}],"author":[{"embeddable":true,"href":"https:\/\/www.cm-evora.pt\/en\/wp-json\/wp\/v2\/users\/45"}],"replies":[{"embeddable":true,"href":"https:\/\/www.cm-evora.pt\/en\/wp-json\/wp\/v2\/comments?post=80770"}],"version-history":[{"count":1,"href":"https:\/\/www.cm-evora.pt\/en\/wp-json\/wp\/v2\/pages\/80770\/revisions"}],"predecessor-version":[{"id":80771,"href":"https:\/\/www.cm-evora.pt\/en\/wp-json\/wp\/v2\/pages\/80770\/revisions\/80771"}],"up":[{"embeddable":true,"href":"https:\/\/www.cm-evora.pt\/en\/wp-json\/wp\/v2\/pages\/1365"}],"wp:attachment":[{"href":"https:\/\/www.cm-evora.pt\/en\/wp-json\/wp\/v2\/media?parent=80770"}],"wp:term":[{"taxonomy":"category","embeddable":true,"href":"https:\/\/www.cm-evora.pt\/en\/wp-json\/wp\/v2\/categories?post=80770"}],"curies":[{"name":"wp","href":"https:\/\/api.w.org\/{rel}","templated":true}]}}