{"id":80774,"date":"2026-01-08T10:37:45","date_gmt":"2026-01-08T10:37:45","guid":{"rendered":"https:\/\/www.cm-evora.pt\/?page_id=80774"},"modified":"2026-01-08T10:37:45","modified_gmt":"2026-01-08T10:37:45","slug":"o-que-pode-encontrar-em-patrimonio","status":"publish","type":"page","link":"https:\/\/www.cm-evora.pt\/en\/visitante\/patrimonio\/o-que-pode-encontrar-em-patrimonio\/","title":{"rendered":"(Portugu\u00eas) O que pode encontrar em &#8216;Patrim\u00f3nio&#8217;?"},"content":{"rendered":"<p class=\"qtranxs-available-languages-message qtranxs-available-languages-message-en\">Sorry, this entry is only available in <a href=\"https:\/\/www.cm-evora.pt\/pt\/wp-json\/wp\/v2\/pages\/80774\" class=\"qtranxs-available-language-link qtranxs-available-language-link-pt\" title=\"Portugu\u00eas\">Portugu\u00eas<\/a>.<\/p><p><!--StartFragment --><\/p>\n<p class=\"pf0\"><span class=\"cf0\">Aqui pode encontrar informa\u00e7\u00f5es relativas a:<\/span><\/p>\n<ul>\n<li style=\"list-style-type: none\">\n<ul>\n<li class=\"pf1\"><span class=\"cf0\"><a href=\"https:\/\/www.cm-evora.pt\/visitante\/patrimonio\/centro-interpretativo-da-cidade-de-evora\/\" target=\"_blank\" rel=\"noopener\">Centro Interpretativo da Cidade de \u00c9vora<\/a>;<\/span><\/li>\n<li class=\"pf1\"><span class=\"cf0\"><a href=\"https:\/\/www.cm-evora.pt\/visitante\/patrimonio\/centros-de-acolhimento-turistico-e-interpretativos-de-evora-e-alentejo-central\/\" target=\"_blank\" rel=\"noopener\">Centros de Acolhimento Tur\u00edstico e Interpretativos de \u00c9vora e Alentejo Central<\/a>;<\/span><\/li>\n<li class=\"pf1\"><span class=\"cf0\"><a href=\"https:\/\/www.cm-evora.pt\/visitante\/patrimonio\/evora-por-dentro\/\" target=\"_blank\" rel=\"noopener\">\u00c9vora por Dentro<\/a>;<\/span><\/li>\n<li class=\"pf1\"><span class=\"cf0\"><a href=\"https:\/\/www.cm-evora.pt\/visitante\/patrimonio\/evora-patrimonio-mundial\/\" target=\"_blank\" rel=\"noopener\">\u00c9vora Patrim\u00f3nio Mundial<\/a>;<\/span><\/li>\n<li class=\"pf1\"><span class=\"cf0\"><a href=\"https:\/\/www.cm-evora.pt\/visitante\/patrimonio\/cante-alentejano-patrimonio-cultural-imaterial-da-humanidade\/\" target=\"_blank\" rel=\"noopener\">Cante Alentejano Patrim\u00f3nio Cultural Imaterial da Humanidade<\/a>;<\/span><\/li>\n<li class=\"pf1\"><span class=\"cf0\"><a href=\"https:\/\/www.cm-evora.pt\/visitante\/patrimonio\/centro-de-recursos-da-tradicao-oral-e-do-patrimonio-imaterial\/\" target=\"_blank\" rel=\"noopener\">Centro de Recursos da Tradi\u00e7\u00e3o Oral e do Patrim\u00f3nio Imaterial<\/a>;<\/span><\/li>\n<li class=\"pf1\"><span class=\"cf0\"><a href=\"https:\/\/www.cm-evora.pt\/visitante\/patrimonio\/aqueduto-da-agua-da-prata-na-lista-de-50-monumentos-de-interesse-mundial\/\" target=\"_blank\" rel=\"noopener\">Aqueduto da \u00c1gua da Prata na lista de 50 monumentos de interesse mundial<\/a>;<\/span><\/li>\n<li class=\"pf1\"><span class=\"cf0\"><a href=\"https:\/\/www.cm-evora.pt\/visitante\/patrimonio\/encontros-tecnicos\/\" target=\"_blank\" rel=\"noopener\">Planeamento para os Conjuntos Classificados &#8211; Encontros T\u00e9cnicos<\/a>;<\/span><\/li>\n<li class=\"pf1\"><span class=\"cf0\"><a href=\"https:\/\/www.cm-evora.pt\/visitante\/patrimonio\/nucleo-interpretativo-do-megalitismo\/\" target=\"_blank\" rel=\"noopener\">N\u00facleo Interpretativo do Megalitismo<\/a>;<\/span><\/li>\n<li class=\"pf1\"><a href=\"https:\/\/www.cm-evora.pt\/visitante\/patrimonio\/multimedia\/\" target=\"_blank\" rel=\"noopener\"><span class=\"cf0\">Multim\u00e9dia<\/span><\/a><span class=\"cf0\">.<\/span><\/li>\n<\/ul>\n<\/li>\n<\/ul>\n<p><!--EndFragment --><\/p>","protected":false},"excerpt":{"rendered":"<p>Sorry, this entry is only available in Portugu\u00eas. Aqui pode encontrar informa\u00e7\u00f5es relativas a: Centro Interpretativo da Cidade de \u00c9vora; Centros de Acolhimento Tur\u00edstico e Interpretativos de \u00c9vora e Alentejo Central; \u00c9vora por Dentro; \u00c9vora Patrim\u00f3nio Mundial; Cante Alentejano Patrim\u00f3nio Cultural Imaterial da Humanidade; Centro de Recursos da Tradi\u00e7\u00e3o Oral e do Patrim\u00f3nio Imaterial; Aqueduto [&hellip;]<\/p>\n","protected":false},"author":45,"featured_media":0,"parent":1335,"menu_order":0,"comment_status":"closed","ping_status":"closed","template":"templates-map\/component-text-layout1.php","meta":{"_acf_changed":false,"footnotes":""},"categories":[],"class_list":["post-80774","page","type-page","status-publish","hentry"],"acf":{"imagens":"","titulo_docs_seccao":"","documentos":""},"_links":{"self":[{"href":"https:\/\/www.cm-evora.pt\/en\/wp-json\/wp\/v2\/pages\/80774","targetHints":{"allow":["GET"]}}],"collection":[{"href":"https:\/\/www.cm-evora.pt\/en\/wp-json\/wp\/v2\/pages"}],"about":[{"href":"https:\/\/www.cm-evora.pt\/en\/wp-json\/wp\/v2\/types\/page"}],"author":[{"embeddable":true,"href":"https:\/\/www.cm-evora.pt\/en\/wp-json\/wp\/v2\/users\/45"}],"replies":[{"embeddable":true,"href":"https:\/\/www.cm-evora.pt\/en\/wp-json\/wp\/v2\/comments?post=80774"}],"version-history":[{"count":1,"href":"https:\/\/www.cm-evora.pt\/en\/wp-json\/wp\/v2\/pages\/80774\/revisions"}],"predecessor-version":[{"id":80775,"href":"https:\/\/www.cm-evora.pt\/en\/wp-json\/wp\/v2\/pages\/80774\/revisions\/80775"}],"up":[{"embeddable":true,"href":"https:\/\/www.cm-evora.pt\/en\/wp-json\/wp\/v2\/pages\/1335"}],"wp:attachment":[{"href":"https:\/\/www.cm-evora.pt\/en\/wp-json\/wp\/v2\/media?parent=80774"}],"wp:term":[{"taxonomy":"category","embeddable":true,"href":"https:\/\/www.cm-evora.pt\/en\/wp-json\/wp\/v2\/categories?post=80774"}],"curies":[{"name":"wp","href":"https:\/\/api.w.org\/{rel}","templated":true}]}}