{"id":80801,"date":"2026-01-09T11:27:50","date_gmt":"2026-01-09T11:27:50","guid":{"rendered":"https:\/\/www.cm-evora.pt\/?page_id=80801"},"modified":"2026-01-09T11:27:50","modified_gmt":"2026-01-09T11:27:50","slug":"o-que-pode-encontrar-em-como-chegar","status":"publish","type":"page","link":"https:\/\/www.cm-evora.pt\/en\/visitante\/como-chegar\/o-que-pode-encontrar-em-como-chegar\/","title":{"rendered":"(Portugu\u00eas) O que pode encontrar em &#8216;Como Chegar&#8217;?"},"content":{"rendered":"<p class=\"qtranxs-available-languages-message qtranxs-available-languages-message-en\">Sorry, this entry is only available in <a href=\"https:\/\/www.cm-evora.pt\/pt\/wp-json\/wp\/v2\/pages\/80801\" class=\"qtranxs-available-language-link qtranxs-available-language-link-pt\" title=\"Portugu\u00eas\">Portugu\u00eas<\/a>.<\/p><p><!--StartFragment --><\/p>\n<p class=\"pf0\"><span class=\"cf0\">Aqui pode encontrar informa\u00e7\u00f5es relativas a:<\/span><\/p>\n<ul>\n<li class=\"pf1\"><span class=\"cf0\"><a href=\"https:\/\/www.cm-evora.pt\/visitante\/como-chegar\/autocarros-turisticos-paragens-e-estacionamentos\/\" target=\"_blank\" rel=\"noopener\">Autocarros Tur\u00edsticos &#8211; paragens e estacionamentos<\/a>;<\/span><\/li>\n<li class=\"pf1\"><span class=\"cf0\"><a href=\"https:\/\/www.cm-evora.pt\/visitante\/como-chegar\/de-carro\/\" target=\"_blank\" rel=\"noopener\">Como Chegar de Carro<\/a>;<\/span><\/li>\n<li class=\"pf1\"><span class=\"cf0\"><a href=\"https:\/\/www.cm-evora.pt\/visitante\/como-chegar\/transportes-publicos-comboio-e-autocarro\/\" target=\"_blank\" rel=\"noopener\">Transportes P\u00fablicos &#8211; Comboio e Autocarro<\/a>;<\/span><\/li>\n<li class=\"pf1\"><span class=\"cf0\"><a href=\"https:\/\/www.cm-evora.pt\/visitante\/como-chegar\/onde-estacionar\/\" target=\"_blank\" rel=\"noopener\">Onde estacionar<\/a>;<\/span><\/li>\n<li class=\"pf1\"><span class=\"cf0\"><a href=\"https:\/\/www.cm-evora.pt\/visitante\/como-chegar\/deslocar-se-em-evora\/\" target=\"_blank\" rel=\"noopener\">Deslocar-se em \u00c9vora<\/a>.<\/span><\/li>\n<\/ul>\n<p><!--EndFragment --><\/p>","protected":false},"excerpt":{"rendered":"<p>Sorry, this entry is only available in Portugu\u00eas. Aqui pode encontrar informa\u00e7\u00f5es relativas a: Autocarros Tur\u00edsticos &#8211; paragens e estacionamentos; Como Chegar de Carro; Transportes P\u00fablicos &#8211; Comboio e Autocarro; Onde estacionar; Deslocar-se em \u00c9vora.<\/p>\n","protected":false},"author":45,"featured_media":0,"parent":2257,"menu_order":0,"comment_status":"closed","ping_status":"closed","template":"templates-map\/component-text-layout1.php","meta":{"_acf_changed":false,"footnotes":""},"categories":[],"class_list":["post-80801","page","type-page","status-publish","hentry"],"acf":{"imagens":"","titulo_docs_seccao":"","documentos":""},"_links":{"self":[{"href":"https:\/\/www.cm-evora.pt\/en\/wp-json\/wp\/v2\/pages\/80801","targetHints":{"allow":["GET"]}}],"collection":[{"href":"https:\/\/www.cm-evora.pt\/en\/wp-json\/wp\/v2\/pages"}],"about":[{"href":"https:\/\/www.cm-evora.pt\/en\/wp-json\/wp\/v2\/types\/page"}],"author":[{"embeddable":true,"href":"https:\/\/www.cm-evora.pt\/en\/wp-json\/wp\/v2\/users\/45"}],"replies":[{"embeddable":true,"href":"https:\/\/www.cm-evora.pt\/en\/wp-json\/wp\/v2\/comments?post=80801"}],"version-history":[{"count":1,"href":"https:\/\/www.cm-evora.pt\/en\/wp-json\/wp\/v2\/pages\/80801\/revisions"}],"predecessor-version":[{"id":80802,"href":"https:\/\/www.cm-evora.pt\/en\/wp-json\/wp\/v2\/pages\/80801\/revisions\/80802"}],"up":[{"embeddable":true,"href":"https:\/\/www.cm-evora.pt\/en\/wp-json\/wp\/v2\/pages\/2257"}],"wp:attachment":[{"href":"https:\/\/www.cm-evora.pt\/en\/wp-json\/wp\/v2\/media?parent=80801"}],"wp:term":[{"taxonomy":"category","embeddable":true,"href":"https:\/\/www.cm-evora.pt\/en\/wp-json\/wp\/v2\/categories?post=80801"}],"curies":[{"name":"wp","href":"https:\/\/api.w.org\/{rel}","templated":true}]}}