{"id":81392,"date":"2026-02-05T11:28:56","date_gmt":"2026-02-05T11:28:56","guid":{"rendered":"https:\/\/www.cm-evora.pt\/?page_id=81392"},"modified":"2026-03-11T14:22:04","modified_gmt":"2026-03-11T14:22:04","slug":"unidades-educativas","status":"publish","type":"page","link":"https:\/\/www.cm-evora.pt\/en\/municipe\/areas-de-acao\/educacao\/unidades-educativas\/","title":{"rendered":"(Portugu\u00eas) Unidades Educativas"},"content":{"rendered":"<p class=\"qtranxs-available-languages-message qtranxs-available-languages-message-en\">Sorry, this entry is only available in <a href=\"https:\/\/www.cm-evora.pt\/pt\/wp-json\/wp\/v2\/pages\/81392\" class=\"qtranxs-available-language-link qtranxs-available-language-link-pt\" title=\"Portugu\u00eas\">Portugu\u00eas<\/a>.<\/p><p>O N\u00facleo de Garantia para a Inf\u00e2ncia de \u00c9vora apresenta a listagem de equipamentos educativos da rede solid\u00e1ria ou privada com resposta de creches e pr\u00e9-escolar, com moradas e hor\u00e1rios, para apoiar a comunidade na escolha de respostas educativas adequadas.<\/p>\n<p>&nbsp;<\/p>\n<table style=\"width: 100%\" width=\"100%\">\n<tbody>\n<tr>\n<td style=\"width: 21%;text-align: center\" rowspan=\"3\" width=\"21%\"><strong>Nome Institui\u00e7\u00e3o<\/strong><\/td>\n<td style=\"width: 45%;text-align: center\" rowspan=\"3\" width=\"45%\"><strong>Morada<\/strong><\/td>\n<td style=\"width: 11%;text-align: center\" rowspan=\"3\" width=\"11%\"><strong>C\u00f3digo Postal<\/strong><\/td>\n<td style=\"width: 10%;text-align: center\" rowspan=\"3\" width=\"10%\"><strong>Hor\u00e1rio de Abertura<\/strong><\/td>\n<td style=\"width: 11%;text-align: center\" rowspan=\"3\" width=\"11%\"><strong>Hor\u00e1rio de Fecho<\/strong><\/td>\n<\/tr>\n<\/tbody>\n<\/table>\n<p>&nbsp;<\/p>\n<table width=\"100%\">\n<tbody>\n<tr>\n<td style=\"text-align: center\" colspan=\"5\" width=\"100%\"><strong>U. F. \u00c9vora \u2013 Centro Hist\u00f3rico<\/strong><\/td>\n<\/tr>\n<tr>\n<td width=\"22%\">Associa\u00e7\u00e3o Creche e Jardim de Inf\u00e2ncia de \u00c9vora<\/td>\n<td width=\"44%\">Rua de Machede, 8<\/td>\n<td width=\"11%\">7000-864<\/td>\n<td width=\"11%\">07h30<\/td>\n<td width=\"11%\">19h00<\/td>\n<\/tr>\n<tr>\n<td width=\"22%\">Centro de Atividades Infantil de \u00c9vora<\/td>\n<td width=\"44%\">Rua Gabriel Vitor do Monte Pereira, 21, 1.\u00ba<\/td>\n<td width=\"11%\">7000-533<\/td>\n<td width=\"11%\">07h45<\/td>\n<td width=\"11%\">19h15<\/td>\n<\/tr>\n<tr>\n<td width=\"22%\">Centro Infantil Irene De Lisboa<\/td>\n<td width=\"44%\">P\u00e1teo do Salema, 20<\/td>\n<td width=\"11%\">7000-818<\/td>\n<td width=\"11%\">07h30<\/td>\n<td width=\"11%\">19h00<\/td>\n<\/tr>\n<tr>\n<td width=\"22%\">Coopber\u00e7o \u2013 Cooperativa Solidariedade Social Cri<\/td>\n<td width=\"44%\">Rua de Aviz, 87<\/td>\n<td width=\"11%\">7000-591<\/td>\n<td width=\"11%\">07h00<\/td>\n<td width=\"11%\">18h30<\/td>\n<\/tr>\n<tr>\n<td width=\"22%\">Funda\u00e7\u00e3o Obra S. Jos\u00e9 Oper\u00e1rio<\/td>\n<td width=\"44%\">Rua do Menino Jesus, 39<\/td>\n<td width=\"11%\">7005-589<\/td>\n<td width=\"11%\">07h00<\/td>\n<td width=\"11%\">18h30<\/td>\n<\/tr>\n<tr>\n<td width=\"22%\">Jardim Infantil Nossa Sra. da Piedade<\/td>\n<td width=\"44%\">R. 24 de julho, n.\u00ba 5<\/td>\n<td width=\"11%\">7000-673<\/td>\n<td width=\"11%\">07h45<\/td>\n<td width=\"11%\">18h45<\/td>\n<\/tr>\n<\/tbody>\n<\/table>\n<p>&nbsp;<\/p>\n<table width=\"100%\">\n<tbody>\n<tr>\n<td colspan=\"5\" width=\"100%\">\n<p style=\"text-align: center\"><strong>F. Canaviais<\/strong><\/p>\n<\/td>\n<\/tr>\n<tr>\n<td width=\"22%\">Legado do Caixeiro Alentejano<\/td>\n<td width=\"44%\">Quinta dos Ap\u00f3stolos \/ Louredo<\/td>\n<td width=\"11%\">7000-536<\/td>\n<td width=\"11%\">07h45<\/td>\n<td width=\"11%\">19h00<\/td>\n<\/tr>\n<tr>\n<td width=\"22%\">Obra Promo\u00e7\u00e3o Social da Sagrada Fam\u00edlia | Casa do Sagrado Cora\u00e7\u00e3o de Jesus<\/td>\n<td width=\"44%\">C.M. 1087, Estrada da Chainha, quinta do Pio<\/td>\n<td width=\"11%\">7005-198<\/td>\n<td width=\"11%\">07h00<\/td>\n<td width=\"11%\">19h30<\/td>\n<\/tr>\n<\/tbody>\n<\/table>\n<p>&nbsp;<\/p>\n<table width=\"100%\">\n<tbody>\n<tr>\n<td colspan=\"5\" width=\"100%\">\n<p style=\"text-align: center\"><strong>U. F. Malagueira e Horta das Figueiras<\/strong><\/p>\n<\/td>\n<\/tr>\n<tr>\n<td width=\"22%\">ADBES \u2013 Associa\u00e7\u00e3o para o Desenvolvimento e Bem-Estar Social<\/td>\n<td width=\"44%\">Bairro Cruz da Picada, junto E.N 114<\/td>\n<td width=\"11%\">7000-772<\/td>\n<td width=\"11%\">07h15<\/td>\n<td width=\"11%\">18h45<\/td>\n<\/tr>\n<tr>\n<td width=\"22%\">APCE \u2013 Associa\u00e7\u00e3o Paralisia Cerebral de \u00c9vora | Quinta Sonhos<\/td>\n<td width=\"44%\">Rua da Barba Rala, 1<\/td>\n<td width=\"11%\">7005-140<\/td>\n<td width=\"11%\">07h30<\/td>\n<td width=\"11%\">19h00<\/td>\n<\/tr>\n<tr>\n<td width=\"22%\">Associa\u00e7\u00e3o de Solidariedade Social O Ninho<\/td>\n<td width=\"44%\">Bairro das Fontanas, Rua da Eira, n\u00ba 14,<\/td>\n<td width=\"11%\">7000-335<\/td>\n<td width=\"11%\">07h00<\/td>\n<td width=\"11%\">18h30<\/td>\n<\/tr>\n<tr>\n<td width=\"22%\">Associa\u00e7\u00e3o M\u00e3e Galinha<\/td>\n<td width=\"44%\">Rua Dr. Isabel de castro, 5<\/td>\n<td width=\"11%\">7005-515<\/td>\n<td width=\"11%\">06h15<\/td>\n<td width=\"11%\">19h30<\/td>\n<\/tr>\n<tr>\n<td width=\"22%\">C\u00e1ritas Arquidiocesana de \u00c9vora<\/td>\n<td width=\"44%\">Av. Dinis Miranda, 24<\/td>\n<td width=\"11%\">7005-138<\/td>\n<td width=\"11%\">07h15<\/td>\n<td width=\"11%\">18h45<\/td>\n<\/tr>\n<tr>\n<td width=\"22%\">Col\u00e9gio Funda\u00e7\u00e3o Alentejo<\/td>\n<td width=\"44%\">Praceta \u00c1lvaro Pires de \u00c9vora, n.\u00ba 4<\/td>\n<td width=\"11%\">7005-252<\/td>\n<td width=\"11%\">07h30<\/td>\n<td width=\"11%\">20h00<\/td>\n<\/tr>\n<tr>\n<td width=\"22%\">O Casulo \u2013 Associa\u00e7\u00e3o de Desenvolvimento Sociocultural da Zona Oeste de \u00c9vora<\/td>\n<td width=\"44%\">Urbaniza\u00e7\u00e3o Cruz da Picada, lote 47, cave<\/td>\n<td width=\"11%\">7000-772<\/td>\n<td width=\"11%\">07h45<\/td>\n<td width=\"11%\">19h15<\/td>\n<\/tr>\n<tr>\n<td width=\"22%\">Creche e Jardim de Inf\u00e2ncia Rainha D. Leonor<\/td>\n<td width=\"44%\">Rua Catarina Euf\u00e9mia, 1<\/td>\n<td width=\"11%\">7005-320<\/td>\n<td width=\"11%\">07h30<\/td>\n<td width=\"11%\">19h00<\/td>\n<\/tr>\n<tr>\n<td width=\"22%\">Petit Enfant \u2013 Col\u00e9gio Internacional<\/td>\n<td width=\"44%\">Rua do Centro de Forma\u00e7\u00e3o, 5, 9 e 11<\/td>\n<td width=\"11%\">7005-618<\/td>\n<td width=\"11%\">07h30<\/td>\n<td width=\"11%\">19h30<\/td>\n<\/tr>\n<tr>\n<td width=\"22%\">Salesianos de \u00c9vora | Col\u00e9gio<\/td>\n<td width=\"44%\">Avenida S Jo\u00e3o Bosco, 4<\/td>\n<td width=\"11%\">7000-766<\/td>\n<td width=\"11%\">07h30<\/td>\n<td width=\"11%\">19h30<\/td>\n<\/tr>\n<\/tbody>\n<\/table>\n<p>&nbsp;<\/p>\n<table width=\"100%\">\n<tbody>\n<tr>\n<td colspan=\"5\" width=\"100%\">\n<p style=\"text-align: center\"><strong>U. F. S. Man\u00e7os e S. Vicente do Pigeiro<\/strong><\/p>\n<\/td>\n<\/tr>\n<tr>\n<td width=\"22%\">Associa\u00e7\u00e3o Centro Infantil de S. Man\u00e7os<\/td>\n<td width=\"44%\">Avenida Eug\u00e9nio de Almeida, 1<\/td>\n<td width=\"11%\">7005-721<\/td>\n<td width=\"11%\">06h45<\/td>\n<td width=\"11%\">19h00<\/td>\n<\/tr>\n<\/tbody>\n<\/table>\n<p>&nbsp;<\/p>\n<table width=\"100%\">\n<tbody>\n<tr>\n<td colspan=\"5\" width=\"100%\">\n<p style=\"text-align: center\"><strong>U. F. Bacelo e Sr\u00aa da Sa\u00fade<\/strong><\/p>\n<\/td>\n<\/tr>\n<tr>\n<td width=\"22%\">C.B.C. Associa\u00e7\u00e3o para a Inf\u00e2ncia<\/td>\n<td width=\"44%\">Rua de Timor, 25 R\/C<\/td>\n<td width=\"11%\">7005-161<\/td>\n<td width=\"11%\">07h45<\/td>\n<td width=\"11%\">19h00<\/td>\n<\/tr>\n<tr>\n<td width=\"22%\">Centro Social e Paroquial N\u00aa Sr.\u00aa F\u00e1tima |Centro Comunit\u00e1rio Pastorinhos de F\u00e1tima<\/td>\n<td width=\"44%\">Rua Frei Aleixo S\/N<\/td>\n<td width=\"11%\">7005-430<\/td>\n<td width=\"11%\">07h30<\/td>\n<td width=\"11%\">19h00<\/td>\n<\/tr>\n<\/tbody>\n<\/table>\n<p>&nbsp;<\/p>\n<p>&nbsp;<\/p>\n<p>&nbsp;<\/p>\n<p>&nbsp;<\/p>\n<p>&nbsp;<\/p>\n<p>&nbsp;<\/p>\n<p>&nbsp;<\/p>\n<p>&nbsp;<\/p>\n<p>&nbsp;<\/p>\n<p>&nbsp;<\/p>","protected":false},"excerpt":{"rendered":"<p>Sorry, this entry is only available in Portugu\u00eas.O N\u00facleo de Garantia para a Inf\u00e2ncia de \u00c9vora apresenta a listagem de equipamentos educativos da rede solid\u00e1ria ou privada com resposta de creches e pr\u00e9-escolar, com moradas e hor\u00e1rios, para apoiar a comunidade na escolha de respostas educativas adequadas. &nbsp; Nome Institui\u00e7\u00e3o Morada C\u00f3digo Postal Hor\u00e1rio de [&hellip;]<\/p>\n","protected":false},"author":45,"featured_media":0,"parent":1504,"menu_order":4,"comment_status":"closed","ping_status":"closed","template":"templates-map\/component-text-layout1.php","meta":{"_acf_changed":false,"footnotes":""},"categories":[],"class_list":["post-81392","page","type-page","status-publish","hentry"],"acf":{"imagens":"","titulo_docs_seccao":"","documentos":""},"_links":{"self":[{"href":"https:\/\/www.cm-evora.pt\/en\/wp-json\/wp\/v2\/pages\/81392","targetHints":{"allow":["GET"]}}],"collection":[{"href":"https:\/\/www.cm-evora.pt\/en\/wp-json\/wp\/v2\/pages"}],"about":[{"href":"https:\/\/www.cm-evora.pt\/en\/wp-json\/wp\/v2\/types\/page"}],"author":[{"embeddable":true,"href":"https:\/\/www.cm-evora.pt\/en\/wp-json\/wp\/v2\/users\/45"}],"replies":[{"embeddable":true,"href":"https:\/\/www.cm-evora.pt\/en\/wp-json\/wp\/v2\/comments?post=81392"}],"version-history":[{"count":6,"href":"https:\/\/www.cm-evora.pt\/en\/wp-json\/wp\/v2\/pages\/81392\/revisions"}],"predecessor-version":[{"id":82303,"href":"https:\/\/www.cm-evora.pt\/en\/wp-json\/wp\/v2\/pages\/81392\/revisions\/82303"}],"up":[{"embeddable":true,"href":"https:\/\/www.cm-evora.pt\/en\/wp-json\/wp\/v2\/pages\/1504"}],"wp:attachment":[{"href":"https:\/\/www.cm-evora.pt\/en\/wp-json\/wp\/v2\/media?parent=81392"}],"wp:term":[{"taxonomy":"category","embeddable":true,"href":"https:\/\/www.cm-evora.pt\/en\/wp-json\/wp\/v2\/categories?post=81392"}],"curies":[{"name":"wp","href":"https:\/\/api.w.org\/{rel}","templated":true}]}}